{"id":1804,"date":"2024-12-14T06:55:24","date_gmt":"2024-12-14T06:55:24","guid":{"rendered":"https:\/\/mj-clothing.com\/?post_type=product&#038;p=1804"},"modified":"2024-12-17T06:56:31","modified_gmt":"2024-12-17T06:56:31","slug":"mens-cashmere-sweater","status":"publish","type":"product","link":"https:\/\/mj-clothing.com\/lt\/manufacturer\/mens-cashmere-sweater\/","title":{"rendered":"Vyri\u0161kas ka\u0161myro megztinis"},"content":{"rendered":"<p data-sourcepos=\"1:1-1:177\"><span class=\"citation-0 recitation citation-end-0\">Vyri\u0161kas ka\u0161myro megztinis yra prabangus ir laikui nepavaldus drabu\u017eis, suteikiantis neprilygstam\u0105 komfort\u0105 ir \u0161ilum\u0105.<\/span> \u0160tai kod\u0117l tur\u0117tum\u0117te apsvarstyti galimyb\u0119 \u012f j\u012f investuoti:<span class=\"button-container hide-from-message-actions ng-star-inserted\"> \u00a0<\/span><\/p>\n<div class=\"container ng-tns-c2946245707-329 hide\">\n<div class=\"carousel-container ng-tns-c2946245707-329\">\n<div class=\"carousel-content ng-tns-c2946245707-329\">\n<div class=\"sources-carousel-source ng-tns-c2946245707-329 hide ng-star-inserted\" data-test-id=\"sources-carousel-source\"><\/div>\n<\/div>\n<\/div>\n<\/div>\n<h3 data-sourcepos=\"3:1-3:34\"><strong>Kod\u0117l verta rinktis vyri\u0161k\u0105 ka\u0161myro megztin\u012f?<\/strong><\/h3>\n<ul data-sourcepos=\"5:1-9:0\">\n<li data-sourcepos=\"5:1-5:124\"><strong><span class=\"citation-1 recitation\">I\u0161skirtinis mink\u0161tumas:<\/span><\/strong><span class=\"citation-1 recitation citation-end-1\"> Ka\u0161myras gars\u0117ja ne\u012ftik\u0117tinai \u0161velnia tekst\u016bra, tod\u0117l j\u012f malonu d\u0117v\u0117ti.<\/span><\/li>\n<li data-sourcepos=\"5:1-5:124\"><span class=\"button-container hide-from-message-actions ng-star-inserted\"><strong style=\"font-size: 14.4px;\"><span class=\"citation-2 recitation\">Puiki \u0161iluma:<\/span><\/strong><span class=\"citation-2 recitation citation-end-2\" style=\"font-size: 14.4px;\"> Nepaisant to, kad ka\u0161myras yra lengvas, jis puikiai izoliuoja, tod\u0117l \u0161altuoju met\u0173 laiku jus su\u0161ildys.<\/span><\/span>\n<div class=\"container ng-tns-c2946245707-331 hide\">\n<div class=\"carousel-container ng-tns-c2946245707-331\"><\/div>\n<\/div>\n<\/li>\n<li data-sourcepos=\"7:1-7:122\"><strong>Patvarumas:<\/strong> <span class=\"citation-3 recitation citation-end-3\">Auk\u0161tos kokyb\u0117s ka\u0161myras yra steb\u0117tinai patvarus ir, tinkamai pri\u017ei\u016brint, gali tarnauti daugel\u012f met\u0173.<\/span><span class=\"button-container hide-from-message-actions ng-star-inserted\">\u00a0<\/span>\n<div class=\"container ng-tns-c2946245707-332 hide\">\n<div class=\"carousel-container ng-tns-c2946245707-332\"><\/div>\n<\/div>\n<\/li>\n<li data-sourcepos=\"8:1-9:0\"><strong><span class=\"citation-4 recitation\">Hipoalerginis:<\/span><\/strong><span class=\"citation-4 recitation citation-end-4\"> Ka\u0161myras yra hipoalerginis, tod\u0117l tinka jautri\u0105 od\u0105 turintiems \u017emon\u0117ms.<\/span><span class=\"button-container hide-from-message-actions ng-star-inserted\">\u00a0<\/span>\n<div class=\"container ng-tns-c2946245707-333 hide\">\n<div class=\"carousel-container ng-tns-c2946245707-333\">\n<div class=\"carousel-content ng-tns-c2946245707-333\">\n<div class=\"sources-carousel-source ng-tns-c2946245707-333 hide ng-star-inserted\" data-test-id=\"sources-carousel-source\"><\/div>\n<\/div>\n<\/div>\n<\/div>\n<\/li>\n<\/ul>\n<h3 data-sourcepos=\"10:1-10:36\"><strong>Kaip vilk\u0117ti vyri\u0161k\u0105 ka\u0161myro megztin\u012f:<\/strong><\/h3>\n<ul data-sourcepos=\"12:1-15:0\">\n<li data-sourcepos=\"12:1-12:77\">\n<h3><strong>Atsitiktinis:<\/strong> J\u0105 derinkite prie d\u017eins\u0173, mar\u0161kin\u0117li\u0173 ir sportba\u010di\u0173, kad atrodytum\u0117te laisvai.<\/h3>\n<\/li>\n<li data-sourcepos=\"13:1-13:96\"><strong>Smart Casual:<\/strong> D\u0117v\u0117kite j\u012f su chinos, mar\u0161kiniais su sagomis ir mokasinais, kad sukurtum\u0117te eleganti\u0161k\u0105 aprang\u0105.<\/li>\n<li data-sourcepos=\"14:1-15:0\"><strong>Formalus:<\/strong> Sluoksniuokite j\u012f ant mar\u0161kini\u0173 ir kaklarai\u0161\u010dio, kad atrodytum\u0117te rafinuotai.<\/li>\n<\/ul>\n<h3 data-sourcepos=\"16:1-16:42\"><strong>Kur rasti vyri\u0161k\u0173 ka\u0161myro megztini\u0173:<\/strong><\/h3>\n<ul data-sourcepos=\"18:1-21:0\">\n<li data-sourcepos=\"18:1-18:90\"><strong>Auk\u0161tos klas\u0117s universalin\u0117s parduotuv\u0117s:<\/strong> Ie\u0161kokite prabangi\u0173 preki\u0173 \u017eenkl\u0173, kurie specializuojasi megzt\u0173 drabu\u017ei\u0173 gamyboje.<\/li>\n<li data-sourcepos=\"19:1-19:132\"><strong><span class=\"citation-5 recitation\">Interneto ma\u017emenininkai:<\/span><\/strong><span class=\"citation-5 recitation citation-end-5\"> Tokiose svetain\u0117se kaip \"Amazon\", \"Etsy\" ir kitose internetin\u0117se parduotuv\u0117se si\u016blomas platus ka\u0161myro megztini\u0173 asortimentas.<\/span><\/li>\n<li data-sourcepos=\"19:1-19:132\"><strong style=\"font-size: 14.4px;\">Specializuotos parduotuv\u0117s:<\/strong><span style=\"font-size: 14.4px;\"> Ka\u0161myro megztini\u0173 gali tur\u0117ti prabangi\u0173 pluo\u0161t\u0173 ir tvarios mados parduotuv\u0117s.<\/span><\/li>\n<\/ul>\n<h3 data-sourcepos=\"22:1-22:41\"><strong>Patarimai renkantis vyri\u0161k\u0105 ka\u0161myro megztin\u012f:<\/strong><\/h3>\n<ul data-sourcepos=\"24:1-28:0\">\n<li data-sourcepos=\"24:1-24:94\"><strong>Kokyb\u0117:<\/strong> Ie\u0161kokite auk\u0161tos kokyb\u0117s ka\u0161myro, kuris b\u016bt\u0173 mink\u0161tas, \u0161velnus ir be tr\u016bkum\u0173.<\/li>\n<li data-sourcepos=\"25:1-25:95\"><strong>Svoris:<\/strong> Atsi\u017evelkite \u012f megztinio svor\u012f, nes sunkesni megztiniai suteiks daugiau \u0161ilumos.<\/li>\n<li data-sourcepos=\"26:1-26:72\"><strong>Tinka:<\/strong> Rinkit\u0117s gerai prigludus\u012f ir j\u016bs\u0173 k\u016bno formoms tinkant\u012f megztin\u012f.<\/li>\n<li data-sourcepos=\"27:1-28:0\"><strong>Stilius:<\/strong> Pasirinkite savo skon\u012f atitinkant\u012f stili\u0173 - su \u012fgula, V formos i\u0161kirpte ar golfu.<\/li>\n<\/ul>\n<h4 data-sourcepos=\"29:1-29:37\"><strong>Ka\u0161myro megztinio prie\u017ei\u016bra:<\/strong><\/h4>\n<ul data-sourcepos=\"31:1-34:0\">\n<li data-sourcepos=\"31:1-31:50\">Skalbkite rankomis \u0161altame vandenyje su \u0161velnia skalbimo priemone.<\/li>\n<li data-sourcepos=\"32:1-32:31\">D\u017eiovinkite lygiai, kad nei\u0161sitempt\u0173.<\/li>\n<li data-sourcepos=\"33:1-34:0\">Laikykite v\u0117sioje, sausoje vietoje, atokiau nuo tiesiogini\u0173 saul\u0117s spinduli\u0173.<\/li>\n<\/ul>\n<p data-sourcepos=\"35:1-35:144\">Investuodami \u012f auk\u0161tos kokyb\u0117s ka\u0161myro megztin\u012f \u012fsigysite ne tik stiling\u0105 ir patog\u0173 drabu\u017e\u012f, bet ir laikui nepavald\u0173 prabangos element\u0105.<\/p>\n<div class=\"attachment-container search-images\">\n<div class=\"image-container hide-from-message-actions ng-star-inserted\">\n<div class=\"overlay-container ng-star-inserted\"><\/div>\n<\/div>\n<\/div>","protected":false},"excerpt":{"rendered":"<table style=\"height: 529px;\" width=\"500\">\n<tbody>\n<tr>\n<td width=\"146\"><strong><b>Produktas<\/b><\/strong>\u00a0<strong><b>Vardas ir pavard\u0117:<\/b><\/strong><\/td>\n<td width=\"601\"><strong>Vyri\u0161kas ka\u0161myro megztinis<\/strong><\/td>\n<\/tr>\n<tr>\n<td width=\"146\"><strong><b>Materlal:<\/b><\/strong><\/td>\n<td width=\"601\">Poliesteris \/ medviln\u0117<\/td>\n<\/tr>\n<tr>\n<td width=\"146\"><strong><b>Technika:<\/b><\/strong><\/td>\n<td width=\"601\">Audimas<\/td>\n<\/tr>\n<tr>\n<td width=\"146\"><strong><b>Stilius:<\/b><\/strong><\/td>\n<td width=\"601\">Atsitiktinis<\/td>\n<\/tr>\n<tr>\n<td width=\"146\"><strong><b>Spalva<\/b><\/strong><strong><b>:<\/b><\/strong><\/td>\n<td width=\"601\">\u00a0Pasirinktin\u0117s spalvos<\/td>\n<\/tr>\n<tr>\n<td width=\"146\"><strong><b>Dydis:<\/b><\/strong><\/td>\n<td width=\"601\">S \/M \/L \/XL \/2XL<\/td>\n<\/tr>\n<tr>\n<td width=\"146\"><strong><b>OEM\/ODM:<\/b><\/strong><\/td>\n<td width=\"601\">Priimtina<\/td>\n<\/tr>\n<tr>\n<td width=\"146\"><strong><b>Kokyb\u0117:<\/b><\/strong><\/td>\n<td width=\"601\">100% Auk\u0161ta kokyb\u0117<\/td>\n<\/tr>\n<tr>\n<td width=\"146\"><strong><b>M<\/b><\/strong><strong><b>OQ:<\/b><\/strong><\/td>\n<td width=\"601\">200 vnt.<\/td>\n<\/tr>\n<\/tbody>\n<\/table>","protected":false},"featured_media":1805,"template":"","meta":[],"product_brand":[],"product_cat":[38],"product_tag":[],"class_list":{"0":"post-1804","1":"product","2":"type-product","3":"status-publish","4":"has-post-thumbnail","6":"product_cat-mens-clothing","8":"first","9":"instock","10":"shipping-taxable","11":"product-type-simple"},"_links":{"self":[{"href":"https:\/\/mj-clothing.com\/lt\/wp-json\/wp\/v2\/product\/1804","targetHints":{"allow":["GET"]}}],"collection":[{"href":"https:\/\/mj-clothing.com\/lt\/wp-json\/wp\/v2\/product"}],"about":[{"href":"https:\/\/mj-clothing.com\/lt\/wp-json\/wp\/v2\/types\/product"}],"wp:featuredmedia":[{"embeddable":true,"href":"https:\/\/mj-clothing.com\/lt\/wp-json\/wp\/v2\/media\/1805"}],"wp:attachment":[{"href":"https:\/\/mj-clothing.com\/lt\/wp-json\/wp\/v2\/media?parent=1804"}],"wp:term":[{"taxonomy":"product_brand","embeddable":true,"href":"https:\/\/mj-clothing.com\/lt\/wp-json\/wp\/v2\/product_brand?post=1804"},{"taxonomy":"product_cat","embeddable":true,"href":"https:\/\/mj-clothing.com\/lt\/wp-json\/wp\/v2\/product_cat?post=1804"},{"taxonomy":"product_tag","embeddable":true,"href":"https:\/\/mj-clothing.com\/lt\/wp-json\/wp\/v2\/product_tag?post=1804"}],"curies":[{"name":"wp","href":"https:\/\/api.w.org\/{rel}","templated":true}]}}