{"id":1809,"date":"2024-12-14T07:05:10","date_gmt":"2024-12-14T07:05:10","guid":{"rendered":"https:\/\/mj-clothing.com\/?post_type=product&#038;p=1809"},"modified":"2024-12-17T06:53:15","modified_gmt":"2024-12-17T06:53:15","slug":"mens-quilted-sweater","status":"publish","type":"product","link":"https:\/\/mj-clothing.com\/lt\/manufacturer\/mens-quilted-sweater\/","title":{"rendered":"Vyri\u0161kas dygsniuotas megztinis"},"content":{"rendered":"<p data-sourcepos=\"1:1-1:189\"><span class=\"citation-0 recitation citation-end-0\">Vyri\u0161kas dygsniuotas megztinis yra stilingas ir funkcionalus drabu\u017eis, kuris suteikia ir \u0161ilumos, ir unikalios estetikos.<\/span> \u0160tai kod\u0117l galite apsvarstyti galimyb\u0119 papildyti savo garderob\u0105:<span class=\"button-container hide-from-message-actions ng-star-inserted\"> \u00a0<\/span><\/p>\n<h3 data-sourcepos=\"3:1-3:33\"><strong>\u00a0 Kod\u0117l verta rinktis vyri\u0161k\u0105 dygsniuot\u0105 megztin\u012f?<\/strong><\/h3>\n<ul data-sourcepos=\"5:1-9:0\">\n<li data-sourcepos=\"5:1-5:139\"><strong>\u0160iluma ir patogumas:<\/strong> <span class=\"citation-1 recitation citation-end-1\">Dygsniuotas dizainas sulaiko or\u0105, tod\u0117l puikiai izoliuoja ir i\u0161laiko \u0161ilum\u0105 \u0161altu oru.<\/span><span class=\"button-container hide-from-message-actions ng-star-inserted\"> \u00a0<\/span>\n<div class=\"container ng-tns-c2946245707-367 hide\">\n<div class=\"carousel-container ng-tns-c2946245707-367\"><\/div>\n<\/div>\n<\/li>\n<li data-sourcepos=\"6:1-6:129\"><strong>Stilius ir universalumas:<\/strong> <span class=\"citation-2 recitation citation-end-2\">Dygsniuotus d\u017eemperius galima pasipuo\u0161ti arba pasimatuoti, tod\u0117l jie tinka \u012fvairioms progoms.<\/span><\/li>\n<li data-sourcepos=\"6:1-6:129\"><strong style=\"font-size: 14.4px;\">Unikali estetika:<\/strong><span style=\"font-size: 14.4px;\"> Dygsniuotas ra\u0161tas suteikia aprangai vizualinio \u012fdomumo ir tekst\u016bros.<\/span><\/li>\n<li data-sourcepos=\"8:1-9:0\"><strong>Patvarumas:<\/strong> <span class=\"citation-3 recitation citation-end-3\">Dygsniuoti megztiniai da\u017enai gaminami i\u0161 patvari\u0173 med\u017eiag\u0173, tod\u0117l jie gali b\u016bti atspar\u016bs nuolatiniam d\u0117v\u0117jimui.<\/span><span class=\"button-container hide-from-message-actions ng-star-inserted\">\u00a0<\/span>\n<div class=\"container ng-tns-c2946245707-369 hide\">\n<div class=\"carousel-container ng-tns-c2946245707-369\">\n<div class=\"carousel-content ng-tns-c2946245707-369\">\n<div class=\"sources-carousel-source ng-tns-c2946245707-369 hide ng-star-inserted\" data-test-id=\"sources-carousel-source\"><\/div>\n<\/div>\n<\/div>\n<\/div>\n<\/li>\n<\/ul>\n<h3 data-sourcepos=\"10:1-10:35\"><strong>Kaip stilizuoti vyri\u0161k\u0105 dygsniuot\u0105 megztin\u012f:<\/strong><\/h3>\n<ul data-sourcepos=\"12:1-15:0\">\n<li data-sourcepos=\"12:1-12:77\"><strong>Atsitiktinis:<\/strong> J\u0105 derinkite prie d\u017eins\u0173, mar\u0161kin\u0117li\u0173 ir sportba\u010di\u0173, kad atrodytum\u0117te laisvai.<\/li>\n<li data-sourcepos=\"13:1-13:96\"><strong>Smart Casual:<\/strong> D\u0117v\u0117kite j\u012f su chinos, mar\u0161kiniais su sagomis ir mokasinais, kad sukurtum\u0117te eleganti\u0161k\u0105 aprang\u0105.<\/li>\n<li data-sourcepos=\"14:1-15:0\"><strong>Veikla lauke:<\/strong> Sluoksniuokite j\u0105 ant vilnonio audinio ar striuk\u0117s su gobtuvu, kad b\u016bt\u0173 dar \u0161il\u010diau per nuotykius lauke.<\/li>\n<\/ul>\n<h3 data-sourcepos=\"16:1-16:41\"><strong>Kur rasti vyri\u0161k\u0173 dygsniuot\u0173 megztini\u0173:<\/strong><\/h3>\n<ul data-sourcepos=\"18:1-21:0\">\n<li data-sourcepos=\"18:1-18:86\"><strong>Universalin\u0117s parduotuv\u0117s:<\/strong> Ie\u0161kokite preki\u0173 \u017eenkl\u0173, kurie si\u016blo \u012fvairi\u0173 stili\u0173 ir med\u017eiag\u0173.<\/li>\n<li data-sourcepos=\"19:1-19:131\"><strong><span class=\"citation-4 recitation\">Interneto ma\u017emenininkai:<\/span><\/strong><span class=\"citation-4 recitation citation-end-4\"> Tokiose svetain\u0117se kaip \"Amazon\", \"eBay\" ir kitose internetin\u0117se parduotuv\u0117se galima rasti \u012fvairi\u0173 dygsniuot\u0173 megztini\u0173.<\/span><span class=\"button-container hide-from-message-actions ng-star-inserted\">\u00a0<\/span>\n<div class=\"container ng-tns-c2946245707-370 hide\">\n<div class=\"carousel-container ng-tns-c2946245707-370\">\n<div class=\"carousel-content ng-tns-c2946245707-370\">\n<div class=\"sources-carousel-source ng-tns-c2946245707-370 hide ng-star-inserted\" data-test-id=\"sources-carousel-source\"><\/div>\n<\/div>\n<\/div>\n<\/div>\n<\/li>\n<li data-sourcepos=\"20:1-21:0\"><strong>Lauko drabu\u017ei\u0173 parduotuv\u0117s:<\/strong> Parduotuv\u0117se, kuriose prekiaujama lauko apranga, da\u017enai galima rasti dygsniuot\u0173 megztini\u0173, skirt\u0173 tam tikrai veiklai.<\/li>\n<\/ul>\n<h3 data-sourcepos=\"22:1-22:40\"><strong>Patarimai, kaip pasirinkti dygsniuot\u0105 megztin\u012f:<\/strong><\/h3>\n<ul data-sourcepos=\"24:1-28:0\">\n<li data-sourcepos=\"24:1-24:169\"><strong>Med\u017eiaga:<\/strong> Atsi\u017evelkite \u012f antklod\u0117s med\u017eiag\u0105, nes ji tur\u0117s \u012ftakos megztinio \u0161ilumai ir patvarumui. Da\u017eniausiai pasirenkama vilna, vilna ir sintetin\u0117s med\u017eiagos.<\/li>\n<li data-sourcepos=\"25:1-25:70\"><strong>Tinka:<\/strong> Rinkit\u0117s megztin\u012f, kuris gerai tinka ir yra patogus d\u0117v\u0117ti.<\/li>\n<li data-sourcepos=\"26:1-26:102\"><strong>Stilius:<\/strong> Pasirinkite savo skon\u012f atitinkant\u012f stili\u0173, pavyzd\u017eiui, su u\u017etrauktuku, pusiau u\u017etrauktuku arba megztin\u012f.<\/li>\n<li data-sourcepos=\"27:1-28:0\"><strong>Spalva ir modelis:<\/strong> Atsi\u017evelkite \u012f antklod\u0117s spalv\u0105 ir ra\u0161t\u0105, kad ji papildyt\u0173 j\u016bs\u0173 garderob\u0105.<\/li>\n<\/ul>\n<p data-sourcepos=\"29:1-29:193\">Investuodami \u012f auk\u0161tos kokyb\u0117s dygsniuot\u0105 megztin\u012f \u012fsigysite ne tik stiling\u0105 ir funkcional\u0173 drabu\u017e\u012f, bet ir drabu\u017e\u012f, kuris ilgus metus u\u017etikrins \u0161ilum\u0105 ir komfort\u0105.<\/p>","protected":false},"excerpt":{"rendered":"<table style=\"height: 486px;\" width=\"466\">\n<tbody>\n<tr>\n<td width=\"146\"><strong><b>Produktas<\/b><\/strong>\u00a0<strong><b>Vardas ir pavard\u0117:<\/b><\/strong><\/td>\n<td width=\"601\"><strong>Vyri\u0161kas dygsniuotas megztinis<\/strong><\/td>\n<\/tr>\n<tr>\n<td width=\"146\"><strong><b>Materlal:<\/b><\/strong><\/td>\n<td width=\"601\">Poliesteris \/ medviln\u0117<\/td>\n<\/tr>\n<tr>\n<td width=\"146\"><strong><b>Technika:<\/b><\/strong><\/td>\n<td width=\"601\">Audimas<\/td>\n<\/tr>\n<tr>\n<td width=\"146\"><strong><b>Stilius:<\/b><\/strong><\/td>\n<td width=\"601\">Atsitiktinis<\/td>\n<\/tr>\n<tr>\n<td width=\"146\"><strong><b>Spalva<\/b><\/strong><strong><b>:<\/b><\/strong><\/td>\n<td width=\"601\">\u00a0Pasirinktin\u0117s spalvos<\/td>\n<\/tr>\n<tr>\n<td width=\"146\"><strong><b>Dydis:<\/b><\/strong><\/td>\n<td width=\"601\">S \/M \/L \/XL \/2XL<\/td>\n<\/tr>\n<tr>\n<td width=\"146\"><strong><b>OEM\/ODM:<\/b><\/strong><\/td>\n<td width=\"601\">Priimtina<\/td>\n<\/tr>\n<tr>\n<td width=\"146\"><strong><b>Kokyb\u0117:<\/b><\/strong><\/td>\n<td width=\"601\">100% Auk\u0161ta kokyb\u0117<\/td>\n<\/tr>\n<tr>\n<td width=\"146\"><strong><b>M<\/b><\/strong><strong><b>OQ:<\/b><\/strong><\/td>\n<td width=\"601\">200 vnt.<\/td>\n<\/tr>\n<\/tbody>\n<\/table>","protected":false},"featured_media":1810,"template":"","meta":[],"product_brand":[],"product_cat":[38],"product_tag":[],"class_list":{"0":"post-1809","1":"product","2":"type-product","3":"status-publish","4":"has-post-thumbnail","6":"product_cat-mens-clothing","8":"first","9":"instock","10":"shipping-taxable","11":"product-type-simple"},"_links":{"self":[{"href":"https:\/\/mj-clothing.com\/lt\/wp-json\/wp\/v2\/product\/1809","targetHints":{"allow":["GET"]}}],"collection":[{"href":"https:\/\/mj-clothing.com\/lt\/wp-json\/wp\/v2\/product"}],"about":[{"href":"https:\/\/mj-clothing.com\/lt\/wp-json\/wp\/v2\/types\/product"}],"wp:featuredmedia":[{"embeddable":true,"href":"https:\/\/mj-clothing.com\/lt\/wp-json\/wp\/v2\/media\/1810"}],"wp:attachment":[{"href":"https:\/\/mj-clothing.com\/lt\/wp-json\/wp\/v2\/media?parent=1809"}],"wp:term":[{"taxonomy":"product_brand","embeddable":true,"href":"https:\/\/mj-clothing.com\/lt\/wp-json\/wp\/v2\/product_brand?post=1809"},{"taxonomy":"product_cat","embeddable":true,"href":"https:\/\/mj-clothing.com\/lt\/wp-json\/wp\/v2\/product_cat?post=1809"},{"taxonomy":"product_tag","embeddable":true,"href":"https:\/\/mj-clothing.com\/lt\/wp-json\/wp\/v2\/product_tag?post=1809"}],"curies":[{"name":"wp","href":"https:\/\/api.w.org\/{rel}","templated":true}]}}