{"id":1811,"date":"2024-12-14T07:29:45","date_gmt":"2024-12-14T07:29:45","guid":{"rendered":"https:\/\/mj-clothing.com\/?post_type=product&#038;p=1811"},"modified":"2024-12-17T06:51:19","modified_gmt":"2024-12-17T06:51:19","slug":"mens-hooded-cotton-jacket","status":"publish","type":"product","link":"https:\/\/mj-clothing.com\/lt\/manufacturer\/mens-hooded-cotton-jacket\/","title":{"rendered":"Vyri\u0161ka medvilnin\u0117 striuk\u0117 su gobtuvu"},"content":{"rendered":"<p data-sourcepos=\"1:1-1:194\"><span class=\"citation-0 recitation citation-end-0\">Vyri\u0161ka medvilnin\u0117 striuk\u0117 su gobtuvu yra universalus ir stilingas vir\u0161utinis drabu\u017eis, kur\u012f galima d\u0117v\u0117ti \u012fvairiomis oro s\u0105lygomis.<\/span> \u0160tai kod\u0117l galite apsvarstyti galimyb\u0119 papildyti savo garderob\u0105:<span class=\"button-container hide-from-message-actions ng-star-inserted\">\u00a0<\/span><\/p>\n<div class=\"container ng-tns-c2946245707-384 hide\">\n<div class=\"carousel-container ng-tns-c2946245707-384\">\n<div class=\"carousel-content ng-tns-c2946245707-384\">\n<div class=\"sources-carousel-source ng-tns-c2946245707-384 hide ng-star-inserted\" data-test-id=\"sources-carousel-source\"><\/div>\n<\/div>\n<\/div>\n<\/div>\n<h3 data-sourcepos=\"3:1-3:38\"><strong>Kod\u0117l verta rinktis vyri\u0161k\u0105 medvilnin\u0119 striuk\u0119 su gobtuvu?<\/strong><\/h3>\n<ul data-sourcepos=\"5:1-9:0\">\n<li data-sourcepos=\"5:1-5:128\"><strong><span class=\"citation-1 recitation\">Patogumas ir \u0161iluma:<\/span><\/strong><span class=\"citation-1 recitation citation-end-1\"> Medviln\u0117 yra pralaidi orui ir patogi med\u017eiaga, kuri v\u0117sesniu oru gali i\u0161laikyti \u0161ilum\u0105.<\/span><\/li>\n<li data-sourcepos=\"5:1-5:128\"><strong style=\"font-size: 14.4px;\">Universalumas:<\/strong><span style=\"font-size: 14.4px;\"> Medvilnin\u0119 striuk\u0119 su gobtuvu galima apsivilkti ir pasipuo\u0161ti, tod\u0117l ji puikiai tinka tiek laisvalaikio, tiek pusiau oficialioms progoms.<\/span><\/li>\n<li data-sourcepos=\"7:1-7:97\"><strong>Apsauga nuo gamtos stichij\u0173:<\/strong> Gobtuvas suteikia papildom\u0105 apsaug\u0105 nuo lietaus, v\u0117jo ir \u0161al\u010dio.<\/li>\n<li data-sourcepos=\"8:1-9:0\"><strong>Stilius:<\/strong> Striuk\u0117s su gobtuvais gali suteikti stili\u0173 bet kokiai aprangai.<\/li>\n<\/ul>\n<h3 data-sourcepos=\"10:1-10:40\"><strong>Kaip stilizuoti vyri\u0161k\u0105 medvilnin\u0119 striuk\u0119 su gobtuvu:<\/strong><\/h3>\n<ul data-sourcepos=\"12:1-15:0\">\n<li data-sourcepos=\"12:1-12:77\"><strong>Atsitiktinis:<\/strong> J\u0105 derinkite prie d\u017eins\u0173, mar\u0161kin\u0117li\u0173 ir sportba\u010di\u0173, kad atrodytum\u0117te laisvai.<\/li>\n<li data-sourcepos=\"13:1-13:96\"><strong>Smart Casual:<\/strong> D\u0117v\u0117kite j\u012f su chinos, mar\u0161kiniais su sagomis ir mokasinais, kad sukurtum\u0117te eleganti\u0161k\u0105 aprang\u0105.<\/li>\n<li data-sourcepos=\"14:1-15:0\"><strong>Veikla lauke:<\/strong> Sluoksniuokite j\u0105 ant vilnonio audinio ar striuk\u0117s su gobtuvu, kad b\u016bt\u0173 dar \u0161il\u010diau per nuotykius lauke.<\/li>\n<\/ul>\n<h3 data-sourcepos=\"16:1-16:46\"><strong>Kur rasti vyri\u0161k\u0173 medvilnini\u0173 \u0161vark\u0173 su gobtuvais:<\/strong><\/h3>\n<ul data-sourcepos=\"18:1-21:0\">\n<li data-sourcepos=\"18:1-18:86\"><strong>Universalin\u0117s parduotuv\u0117s:<\/strong> Ie\u0161kokite preki\u0173 \u017eenkl\u0173, kurie si\u016blo \u012fvairi\u0173 stili\u0173 ir med\u017eiag\u0173.<\/li>\n<li data-sourcepos=\"19:1-19:136\"><strong><span class=\"citation-2 recitation\">Interneto ma\u017emenininkai:<\/span><\/strong><span class=\"citation-2 recitation citation-end-2\"> Tokiose svetain\u0117se kaip \"Amazon\", \"eBay\" ir kitose internetin\u0117se parduotuv\u0117se galima rasti \u012fvairi\u0173 medvilnini\u0173 striuki\u0173 su gobtuvais.<\/span><span class=\"button-container hide-from-message-actions ng-star-inserted\"> \u00a0<\/span>\n<div class=\"container ng-tns-c2946245707-386 hide\">\n<div class=\"carousel-container ng-tns-c2946245707-386\"><\/div>\n<\/div>\n<\/li>\n<li data-sourcepos=\"20:1-21:0\"><strong>Lauko drabu\u017ei\u0173 parduotuv\u0117s:<\/strong> Parduotuv\u0117se, kuriose prekiaujama lauko reikmenimis, da\u017enai galima \u012fsigyti medvilnini\u0173 striuki\u0173 su gobtuvais, skirt\u0173 konkre\u010diai veiklai.<\/li>\n<\/ul>\n<h3 data-sourcepos=\"22:1-22:45\"><strong>Patarimai renkantis vyri\u0161k\u0105 medvilnin\u0119 striuk\u0119 su gobtuvu:<\/strong><\/h3>\n<ul data-sourcepos=\"24:1-28:0\">\n<li data-sourcepos=\"24:1-24:123\"><strong>Med\u017eiaga:<\/strong> Atsi\u017evelkite \u012f medviln\u0117s svor\u012f ir stor\u012f, nes tai tur\u0117s \u012ftakos striuk\u0117s \u0161ilumai ir patvarumui.<\/li>\n<li data-sourcepos=\"25:1-25:69\"><strong>Tinka:<\/strong> Rinkit\u0117s gerai prigludusi\u0105 ir patogi\u0105 striuk\u0119.<\/li>\n<li data-sourcepos=\"26:1-26:108\"><strong>Stilius:<\/strong> Pasirinkite savo skon\u012f atitinkant\u012f stili\u0173, pavyzd\u017eiui, \"bomber\", lauko striuk\u0119 ar \"parka\".<\/li>\n<li data-sourcepos=\"27:1-28:0\"><strong>Funkcijos:<\/strong> Apsvarstykite papildomas funkcijas, pavyzd\u017eiui, ki\u0161enes, gobtuv\u0105 su rai\u0161teliu ir briaunuot\u0105 rankogal\u012f bei apa\u010di\u0105.<\/li>\n<\/ul>\n<p data-sourcepos=\"29:1-29:198\">Investuodami \u012f auk\u0161tos kokyb\u0117s medvilnin\u0119 striuk\u0119 su gobtuvu ne tik \u012fsigysite stiling\u0105 ir funkcional\u0173 drabu\u017e\u012f, bet ir drabu\u017e\u012f, kuris ilgus metus u\u017etikrins \u0161ilum\u0105 ir komfort\u0105.<\/p>\n<div class=\"attachment-container search-images\">\n<div class=\"image-container hide-from-message-actions ng-star-inserted\">\n<div class=\"overlay-container ng-star-inserted\"><\/div>\n<\/div>\n<\/div>","protected":false},"excerpt":{"rendered":"<table style=\"height: 509px;\" width=\"553\">\n<tbody>\n<tr>\n<td width=\"146\"><strong><b>Produktas<\/b><\/strong>\u00a0<strong><b>Vardas ir pavard\u0117:<\/b><\/strong><\/td>\n<td width=\"601\"><strong>Vyri\u0161ka medvilnin\u0117 striuk\u0117 su gobtuvu<\/strong><\/td>\n<\/tr>\n<tr>\n<td width=\"146\"><strong><b>Materlal:<\/b><\/strong><\/td>\n<td width=\"601\">Poliesteris \/ medviln\u0117<\/td>\n<\/tr>\n<tr>\n<td width=\"146\"><strong><b>Technika:<\/b><\/strong><\/td>\n<td width=\"601\">Paprasta medviln\u0117<\/td>\n<\/tr>\n<tr>\n<td width=\"146\"><strong><b>Stilius:<\/b><\/strong><\/td>\n<td width=\"601\">Atsitiktinis<\/td>\n<\/tr>\n<tr>\n<td width=\"146\"><strong><b>Spalva<\/b><\/strong><strong><b>:<\/b><\/strong><\/td>\n<td width=\"601\">\u00a0Pasirinktin\u0117s spalvos<\/td>\n<\/tr>\n<tr>\n<td width=\"146\"><strong><b>Dydis:<\/b><\/strong><\/td>\n<td width=\"601\">S \/M \/L \/XL \/2XL<\/td>\n<\/tr>\n<tr>\n<td width=\"146\"><strong><b>OEM\/ODM:<\/b><\/strong><\/td>\n<td width=\"601\">Priimtina<\/td>\n<\/tr>\n<tr>\n<td width=\"146\"><strong><b>Kokyb\u0117:<\/b><\/strong><\/td>\n<td width=\"601\">100% Auk\u0161ta kokyb\u0117<\/td>\n<\/tr>\n<tr>\n<td width=\"146\"><strong><b>M<\/b><\/strong><strong><b>OQ:<\/b><\/strong><\/td>\n<td width=\"601\">200 vnt.<\/td>\n<\/tr>\n<\/tbody>\n<\/table>","protected":false},"featured_media":1812,"template":"","meta":[],"product_brand":[],"product_cat":[38],"product_tag":[],"class_list":{"0":"post-1811","1":"product","2":"type-product","3":"status-publish","4":"has-post-thumbnail","6":"product_cat-mens-clothing","8":"first","9":"instock","10":"shipping-taxable","11":"product-type-simple"},"_links":{"self":[{"href":"https:\/\/mj-clothing.com\/lt\/wp-json\/wp\/v2\/product\/1811","targetHints":{"allow":["GET"]}}],"collection":[{"href":"https:\/\/mj-clothing.com\/lt\/wp-json\/wp\/v2\/product"}],"about":[{"href":"https:\/\/mj-clothing.com\/lt\/wp-json\/wp\/v2\/types\/product"}],"wp:featuredmedia":[{"embeddable":true,"href":"https:\/\/mj-clothing.com\/lt\/wp-json\/wp\/v2\/media\/1812"}],"wp:attachment":[{"href":"https:\/\/mj-clothing.com\/lt\/wp-json\/wp\/v2\/media?parent=1811"}],"wp:term":[{"taxonomy":"product_brand","embeddable":true,"href":"https:\/\/mj-clothing.com\/lt\/wp-json\/wp\/v2\/product_brand?post=1811"},{"taxonomy":"product_cat","embeddable":true,"href":"https:\/\/mj-clothing.com\/lt\/wp-json\/wp\/v2\/product_cat?post=1811"},{"taxonomy":"product_tag","embeddable":true,"href":"https:\/\/mj-clothing.com\/lt\/wp-json\/wp\/v2\/product_tag?post=1811"}],"curies":[{"name":"wp","href":"https:\/\/api.w.org\/{rel}","templated":true}]}}