{"id":1813,"date":"2024-12-14T07:39:40","date_gmt":"2024-12-14T07:39:40","guid":{"rendered":"https:\/\/mj-clothing.com\/?post_type=product&#038;p=1813"},"modified":"2024-12-17T06:49:41","modified_gmt":"2024-12-17T06:49:41","slug":"flannel-lined-jacket","status":"publish","type":"product","link":"https:\/\/mj-clothing.com\/lt\/manufacturer\/flannel-lined-jacket\/","title":{"rendered":"Striuk\u0117 su flanel\u0117s pamu\u0161alu"},"content":{"rendered":"<h2 data-sourcepos=\"1:1-1:46\">Vyri\u0161kos striuk\u0117s su flaneliniu pamu\u0161alu: Jaukus klasikinis stilius: flanelin\u0117s liemen\u0117s<\/h2>\n<p data-sourcepos=\"3:1-3:223\"><span class=\"citation-0 recitation citation-end-0\">Striuk\u0117 su flanel\u0117s pamu\u0161alu yra klasikinis vir\u0161utinis drabu\u017eis, suteikiantis \u0161ilumos, patogumo ir stiliaus.<\/span> Ji puikiai tinka v\u0117siomis rudens ir \u017eiemos dienomis, kai reikia \u0161iek tiek daugiau \u0161ilumos, ta\u010diau nereikia aukoti stiliaus.<\/p>\n<p data-sourcepos=\"3:1-3:223\"><strong>\u00a0 \u00a0 \u00a0Kod\u0117l verta rinktis striuk\u0119 su flanel\u0117s pamu\u0161alu?<\/strong><\/p>\n<ul data-sourcepos=\"7:1-11:0\">\n<li data-sourcepos=\"7:1-7:103\"><strong>\u0160iluma:<\/strong> <span class=\"citation-1 recitation citation-end-1\">Flanel\u0117s pamu\u0161alas puikiai izoliuoja, tod\u0117l jums bus \u0161ilta ir jauku.<\/span><span class=\"button-container hide-from-message-actions ng-star-inserted\">\u00a0<\/span>\n<div class=\"container ng-tns-c2946245707-430 hide\">\n<div class=\"carousel-container ng-tns-c2946245707-430\"><\/div>\n<\/div>\n<\/li>\n<li data-sourcepos=\"8:1-8:103\"><strong>Patogumas:<\/strong> <span class=\"citation-2 recitation citation-end-2\">Flanel\u0117 yra mink\u0161tas ir patogus audinys, kuris puikiai priglunda prie odos.<\/span><span class=\"button-container hide-from-message-actions ng-star-inserted\"> \u00a0<\/span>\n<div class=\"container ng-tns-c2946245707-431 hide\">\n<div class=\"carousel-container ng-tns-c2946245707-431\"><\/div>\n<\/div>\n<\/li>\n<li data-sourcepos=\"9:1-9:119\"><strong>Stilius:<\/strong> <span class=\"citation-3 recitation citation-end-3\">Flanelinius \u0161varkus su flaneliniu pamu\u0161alu galima vilk\u0117ti ir vilk\u0117ti, tod\u0117l jie universal\u016bs \u012fvairiomis progomis.<\/span><span class=\"button-container hide-from-message-actions ng-star-inserted\"> \u00a0<\/span>\n<div class=\"container ng-tns-c2946245707-432 hide\">\n<div class=\"carousel-container ng-tns-c2946245707-432\"><\/div>\n<\/div>\n<\/li>\n<li data-sourcepos=\"10:1-11:0\"><strong><span class=\"citation-4 recitation\">Patvarumas:<\/span><\/strong><span class=\"citation-4 recitation citation-end-4\"> Flanel\u0117 yra patvarus audinys, atsparus nuolatiniam d\u0117v\u0117jimuisi.<\/span><span class=\"button-container hide-from-message-actions ng-star-inserted\">\u00a0<\/span>\n<div class=\"container ng-tns-c2946245707-433 hide\">\n<div class=\"carousel-container ng-tns-c2946245707-433\">\n<div class=\"carousel-content ng-tns-c2946245707-433\">\n<div class=\"sources-carousel-source ng-tns-c2946245707-433 hide ng-star-inserted\" data-test-id=\"sources-carousel-source\"><\/div>\n<\/div>\n<\/div>\n<\/div>\n<\/li>\n<\/ul>\n<p data-sourcepos=\"12:1-12:40\"><strong>Kaip stilingai vilk\u0117ti striuk\u0119 su flanel\u0117s pamu\u0161alu:<\/strong><\/p>\n<ul data-sourcepos=\"14:1-17:0\">\n<li data-sourcepos=\"14:1-14:77\"><strong>Atsitiktinis:<\/strong> J\u0105 derinkite prie d\u017eins\u0173, mar\u0161kin\u0117li\u0173 ir sportba\u010di\u0173, kad atrodytum\u0117te laisvai.<\/li>\n<li data-sourcepos=\"15:1-15:96\"><strong>Smart Casual:<\/strong> D\u0117v\u0117kite j\u012f su chinos, mar\u0161kiniais su sagomis ir mokasinais, kad sukurtum\u0117te eleganti\u0161k\u0105 aprang\u0105.<\/li>\n<li data-sourcepos=\"16:1-17:0\"><strong>Veikla lauke:<\/strong> Sluoksniuokite j\u0105 ant vilnonio audinio ar striuk\u0117s su gobtuvu, kad b\u016bt\u0173 dar \u0161il\u010diau per nuotykius lauke.<\/li>\n<\/ul>\n<p data-sourcepos=\"18:1-18:46\"><strong>Kur rasti vyri\u0161k\u0173 striuki\u0173 su flaneliniu pamu\u0161alu:<\/strong><\/p>\n<ul data-sourcepos=\"20:1-23:0\">\n<li data-sourcepos=\"20:1-20:86\"><strong>Universalin\u0117s parduotuv\u0117s:<\/strong> Ie\u0161kokite preki\u0173 \u017eenkl\u0173, kurie si\u016blo \u012fvairi\u0173 stili\u0173 ir med\u017eiag\u0173.<\/li>\n<li data-sourcepos=\"21:1-21:136\"><strong><span class=\"citation-5 recitation\">Interneto ma\u017emenininkai:<\/span><\/strong><span class=\"citation-5 recitation citation-end-5\"> Tokiose svetain\u0117se kaip \"Amazon\", \"eBay\" ir kitose internetin\u0117se parduotuv\u0117se galima rasti \u012fvairi\u0173 flanelini\u0173 striuki\u0173 su pamu\u0161alu.<\/span><span class=\"button-container hide-from-message-actions ng-star-inserted\">\u00a0<\/span>\n<div class=\"container ng-tns-c2946245707-434 hide\">\n<div class=\"carousel-container ng-tns-c2946245707-434\"><\/div>\n<\/div>\n<\/li>\n<li data-sourcepos=\"22:1-23:0\"><strong>Lauko drabu\u017ei\u0173 parduotuv\u0117s:<\/strong> Parduotuv\u0117se, kuriose prekiaujama lauko apranga, da\u017enai galima \u012fsigyti tam tikrai veiklai skirt\u0173 striuki\u0173 su flaneliniu pamu\u0161alu.<\/li>\n<\/ul>\n<p data-sourcepos=\"24:1-24:45\"><strong>Patarimai renkantis striuk\u0119 su flanel\u0117s pamu\u0161alu:<\/strong><\/p>\n<ul data-sourcepos=\"26:1-30:0\">\n<li data-sourcepos=\"26:1-26:128\"><strong>Med\u017eiaga:<\/strong> Atsi\u017evelkite \u012f flanelinio pamu\u0161alo svor\u012f ir stor\u012f, nes tai tur\u0117s \u012ftakos striuk\u0117s \u0161ilumai ir patogumui.<\/li>\n<li data-sourcepos=\"27:1-27:69\"><strong>Tinka:<\/strong> Rinkit\u0117s gerai prigludusi\u0105 ir patogi\u0105 striuk\u0119.<\/li>\n<li data-sourcepos=\"28:1-28:108\"><strong>Stilius:<\/strong> Pasirinkite savo skon\u012f atitinkant\u012f stili\u0173, pavyzd\u017eiui, \"bomber\", lauko striuk\u0119 ar \"parka\".<\/li>\n<li data-sourcepos=\"29:1-30:0\"><strong>Funkcijos:<\/strong> Apsvarstykite papildomas funkcijas, pavyzd\u017eiui, ki\u0161enes, gobtuv\u0105 su rai\u0161teliu ir briaunuot\u0105 rankogal\u012f bei apa\u010di\u0105.<\/li>\n<\/ul>\n<p data-sourcepos=\"31:1-31:198\">Investuodami \u012f auk\u0161tos kokyb\u0117s striuk\u0119 su flaneliniu pamu\u0161alu ne tik \u012fsigysite stiling\u0105 ir funkcional\u0173 drabu\u017e\u012f, bet ir drabu\u017e\u012f, kuris ilgus metus u\u017etikrins \u0161ilum\u0105 ir komfort\u0105.<\/p>","protected":false},"excerpt":{"rendered":"<table style=\"height: 478px;\" width=\"452\">\n<tbody>\n<tr>\n<td width=\"146\"><strong><b>Produktas<\/b><\/strong>\u00a0<strong><b>Vardas ir pavard\u0117:<\/b><\/strong><\/td>\n<td width=\"601\"><strong>Striuk\u0117 su flanel\u0117s pamu\u0161alu<\/strong><\/td>\n<\/tr>\n<tr>\n<td width=\"146\"><strong><b>Materlal:<\/b><\/strong><\/td>\n<td width=\"601\">Poliesteris \/ medviln\u0117<\/td>\n<\/tr>\n<tr>\n<td width=\"146\"><strong><b>Technika:<\/b><\/strong><\/td>\n<td width=\"601\">Paprasta medviln\u0117<\/td>\n<\/tr>\n<tr>\n<td width=\"146\"><strong><b>Stilius:<\/b><\/strong><\/td>\n<td width=\"601\">Atsitiktinis<\/td>\n<\/tr>\n<tr>\n<td width=\"146\"><strong><b>Spalva<\/b><\/strong><strong><b>:<\/b><\/strong><\/td>\n<td width=\"601\">\u00a0Pasirinktin\u0117s spalvos<\/td>\n<\/tr>\n<tr>\n<td width=\"146\"><strong><b>Dydis:<\/b><\/strong><\/td>\n<td width=\"601\">S \/M \/L \/XL \/2XL<\/td>\n<\/tr>\n<tr>\n<td width=\"146\"><strong><b>OEM\/ODM:<\/b><\/strong><\/td>\n<td width=\"601\">Priimtina<\/td>\n<\/tr>\n<tr>\n<td width=\"146\"><strong><b>Kokyb\u0117:<\/b><\/strong><\/td>\n<td width=\"601\">100% Auk\u0161ta kokyb\u0117<\/td>\n<\/tr>\n<tr>\n<td width=\"146\"><strong><b>M<\/b><\/strong><strong><b>OQ:<\/b><\/strong><\/td>\n<td width=\"601\">200 vnt.<\/td>\n<\/tr>\n<\/tbody>\n<\/table>","protected":false},"featured_media":1814,"template":"","meta":[],"product_brand":[],"product_cat":[38],"product_tag":[],"class_list":{"0":"post-1813","1":"product","2":"type-product","3":"status-publish","4":"has-post-thumbnail","6":"product_cat-mens-clothing","8":"first","9":"instock","10":"shipping-taxable","11":"product-type-simple"},"_links":{"self":[{"href":"https:\/\/mj-clothing.com\/lt\/wp-json\/wp\/v2\/product\/1813","targetHints":{"allow":["GET"]}}],"collection":[{"href":"https:\/\/mj-clothing.com\/lt\/wp-json\/wp\/v2\/product"}],"about":[{"href":"https:\/\/mj-clothing.com\/lt\/wp-json\/wp\/v2\/types\/product"}],"wp:featuredmedia":[{"embeddable":true,"href":"https:\/\/mj-clothing.com\/lt\/wp-json\/wp\/v2\/media\/1814"}],"wp:attachment":[{"href":"https:\/\/mj-clothing.com\/lt\/wp-json\/wp\/v2\/media?parent=1813"}],"wp:term":[{"taxonomy":"product_brand","embeddable":true,"href":"https:\/\/mj-clothing.com\/lt\/wp-json\/wp\/v2\/product_brand?post=1813"},{"taxonomy":"product_cat","embeddable":true,"href":"https:\/\/mj-clothing.com\/lt\/wp-json\/wp\/v2\/product_cat?post=1813"},{"taxonomy":"product_tag","embeddable":true,"href":"https:\/\/mj-clothing.com\/lt\/wp-json\/wp\/v2\/product_tag?post=1813"}],"curies":[{"name":"wp","href":"https:\/\/api.w.org\/{rel}","templated":true}]}}