{"id":1819,"date":"2024-12-14T07:53:41","date_gmt":"2024-12-14T07:53:41","guid":{"rendered":"https:\/\/mj-clothing.com\/?post_type=product&#038;p=1819"},"modified":"2024-12-17T06:39:12","modified_gmt":"2024-12-17T06:39:12","slug":"royal-blue-jacket","status":"publish","type":"product","link":"https:\/\/mj-clothing.com\/lt\/manufacturer\/royal-blue-jacket\/","title":{"rendered":"Karali\u0161kai m\u0117lyna striuk\u0117"},"content":{"rendered":"<p data-sourcepos=\"1:1-1:164\">Karali\u0161kai m\u0117lynas \u0161varkas yra universali detal\u0117, galinti patobulinti bet koki\u0105 aprang\u0105. Tai sodri, ry\u0161ki spalva, kuri j\u016bs\u0173 garderobui gali suteikti rafinuotumo ir stiliaus.<\/p>\n<h3 data-sourcepos=\"3:1-3:35\"><strong>Kod\u0117l verta rinktis karali\u0161kai m\u0117lyn\u0105 striuk\u0119?<\/strong><\/h3>\n<ul data-sourcepos=\"5:1-8:0\">\n<li data-sourcepos=\"5:1-5:106\"><strong>Universalumas:<\/strong> Karali\u0161kai m\u0117lyn\u0105 \u0161vark\u0105 galima vilk\u0117ti tiek auk\u0161tai, tiek \u017eemai, tod\u0117l jis puikiai tinka \u012fvairioms progoms.<\/li>\n<li data-sourcepos=\"6:1-6:72\"><strong>Sud\u0117tingumas:<\/strong> Sodri spalva suteikia elegancijos ir klas\u0117s.<\/li>\n<li data-sourcepos=\"7:1-8:0\"><strong>Unikalus stilius:<\/strong> Jis i\u0161siskiria i\u0161 minios ir dr\u0105siai rei\u0161kia savo nuomon\u0119.<\/li>\n<\/ul>\n<h3 data-sourcepos=\"9:1-9:37\"><strong>Kaip stilingai vilk\u0117ti karali\u0161kai m\u0117lyn\u0105 \u0161vark\u0105:<\/strong><\/h3>\n<ul data-sourcepos=\"11:1-14:0\">\n<li data-sourcepos=\"11:1-11:77\"><strong>Atsitiktinis:<\/strong> J\u0105 derinkite prie d\u017eins\u0173, mar\u0161kin\u0117li\u0173 ir sportba\u010di\u0173, kad atrodytum\u0117te laisvai.<\/li>\n<li data-sourcepos=\"12:1-12:96\"><strong>Smart Casual:<\/strong> D\u0117v\u0117kite j\u012f su chinos, mar\u0161kiniais su sagomis ir mokasinais, kad sukurtum\u0117te eleganti\u0161k\u0105 aprang\u0105.<\/li>\n<li data-sourcepos=\"13:1-14:0\"><strong>Formalus:<\/strong> Sluoksniuokite j\u012f ant kostiumo \u0161varkelio, kad sukurtum\u0117te i\u0161skirtin\u012f oficialios aprangos stili\u0173.<\/li>\n<\/ul>\n<h3 data-sourcepos=\"15:1-15:42\"><strong>Patarimai renkantis karali\u0161kai m\u0117lyn\u0105 \u0161vark\u0105:<\/strong><\/h3>\n<ul data-sourcepos=\"17:1-20:0\">\n<li data-sourcepos=\"17:1-17:154\"><strong>Med\u017eiaga:<\/strong> Atsi\u017evelkite \u012f med\u017eiag\u0105, nes nuo jos priklauso striuk\u0117s \u0161iluma, patvarumas ir bendra i\u0161vaizda. Populiariausios yra vilna, medviln\u0117 ir oda.<\/li>\n<li data-sourcepos=\"18:1-18:71\"><strong>Tinka:<\/strong> Rinkit\u0117s gerai prigludus\u012f ir j\u016bs\u0173 k\u016bno formoms tinkant\u012f \u0161vark\u0105.<\/li>\n<li data-sourcepos=\"19:1-20:0\"><strong>Stilius:<\/strong> Pasirinkite savo skon\u012f atitinkant\u012f stili\u0173, pvz., bomber stiliaus striuk\u0119, lauko striuk\u0119 ar \u0161vark\u0105.<\/li>\n<\/ul>","protected":false},"excerpt":{"rendered":"<table style=\"height: 563px;\" width=\"468\">\n<tbody>\n<tr>\n<td width=\"146\"><strong><b>Produktas<\/b><\/strong>\u00a0<strong><b>Vardas ir pavard\u0117:<\/b><\/strong><\/td>\n<td width=\"601\"><strong>Karali\u0161kai m\u0117lyna striuk\u0117<\/strong><\/td>\n<\/tr>\n<tr>\n<td width=\"146\"><strong><b>Materlal:<\/b><\/strong><\/td>\n<td width=\"601\">Poliesteris \/ medviln\u0117<\/td>\n<\/tr>\n<tr>\n<td width=\"146\"><strong><b>Technika:<\/b><\/strong><\/td>\n<td width=\"601\">Paprasta medviln\u0117<\/td>\n<\/tr>\n<tr>\n<td width=\"146\"><strong><b>Stilius:<\/b><\/strong><\/td>\n<td width=\"601\">Atsitiktinis<\/td>\n<\/tr>\n<tr>\n<td width=\"146\"><strong><b>Spalva<\/b><\/strong><strong><b>:<\/b><\/strong><\/td>\n<td width=\"601\">\u00a0Pasirinktin\u0117s spalvos<\/td>\n<\/tr>\n<tr>\n<td width=\"146\"><strong><b>Dydis:<\/b><\/strong><\/td>\n<td width=\"601\">S \/M \/L \/XL \/2XL<\/td>\n<\/tr>\n<tr>\n<td width=\"146\"><strong><b>OEM\/ODM:<\/b><\/strong><\/td>\n<td width=\"601\">Priimtina<\/td>\n<\/tr>\n<tr>\n<td width=\"146\"><strong><b>Kokyb\u0117:<\/b><\/strong><\/td>\n<td width=\"601\">100% Auk\u0161ta kokyb\u0117<\/td>\n<\/tr>\n<tr>\n<td width=\"146\"><strong><b>M<\/b><\/strong><strong><b>OQ:<\/b><\/strong><\/td>\n<td width=\"601\">200 vnt.<\/td>\n<\/tr>\n<\/tbody>\n<\/table>","protected":false},"featured_media":1820,"template":"","meta":[],"product_brand":[],"product_cat":[38],"product_tag":[],"class_list":{"0":"post-1819","1":"product","2":"type-product","3":"status-publish","4":"has-post-thumbnail","6":"product_cat-mens-clothing","8":"first","9":"instock","10":"shipping-taxable","11":"product-type-simple"},"_links":{"self":[{"href":"https:\/\/mj-clothing.com\/lt\/wp-json\/wp\/v2\/product\/1819","targetHints":{"allow":["GET"]}}],"collection":[{"href":"https:\/\/mj-clothing.com\/lt\/wp-json\/wp\/v2\/product"}],"about":[{"href":"https:\/\/mj-clothing.com\/lt\/wp-json\/wp\/v2\/types\/product"}],"wp:featuredmedia":[{"embeddable":true,"href":"https:\/\/mj-clothing.com\/lt\/wp-json\/wp\/v2\/media\/1820"}],"wp:attachment":[{"href":"https:\/\/mj-clothing.com\/lt\/wp-json\/wp\/v2\/media?parent=1819"}],"wp:term":[{"taxonomy":"product_brand","embeddable":true,"href":"https:\/\/mj-clothing.com\/lt\/wp-json\/wp\/v2\/product_brand?post=1819"},{"taxonomy":"product_cat","embeddable":true,"href":"https:\/\/mj-clothing.com\/lt\/wp-json\/wp\/v2\/product_cat?post=1819"},{"taxonomy":"product_tag","embeddable":true,"href":"https:\/\/mj-clothing.com\/lt\/wp-json\/wp\/v2\/product_tag?post=1819"}],"curies":[{"name":"wp","href":"https:\/\/api.w.org\/{rel}","templated":true}]}}