{"id":1821,"date":"2024-12-14T08:09:47","date_gmt":"2024-12-14T08:09:47","guid":{"rendered":"https:\/\/mj-clothing.com\/?post_type=product&#038;p=1821"},"modified":"2024-12-17T06:35:17","modified_gmt":"2024-12-17T06:35:17","slug":"thermal-jacket","status":"publish","type":"product","link":"https:\/\/mj-clothing.com\/lt\/manufacturer\/thermal-jacket\/","title":{"rendered":"\u0160ilumin\u0117 striuk\u0117"},"content":{"rendered":"<h2 data-sourcepos=\"1:1-1:38\">Termo striuk\u0117s: \u017diemos b\u016btinyb\u0117<\/h2>\n<p data-sourcepos=\"3:1-3:216\">Termo striuk\u0117 yra universalus vir\u0161utinis drabu\u017eis, skirtas i\u0161laikyti \u0161ilum\u0105 ir komfort\u0105 \u0161altuoju met\u0173 laiku. J\u0173 b\u016bna \u012fvairi\u0173 stili\u0173, med\u017eiag\u0173 ir izoliacijos lygi\u0173, kad atitikt\u0173 skirtingus poreikius ir pageidavimus.<\/p>\n<p data-sourcepos=\"5:1-5:36\"><strong>Pagrindin\u0117s \u0161ilumini\u0173 striuki\u0173 savyb\u0117s:<\/strong><\/p>\n<ul data-sourcepos=\"7:1-11:0\">\n<li data-sourcepos=\"7:1-7:93\"><strong>\u0160iluma:<\/strong> Termo striuk\u0117s skirtos \u0161ilumai sulaikyti ir i\u0161laikyti \u0161ilum\u0105 \u0161altomis s\u0105lygomis.<\/li>\n<li data-sourcepos=\"8:1-8:119\"><strong>Atsparumas vandeniui:<\/strong> Daugelis termo striuki\u0173 yra atsparios vandeniui ar net neper\u0161lampan\u010dios, tod\u0117l apsaugo nuo lietaus ir sniego.<\/li>\n<li data-sourcepos=\"9:1-9:87\"><strong>Atsparumas v\u0117jui:<\/strong> Juose da\u017enai naudojami v\u0117jo nepraleid\u017eiantys audiniai, kad b\u016bt\u0173 i\u0161vengta v\u0117saus v\u0117jo.<\/li>\n<li data-sourcepos=\"10:1-11:0\"><strong>Kv\u0117pavimas:<\/strong> Geros termo striuk\u0117s praleid\u017eia dr\u0117gm\u0119, tod\u0117l i\u0161lieka sausos ir patogios.<\/li>\n<\/ul>\n<p data-sourcepos=\"12:1-12:29\"><strong>\u0160ilumini\u0173 liemeni\u0173 tipai:<\/strong><\/p>\n<ul data-sourcepos=\"14:1-17:0\">\n<li data-sourcepos=\"14:1-14:129\"><strong>P\u016bkin\u0117s striuk\u0117s:<\/strong> \u0160ios striuk\u0117s pripildytos izoliacini\u0173 med\u017eiag\u0173, pavyzd\u017eiui, p\u016bk\u0173 ar sintetinio pluo\u0161to, tod\u0117l jose jau\u010diama maksimali \u0161iluma.<\/li>\n<li data-sourcepos=\"15:1-15:120\"><strong>Mink\u0161tos striuk\u0117s:<\/strong> \u0160ios striuk\u0117s pagamintos i\u0161 med\u017eiag\u0173 derinio, kuris u\u017etikrina \u0161ilum\u0105 ir lankstum\u0105.<\/li>\n<li data-sourcepos=\"16:1-17:0\"><strong>Izoliuotos striuk\u0117s:<\/strong> \u0160iose striuk\u0117se naudojamos \u012fvairios izoliacijos technologijos, pavyzd\u017eiui, \"PrimaLoft\" arba \"Thinsulate\".<\/li>\n<\/ul>\n<p data-sourcepos=\"18:1-18:35\"><strong>Kaip i\u0161sirinkti termo striuk\u0119:<\/strong><\/p>\n<ol data-sourcepos=\"20:1-24:0\">\n<li data-sourcepos=\"20:1-20:158\"><strong>Atsi\u017evelkite \u012f klimat\u0105:<\/strong> Jei gyvenate labai \u0161altame klimate, rinkit\u0117s gerai ap\u0161iltint\u0105 striuk\u0119. \u0160velnesnio klimato \u0161alyse gali pakakti lengvesn\u0117s striuk\u0117s.<\/li>\n<li data-sourcepos=\"21:1-21:155\"><strong>Veiklos lygis:<\/strong> Jei planuojate u\u017esiimti veikla lauke, rinkit\u0117s striuk\u0119 su tokiomis funkcijomis kaip reguliuojami gobtuvai, ki\u0161en\u0117s ir ventiliacija.<\/li>\n<li data-sourcepos=\"22:1-22:90\"><strong>Tinka:<\/strong> \u012esitikinkite, kad striuk\u0117 gerai priglunda, kad j\u0105 b\u016bt\u0173 galima sluoksniuoti ir nesijausti suvar\u017eytai.<\/li>\n<li data-sourcepos=\"23:1-24:0\"><strong>Med\u017eiaga:<\/strong> Atsi\u017evelkite \u012f i\u0161orinio apvalkalo ir izoliacijos med\u017eiag\u0105. Vandeniui ir v\u0117jui atsparios med\u017eiagos idealiai tinka at\u0161iaurioms oro s\u0105lygoms.<\/li>\n<\/ol>\n<p data-sourcepos=\"25:1-25:37\"><strong>\u0160ilumini\u0173 striuki\u0173 stiliaus patarimai:<\/strong><\/p>\n<ul data-sourcepos=\"27:1-30:0\">\n<li data-sourcepos=\"27:1-27:90\"><strong>Atsitiktinis:<\/strong> J\u0105 derinkite prie d\u017eins\u0173, megztinio ir bat\u0173, kad atrodytum\u0117te patogiai ir stilingai.<\/li>\n<li data-sourcepos=\"28:1-28:100\"><strong>Smart Casual:<\/strong> D\u0117v\u0117kite j\u012f su chinos, mar\u0161kiniais su sagomis ir sportba\u010diais, kad atrodytum\u0117te eleganti\u0161kiau.<\/li>\n<li data-sourcepos=\"29:1-30:0\"><strong>Veikla lauke:<\/strong> Sluoksniuokite j\u0105 ant vilnonio audinio ar striuk\u0117s su gobtuvu, kad b\u016bt\u0173 dar \u0161il\u010diau per nuotykius lauke.<\/li>\n<\/ul>\n<p data-sourcepos=\"31:1-31:105\">Pasirink\u0119 tinkam\u0105 termo striuk\u0119 gal\u0117site i\u0161likti \u0161ilti, patog\u016bs ir stilingi, kad ir koks b\u016bt\u0173 oras.<\/p>\n<div class=\"attachment-container search-images\">\n<div class=\"image-container hide-from-message-actions ng-star-inserted\">\n<div class=\"overlay-container ng-star-inserted\"><\/div>\n<\/div>\n<\/div>","protected":false},"excerpt":{"rendered":"<table style=\"height: 510px;\" width=\"461\">\n<tbody>\n<tr>\n<td width=\"146\"><strong><b>Produktas<\/b><\/strong>\u00a0<strong><b>Vardas ir pavard\u0117:<\/b><\/strong><\/td>\n<td width=\"601\"><strong>\u0160ilumin\u0117 striuk\u0117<\/strong><\/td>\n<\/tr>\n<tr>\n<td width=\"146\"><strong><b>Materlal:<\/b><\/strong><\/td>\n<td width=\"601\">Poliesteris \/ medviln\u0117<\/td>\n<\/tr>\n<tr>\n<td width=\"146\"><strong><b>Technika:<\/b><\/strong><\/td>\n<td width=\"601\">Paprasta medviln\u0117<\/td>\n<\/tr>\n<tr>\n<td width=\"146\"><strong><b>Stilius:<\/b><\/strong><\/td>\n<td width=\"601\">Atsitiktinis<\/td>\n<\/tr>\n<tr>\n<td width=\"146\"><strong><b>Spalva<\/b><\/strong><strong><b>:<\/b><\/strong><\/td>\n<td width=\"601\">\u00a0Pasirinktin\u0117s spalvos<\/td>\n<\/tr>\n<tr>\n<td width=\"146\"><strong><b>Dydis:<\/b><\/strong><\/td>\n<td width=\"601\">S \/M \/L \/XL \/2XL<\/td>\n<\/tr>\n<tr>\n<td width=\"146\"><strong><b>OEM\/ODM:<\/b><\/strong><\/td>\n<td width=\"601\">Priimtina<\/td>\n<\/tr>\n<tr>\n<td width=\"146\"><strong><b>Kokyb\u0117:<\/b><\/strong><\/td>\n<td width=\"601\">100% Auk\u0161ta kokyb\u0117<\/td>\n<\/tr>\n<tr>\n<td width=\"146\"><strong><b>M<\/b><\/strong><strong><b>OQ:<\/b><\/strong><\/td>\n<td width=\"601\">200 vnt.<\/td>\n<\/tr>\n<\/tbody>\n<\/table>","protected":false},"featured_media":1822,"template":"","meta":[],"product_brand":[],"product_cat":[38],"product_tag":[],"class_list":{"0":"post-1821","1":"product","2":"type-product","3":"status-publish","4":"has-post-thumbnail","6":"product_cat-mens-clothing","8":"first","9":"instock","10":"shipping-taxable","11":"product-type-simple"},"_links":{"self":[{"href":"https:\/\/mj-clothing.com\/lt\/wp-json\/wp\/v2\/product\/1821","targetHints":{"allow":["GET"]}}],"collection":[{"href":"https:\/\/mj-clothing.com\/lt\/wp-json\/wp\/v2\/product"}],"about":[{"href":"https:\/\/mj-clothing.com\/lt\/wp-json\/wp\/v2\/types\/product"}],"wp:featuredmedia":[{"embeddable":true,"href":"https:\/\/mj-clothing.com\/lt\/wp-json\/wp\/v2\/media\/1822"}],"wp:attachment":[{"href":"https:\/\/mj-clothing.com\/lt\/wp-json\/wp\/v2\/media?parent=1821"}],"wp:term":[{"taxonomy":"product_brand","embeddable":true,"href":"https:\/\/mj-clothing.com\/lt\/wp-json\/wp\/v2\/product_brand?post=1821"},{"taxonomy":"product_cat","embeddable":true,"href":"https:\/\/mj-clothing.com\/lt\/wp-json\/wp\/v2\/product_cat?post=1821"},{"taxonomy":"product_tag","embeddable":true,"href":"https:\/\/mj-clothing.com\/lt\/wp-json\/wp\/v2\/product_tag?post=1821"}],"curies":[{"name":"wp","href":"https:\/\/api.w.org\/{rel}","templated":true}]}}