{"id":1825,"date":"2024-12-16T02:30:24","date_gmt":"2024-12-16T02:30:24","guid":{"rendered":"https:\/\/mj-clothing.com\/?post_type=product&#038;p=1825"},"modified":"2024-12-17T06:30:13","modified_gmt":"2024-12-17T06:30:13","slug":"alchemai-hoodie","status":"publish","type":"product","link":"https:\/\/mj-clothing.com\/lt\/manufacturer\/alchemai-hoodie\/","title":{"rendered":"Alchemai Hoodie"},"content":{"rendered":"<h3 data-sourcepos=\"1:1-1:266\">Alchemai Hoodie<\/h3>\n<p data-sourcepos=\"1:1-1:266\">\"Alchemai Hoodie\" yra stilingas ir patogus drabu\u017eis, puikiai tinkantis d\u0117v\u0117ti kasdien. Jis pagamintas i\u0161 auk\u0161tos kokyb\u0117s med\u017eiag\u0173 ir yra \u012fvairi\u0173 spalv\u0173. \u0160is gobtuvas taip pat yra labai nebrangus, tod\u0117l tai puikus pasirinkimas \u017emon\u0117ms, turintiems didel\u012f biud\u017eet\u0105.<\/p>\n<p data-sourcepos=\"3:1-3:57\">\u0160tai keletas pagrindini\u0173 \"Alchemai Hoodie\" savybi\u0173:<\/p>\n<ul data-sourcepos=\"5:1-10:0\">\n<li data-sourcepos=\"5:1-5:153\"><strong>Pagaminta i\u0161 auk\u0161tos kokyb\u0117s med\u017eiag\u0173:<\/strong> \u0160is gobtuvas pagamintas i\u0161 mink\u0161tos ir patogios vilnon\u0117s med\u017eiagos, kuri puikiai tinka \u0161ilumai \u0161altomis dienomis palaikyti.<\/li>\n<li data-sourcepos=\"6:1-6:122\"><strong>Galimos \u012fvairios spalvos:<\/strong> Galite rinktis i\u0161 \u012fvairi\u0173 spalv\u0173 ir rasti savo stiliui tinkan\u010di\u0105 striuk\u0119 su gobtuvu.<\/li>\n<li data-sourcepos=\"7:1-7:97\"><strong>\u012eperkamas:<\/strong> \u0160is d\u017eemperis yra labai prieinamas, tod\u0117l tai puikus pasirinkimas \u017emon\u0117ms, turintiems nedidel\u012f biud\u017eet\u0105.<\/li>\n<li data-sourcepos=\"8:1-8:103\"><strong>Patogu:<\/strong> Mink\u0161tas ir laisvai krentantis gobtuvas yra labai patogus d\u0117v\u0117ti.<\/li>\n<li data-sourcepos=\"9:1-10:0\"><strong>Stilingas:<\/strong> Be to, \u0161i striuk\u0117 su gobtuvu yra labai stilinga, tod\u0117l j\u0105 galima lengvai apsirengti arba pasipuo\u0161ti.<\/li>\n<\/ul>\n<p data-sourcepos=\"11:1-11:174\">Jei ie\u0161kote stilingos ir patogios striuk\u0117s su gobtuvu u\u017e prieinam\u0105 kain\u0105, \"Alchemai\" striuk\u0117 su gobtuvu yra puikus pasirinkimas. J\u012f galite rasti internete arba vietin\u0117je parduotuv\u0117je.<\/p>","protected":false},"excerpt":{"rendered":"<table style=\"height: 538px;\" width=\"470\">\n<tbody>\n<tr>\n<td width=\"146\"><strong><b>Produktas<\/b><\/strong>\u00a0<strong><b>Vardas ir pavard\u0117:<\/b><\/strong><\/td>\n<td width=\"601\"><strong>Alchemai Hoodie<\/strong><\/td>\n<\/tr>\n<tr>\n<td width=\"146\"><strong><b>Materlal:<\/b><\/strong><\/td>\n<td width=\"601\">Poliesteris \/ medviln\u0117<\/td>\n<\/tr>\n<tr>\n<td width=\"146\"><strong><b>Technika:<\/b><\/strong><\/td>\n<td width=\"601\">Spausdinimas ir da\u017eymas<\/td>\n<\/tr>\n<tr>\n<td width=\"146\"><strong><b>Stilius:<\/b><\/strong><\/td>\n<td width=\"601\">Atsitiktinis<\/td>\n<\/tr>\n<tr>\n<td width=\"146\"><strong><b>Spalva<\/b><\/strong><strong><b>:<\/b><\/strong><\/td>\n<td width=\"601\">\u00a0Pasirinktin\u0117s spalvos<\/td>\n<\/tr>\n<tr>\n<td width=\"146\"><strong><b>Dydis:<\/b><\/strong><\/td>\n<td width=\"601\">S \/M \/L \/XL \/2XL<\/td>\n<\/tr>\n<tr>\n<td width=\"146\"><strong><b>OEM\/ODM:<\/b><\/strong><\/td>\n<td width=\"601\">Priimtina<\/td>\n<\/tr>\n<tr>\n<td width=\"146\"><strong><b>Kokyb\u0117:<\/b><\/strong><\/td>\n<td width=\"601\">100% Auk\u0161ta kokyb\u0117<\/td>\n<\/tr>\n<tr>\n<td width=\"146\"><strong><b>M<\/b><\/strong><strong><b>OQ:<\/b><\/strong><\/td>\n<td width=\"601\">200 vnt.<\/td>\n<\/tr>\n<\/tbody>\n<\/table>","protected":false},"featured_media":1826,"template":"","meta":[],"product_brand":[],"product_cat":[38],"product_tag":[],"class_list":{"0":"post-1825","1":"product","2":"type-product","3":"status-publish","4":"has-post-thumbnail","6":"product_cat-mens-clothing","8":"first","9":"instock","10":"shipping-taxable","11":"product-type-simple"},"_links":{"self":[{"href":"https:\/\/mj-clothing.com\/lt\/wp-json\/wp\/v2\/product\/1825","targetHints":{"allow":["GET"]}}],"collection":[{"href":"https:\/\/mj-clothing.com\/lt\/wp-json\/wp\/v2\/product"}],"about":[{"href":"https:\/\/mj-clothing.com\/lt\/wp-json\/wp\/v2\/types\/product"}],"wp:featuredmedia":[{"embeddable":true,"href":"https:\/\/mj-clothing.com\/lt\/wp-json\/wp\/v2\/media\/1826"}],"wp:attachment":[{"href":"https:\/\/mj-clothing.com\/lt\/wp-json\/wp\/v2\/media?parent=1825"}],"wp:term":[{"taxonomy":"product_brand","embeddable":true,"href":"https:\/\/mj-clothing.com\/lt\/wp-json\/wp\/v2\/product_brand?post=1825"},{"taxonomy":"product_cat","embeddable":true,"href":"https:\/\/mj-clothing.com\/lt\/wp-json\/wp\/v2\/product_cat?post=1825"},{"taxonomy":"product_tag","embeddable":true,"href":"https:\/\/mj-clothing.com\/lt\/wp-json\/wp\/v2\/product_tag?post=1825"}],"curies":[{"name":"wp","href":"https:\/\/api.w.org\/{rel}","templated":true}]}}