{"id":1834,"date":"2024-12-16T03:01:13","date_gmt":"2024-12-16T03:01:13","guid":{"rendered":"https:\/\/mj-clothing.com\/?post_type=product&#038;p=1834"},"modified":"2024-12-17T06:27:12","modified_gmt":"2024-12-17T06:27:12","slug":"pullover-hoodie","status":"publish","type":"product","link":"https:\/\/mj-clothing.com\/lt\/manufacturer\/pullover-hoodie\/","title":{"rendered":"Megztinis su gobtuvu"},"content":{"rendered":"<p data-sourcepos=\"1:1-1:345\"><span class=\"citation-0 recitation citation-end-0\">Megztinis su gobtuvu yra laisvalaikio ir patogus drabu\u017eis, kuris puikiai tinka d\u0117v\u0117ti kasdien.<\/span> <span class=\"citation-1 recitation citation-end-1\">Joje paprastai yra gobtuvas, keng\u016bros ki\u0161en\u0117, elastingi rankogaliai ir juosmuo.<\/span> <span class=\"citation-2 recitation citation-end-2\">Megztiniai su gobtuvais da\u017enai gaminami i\u0161 mink\u0161t\u0173 ir \u0161ilt\u0173 med\u017eiag\u0173, pavyzd\u017eiui, vilnos ar medviln\u0117s, tod\u0117l idealiai tinka \u0161altesniam orui.<\/span><\/p>\n<h3 data-sourcepos=\"3:1-3:38\"><strong>Pagrindin\u0117s megztinio su gobtuvu savyb\u0117s:<\/strong><\/h3>\n<ul data-sourcepos=\"5:1-9:0\">\n<li data-sourcepos=\"5:1-5:61\"><strong>Kepur\u0117:<\/strong> Suteikia \u0161ilum\u0105 ir apsaugo nuo stichij\u0173.<\/li>\n<li data-sourcepos=\"6:1-6:125\"><strong><span class=\"citation-3 recitation\">Keng\u016bros ki\u0161en\u0117:<\/span><\/strong><span class=\"citation-3 recitation citation-end-3\"> Didel\u0117 priekin\u0117 ki\u0161en\u0117 puikiai tinka rankoms \u0161ildyti arba smulkiems daiktams ne\u0161iotis.<\/span><span class=\"button-container hide-from-message-actions ng-star-inserted\"> \u00a0<\/span>\n<div class=\"container ng-tns-c2946245707-75 hide\">\n<div class=\"carousel-container ng-tns-c2946245707-75\"><\/div>\n<\/div>\n<\/li>\n<li data-sourcepos=\"7:1-7:74\"><strong>Elastiniai rankogaliai ir juosmuo:<\/strong> U\u017etikrina patog\u0173 ir prigludus\u012f d\u0117v\u0117jim\u0105.<\/li>\n<li data-sourcepos=\"8:1-9:0\"><strong><span class=\"citation-4 recitation\">Mink\u0161ta ir \u0161ilta med\u017eiaga:<\/span><\/strong><span class=\"citation-4 recitation citation-end-4\"> Da\u017enai gaminami i\u0161 vilnos arba medviln\u0117s, kad b\u016bt\u0173 kuo patogesni.<\/span>\n<div class=\"container ng-tns-c2946245707-76 hide\">\n<div class=\"carousel-container ng-tns-c2946245707-76\">\n<div class=\"carousel-content ng-tns-c2946245707-76\">\n<div class=\"sources-carousel-source ng-tns-c2946245707-76 hide ng-star-inserted\" data-test-id=\"sources-carousel-source\"><\/div>\n<\/div>\n<\/div>\n<\/div>\n<\/li>\n<\/ul>\n<h3 data-sourcepos=\"10:1-10:35\"><strong>Kaip stilizuoti megztin\u012f su gobtuvu:<\/strong><\/h3>\n<p data-sourcepos=\"12:1-12:118\"><span class=\"citation-5 recitation citation-end-5\">Megztiniai su gobtuvais yra ne\u012ftik\u0117tinai universal\u016bs ir juos galima d\u0117v\u0117ti \u012fvairiais b\u016bdais.<\/span> \u0160tai keletas id\u0117j\u0173:<\/p>\n<p data-sourcepos=\"12:1-12:118\"><strong>Atsitiktinis:<\/strong> Megztin\u012f su gobtuvu derinkite su d\u017einsais ir sportba\u010diais, kad atrodytum\u0117te laisvai ir patogiai.<\/p>\n<ul data-sourcepos=\"14:1-18:0\">\n<li data-sourcepos=\"15:1-15:93\"><strong>Sporti\u0161kas:<\/strong> D\u017eemper\u012f su kapi\u0161onu d\u0117v\u0117kite su sportin\u0117mis keln\u0117mis arba sportiniais b\u0117gimo bateliais, kad atrodytum\u0117te sporti\u0161kai ir aktyviai.<\/li>\n<li data-sourcepos=\"16:1-16:92\"><strong>Sluoksniuotas:<\/strong> Sluoksniuokite megztin\u012f-kauk\u0119 ant mar\u0161kin\u0117li\u0173 ar mar\u0161kini\u0173 ilgomis rankov\u0117mis, kad b\u016bt\u0173 \u0161il\u010diau.<\/li>\n<li data-sourcepos=\"17:1-18:0\"><strong>Laisvalaikio stiliaus drabu\u017eiai:<\/strong> Megztin\u012f su gobtuvu puo\u0161ite prie odin\u0117s striuk\u0117s, tamsi\u0173 d\u017eins\u0173 ir bat\u0173.<\/li>\n<\/ul>\n<h3 data-sourcepos=\"19:1-19:39\"><strong>Populiariausi megztini\u0173 su gobtuvais preki\u0173 \u017eenklai:<\/strong><\/h3>\n<ul data-sourcepos=\"21:1-26:0\">\n<li data-sourcepos=\"21:1-21:77\"><strong><span class=\"citation-6 recitation\">\u010cempionas:<\/span><\/strong><span class=\"citation-6 recitation citation-end-6\"> \u017dinomi d\u0117l savo auk\u0161tos kokyb\u0117s ir klasikinio stiliaus.<\/span><span class=\"button-container hide-from-message-actions ng-star-inserted\"> \u00a0<\/span>\n<div class=\"container ng-tns-c2946245707-78 hide\">\n<div class=\"carousel-container ng-tns-c2946245707-78\"><\/div>\n<\/div>\n<\/li>\n<li data-sourcepos=\"22:1-22:81\"><strong>\"Nike\":<\/strong> Si\u016blo \u012fvairi\u0173 stili\u0173 ir spalv\u0173 d\u017eemperius su gobtuvais.<\/li>\n<li data-sourcepos=\"23:1-23:58\"><strong>\"Adidas\":<\/strong> \u017dinomi d\u0117l savo atleti\u0161ko ir sporti\u0161ko dizaino.<\/li>\n<li data-sourcepos=\"24:1-24:63\"><strong>H&amp;M:<\/strong> Si\u016blo nebrangius ir madingus megztinius-kaukes.<\/li>\n<li data-sourcepos=\"25:1-26:0\"><strong>Zara:<\/strong> Si\u016blo stilingus ir madingus megztinius-kaukes.<\/li>\n<\/ul>","protected":false},"excerpt":{"rendered":"<table style=\"height: 508px;\" width=\"446\">\n<tbody>\n<tr>\n<td width=\"146\"><strong><b>Produktas<\/b><\/strong>\u00a0<strong><b>Vardas ir pavard\u0117:<\/b><\/strong><\/td>\n<td width=\"601\"><strong>Megztinis su gobtuvu<\/strong><\/td>\n<\/tr>\n<tr>\n<td width=\"146\"><strong><b>Materlal:<\/b><\/strong><\/td>\n<td width=\"601\">Poliesteris \/ medviln\u0117<\/td>\n<\/tr>\n<tr>\n<td width=\"146\"><strong><b>Technika:<\/b><\/strong><\/td>\n<td width=\"601\">Spausdinimas ir da\u017eymas<\/td>\n<\/tr>\n<tr>\n<td width=\"146\"><strong><b>Stilius:<\/b><\/strong><\/td>\n<td width=\"601\">Atsitiktinis<\/td>\n<\/tr>\n<tr>\n<td width=\"146\"><strong><b>Spalva<\/b><\/strong><strong><b>:<\/b><\/strong><\/td>\n<td width=\"601\">\u00a0Pasirinktin\u0117s spalvos<\/td>\n<\/tr>\n<tr>\n<td width=\"146\"><strong><b>Dydis:<\/b><\/strong><\/td>\n<td width=\"601\">S \/M \/L \/XL \/2XL<\/td>\n<\/tr>\n<tr>\n<td width=\"146\"><strong><b>OEM\/ODM:<\/b><\/strong><\/td>\n<td width=\"601\">Priimtina<\/td>\n<\/tr>\n<tr>\n<td width=\"146\"><strong><b>Kokyb\u0117:<\/b><\/strong><\/td>\n<td width=\"601\">100% Auk\u0161ta kokyb\u0117<\/td>\n<\/tr>\n<tr>\n<td width=\"146\"><strong><b>M<\/b><\/strong><strong><b>OQ:<\/b><\/strong><\/td>\n<td width=\"601\">200 vnt.<\/td>\n<\/tr>\n<\/tbody>\n<\/table>","protected":false},"featured_media":1836,"template":"","meta":[],"product_brand":[],"product_cat":[38],"product_tag":[],"class_list":{"0":"post-1834","1":"product","2":"type-product","3":"status-publish","4":"has-post-thumbnail","6":"product_cat-mens-clothing","8":"first","9":"instock","10":"shipping-taxable","11":"product-type-simple"},"_links":{"self":[{"href":"https:\/\/mj-clothing.com\/lt\/wp-json\/wp\/v2\/product\/1834","targetHints":{"allow":["GET"]}}],"collection":[{"href":"https:\/\/mj-clothing.com\/lt\/wp-json\/wp\/v2\/product"}],"about":[{"href":"https:\/\/mj-clothing.com\/lt\/wp-json\/wp\/v2\/types\/product"}],"wp:featuredmedia":[{"embeddable":true,"href":"https:\/\/mj-clothing.com\/lt\/wp-json\/wp\/v2\/media\/1836"}],"wp:attachment":[{"href":"https:\/\/mj-clothing.com\/lt\/wp-json\/wp\/v2\/media?parent=1834"}],"wp:term":[{"taxonomy":"product_brand","embeddable":true,"href":"https:\/\/mj-clothing.com\/lt\/wp-json\/wp\/v2\/product_brand?post=1834"},{"taxonomy":"product_cat","embeddable":true,"href":"https:\/\/mj-clothing.com\/lt\/wp-json\/wp\/v2\/product_cat?post=1834"},{"taxonomy":"product_tag","embeddable":true,"href":"https:\/\/mj-clothing.com\/lt\/wp-json\/wp\/v2\/product_tag?post=1834"}],"curies":[{"name":"wp","href":"https:\/\/api.w.org\/{rel}","templated":true}]}}