{"id":1837,"date":"2024-12-16T03:05:25","date_gmt":"2024-12-16T03:05:25","guid":{"rendered":"https:\/\/mj-clothing.com\/?post_type=product&#038;p=1837"},"modified":"2024-12-17T06:26:09","modified_gmt":"2024-12-17T06:26:09","slug":"akimbo-hoodie","status":"publish","type":"product","link":"https:\/\/mj-clothing.com\/lt\/manufacturer\/akimbo-hoodie\/","title":{"rendered":"Akimbo d\u017eemperis su gobtuvu"},"content":{"rendered":"<p data-sourcepos=\"1:1-1:237\">\"Akimbo Hoodie\" yra populiari striuk\u0117 su gobtuvu, \u017einoma d\u0117l savo laisvo, oversize kirpimo ir mink\u0161tos, patogios med\u017eiagos. Jis da\u017enai gaminamas i\u0161 auk\u0161tos kokyb\u0117s vilnos arba medviln\u0117s, turi gobtuv\u0105 su rai\u0161teliu, keng\u016bros ki\u0161en\u0119, briaunuotus rankogalius ir juosmen\u012f.<\/p>\n<h3 data-sourcepos=\"3:1-3:38\"><strong>Pagrindin\u0117s \"Akimbo\" striuk\u0117s su gobtuvu savyb\u0117s:<\/strong><\/h3>\n<ul data-sourcepos=\"5:1-10:0\">\n<li data-sourcepos=\"5:1-5:77\"><strong>Didelio dyd\u017eio tinka:<\/strong> Laisvo ir patogaus kirpimo, puikiai tinkanti sluoksniavimui.<\/li>\n<li data-sourcepos=\"6:1-6:91\"><strong>Mink\u0161ta med\u017eiaga:<\/strong> Paprastai gaminami i\u0161 auk\u0161tos kokyb\u0117s vilnos arba medviln\u0117s, kad b\u016bt\u0173 maksimaliai patog\u016bs.<\/li>\n<li data-sourcepos=\"7:1-7:89\"><strong>Priri\u0161amas gobtuvas:<\/strong> Reguliuojamas gobtuvas suteikia daugiau \u0161ilumos ir apsaugo nuo oro s\u0105lyg\u0173.<\/li>\n<li data-sourcepos=\"8:1-8:111\"><strong><span class=\"citation-0 recitation\">Keng\u016bros ki\u0161en\u0117:<\/span><\/strong><span class=\"citation-0 recitation citation-end-0\"> Erdvi priekin\u0117 ki\u0161en\u0117, kurioje galima laikyti rankas \u0161iltai arba laikyti smulkius daiktus.<\/span><span class=\"button-container hide-from-message-actions ng-star-inserted\"> \u00a0<\/span>\n<div class=\"container ng-tns-c2946245707-91 hide\">\n<div class=\"carousel-container ng-tns-c2946245707-91\"><\/div>\n<\/div>\n<\/li>\n<li data-sourcepos=\"9:1-10:0\"><strong>Briaunuotos rankogaliai ir juosmens juosta:<\/strong> U\u017etikrina prigludus\u012f ir patog\u0173 d\u0117v\u0117jim\u0105.<\/li>\n<\/ul>\n<h3 data-sourcepos=\"11:1-11:35\"><strong>Kaip d\u0117v\u0117ti \"Akimbo Hoodie\":<\/strong><\/h3>\n<p data-sourcepos=\"13:1-13:103\">\"Akimbo Hoodie\" yra universalus drabu\u017eis, kur\u012f galima d\u0117v\u0117ti \u012fvairiais b\u016bdais. \u0160tai keletas id\u0117j\u0173:<\/p>\n<ul data-sourcepos=\"15:1-18:0\">\n<li data-sourcepos=\"15:1-15:105\"><strong>Atsitiktinis:<\/strong> J\u0105 derinkite prie d\u017eins\u0173, sportini\u0173 kelni\u0173 arba sportini\u0173 kelni\u0173 ir sportba\u010di\u0173, kad atrodytum\u0117te laisvai ir patogiai.<\/li>\n<li data-sourcepos=\"16:1-16:77\"><strong>Sluoksniuotas:<\/strong> Sluoksniuokite j\u012f ant mar\u0161kin\u0117li\u0173 ar mar\u0161kini\u0173 ilgomis rankov\u0117mis, kad b\u016bt\u0173 \u0161il\u010diau.<\/li>\n<li data-sourcepos=\"17:1-18:0\"><strong>Laisvalaikio stiliaus drabu\u017eiai:<\/strong> Prie jo derinkite odin\u0119 striuk\u0119, tamsiai nuda\u017eytus d\u017einsus ir batus.<\/li>\n<\/ul>","protected":false},"excerpt":{"rendered":"<table style=\"height: 490px;\" width=\"435\">\n<tbody>\n<tr>\n<td width=\"146\"><strong><b>Produktas<\/b><\/strong>\u00a0<strong><b>Vardas ir pavard\u0117:<\/b><\/strong><\/td>\n<td width=\"601\"><strong>Akimbo d\u017eemperis su gobtuvu<\/strong><\/td>\n<\/tr>\n<tr>\n<td width=\"146\"><strong><b>Materlal:<\/b><\/strong><\/td>\n<td width=\"601\">Poliesteris \/ medviln\u0117<\/td>\n<\/tr>\n<tr>\n<td width=\"146\"><strong><b>Technika:<\/b><\/strong><\/td>\n<td width=\"601\">Spausdinimas ir da\u017eymas<\/td>\n<\/tr>\n<tr>\n<td width=\"146\"><strong><b>Stilius:<\/b><\/strong><\/td>\n<td width=\"601\">Atsitiktinis<\/td>\n<\/tr>\n<tr>\n<td width=\"146\"><strong><b>Spalva<\/b><\/strong><strong><b>:<\/b><\/strong><\/td>\n<td width=\"601\">\u00a0Pasirinktin\u0117s spalvos<\/td>\n<\/tr>\n<tr>\n<td width=\"146\"><strong><b>Dydis:<\/b><\/strong><\/td>\n<td width=\"601\">S \/M \/L \/XL \/2XL<\/td>\n<\/tr>\n<tr>\n<td width=\"146\"><strong><b>OEM\/ODM:<\/b><\/strong><\/td>\n<td width=\"601\">Priimtina<\/td>\n<\/tr>\n<tr>\n<td width=\"146\"><strong><b>Kokyb\u0117:<\/b><\/strong><\/td>\n<td width=\"601\">100% Auk\u0161ta kokyb\u0117<\/td>\n<\/tr>\n<tr>\n<td width=\"146\"><strong><b>M<\/b><\/strong><strong><b>OQ:<\/b><\/strong><\/td>\n<td width=\"601\">200 vnt.<\/td>\n<\/tr>\n<\/tbody>\n<\/table>","protected":false},"featured_media":1839,"template":"","meta":[],"product_brand":[],"product_cat":[38],"product_tag":[],"class_list":{"0":"post-1837","1":"product","2":"type-product","3":"status-publish","4":"has-post-thumbnail","6":"product_cat-mens-clothing","8":"first","9":"instock","10":"shipping-taxable","11":"product-type-simple"},"_links":{"self":[{"href":"https:\/\/mj-clothing.com\/lt\/wp-json\/wp\/v2\/product\/1837","targetHints":{"allow":["GET"]}}],"collection":[{"href":"https:\/\/mj-clothing.com\/lt\/wp-json\/wp\/v2\/product"}],"about":[{"href":"https:\/\/mj-clothing.com\/lt\/wp-json\/wp\/v2\/types\/product"}],"wp:featuredmedia":[{"embeddable":true,"href":"https:\/\/mj-clothing.com\/lt\/wp-json\/wp\/v2\/media\/1839"}],"wp:attachment":[{"href":"https:\/\/mj-clothing.com\/lt\/wp-json\/wp\/v2\/media?parent=1837"}],"wp:term":[{"taxonomy":"product_brand","embeddable":true,"href":"https:\/\/mj-clothing.com\/lt\/wp-json\/wp\/v2\/product_brand?post=1837"},{"taxonomy":"product_cat","embeddable":true,"href":"https:\/\/mj-clothing.com\/lt\/wp-json\/wp\/v2\/product_cat?post=1837"},{"taxonomy":"product_tag","embeddable":true,"href":"https:\/\/mj-clothing.com\/lt\/wp-json\/wp\/v2\/product_tag?post=1837"}],"curies":[{"name":"wp","href":"https:\/\/api.w.org\/{rel}","templated":true}]}}