{"id":1843,"date":"2024-12-16T03:21:20","date_gmt":"2024-12-16T03:21:20","guid":{"rendered":"https:\/\/mj-clothing.com\/?post_type=product&#038;p=1843"},"modified":"2024-12-17T06:40:16","modified_gmt":"2024-12-17T06:40:16","slug":"golf-hoodie","status":"publish","type":"product","link":"https:\/\/mj-clothing.com\/lt\/manufacturer\/golf-hoodie\/","title":{"rendered":"Golfo d\u017eemperis su gobtuvu"},"content":{"rendered":"<p data-sourcepos=\"1:1-1:192\">Golfo d\u017eemperis su gobtuvu - tai specialiai golfo \u017eaid\u0117jams sukurta sportin\u0117 apranga, kurioje tradicinio d\u017eemperio su gobtuvu patogumas ir \u0161iluma derinami su golfo aik\u0161tynui tinkamomis funkcijomis.<\/p>\n<h3 data-sourcepos=\"3:1-3:34\"><strong>Pagrindin\u0117s golfo d\u017eemperio su gobtuvu savyb\u0117s:<\/strong><\/h3>\n<ul data-sourcepos=\"5:1-10:0\">\n<li data-sourcepos=\"5:1-5:283\"><strong>Efektyv\u016bs audiniai:<\/strong> Golfo d\u017eemperiai su gobtuvais da\u017enai gaminami i\u0161 auk\u0161tos kokyb\u0117s audini\u0173, pavyzd\u017eiui, poliesterio arba poliesterio ir medviln\u0117s mi\u0161inio. \u0160ie audiniai yra sukurti taip, kad gerai praleid\u017eia dr\u0117gm\u0119, praleid\u017eia or\u0105 ir yra elastingi, tod\u0117l golfo \u017eaid\u0117jai gali b\u016bti sausi, patog\u016bs ir nevar\u017eomi atliekant \u0161uol\u012f.<\/li>\n<li data-sourcepos=\"6:1-6:207\"><strong>Atsparumas oro s\u0105lygoms:<\/strong> Daugelis golfo striuki\u0173 yra atsparios vandeniui arba nepraleid\u017eian\u010dios vandens, tod\u0117l apsaugo golfo \u017eaid\u0117jus nuo nedidelio lietaus ar dulksnos. Kai kurie j\u0173 taip pat turi termoizoliacij\u0105, kad golfo \u017eaid\u0117jams b\u016bt\u0173 \u0161ilta \u0161altesniu oru.<\/li>\n<li data-sourcepos=\"7:1-7:100\"><strong>Apsauga nuo saul\u0117s:<\/strong> Kai kurie golfiniai d\u017eemperiai su gobtuvais apsaugo nuo UV spinduli\u0173, kad apsaugot\u0173 golfo \u017eaid\u0117jus nuo kenksming\u0173 saul\u0117s spinduli\u0173.<\/li>\n<li data-sourcepos=\"8:1-8:162\"><strong>Funkcinis dizainas:<\/strong> Golfin\u0117s striuk\u0117s da\u017enai turi tokias funkcijas kaip u\u017etrauktuku u\u017esegamos ki\u0161en\u0117s vertingiems daiktams saugoti, reguliuojami gobtuvai ir nyk\u0161\u010di\u0173 skyl\u0117s rankov\u0117ms prilaikyti.<\/li>\n<li data-sourcepos=\"9:1-10:0\"><strong>Stilingas dizainas:<\/strong> Golfo striuk\u0117s b\u016bna \u012fvairi\u0173 stili\u0173, spalv\u0173 ir ra\u0161t\u0173, tod\u0117l golfo \u017eaid\u0117jai gali i\u0161reik\u0161ti savo asmenin\u012f stili\u0173 ir i\u0161likti funkcional\u016bs.<\/li>\n<\/ul>\n<h3 data-sourcepos=\"11:1-11:31\"><strong>Kada d\u0117v\u0117ti golf\u0105 su gobtuvu:<\/strong><\/h3>\n<p data-sourcepos=\"13:1-13:112\">Golfo striuk\u0117s yra universalios ir gali b\u016bti d\u0117vimos \u012fvairiomis oro s\u0105lygomis. Jie ypa\u010d naudingi:<\/p>\n<ul data-sourcepos=\"15:1-18:0\">\n<li data-sourcepos=\"15:1-15:87\"><strong>V\u0117sesni orai:<\/strong> Golfas - gobtuvai su gobtuvais gali suteikti \u0161ilumos ir komforto per \u0161altesnes rungtis.<\/li>\n<li data-sourcepos=\"16:1-16:101\"><strong>Lietingi orai:<\/strong> Vandeniui atspar\u016bs golfo d\u017eemperiai su gobtuvais gali pad\u0117ti golfo \u017eaid\u0117jams b\u016bti sausiems ir patogiems lyjant nedideliam lietui.<\/li>\n<li data-sourcepos=\"17:1-18:0\"><strong>Sluoksniavimas:<\/strong> Golfo striukes galima sluoksniuoti su kita golfo apranga, kad sukurtum\u0117te individualiai pritaikyt\u0105 aprang\u0105 \u012fvairioms oro s\u0105lygoms.<\/li>\n<\/ul>\n<p data-sourcepos=\"19:1-19:138\">Pasirink\u0119 konkre\u010dius poreikius ir pageidavimus atitinkant\u012f golfin\u012f gobtuv\u0105, galite pagerinti savo komfort\u0105 ir rezultatus golfo aik\u0161tyne.<\/p>","protected":false},"excerpt":{"rendered":"<table style=\"height: 543px;\" width=\"471\">\n<tbody>\n<tr>\n<td width=\"146\"><strong><b>Produktas<\/b><\/strong>\u00a0<strong><b>Vardas ir pavard\u0117:<\/b><\/strong><\/td>\n<td width=\"601\">\n<p data-sourcepos=\"3:1-3:34\"><strong>Golfo d\u017eemperis su gobtuvu<\/strong><\/p>\n<\/td>\n<\/tr>\n<tr>\n<td width=\"146\"><strong><b>Materlal:<\/b><\/strong><\/td>\n<td width=\"601\">Poliesteris \/ medviln\u0117<\/td>\n<\/tr>\n<tr>\n<td width=\"146\"><strong><b>Technika: <\/b><\/strong><\/td>\n<td width=\"601\">Spausdinimas ir da\u017eymas<\/td>\n<\/tr>\n<tr>\n<td width=\"146\"><strong><b>Stilius: <\/b><\/strong><\/td>\n<td width=\"601\">Atsitiktinis<\/td>\n<\/tr>\n<tr>\n<td width=\"146\"><strong><b>Spalva<\/b><\/strong><strong><b>:<\/b><\/strong><\/td>\n<td width=\"601\">Balta ir pasirinktin\u0117s spalvos<\/td>\n<\/tr>\n<tr>\n<td width=\"146\"><strong><b>Dydis:<\/b><\/strong><\/td>\n<td width=\"601\">S \/M \/L \/XL \/2XL<\/td>\n<\/tr>\n<tr>\n<td width=\"146\"><strong><b>OEM\/ODM:<\/b><\/strong><\/td>\n<td width=\"601\">Priimtina<\/td>\n<\/tr>\n<tr>\n<td width=\"146\"><strong><b>Kokyb\u0117:<\/b><\/strong><\/td>\n<td width=\"601\">100% Auk\u0161ta kokyb\u0117<\/td>\n<\/tr>\n<tr>\n<td width=\"146\"><strong><b>M<\/b><\/strong><strong><b>OQ:<\/b><\/strong><\/td>\n<td width=\"601\">200 vnt.<\/td>\n<\/tr>\n<\/tbody>\n<\/table>","protected":false},"featured_media":1844,"template":"","meta":[],"product_brand":[],"product_cat":[38],"product_tag":[],"class_list":{"0":"post-1843","1":"product","2":"type-product","3":"status-publish","4":"has-post-thumbnail","6":"product_cat-mens-clothing","8":"first","9":"instock","10":"shipping-taxable","11":"product-type-simple"},"_links":{"self":[{"href":"https:\/\/mj-clothing.com\/lt\/wp-json\/wp\/v2\/product\/1843","targetHints":{"allow":["GET"]}}],"collection":[{"href":"https:\/\/mj-clothing.com\/lt\/wp-json\/wp\/v2\/product"}],"about":[{"href":"https:\/\/mj-clothing.com\/lt\/wp-json\/wp\/v2\/types\/product"}],"wp:featuredmedia":[{"embeddable":true,"href":"https:\/\/mj-clothing.com\/lt\/wp-json\/wp\/v2\/media\/1844"}],"wp:attachment":[{"href":"https:\/\/mj-clothing.com\/lt\/wp-json\/wp\/v2\/media?parent=1843"}],"wp:term":[{"taxonomy":"product_brand","embeddable":true,"href":"https:\/\/mj-clothing.com\/lt\/wp-json\/wp\/v2\/product_brand?post=1843"},{"taxonomy":"product_cat","embeddable":true,"href":"https:\/\/mj-clothing.com\/lt\/wp-json\/wp\/v2\/product_cat?post=1843"},{"taxonomy":"product_tag","embeddable":true,"href":"https:\/\/mj-clothing.com\/lt\/wp-json\/wp\/v2\/product_tag?post=1843"}],"curies":[{"name":"wp","href":"https:\/\/api.w.org\/{rel}","templated":true}]}}