{"id":1846,"date":"2024-12-16T03:37:19","date_gmt":"2024-12-16T03:37:19","guid":{"rendered":"https:\/\/mj-clothing.com\/?post_type=product&#038;p=1846"},"modified":"2024-12-17T06:24:41","modified_gmt":"2024-12-17T06:24:41","slug":"weighted-hoodie","status":"publish","type":"product","link":"https:\/\/mj-clothing.com\/lt\/manufacturer\/weighted-hoodie\/","title":{"rendered":"Pasverta striuk\u0117 su gobtuvu"},"content":{"rendered":"<p data-sourcepos=\"1:1-1:292\"><span class=\"citation-0 recitation citation-end-0\">Svarstykl\u0117s su gobtuvu - tai drabu\u017eiai, kuri\u0173 audinyje yra sveriam\u0173 med\u017eiag\u0173, paprastai stiklo karoliuk\u0173 arba plastikini\u0173 granuli\u0173, kurios suteikia raminant\u012f ir \u012f\u017eeminant\u012f poveik\u012f.<\/span> <span class=\"citation-1 recitation citation-end-1\">\u0160is \u0161velnus spaudimas gali pad\u0117ti suma\u017einti nerim\u0105, pagerinti d\u0117mesio sutelkim\u0105 ir paskatinti geresn\u012f mieg\u0105.<\/span><span class=\"button-container hide-from-message-actions ng-star-inserted\"> \u00a0<\/span><\/p>\n<h3 data-sourcepos=\"3:1-3:38\"><strong>Pagrindin\u0117s svertin\u0117s striuk\u0117s su gobtuvu savyb\u0117s:<\/strong><\/h3>\n<ul data-sourcepos=\"5:1-10:0\">\n<li data-sourcepos=\"5:1-5:145\"><strong>Svertin\u0117s med\u017eiagos:<\/strong> <span class=\"citation-2 recitation citation-end-2\">Ma\u017ei rutuliukai arba granul\u0117s tolygiai pasiskirst\u0119 po vis\u0105 gobtuv\u0105 ir \u0161velniai veikia raminamai.<\/span><span class=\"button-container hide-from-message-actions ng-star-inserted\"> \u00a0<\/span>\n<div class=\"container ng-tns-c2946245707-171 hide\">\n<div class=\"carousel-container ng-tns-c2946245707-171\"><\/div>\n<\/div>\n<\/li>\n<li data-sourcepos=\"6:1-6:93\"><strong>Patogumas:<\/strong> <span class=\"citation-3 recitation citation-end-3\">\u0160is gobtuvas sukurtas taip, kad b\u016bt\u0173 mink\u0161tas, jaukus ir patogus d\u0117v\u0117ti.<\/span><span class=\"button-container hide-from-message-actions ng-star-inserted\"> \u00a0<\/span>\n<div class=\"container ng-tns-c2946245707-172 hide\">\n<div class=\"carousel-container ng-tns-c2946245707-172\"><\/div>\n<\/div>\n<\/li>\n<li data-sourcepos=\"7:1-7:108\"><strong>Universalumas:<\/strong> <span class=\"citation-4 recitation citation-end-4\">J\u012f galima d\u0117v\u0117ti dien\u0105, kad atsipalaiduotum\u0117te, arba nakt\u012f, kad geriau i\u0161simiegotum\u0117te.<\/span><span class=\"button-container hide-from-message-actions ng-star-inserted\"> \u00a0<\/span>\n<div class=\"container ng-tns-c2946245707-173 hide\">\n<div class=\"carousel-container ng-tns-c2946245707-173\"><\/div>\n<\/div>\n<\/li>\n<li data-sourcepos=\"8:1-8:127\"><strong>Raminamasis poveikis:<\/strong> <span class=\"citation-5 recitation citation-end-5\">Svoris gali pad\u0117ti suma\u017einti stres\u0105 ir nerim\u0105, skatinti ramyb\u0117s ir geros savijautos jausm\u0105.<\/span><span class=\"button-container hide-from-message-actions ng-star-inserted\">\u00a0<\/span>\n<div class=\"container ng-tns-c2946245707-174 hide\">\n<div class=\"carousel-container ng-tns-c2946245707-174\"><\/div>\n<\/div>\n<\/li>\n<li data-sourcepos=\"9:1-10:0\"><strong><span class=\"citation-6 recitation\">Patobulintas d\u0117mesio sutelkimas:<\/span><\/strong><span class=\"citation-6 recitation citation-end-6\"> \u0160velnus spaudimas gali pad\u0117ti geriau sutelkti d\u0117mes\u012f ir susikaupti.<\/span><span class=\"button-container hide-from-message-actions ng-star-inserted\"> \u00a0<\/span>\n<div class=\"container ng-tns-c2946245707-175 hide\">\n<div class=\"carousel-container ng-tns-c2946245707-175\"><\/div>\n<\/div>\n<\/li>\n<\/ul>\n<h3 data-sourcepos=\"11:1-11:36\"><strong>Kaip i\u0161sirinkti svertin\u0119 striuk\u0119 su gobtuvu:<\/strong><\/h3>\n<ul data-sourcepos=\"13:1-17:0\">\n<li data-sourcepos=\"13:1-13:82\"><strong>Svoris:<\/strong> Gobtuvo svoris tur\u0117t\u0173 b\u016bti ma\u017edaug 5-10% j\u016bs\u0173 k\u016bno svorio.<\/li>\n<li data-sourcepos=\"14:1-14:75\"><strong>Med\u017eiaga:<\/strong> Ie\u0161kokite mink\u0161tos, orui pralaid\u017eios med\u017eiagos, pavyzd\u017eiui, medviln\u0117s ar vilnos.<\/li>\n<li data-sourcepos=\"15:1-15:92\"><strong>Svorio pasiskirstymas:<\/strong> U\u017etikrinkite, kad svoris b\u016bt\u0173 tolygiai pasiskirst\u0119s visame gobtuve.<\/li>\n<li data-sourcepos=\"16:1-17:0\"><strong>Patogumas:<\/strong> Gobtuvas turi b\u016bti patogus ir ne per daug aptemptas ar per daug laisvas.<\/li>\n<\/ul>\n<h3 data-sourcepos=\"18:1-18:33\"><strong>Kaip naudoti svertin\u012f gobtuv\u0105:<\/strong><\/h3>\n<ul data-sourcepos=\"20:1-23:0\">\n<li data-sourcepos=\"20:1-20:72\"><strong>Atsipalaidavimas:<\/strong> D\u0117v\u0117kite gobtuv\u0105 ils\u0117damiesi ant sofos ar lovoje.<\/li>\n<li data-sourcepos=\"21:1-21:81\"><strong><span class=\"citation-7 recitation\">Miegas:<\/span><\/strong><span class=\"citation-7 recitation citation-end-7\"> Naudokite gobtuv\u0105 kaip miego pagalbin\u0119 priemon\u0119, kad pagerintum\u0117te miego kokyb\u0119.<\/span><span class=\"button-container hide-from-message-actions ng-star-inserted\"> \u00a0<\/span>\n<div class=\"container ng-tns-c2946245707-176 hide\">\n<div class=\"carousel-container ng-tns-c2946245707-176\"><\/div>\n<\/div>\n<\/li>\n<li data-sourcepos=\"22:1-23:0\"><strong><span class=\"citation-8 recitation\">D\u0117mesio centre:<\/span><\/strong><span class=\"citation-8 recitation citation-end-8\"> D\u0117v\u0117kite gobtuv\u0105 mokydamiesi, dirbdami ar u\u017esiimdami kita veikla, kuriai reikia susikaupti.<\/span><span class=\"button-container hide-from-message-actions ng-star-inserted\">\u00a0 \u00a0<\/span>\n<div class=\"container ng-tns-c2946245707-177 hide\">\n<div class=\"carousel-container ng-tns-c2946245707-177\"><\/div>\n<\/div>\n<\/li>\n<\/ul>\n<h3 data-sourcepos=\"24:1-24:40\"><strong>Svarstykl\u0117s su gobtuvu privalumai:<\/strong><\/h3>\n<ul data-sourcepos=\"26:1-30:0\">\n<li data-sourcepos=\"26:1-26:92\"><strong>Suma\u017e\u0117j\u0119s nerimas:<\/strong> <span class=\"citation-9 recitation citation-end-9\">\u0160velnus spaudimas gali pad\u0117ti nuraminti nerv\u0173 sistem\u0105.<\/span><span class=\"button-container hide-from-message-actions ng-star-inserted\"> \u00a0<\/span>\n<div class=\"container ng-tns-c2946245707-178 hide\">\n<div class=\"carousel-container ng-tns-c2946245707-178\"><\/div>\n<\/div>\n<\/li>\n<li data-sourcepos=\"27:1-27:87\"><strong><span class=\"citation-10 recitation\">Geresnis miegas:<\/span><\/strong><span class=\"citation-10 recitation citation-end-10\"> Svoris gali paskatinti gilesn\u012f ir ramesn\u012f mieg\u0105.<\/span><span class=\"button-container hide-from-message-actions ng-star-inserted\">\u00a0<\/span>\n<div class=\"container ng-tns-c2946245707-179 hide\">\n<div class=\"carousel-container ng-tns-c2946245707-179\"><\/div>\n<\/div>\n<\/li>\n<li data-sourcepos=\"28:1-28:101\"><strong><span class=\"citation-11 recitation\">Geriau sutelkite d\u0117mes\u012f:<\/span><\/strong><span class=\"citation-11 recitation citation-end-11\"> Spaudimas gali pad\u0117ti pagerinti koncentracij\u0105 ir d\u0117mesio koncentracij\u0105.<\/span><span class=\"button-container hide-from-message-actions ng-star-inserted\">\u00a0 \u00a0<\/span>\n<div class=\"container ng-tns-c2946245707-180 hide\">\n<div class=\"carousel-container ng-tns-c2946245707-180\"><\/div>\n<\/div>\n<\/li>\n<li data-sourcepos=\"29:1-30:0\"><strong><span class=\"citation-12 recitation\">Ma\u017eesnis stresas:<\/span><\/strong><span class=\"citation-12 recitation citation-end-12\"> Raminamasis svorio poveikis gali pad\u0117ti suma\u017einti streso lyg\u012f.<\/span><span class=\"button-container hide-from-message-actions ng-star-inserted\">\u00a0<\/span>\n<div class=\"container ng-tns-c2946245707-181 hide\">\n<div class=\"carousel-container ng-tns-c2946245707-181\"><\/div>\n<\/div>\n<\/li>\n<\/ul>\n<p data-sourcepos=\"31:1-31:269\">Jei ie\u0161kote nat\u016bralaus streso ir nerimo ma\u017einimo b\u016bdo, jums gali tikti svertinis gobtuvas. Ta\u010diau prie\u0161 naudojant svertin\u012f gamin\u012f svarbu pasitarti su sveikatos prie\u017ei\u016bros specialistu, ypa\u010d jei turite koki\u0173 nors sveikatos sutrikim\u0173.<\/p>","protected":false},"excerpt":{"rendered":"<table style=\"height: 478px;\" width=\"402\">\n<tbody>\n<tr>\n<td width=\"146\"><strong><b>Produktas<\/b><\/strong>\u00a0<strong><b>Vardas ir pavard\u0117:<\/b><\/strong><\/td>\n<td width=\"601\"><strong>Pasverta striuk\u0117 su gobtuvu<\/strong><\/td>\n<\/tr>\n<tr>\n<td width=\"146\"><strong><b>Materlal:<\/b><\/strong><\/td>\n<td width=\"601\">Poliesteris \/ medviln\u0117<\/td>\n<\/tr>\n<tr>\n<td width=\"146\"><strong><b>Technika:<\/b><\/strong><\/td>\n<td width=\"601\">Spausdinimas ir da\u017eymas<\/td>\n<\/tr>\n<tr>\n<td width=\"146\"><strong><b>Stilius:<\/b><\/strong><\/td>\n<td width=\"601\">Atsitiktinis<\/td>\n<\/tr>\n<tr>\n<td width=\"146\"><strong><b>Spalva<\/b><\/strong><strong><b>:<\/b><\/strong><\/td>\n<td width=\"601\">\u00a0Pasirinktin\u0117s spalvos<\/td>\n<\/tr>\n<tr>\n<td width=\"146\"><strong><b>Dydis:<\/b><\/strong><\/td>\n<td width=\"601\">S \/M \/L \/XL \/2XL<\/td>\n<\/tr>\n<tr>\n<td width=\"146\"><strong><b>OEM\/ODM:<\/b><\/strong><\/td>\n<td width=\"601\">Priimtina<\/td>\n<\/tr>\n<tr>\n<td width=\"146\"><strong><b>Kokyb\u0117:<\/b><\/strong><\/td>\n<td width=\"601\">100% Auk\u0161ta kokyb\u0117<\/td>\n<\/tr>\n<tr>\n<td width=\"146\"><strong><b>M<\/b><\/strong><strong><b>OQ:<\/b><\/strong><\/td>\n<td width=\"601\">200 vnt.<\/td>\n<\/tr>\n<\/tbody>\n<\/table>","protected":false},"featured_media":1848,"template":"","meta":[],"product_brand":[],"product_cat":[38],"product_tag":[],"class_list":{"0":"post-1846","1":"product","2":"type-product","3":"status-publish","4":"has-post-thumbnail","6":"product_cat-mens-clothing","8":"first","9":"instock","10":"shipping-taxable","11":"product-type-simple"},"_links":{"self":[{"href":"https:\/\/mj-clothing.com\/lt\/wp-json\/wp\/v2\/product\/1846","targetHints":{"allow":["GET"]}}],"collection":[{"href":"https:\/\/mj-clothing.com\/lt\/wp-json\/wp\/v2\/product"}],"about":[{"href":"https:\/\/mj-clothing.com\/lt\/wp-json\/wp\/v2\/types\/product"}],"wp:featuredmedia":[{"embeddable":true,"href":"https:\/\/mj-clothing.com\/lt\/wp-json\/wp\/v2\/media\/1848"}],"wp:attachment":[{"href":"https:\/\/mj-clothing.com\/lt\/wp-json\/wp\/v2\/media?parent=1846"}],"wp:term":[{"taxonomy":"product_brand","embeddable":true,"href":"https:\/\/mj-clothing.com\/lt\/wp-json\/wp\/v2\/product_brand?post=1846"},{"taxonomy":"product_cat","embeddable":true,"href":"https:\/\/mj-clothing.com\/lt\/wp-json\/wp\/v2\/product_cat?post=1846"},{"taxonomy":"product_tag","embeddable":true,"href":"https:\/\/mj-clothing.com\/lt\/wp-json\/wp\/v2\/product_tag?post=1846"}],"curies":[{"name":"wp","href":"https:\/\/api.w.org\/{rel}","templated":true}]}}