{"id":1853,"date":"2024-12-16T06:19:44","date_gmt":"2024-12-16T06:19:44","guid":{"rendered":"https:\/\/mj-clothing.com\/?post_type=product&#038;p=1853"},"modified":"2024-12-17T06:22:58","modified_gmt":"2024-12-17T06:22:58","slug":"drake-hoodie","status":"publish","type":"product","link":"https:\/\/mj-clothing.com\/lt\/manufacturer\/drake-hoodie\/","title":{"rendered":"Drake d\u017eemperis su gobtuvu"},"content":{"rendered":"<p data-sourcepos=\"1:1-1:226\"><span class=\"citation-0 recitation citation-end-0\">Drake Hoodie, garsus Kanados reperis, \u012fkv\u0117p\u0117 sukurti daugyb\u0119 preki\u0173, \u012fskaitant gobtuvus.<\/span> <span class=\"citation-1 recitation citation-end-1\">Ant \u0161i\u0173 gobtuv\u0173 da\u017enai b\u016bna jo ikoni\u0161kas logotipas, albumo apipavidalinimas arba dain\u0173 \u017eod\u017eiai, kurie patraukia jo i\u0161tikimus gerb\u0117jus.<\/span><\/p>\n<h3 data-sourcepos=\"1:1-1:226\"><strong>Pagrindin\u0117s \"Drake\" striuk\u0117s su gobtuvu savyb\u0117s:<\/strong><\/h3>\n<ul data-sourcepos=\"5:1-9:0\">\n<li data-sourcepos=\"5:1-5:125\"><strong><span class=\"citation-2 recitation\">Auk\u0161tos kokyb\u0117s med\u017eiaga:<\/span><\/strong><span class=\"citation-2 recitation citation-end-2\"> Da\u017enai gaminami i\u0161 auk\u0161\u010diausios kokyb\u0117s med\u017eiag\u0173, pavyzd\u017eiui, medviln\u0117s ar vilnos, kad b\u016bt\u0173 patog\u016bs ir patvar\u016bs.<\/span><span class=\"button-container hide-from-message-actions ng-star-inserted\"> \u00a0<\/span><\/li>\n<li data-sourcepos=\"5:1-5:125\"><span class=\"button-container hide-from-message-actions ng-star-inserted\"><strong style=\"font-size: 14.4px;\"><span class=\"citation-3 recitation\">Stilingas dizainas:<\/span><\/strong><span class=\"citation-3 recitation citation-end-3\" style=\"font-size: 14.4px;\"> Madingas dizainas, dr\u0105si grafika ir firmin\u0117 \"Drake\" estetika.<\/span><span class=\"button-container hide-from-message-actions ng-star-inserted\" style=\"font-size: 14.4px;\"> \u00a0<\/span><\/span>\n<div class=\"container ng-tns-c2946245707-199 hide\">\n<div class=\"carousel-container ng-tns-c2946245707-199\"><\/div>\n<\/div>\n<\/li>\n<li data-sourcepos=\"7:1-7:80\"><strong>Patogus pritaikymas:<\/strong> Suteikia laisv\u0105 ir patog\u0173 d\u0117v\u0117jim\u0105 kasdien.<\/li>\n<li data-sourcepos=\"8:1-9:0\"><strong>Ventiliatoriaus apeliacija:<\/strong> <span class=\"citation-4 recitation citation-end-4\">\u012era\u0161yti kultiniai \"Drake\" atvaizdai ir prek\u0117s \u017eenklas.<\/span><span class=\"button-container hide-from-message-actions ng-star-inserted\"> \u00a0<\/span>\n<div class=\"container ng-tns-c2946245707-200 hide\">\n<div class=\"carousel-container ng-tns-c2946245707-200\"><\/div>\n<\/div>\n<\/li>\n<\/ul>\n<h3 data-sourcepos=\"10:1-10:32\"><strong>Kur \u012fsigyti Drake Hoodie:<\/strong><\/h3>\n<ul data-sourcepos=\"12:1-15:0\">\n<li data-sourcepos=\"12:1-12:146\"><strong>Oficialios preki\u0173 parduotuv\u0117s:<\/strong> <span class=\"citation-5 recitation citation-end-5\">Oficiali Drake'o preki\u0173 parduotuv\u0117 arba \u012fgalioti ma\u017emenininkai da\u017enai parduoda oficialiai licencijuotus gobtuvus.<\/span><span class=\"button-container hide-from-message-actions ng-star-inserted\">\u00a0 \u00a0<\/span>\n<div class=\"container ng-tns-c2946245707-201 hide\">\n<div class=\"carousel-container ng-tns-c2946245707-201\"><\/div>\n<\/div>\n<\/li>\n<li data-sourcepos=\"13:1-13:162\"><strong><span class=\"citation-6 recitation\">Internetin\u0117s prekyviet\u0117s:<\/span><\/strong><span class=\"citation-6 recitation citation-end-6\"> Tokiose platformose kaip \"eBay\", \"StockX\" ir \"Grailed\" si\u016bloma daugyb\u0117 \"Drake\" drabu\u017ei\u0173, \u012fskaitant riboto tira\u017eo ir vinta\u017einius daiktus.<\/span><span class=\"button-container hide-from-message-actions ng-star-inserted\"> \u00a0<\/span>\n<div class=\"container ng-tns-c2946245707-202 hide\">\n<div class=\"carousel-container ng-tns-c2946245707-202\"><\/div>\n<\/div>\n<\/li>\n<li data-sourcepos=\"14:1-15:0\"><strong>Perpardavimo parduotuv\u0117s:<\/strong> Patikrinkite vietos gatv\u0117s drabu\u017ei\u0173 butikus ir perpardavimo parduotuves, kuriose galite rasti galim\u0173 daikt\u0173.<\/li>\n<\/ul>\n<h3 data-sourcepos=\"16:1-16:35\"><strong>Patarimai, kaip pirkti \"Drake\" striuk\u0119 su gobtuvu:<\/strong><\/h3>\n<ul data-sourcepos=\"18:1-22:0\">\n<li data-sourcepos=\"18:1-18:101\"><strong>Autenti\u0161kumas:<\/strong> Patikrinkite d\u017eemperio su gobtuvu autenti\u0161kum\u0105, patikrinkite, ar ant jo yra oficialios etiket\u0117s ir prek\u0117s \u017eenklas.<\/li>\n<li data-sourcepos=\"19:1-19:85\"><strong>B\u016bkl\u0117:<\/strong> Jei perkate naudot\u0105 gobtuv\u0105, ap\u017ei\u016br\u0117kite, ar n\u0117ra joki\u0173 d\u0117v\u0117jimosi ar pa\u017eeidimo po\u017eymi\u0173.<\/li>\n<li data-sourcepos=\"20:1-20:84\"><strong>Dydis:<\/strong> Nor\u0117dami \u012fsitikinti, kad drabu\u017eis tinka, vadovaukit\u0117s pardav\u0117jo pateikta dyd\u017ei\u0173 lentele.<\/li>\n<li data-sourcepos=\"21:1-22:0\"><strong>Kaina:<\/strong> I\u0161tirkite dabartines rinkos kainas, kad nepermok\u0117tum\u0117te.<\/li>\n<\/ul>\n<p data-sourcepos=\"23:1-23:123\">Vadovaudamiesi \u0161iais patarimais galite rasti puik\u0173 Drake'o gobtuv\u0105, kad pademonstruotum\u0117te savo meil\u0119 atlik\u0117jui ir pagerintum\u0117te savo stili\u0173.<\/p>","protected":false},"excerpt":{"rendered":"<table style=\"height: 547px;\" width=\"443\">\n<tbody>\n<tr>\n<td width=\"146\"><strong><b>Produktas<\/b><\/strong>\u00a0<strong><b>Vardas ir pavard\u0117:<\/b><\/strong><\/td>\n<td width=\"601\"><strong>Drake d\u017eemperis su gobtuvu<\/strong><\/td>\n<\/tr>\n<tr>\n<td width=\"146\"><strong><b>Materlal:<\/b><\/strong><\/td>\n<td width=\"601\">Poliesteris \/ medviln\u0117<\/td>\n<\/tr>\n<tr>\n<td width=\"146\"><strong><b>Technika:<\/b><\/strong><\/td>\n<td width=\"601\">Spausdinimas ir da\u017eymas<\/td>\n<\/tr>\n<tr>\n<td width=\"146\"><strong><b>Stilius:<\/b><\/strong><\/td>\n<td width=\"601\">Atsitiktinis<\/td>\n<\/tr>\n<tr>\n<td width=\"146\"><strong><b>Spalva<\/b><\/strong><strong><b>:<\/b><\/strong><\/td>\n<td width=\"601\">\u00a0Juoda ir pasirinktin\u0117s spalvos<\/td>\n<\/tr>\n<tr>\n<td width=\"146\"><strong><b>Dydis:<\/b><\/strong><\/td>\n<td width=\"601\">S \/M \/L \/XL \/2XL<\/td>\n<\/tr>\n<tr>\n<td width=\"146\"><strong><b>OEM\/ODM:<\/b><\/strong><\/td>\n<td width=\"601\">Priimtina<\/td>\n<\/tr>\n<tr>\n<td width=\"146\"><strong><b>Kokyb\u0117:<\/b><\/strong><\/td>\n<td width=\"601\">100% Auk\u0161ta kokyb\u0117<\/td>\n<\/tr>\n<tr>\n<td width=\"146\"><strong><b>M<\/b><\/strong><strong><b>OQ:<\/b><\/strong><\/td>\n<td width=\"601\">200 vnt.<\/td>\n<\/tr>\n<\/tbody>\n<\/table>","protected":false},"featured_media":1857,"template":"","meta":[],"product_brand":[],"product_cat":[38],"product_tag":[],"class_list":{"0":"post-1853","1":"product","2":"type-product","3":"status-publish","4":"has-post-thumbnail","6":"product_cat-mens-clothing","8":"first","9":"instock","10":"shipping-taxable","11":"product-type-simple"},"_links":{"self":[{"href":"https:\/\/mj-clothing.com\/lt\/wp-json\/wp\/v2\/product\/1853","targetHints":{"allow":["GET"]}}],"collection":[{"href":"https:\/\/mj-clothing.com\/lt\/wp-json\/wp\/v2\/product"}],"about":[{"href":"https:\/\/mj-clothing.com\/lt\/wp-json\/wp\/v2\/types\/product"}],"wp:featuredmedia":[{"embeddable":true,"href":"https:\/\/mj-clothing.com\/lt\/wp-json\/wp\/v2\/media\/1857"}],"wp:attachment":[{"href":"https:\/\/mj-clothing.com\/lt\/wp-json\/wp\/v2\/media?parent=1853"}],"wp:term":[{"taxonomy":"product_brand","embeddable":true,"href":"https:\/\/mj-clothing.com\/lt\/wp-json\/wp\/v2\/product_brand?post=1853"},{"taxonomy":"product_cat","embeddable":true,"href":"https:\/\/mj-clothing.com\/lt\/wp-json\/wp\/v2\/product_cat?post=1853"},{"taxonomy":"product_tag","embeddable":true,"href":"https:\/\/mj-clothing.com\/lt\/wp-json\/wp\/v2\/product_tag?post=1853"}],"curies":[{"name":"wp","href":"https:\/\/api.w.org\/{rel}","templated":true}]}}