{"id":1859,"date":"2024-12-16T06:23:43","date_gmt":"2024-12-16T06:23:43","guid":{"rendered":"https:\/\/mj-clothing.com\/?post_type=product&#038;p=1859"},"modified":"2024-12-17T06:20:37","modified_gmt":"2024-12-17T06:20:37","slug":"white-crew-neck-sweatshirt","status":"publish","type":"product","link":"https:\/\/mj-clothing.com\/lt\/manufacturer\/white-crew-neck-sweatshirt\/","title":{"rendered":"Balti megztiniai su kaklu"},"content":{"rendered":"<p data-sourcepos=\"1:1-1:170\"><span class=\"citation-0 recitation citation-end-0\">Balti d\u017eemperiai su kaklu yra klasikinis ir universalus drabu\u017eis, kur\u012f galima vilk\u0117ti tiek su apranga, tiek su drabu\u017eiais.<\/span> Tai pagrindinis garderobo elementas, kur\u012f galima d\u0117v\u0117ti i\u0161tisus metus.<span class=\"button-container hide-from-message-actions ng-star-inserted\"> \u00a0<\/span><\/p>\n<h3 data-sourcepos=\"3:1-3:49\"><strong>Pagrindin\u0117s balto d\u017eemperio su kaklu savyb\u0117s:<\/strong><\/h3>\n<ul data-sourcepos=\"5:1-9:0\">\n<li data-sourcepos=\"5:1-5:89\"><strong>Paprastas dizainas:<\/strong> Klasikinio, minimalistinio dizaino, apvali i\u0161kirpt\u0117 ir ilgos rankov\u0117s.<\/li>\n<li data-sourcepos=\"6:1-6:97\"><strong>Patogumas:<\/strong> <span class=\"citation-1 recitation citation-end-1\">Paprastai gaminami i\u0161 mink\u0161t\u0173, orui laid\u017ei\u0173 med\u017eiag\u0173, pavyzd\u017eiui, medviln\u0117s ar vilnos.<\/span><span class=\"button-container hide-from-message-actions ng-star-inserted\"> \u00a0<\/span>\n<div class=\"container ng-tns-c2946245707-216 hide\">\n<div class=\"carousel-container ng-tns-c2946245707-216\"><\/div>\n<\/div>\n<\/li>\n<li data-sourcepos=\"7:1-7:91\"><strong><span class=\"citation-2 recitation\">Universalumas:<\/span><\/strong><span class=\"citation-2 recitation citation-end-2\"> Galima derinti su d\u017einsais, tampr\u0117mis, sijonais ar suknel\u0117s keln\u0117mis.<\/span>\n<div class=\"container ng-tns-c2946245707-217 hide\">\n<div class=\"carousel-container ng-tns-c2946245707-217\"><\/div>\n<\/div>\n<\/li>\n<li data-sourcepos=\"8:1-9:0\"><strong>Nesenstantis:<\/strong> Nesenstantis daiktas, kuris niekada nei\u0161eina i\u0161 mados.<\/li>\n<\/ul>\n<h3 data-sourcepos=\"10:1-10:46\"><strong>Kaip vilk\u0117ti baltus megztinius su kaklu:<\/strong><\/h3>\n<p data-sourcepos=\"12:1-12:66\">Pateikiame kelet\u0105 id\u0117j\u0173, kaip stilingai d\u0117v\u0117ti baltus d\u017eemperius su kaklu:<\/p>\n<ul data-sourcepos=\"14:1-18:0\">\n<li data-sourcepos=\"14:1-14:67\"><strong>Atsitiktinis:<\/strong> J\u0105 derinkite su d\u017einsais ir sportba\u010diais, kad atrodytum\u0117te laisvai.<\/li>\n<li data-sourcepos=\"15:1-15:69\"><strong>Sporti\u0161kas:<\/strong> D\u0117v\u0117kite j\u012f su sportin\u0117mis keln\u0117mis arba tampr\u0117mis ir sportiniais bateliais.<\/li>\n<li data-sourcepos=\"16:1-16:73\"><strong>Laisvalaikio stiliaus drabu\u017eiai:<\/strong> Pasipuo\u0161kite j\u012f \u0161varkeliu, suknel\u0117s keln\u0117mis ir mokasinais.<\/li>\n<li data-sourcepos=\"17:1-18:0\"><strong>Sluoksniuotas:<\/strong> Sluoksniuokite j\u012f po d\u017einsine ar odine striuke, kad atrodytum\u0117te stilingai.<\/li>\n<\/ul>\n<h3 data-sourcepos=\"19:1-19:51\"><strong>Patarimai renkantis baltus mar\u0161kin\u0117lius su kaklu:<\/strong><\/h3>\n<ul data-sourcepos=\"21:1-24:0\">\n<li data-sourcepos=\"21:1-21:88\"><strong>Med\u017eiaga:<\/strong> Ie\u0161kokite mink\u0161tos, auk\u0161tos kokyb\u0117s med\u017eiagos, kuri\u0105 b\u016bt\u0173 patogu d\u0117v\u0117ti.<\/li>\n<li data-sourcepos=\"22:1-22:109\"><strong>Tinka:<\/strong> Rinkit\u0117s savo asmenin\u012f stili\u0173 atitinkan\u010di\u0105 aprang\u0105. Galite rinktis laisv\u0105 arba labiau prigludus\u012f stili\u0173.<\/li>\n<li data-sourcepos=\"23:1-24:0\"><strong>Prie\u017ei\u016bra:<\/strong> Laikykit\u0117s etiket\u0117je pateikt\u0173 prie\u017ei\u016bros instrukcij\u0173, kad megztinis atrodyt\u0173 kuo geriau.<\/li>\n<\/ul>\n<p data-sourcepos=\"25:1-25:101\">Vadovaudamiesi \u0161iais patarimais galite rasti puikius baltus d\u017eemperius su \u012fgula ir kaklu, kurie papildys j\u016bs\u0173 garderob\u0105.<\/p>","protected":false},"excerpt":{"rendered":"<table style=\"height: 481px;\" width=\"465\">\n<tbody>\n<tr>\n<td width=\"146\"><strong><b>Produktas<\/b><\/strong>\u00a0<strong><b>Vardas ir pavard\u0117:<\/b><\/strong><\/td>\n<td width=\"601\"><strong>Balti megztiniai su kaklu<\/strong><\/td>\n<\/tr>\n<tr>\n<td width=\"146\"><strong><b>Materlal:<\/b><\/strong><\/td>\n<td width=\"601\">Poliesteris \/ medviln\u0117<\/td>\n<\/tr>\n<tr>\n<td width=\"146\"><strong><b>Technika:<\/b><\/strong><\/td>\n<td width=\"601\">Spausdinimas ir da\u017eymas<\/td>\n<\/tr>\n<tr>\n<td width=\"146\"><strong><b>Stilius:<\/b><\/strong><\/td>\n<td width=\"601\">Atsitiktinis<\/td>\n<\/tr>\n<tr>\n<td width=\"146\"><strong><b>Spalva<\/b><\/strong><strong><b>:<\/b><\/strong><\/td>\n<td width=\"601\">\u00a0Pasirinktin\u0117s spalvos<\/td>\n<\/tr>\n<tr>\n<td width=\"146\"><strong><b>Dydis:<\/b><\/strong><\/td>\n<td width=\"601\">S \/M \/L \/XL \/2XL<\/td>\n<\/tr>\n<tr>\n<td width=\"146\"><strong><b>OEM\/ODM:<\/b><\/strong><\/td>\n<td width=\"601\">Priimtina<\/td>\n<\/tr>\n<tr>\n<td width=\"146\"><strong><b>Kokyb\u0117:<\/b><\/strong><\/td>\n<td width=\"601\">100% Auk\u0161ta kokyb\u0117<\/td>\n<\/tr>\n<tr>\n<td width=\"146\"><strong><b>M<\/b><\/strong><strong><b>OQ:<\/b><\/strong><\/td>\n<td width=\"601\">200 vnt.<\/td>\n<\/tr>\n<\/tbody>\n<\/table>","protected":false},"featured_media":1860,"template":"","meta":[],"product_brand":[],"product_cat":[38],"product_tag":[],"class_list":{"0":"post-1859","1":"product","2":"type-product","3":"status-publish","4":"has-post-thumbnail","6":"product_cat-mens-clothing","8":"first","9":"instock","10":"shipping-taxable","11":"product-type-simple"},"_links":{"self":[{"href":"https:\/\/mj-clothing.com\/lt\/wp-json\/wp\/v2\/product\/1859","targetHints":{"allow":["GET"]}}],"collection":[{"href":"https:\/\/mj-clothing.com\/lt\/wp-json\/wp\/v2\/product"}],"about":[{"href":"https:\/\/mj-clothing.com\/lt\/wp-json\/wp\/v2\/types\/product"}],"wp:featuredmedia":[{"embeddable":true,"href":"https:\/\/mj-clothing.com\/lt\/wp-json\/wp\/v2\/media\/1860"}],"wp:attachment":[{"href":"https:\/\/mj-clothing.com\/lt\/wp-json\/wp\/v2\/media?parent=1859"}],"wp:term":[{"taxonomy":"product_brand","embeddable":true,"href":"https:\/\/mj-clothing.com\/lt\/wp-json\/wp\/v2\/product_brand?post=1859"},{"taxonomy":"product_cat","embeddable":true,"href":"https:\/\/mj-clothing.com\/lt\/wp-json\/wp\/v2\/product_cat?post=1859"},{"taxonomy":"product_tag","embeddable":true,"href":"https:\/\/mj-clothing.com\/lt\/wp-json\/wp\/v2\/product_tag?post=1859"}],"curies":[{"name":"wp","href":"https:\/\/api.w.org\/{rel}","templated":true}]}}