{"id":1861,"date":"2024-12-16T06:40:02","date_gmt":"2024-12-16T06:40:02","guid":{"rendered":"https:\/\/mj-clothing.com\/?post_type=product&#038;p=1861"},"modified":"2024-12-17T06:17:43","modified_gmt":"2024-12-17T06:17:43","slug":"couple-sweatshirt","status":"publish","type":"product","link":"https:\/\/mj-clothing.com\/lt\/manufacturer\/couple-sweatshirt\/","title":{"rendered":"Poros d\u017eemperis"},"content":{"rendered":"<p data-sourcepos=\"1:1-1:238\">Poriniai d\u017eemperiai yra populiari tendencija, leid\u017eianti poroms i\u0161reik\u0161ti savo meil\u0119 ir ry\u0161\u012f deran\u010diais ar vienas kit\u0105 papildan\u010diais drabu\u017eiais. J\u0173 b\u016bna \u012fvairi\u0173 stili\u0173, spalv\u0173 ir dizain\u0173, atitinkan\u010di\u0173 skirtingus pageidavimus ir progas.<\/p>\n<h3 data-sourcepos=\"3:1-3:39\"><strong>Pagrindin\u0117s poros d\u017eemperi\u0173 savyb\u0117s:<\/strong><\/h3>\n<ul data-sourcepos=\"5:1-10:0\">\n<li data-sourcepos=\"5:1-5:109\"><strong>Suderinti dizainai:<\/strong> Da\u017enai naudojami vienodi ra\u0161tai, spalvos ar fraz\u0117s, simbolizuojan\u010dios poros ry\u0161\u012f.<\/li>\n<li data-sourcepos=\"6:1-6:134\"><strong>Papildomi dizainai:<\/strong> Gali b\u016bti skirtingi, bet susij\u0119 dizainai, pavyzd\u017eiui, \"karalius\" ir \"karalien\u0117\", \"jin\" ir \"jang\" arba \"ji\" ir \"jis\".<\/li>\n<li data-sourcepos=\"7:1-7:105\"><strong>Personalizuotos \u017einut\u0117s:<\/strong> Galima pritaikyti vardus, inicialus, specialias datas ar asmenines \u017einutes.<\/li>\n<li data-sourcepos=\"8:1-8:95\"><strong>Patogios med\u017eiagos:<\/strong> Paprastai jie gaminami i\u0161 mink\u0161t\u0173 ir jauki\u0173 med\u017eiag\u0173, pavyzd\u017eiui, medviln\u0117s ar vilnos.<\/li>\n<li data-sourcepos=\"9:1-10:0\"><strong>Universal\u016bs stiliai:<\/strong> Galimi \u012fvair\u016bs stiliai, \u012fskaitant d\u017eemperius su gobtuvais, mar\u0161kin\u0117lius su gobtuvais ir megztinius.<\/li>\n<\/ul>\n<h3 data-sourcepos=\"11:1-11:36\"><strong>Kur nusipirkti poros mar\u0161kin\u0117lius:<\/strong><\/h3>\n<ul data-sourcepos=\"13:1-16:0\">\n<li data-sourcepos=\"13:1-13:121\"><strong>Interneto ma\u017emenininkai:<\/strong> Tokiose svetain\u0117se kaip \"Etsy\", \"Amazon\" ir specializuotose por\u0173 drabu\u017ei\u0173 parduotuv\u0117se galima rinktis i\u0161 daugyb\u0117s variant\u0173.<\/li>\n<li data-sourcepos=\"14:1-14:94\"><strong>Fizin\u0117s parduotuv\u0117s:<\/strong> Apsipirkti galima vietos butikuose ir universalin\u0117se parduotuv\u0117se.<\/li>\n<li data-sourcepos=\"15:1-16:0\"><strong>Individualios spausdinimo paslaugos:<\/strong> Sukurkite savo asmeninius poros d\u017eemperius su pasirinktiniais dizainais ir \u017einut\u0117mis.<\/li>\n<\/ul>\n<h3 data-sourcepos=\"17:1-17:41\"><strong>Patarimai renkantis porinius d\u017eemperius:<\/strong><\/h3>\n<ul data-sourcepos=\"19:1-24:0\">\n<li data-sourcepos=\"19:1-19:99\"><strong>Atsi\u017evelkite \u012f savo stili\u0173:<\/strong> Pasirinkite stili\u0173, kuris atspind\u0117t\u0173 j\u016bs\u0173 asmeninius pageidavimus ir prog\u0105.<\/li>\n<li data-sourcepos=\"20:1-20:97\"><strong>Pasirinkite tinkam\u0105 med\u017eiag\u0105:<\/strong> Rinkit\u0117s patogias ir patvarias med\u017eiagas, pavyzd\u017eiui, medviln\u0119 ar viln\u0105.<\/li>\n<li data-sourcepos=\"21:1-21:65\"><strong>Patikrinkite dyd\u012f:<\/strong> U\u017etikrinkite tiksl\u0173 abiej\u0173 partneri\u0173 dyd\u012f.<\/li>\n<li data-sourcepos=\"22:1-22:89\"><strong>Personalizuokite savo d\u017eemperius:<\/strong> Prid\u0117kite asmenin\u012f akcent\u0105 naudodami pasirinktinius prane\u0161imus ar dizain\u0105.<\/li>\n<li data-sourcepos=\"23:1-24:0\"><strong>Suderinkite veiksmus su partneriu:<\/strong> Aptarkite savo pageidavimus ir suderinkite aprang\u0105.<\/li>\n<\/ul>\n<p data-sourcepos=\"25:1-25:123\">Pasirink\u0119 tinkamus poros megztinius galite sukurti unikal\u0173 ir stiling\u0105 \u012fvaizd\u012f, atspindint\u012f j\u016bs\u0173 meil\u0119 ir ry\u0161\u012f.<\/p>","protected":false},"excerpt":{"rendered":"<table style=\"height: 499px;\" width=\"433\">\n<tbody>\n<tr>\n<td width=\"146\"><strong><b>Produktas<\/b><\/strong>\u00a0<strong><b>Vardas ir pavard\u0117:<\/b><\/strong><\/td>\n<td width=\"601\"><strong>Poros d\u017eemperis<\/strong><\/td>\n<\/tr>\n<tr>\n<td width=\"146\"><strong><b>Materlal:<\/b><\/strong><\/td>\n<td width=\"601\">Poliesteris \/ medviln\u0117<\/td>\n<\/tr>\n<tr>\n<td width=\"146\"><strong><b>Technika:<\/b><\/strong><\/td>\n<td width=\"601\">Spausdinimas ir da\u017eymas<\/td>\n<\/tr>\n<tr>\n<td width=\"146\"><strong><b>Stilius:<\/b><\/strong><\/td>\n<td width=\"601\">Atsitiktinis<\/td>\n<\/tr>\n<tr>\n<td width=\"146\"><strong><b>Spalva<\/b><\/strong><strong><b>:<\/b><\/strong><\/td>\n<td width=\"601\">\u00a0Pasirinktin\u0117s spalvos<\/td>\n<\/tr>\n<tr>\n<td width=\"146\"><strong><b>Dydis:<\/b><\/strong><\/td>\n<td width=\"601\">S \/M \/L \/XL \/2XL<\/td>\n<\/tr>\n<tr>\n<td width=\"146\"><strong><b>OEM\/ODM:<\/b><\/strong><\/td>\n<td width=\"601\">Priimtina<\/td>\n<\/tr>\n<tr>\n<td width=\"146\"><strong><b>Kokyb\u0117:<\/b><\/strong><\/td>\n<td width=\"601\">100% Auk\u0161ta kokyb\u0117<\/td>\n<\/tr>\n<tr>\n<td width=\"146\"><strong><b>M<\/b><\/strong><strong><b>OQ:<\/b><\/strong><\/td>\n<td width=\"601\">200 vnt.<\/td>\n<\/tr>\n<\/tbody>\n<\/table>","protected":false},"featured_media":1862,"template":"","meta":[],"product_brand":[],"product_cat":[38],"product_tag":[],"class_list":{"0":"post-1861","1":"product","2":"type-product","3":"status-publish","4":"has-post-thumbnail","6":"product_cat-mens-clothing","8":"first","9":"instock","10":"shipping-taxable","11":"product-type-simple"},"_links":{"self":[{"href":"https:\/\/mj-clothing.com\/lt\/wp-json\/wp\/v2\/product\/1861","targetHints":{"allow":["GET"]}}],"collection":[{"href":"https:\/\/mj-clothing.com\/lt\/wp-json\/wp\/v2\/product"}],"about":[{"href":"https:\/\/mj-clothing.com\/lt\/wp-json\/wp\/v2\/types\/product"}],"wp:featuredmedia":[{"embeddable":true,"href":"https:\/\/mj-clothing.com\/lt\/wp-json\/wp\/v2\/media\/1862"}],"wp:attachment":[{"href":"https:\/\/mj-clothing.com\/lt\/wp-json\/wp\/v2\/media?parent=1861"}],"wp:term":[{"taxonomy":"product_brand","embeddable":true,"href":"https:\/\/mj-clothing.com\/lt\/wp-json\/wp\/v2\/product_brand?post=1861"},{"taxonomy":"product_cat","embeddable":true,"href":"https:\/\/mj-clothing.com\/lt\/wp-json\/wp\/v2\/product_cat?post=1861"},{"taxonomy":"product_tag","embeddable":true,"href":"https:\/\/mj-clothing.com\/lt\/wp-json\/wp\/v2\/product_tag?post=1861"}],"curies":[{"name":"wp","href":"https:\/\/api.w.org\/{rel}","templated":true}]}}