{"id":1878,"date":"2024-12-16T07:13:21","date_gmt":"2024-12-16T07:13:21","guid":{"rendered":"https:\/\/mj-clothing.com\/?post_type=product&#038;p=1878"},"modified":"2024-12-17T03:45:36","modified_gmt":"2024-12-17T03:45:36","slug":"sewing-patterns-for-womens-tops","status":"publish","type":"product","link":"https:\/\/mj-clothing.com\/lt\/manufacturer\/sewing-patterns-for-womens-tops\/","title":{"rendered":"Siuvimo modeliai moteri\u0161k\u0173 vir\u0161\u016bni\u0173"},"content":{"rendered":"<p data-sourcepos=\"1:1-1:100\">Yra Siuvimo modeliai moteri\u0161k\u0173 vir\u0161utini\u0173 dali\u0173 siuvimo modeliai moteri\u0161k\u0173 vir\u0161utini\u0173 dali\u0173. \u0160tai keletas populiari\u0173 variant\u0173:<\/p>\n<h2 data-sourcepos=\"3:1-3:29\"><strong>Internetiniai siuvimo modeliai moteri\u0161kiems topams:<\/strong><\/h2>\n<ul data-sourcepos=\"5:1-15:0\">\n<li data-sourcepos=\"5:1-6:37\"><strong>Paprastumas:<\/strong> Si\u016blo daugyb\u0119 modeli\u0173 visiems \u012fg\u016bd\u017ei\u0173 lygiams, \u012fskaitant vir\u0161utines dalis, palaidines ir tunikas.<\/li>\n<li data-sourcepos=\"5:1-6:37\"><strong style=\"font-size: 14.4px;\">\"McCall's\":<\/strong><span style=\"font-size: 14.4px;\"> \u017dinomi d\u0117l savo stiling\u0173 ir moderni\u0173 modeli\u0173, \u012fskaitant \u012fvairi\u0173 ilgi\u0173 rankovi\u0173, i\u0161kirp\u010di\u0173 ir detali\u0173 mar\u0161kin\u0117lius.<\/span><\/li>\n<li data-sourcepos=\"5:1-6:37\"><strong style=\"font-size: 14.4px;\">\"Vogue\" modeliai:<\/strong><span style=\"font-size: 14.4px;\"> Pateikiami auk\u0161tosios mados modeliai pa\u017eengusioms siuv\u0117joms, \u012fskaitant sud\u0117tingas unikalaus dizaino palaidines ir vir\u0161utines dalis.<\/span><\/li>\n<li data-sourcepos=\"5:1-6:37\"><strong style=\"font-size: 14.4px;\">BurdaStyle:<\/strong><span style=\"font-size: 14.4px;\"> Si\u016blomi \u012fvair\u016bs modeliai, nuo klasikini\u0173 iki mading\u0173, su ai\u0161kiomis instrukcijomis ir i\u0161samiomis iliustracijomis.<\/span><\/li>\n<li data-sourcepos=\"5:1-6:37\"><strong style=\"font-size: 14.4px;\">Naujas \u017evilgsnis:<\/strong><span style=\"font-size: 14.4px;\"> Pateikiami nebrang\u016bs ir lengvai pritaikomi modeliai, \u012fskaitant pagrindinius vir\u0161utinius drabu\u017eius, palaidines ir tunikas.<\/span>\n<div class=\"attachment-container search-images\">\n<div class=\"image-container hide-from-message-actions ng-star-inserted\">\n<div class=\"caption ellipsis gmat-caption ng-star-inserted\" aria-hidden=\"true\"><\/div>\n<\/div>\n<\/div>\n<\/li>\n<\/ul>\n<h3><strong>Nepriklausomi siuvimo modeliai moteri\u0161kiems topams Modeli\u0173 dizaineriai:<\/strong><\/h3>\n<ul data-sourcepos=\"18:1-26:0\">\n<li data-sourcepos=\"18:1-19:43\"><strong>\"Grainline Studio\":<\/strong> \u017dinomi d\u0117l gerai parengt\u0173 modeli\u0173 ir modernaus dizaino.<\/li>\n<li data-sourcepos=\"18:1-19:43\"><strong style=\"font-size: 14.4px;\">I\u0161laisvinta siuv\u0117ja:<\/strong><span style=\"font-size: 14.4px;\"> Si\u016blo visiems k\u016bno tipams skirtus modelius, \u012fskaitant \u012fvairias vir\u0161utines dalis su \u012fvairiomis tinkamumo ir stiliaus parinktimis.<\/span><\/li>\n<li data-sourcepos=\"18:1-19:43\"><strong style=\"font-size: 14.4px;\">Penktadienio modeli\u0173 bendrov\u0117:<\/strong><span style=\"font-size: 14.4px;\"> Si\u016blomi stilingi ir modern\u016bs modeliai, \u012fskaitant vir\u0161utines dalis su unikaliomis detal\u0117mis ir \u012fdomiais siluetais.<\/span><\/li>\n<li data-sourcepos=\"18:1-19:43\"><strong style=\"font-size: 14.4px;\">Megan Nielsen:<\/strong><span style=\"font-size: 14.4px;\"> Si\u016blo gerai paruo\u0161tus modelius, daugiausia d\u0117mesio skirdama tinkamumui ir stiliui.<\/span>\n<div class=\"attachment-container search-images\">\n<div class=\"image-container hide-from-message-actions ng-star-inserted\">\n<div class=\"caption ellipsis gmat-caption ng-star-inserted\" aria-hidden=\"true\"><\/div>\n<\/div>\n<\/div>\n<\/li>\n<\/ul>","protected":false},"excerpt":{"rendered":"<table style=\"height: 475px;\" width=\"411\">\n<tbody>\n<tr>\n<td width=\"146\"><strong><b>Produktas<\/b><\/strong>\u00a0<strong><b>Vardas ir pavard\u0117:<\/b><\/strong><\/td>\n<td width=\"601\"><strong>Siuvimo modeliai moteri\u0161k\u0173 vir\u0161\u016bni\u0173<\/strong><\/td>\n<\/tr>\n<tr>\n<td width=\"146\"><strong><b>Materlal:<\/b><\/strong><\/td>\n<td width=\"601\">Mezgimas<\/td>\n<\/tr>\n<tr>\n<td width=\"146\"><strong><b>Technika:<\/b><\/strong><\/td>\n<td width=\"601\">Siuvin\u0117ti<\/td>\n<\/tr>\n<tr>\n<td width=\"146\"><strong><b>Stilius:<\/b><\/strong><\/td>\n<td width=\"601\">Atsitiktinis<\/td>\n<\/tr>\n<tr>\n<td width=\"146\"><strong><b>Spalva<\/b><\/strong><strong><b>:<\/b><\/strong><\/td>\n<td width=\"601\">\u00a0Pasirinktin\u0117s spalvos<\/td>\n<\/tr>\n<tr>\n<td width=\"146\"><strong><b>Dydis:<\/b><\/strong><\/td>\n<td width=\"601\">S \/M \/L \/XL \/2XL<\/td>\n<\/tr>\n<tr>\n<td width=\"146\"><strong><b>OEM\/ODM:<\/b><\/strong><\/td>\n<td width=\"601\">Priimtina<\/td>\n<\/tr>\n<tr>\n<td width=\"146\"><strong><b>Kokyb\u0117:<\/b><\/strong><\/td>\n<td width=\"601\">100% Auk\u0161ta kokyb\u0117<\/td>\n<\/tr>\n<tr>\n<td width=\"146\"><strong><b>M<\/b><\/strong><strong><b>OQ:<\/b><\/strong><\/td>\n<td width=\"601\">200 vnt.<\/td>\n<\/tr>\n<\/tbody>\n<\/table>","protected":false},"featured_media":1881,"template":"","meta":[],"product_brand":[],"product_cat":[39],"product_tag":[],"class_list":{"0":"post-1878","1":"product","2":"type-product","3":"status-publish","4":"has-post-thumbnail","6":"product_cat-womens-clothing","8":"first","9":"instock","10":"shipping-taxable","11":"product-type-simple"},"_links":{"self":[{"href":"https:\/\/mj-clothing.com\/lt\/wp-json\/wp\/v2\/product\/1878","targetHints":{"allow":["GET"]}}],"collection":[{"href":"https:\/\/mj-clothing.com\/lt\/wp-json\/wp\/v2\/product"}],"about":[{"href":"https:\/\/mj-clothing.com\/lt\/wp-json\/wp\/v2\/types\/product"}],"wp:featuredmedia":[{"embeddable":true,"href":"https:\/\/mj-clothing.com\/lt\/wp-json\/wp\/v2\/media\/1881"}],"wp:attachment":[{"href":"https:\/\/mj-clothing.com\/lt\/wp-json\/wp\/v2\/media?parent=1878"}],"wp:term":[{"taxonomy":"product_brand","embeddable":true,"href":"https:\/\/mj-clothing.com\/lt\/wp-json\/wp\/v2\/product_brand?post=1878"},{"taxonomy":"product_cat","embeddable":true,"href":"https:\/\/mj-clothing.com\/lt\/wp-json\/wp\/v2\/product_cat?post=1878"},{"taxonomy":"product_tag","embeddable":true,"href":"https:\/\/mj-clothing.com\/lt\/wp-json\/wp\/v2\/product_tag?post=1878"}],"curies":[{"name":"wp","href":"https:\/\/api.w.org\/{rel}","templated":true}]}}