{"id":1891,"date":"2024-12-16T07:27:51","date_gmt":"2024-12-16T07:27:51","guid":{"rendered":"https:\/\/mj-clothing.com\/?post_type=product&#038;p=1891"},"modified":"2024-12-17T03:45:11","modified_gmt":"2024-12-17T03:45:11","slug":"african-print-womens-tops","status":"publish","type":"product","link":"https:\/\/mj-clothing.com\/lt\/manufacturer\/african-print-womens-tops\/","title":{"rendered":"Afrikieti\u0161ka spauda Moter\u0173 vir\u0161utin\u0117s dalys"},"content":{"rendered":"<div id=\"model-response-message-contentr_ec3773cab81b3474\" class=\"markdown markdown-main-panel response-optimization\" dir=\"ltr\">\n<p data-sourcepos=\"1:1-1:255\"><span class=\"citation-0 recitation citation-end-0\">Afrikieti\u0161kais ra\u0161tais marginti moteri\u0161ki mar\u0161kin\u0117liai - tai ry\u0161k\u016bs ir stilingi drabu\u017eiai, kuriais puosel\u0117jamas turtingas Afrikos kult\u016bros paveldas.<\/span> <span class=\"citation-1 recitation citation-end-1\">\u0160ie mar\u0161kin\u0117liai da\u017enai siuvami i\u0161 Ankaros audinio - spalvingo ir ra\u0161tuoto medvilninio audinio, populiaraus Vakar\u0173 Afrikoje.<\/span><span class=\"button-container hide-from-message-actions ng-star-inserted\">\u00a0 \u00a0<\/span><\/p>\n<h3 data-sourcepos=\"5:1-5:58\">Afrikieti\u0161kos spaudos moteri\u0161kos palaidin\u0117s b\u016bna \u012fvairi\u0173 stili\u0173, \u012fskaitant:<\/h3>\n<ul data-sourcepos=\"7:1-11:0\">\n<li data-sourcepos=\"7:1-7:88\"><strong>Palaidin\u0117s:<\/strong> \u0160ios palaidin\u0117s da\u017enai b\u016bna prigludusios ir gali b\u016bti d\u0117vimos su sijonais, keln\u0117mis ar d\u017einsais.<\/li>\n<li data-sourcepos=\"8:1-8:80\"><strong>Suknel\u0117s:<\/strong> Afrikieti\u0161kais ra\u0161tais margintos suknel\u0117s yra populiarus pasirinkimas ypatingomis progomis.<\/li>\n<li data-sourcepos=\"9:1-9:77\"><strong><span class=\"citation-2 recitation\">Mar\u0161kin\u0117liai:<\/span><\/strong><span class=\"citation-2 recitation citation-end-2\"> \u0160ie laisvalaikio mar\u0161kin\u0117liai puikiai tinka d\u0117v\u0117ti kasdien.<\/span><span class=\"button-container hide-from-message-actions ng-star-inserted\"> \u00a0<\/span><\/li>\n<li data-sourcepos=\"9:1-9:77\"><strong style=\"font-size: 14.4px;\"><span class=\"citation-3 recitation\">\u0160uolio kostiumai:<\/span><\/strong><span class=\"citation-3 recitation citation-end-3\" style=\"font-size: 14.4px;\"> \u0160ie stilingi kombinezonai puikiai tinka vakarui.<\/span><span class=\"button-container hide-from-message-actions ng-star-inserted\" style=\"font-size: 14.4px;\">\u00a0\u00a0<\/span>\n<div class=\"container ng-tns-c2946245707-271 hide\">\n<div class=\"carousel-container ng-tns-c2946245707-271\">\n<div class=\"carousel-content ng-tns-c2946245707-271\">\n<div class=\"sources-carousel-source ng-tns-c2946245707-271 hide ng-star-inserted\" data-test-id=\"sources-carousel-source\"><\/div>\n<\/div>\n<\/div>\n<\/div>\n<\/li>\n<\/ul>\n<p data-sourcepos=\"12:1-12:147\">Afrikieti\u0161kais ra\u0161tais margintos palaidin\u0117s yra ne tik gra\u017eios, bet ir patogios bei universalios. Juos galima vilk\u0117ti tiek auk\u0161tai, tiek \u017eemai, tod\u0117l jie puikiai tinka bet kokiai progai.<\/p>\n<h3 data-sourcepos=\"14:1-14:50\">Pateikiame kelet\u0105 patarim\u0173, kaip stilizuoti afrikieti\u0161kus mar\u0161kin\u0117lius:<\/h3>\n<ul data-sourcepos=\"16:1-20:0\">\n<li data-sourcepos=\"16:1-16:100\"><strong>Mai\u0161ykite ir derinkite:<\/strong> Nebijokite mai\u0161yti ir derinti afrikieti\u0161k\u0173 ra\u0161t\u0173 su kitais ra\u0161tais ir spalvomis.<\/li>\n<li data-sourcepos=\"17:1-17:102\"><strong><span class=\"citation-4 recitation\">Pasipuo\u0161kite aksesuarais:<\/span><\/strong><span class=\"citation-4 recitation citation-end-4\"> \u012evaizd\u012f papildykite tokiais aksesuarais kaip papuo\u0161alai, \u0161alikai ir skryb\u0117l\u0117s.<\/span><span class=\"button-container hide-from-message-actions ng-star-inserted\"> \u00a0<\/span><\/li>\n<li data-sourcepos=\"17:1-17:102\"><strong style=\"font-size: 14.4px;\">Laikykit\u0117s paprastumo:<\/strong><span style=\"font-size: 14.4px;\"> Jei d\u0117vite dr\u0105s\u0173 afrikieti\u0161k\u0173 ra\u0161t\u0173 mar\u0161kin\u0117lius, likusi aprangos dalis turi b\u016bti paprasta.<\/span><\/li>\n<li data-sourcepos=\"19:1-20:0\"><strong>Priimkite savo individualum\u0105:<\/strong> <span class=\"citation-5 recitation citation-end-5\">Afrikieti\u0161kais ra\u0161tais marginti mar\u0161kin\u0117liai - puikus b\u016bdas i\u0161reik\u0161ti savo asmenin\u012f stili\u0173.<\/span><span class=\"button-container hide-from-message-actions ng-star-inserted\"> \u00a0<\/span>\n<div class=\"container ng-tns-c2946245707-273 hide\">\n<div class=\"carousel-container ng-tns-c2946245707-273\"><\/div>\n<\/div>\n<\/li>\n<\/ul>\n<p data-sourcepos=\"21:1-21:147\">Nesvarbu, ar ie\u0161kote laisvalaikio palaidin\u0117s, kuri\u0105 gal\u0117tum\u0117te d\u0117v\u0117ti namuose, ar stilingos aprangos ypatingai progai, afrikieti\u0161kais ra\u0161tais margintos palaidin\u0117s yra puikus pasirinkimas.<\/p>\n<\/div>","protected":false},"excerpt":{"rendered":"<table style=\"height: 455px;\" width=\"420\">\n<tbody>\n<tr>\n<td width=\"146\"><strong><b>Produktas<\/b><\/strong>\u00a0<strong><b>Vardas ir pavard\u0117:<\/b><\/strong><\/td>\n<td width=\"601\"><strong>Afrikieti\u0161ka spauda Moter\u0173 vir\u0161utin\u0117s dalys<\/strong><\/td>\n<\/tr>\n<tr>\n<td width=\"146\"><strong><b>Materlal:<\/b><\/strong><\/td>\n<td width=\"601\">Mezgimas<\/td>\n<\/tr>\n<tr>\n<td width=\"146\"><strong><b>Technika:<\/b><\/strong><\/td>\n<td width=\"601\">Siuvin\u0117ti<\/td>\n<\/tr>\n<tr>\n<td width=\"146\"><strong><b>Stilius:<\/b><\/strong><\/td>\n<td width=\"601\">Atsitiktinis<\/td>\n<\/tr>\n<tr>\n<td width=\"146\"><strong><b>Spalva<\/b><\/strong><strong><b>:<\/b><\/strong><\/td>\n<td width=\"601\">\u00a0Pasirinktin\u0117s spalvos<\/td>\n<\/tr>\n<tr>\n<td width=\"146\"><strong><b>Dydis:<\/b><\/strong><\/td>\n<td width=\"601\">S \/M \/L \/XL \/2XL<\/td>\n<\/tr>\n<tr>\n<td width=\"146\"><strong><b>OEM\/ODM:<\/b><\/strong><\/td>\n<td width=\"601\">Priimtina<\/td>\n<\/tr>\n<tr>\n<td width=\"146\"><strong><b>Kokyb\u0117:<\/b><\/strong><\/td>\n<td width=\"601\">100% Auk\u0161ta kokyb\u0117<\/td>\n<\/tr>\n<tr>\n<td width=\"146\"><strong><b>M<\/b><\/strong><strong><b>OQ:<\/b><\/strong><\/td>\n<td width=\"601\">200 vnt.<\/td>\n<\/tr>\n<\/tbody>\n<\/table>","protected":false},"featured_media":1892,"template":"","meta":[],"product_brand":[],"product_cat":[39],"product_tag":[],"class_list":{"0":"post-1891","1":"product","2":"type-product","3":"status-publish","4":"has-post-thumbnail","6":"product_cat-womens-clothing","8":"first","9":"instock","10":"shipping-taxable","11":"product-type-simple"},"_links":{"self":[{"href":"https:\/\/mj-clothing.com\/lt\/wp-json\/wp\/v2\/product\/1891","targetHints":{"allow":["GET"]}}],"collection":[{"href":"https:\/\/mj-clothing.com\/lt\/wp-json\/wp\/v2\/product"}],"about":[{"href":"https:\/\/mj-clothing.com\/lt\/wp-json\/wp\/v2\/types\/product"}],"wp:featuredmedia":[{"embeddable":true,"href":"https:\/\/mj-clothing.com\/lt\/wp-json\/wp\/v2\/media\/1892"}],"wp:attachment":[{"href":"https:\/\/mj-clothing.com\/lt\/wp-json\/wp\/v2\/media?parent=1891"}],"wp:term":[{"taxonomy":"product_brand","embeddable":true,"href":"https:\/\/mj-clothing.com\/lt\/wp-json\/wp\/v2\/product_brand?post=1891"},{"taxonomy":"product_cat","embeddable":true,"href":"https:\/\/mj-clothing.com\/lt\/wp-json\/wp\/v2\/product_cat?post=1891"},{"taxonomy":"product_tag","embeddable":true,"href":"https:\/\/mj-clothing.com\/lt\/wp-json\/wp\/v2\/product_tag?post=1891"}],"curies":[{"name":"wp","href":"https:\/\/api.w.org\/{rel}","templated":true}]}}