{"id":1901,"date":"2024-12-16T07:56:53","date_gmt":"2024-12-16T07:56:53","guid":{"rendered":"https:\/\/mj-clothing.com\/?post_type=product&#038;p=1901"},"modified":"2024-12-17T03:44:39","modified_gmt":"2024-12-17T03:44:39","slug":"ivory-colored-womens-tops","status":"publish","type":"product","link":"https:\/\/mj-clothing.com\/lt\/manufacturer\/ivory-colored-womens-tops\/","title":{"rendered":"Dramblio kaulo spalvos moteri\u0161kos vir\u0161utin\u0117s dalys"},"content":{"rendered":"<div id=\"model-response-message-contentr_512563ff2fe7e496\" class=\"markdown markdown-main-panel response-optimization\" dir=\"ltr\">\n<p data-sourcepos=\"1:1-1:189\">Dramblio kaulo spalvos moteri\u0161ki mar\u0161kin\u0117liai - tai nesenstanti klasika, kuri\u0105 galima d\u0117v\u0117ti tiek auk\u0161tesne, tiek \u017eemesne apranga. \u0160i universali spalva puikiai dera su \u012fvairiomis kitomis spalvomis ir ra\u0161tais, tod\u0117l yra pagrindin\u0117 bet kurio garderobo dalis.<\/p>\n<h3 data-sourcepos=\"5:1-5:51\">\u010cia yra keletas populiariausi\u0173 stili\u0173 Dramblio kaulo spalvos moteri\u0161ki topai:<\/h3>\n<div class=\"attachment-container search-images\">\n<div class=\"image-container hide-from-message-actions ng-star-inserted\"><\/div>\n<\/div>\n<ul data-sourcepos=\"7:1-18:0\">\n<li data-sourcepos=\"7:1-9:0\">\n<p data-sourcepos=\"7:3-8:23\"><strong><span class=\"citation-0 recitation\">Palaidin\u0117s:<\/span><\/strong><span class=\"citation-0 recitation citation-end-0\"> Dramblio kaulo palaidin\u0117s gali b\u016bti pagamintos i\u0161 \u012fvairi\u0173 audini\u0173, pavyzd\u017eiui, \u0161ilko, medviln\u0117s ar lino.<\/span> Juos galima derinti prie sijon\u0173, kelni\u0173 ar d\u017eins\u0173, kad atrodytum\u0117te eleganti\u0161kai ir rafinuotai.<\/p>\n<\/li>\n<li data-sourcepos=\"7:1-9:0\">\n<p data-sourcepos=\"7:3-8:23\"><strong style=\"font-size: 14.4px;\"><span class=\"citation-1 recitation\">Mar\u0161kin\u0117liai:<\/span><\/strong><span class=\"citation-1 recitation citation-end-1\" style=\"font-size: 14.4px;\"> Dramblio kaulo spalvos mar\u0161kin\u0117liai yra laisvas ir patogus pasirinkimas, kur\u012f galima derinti su d\u017einsais, \u0161ortais ar sijonais.<\/span><\/p>\n<\/li>\n<li data-sourcepos=\"7:1-9:0\">\n<p data-sourcepos=\"7:3-8:23\"><strong style=\"font-size: 14.4px;\">Megztiniai:<\/strong><span style=\"font-size: 14.4px;\"> Dramblio kaulo spalvos megztiniai puikiai tinka v\u0117sesniam orui. Juos galima d\u0117v\u0117ti su d\u017einsais, tampr\u0117mis ar sijonais.<\/span><\/p>\n<\/li>\n<li data-sourcepos=\"7:1-9:0\">\n<p data-sourcepos=\"7:3-8:23\"><strong><span class=\"citation-2 recitation\">D\u017eemperiai:<\/span><\/strong><span class=\"citation-2 recitation citation-end-2\"> Dramblio kaulo spalvos mar\u0161kin\u0117liai yra universalus drabu\u017eis, kur\u012f galima d\u0117v\u0117ti po kitais mar\u0161kin\u0117liais arba atskirai.<\/span><span class=\"button-container hide-from-message-actions ng-star-inserted\"> \u00a0<\/span><\/p>\n<div class=\"container ng-tns-c2946245707-289 hide\">\n<div class=\"carousel-container ng-tns-c2946245707-289\"><\/div>\n<\/div>\n<div class=\"attachment-container search-images\">\n<div class=\"image-container hide-from-message-actions ng-star-inserted\">\n<div class=\"caption ellipsis gmat-caption ng-star-inserted\" aria-hidden=\"true\"><span style=\"font-size: 20.16px;\">Kurdami dramblio kaulo spalvos moteri\u0161k\u0173 mar\u0161kin\u0117li\u0173 stili\u0173, atsi\u017evelkite \u012f \u0161iuos patarimus:<\/span><\/div>\n<\/div>\n<\/div>\n<\/li>\n<\/ul>\n<ul data-sourcepos=\"21:1-25:0\">\n<li data-sourcepos=\"21:1-21:94\"><strong>Pasipuo\u0161kite aksesuarais:<\/strong> Prid\u0117kite aksesuar\u0173, pavyzd\u017eiui, v\u0117rini\u0173, auskar\u0173 ir \u0161alik\u0173, kad pagerintum\u0117te savo \u012fvaizd\u012f.<\/li>\n<li data-sourcepos=\"22:1-22:121\"><strong>\u017daiskite su tekst\u016bromis:<\/strong> Mai\u0161ykite ir derinkite skirtingas tekst\u016bras, pavyzd\u017eiui, n\u0117rini\u0173, aksomo ar trikota\u017eo, kad sukurtum\u0117te \u012fdomi\u0105 aprang\u0105.<\/li>\n<li data-sourcepos=\"23:1-23:110\"><strong>Eksperimentuokite su spalvomis:<\/strong> Dramblio kaulo spalvos palaidin\u0119 derinkite su ry\u0161kiomis spalvomis, pavyzd\u017eiui, raudona, m\u0117lyna ar \u017ealia, kad atrodytum\u0117te dr\u0105siai.<\/li>\n<li data-sourcepos=\"24:1-25:0\"><strong>Laikykit\u0117s paprastumo:<\/strong> Jei d\u0117vite sud\u0117tingesn\u012f dramblio kaulo spalvos drabu\u017e\u012f, likusi\u0105 aprangos dal\u012f pasirinkite paprast\u0105.<\/li>\n<\/ul>\n<p data-sourcepos=\"26:1-26:197\">Dramblio kaulo spalvos moteri\u0161kos palaidin\u0117s yra universalus ir stilingas pasirinkimas, kur\u012f galima d\u0117v\u0117ti bet kokia proga. Vadovaudamiesi \u0161iais patarimais galite susikurti stulbinan\u010di\u0105 aprang\u0105, su kuria atrodysite ir jausit\u0117s geriausiai.<\/p>\n<\/div>\n<div class=\"response-footer gap complete\">\n<div class=\"show-sources-container ng-star-inserted\"><\/div>\n<div class=\"container ng-tns-c2946245707-283\">\n<div class=\"carousel-container ng-tns-c2946245707-283\">\n<div class=\"carousel-content ng-tns-c2946245707-283\">\n<div class=\"sources-carousel-source ng-tns-c2946245707-283 ng-star-inserted\" data-test-id=\"sources-carousel-source\">\n<div class=\"source-card-container\">\n<div class=\"source-card-content\">\n<div class=\"source-card-body\">\n<div class=\"source-card-header\">\n<div class=\"source-card-title\"><\/div>\n<\/div>\n<\/div>\n<\/div>\n<\/div>\n<\/div>\n<\/div>\n<\/div>\n<\/div>\n<\/div>","protected":false},"excerpt":{"rendered":"<table style=\"height: 539px;\" width=\"411\">\n<tbody>\n<tr>\n<td width=\"146\"><strong><b>Produktas<\/b><\/strong>\u00a0<strong><b>Vardas ir pavard\u0117:<\/b><\/strong><\/td>\n<td width=\"601\"><strong>Dramblio kaulo spalvos moteri\u0161kos vir\u0161utin\u0117s dalys<\/strong><\/td>\n<\/tr>\n<tr>\n<td width=\"146\"><strong><b>Materlal:<\/b><\/strong><\/td>\n<td width=\"601\">Mezgimas<\/td>\n<\/tr>\n<tr>\n<td width=\"146\"><strong><b>Technika:<\/b><\/strong><\/td>\n<td width=\"601\">Siuvin\u0117ti<\/td>\n<\/tr>\n<tr>\n<td width=\"146\"><strong><b>Stilius:<\/b><\/strong><\/td>\n<td width=\"601\">Atsitiktinis<\/td>\n<\/tr>\n<tr>\n<td width=\"146\"><strong><b>Spalva<\/b><\/strong><strong><b>:<\/b><\/strong><\/td>\n<td width=\"601\">\u00a0Pasirinktin\u0117s spalvos<\/td>\n<\/tr>\n<tr>\n<td width=\"146\"><strong><b>Dydis:<\/b><\/strong><\/td>\n<td width=\"601\">S \/M \/L \/XL \/2XL<\/td>\n<\/tr>\n<tr>\n<td width=\"146\"><strong><b>OEM\/ODM:<\/b><\/strong><\/td>\n<td width=\"601\">Priimtina<\/td>\n<\/tr>\n<tr>\n<td width=\"146\"><strong><b>Kokyb\u0117:<\/b><\/strong><\/td>\n<td width=\"601\">100% Auk\u0161ta kokyb\u0117<\/td>\n<\/tr>\n<tr>\n<td width=\"146\"><strong><b>M<\/b><\/strong><strong><b>OQ:<\/b><\/strong><\/td>\n<td width=\"601\">200 vnt.<\/td>\n<\/tr>\n<\/tbody>\n<\/table>","protected":false},"featured_media":1911,"template":"","meta":[],"product_brand":[],"product_cat":[39],"product_tag":[],"class_list":{"0":"post-1901","1":"product","2":"type-product","3":"status-publish","4":"has-post-thumbnail","6":"product_cat-womens-clothing","8":"first","9":"instock","10":"shipping-taxable","11":"product-type-simple"},"_links":{"self":[{"href":"https:\/\/mj-clothing.com\/lt\/wp-json\/wp\/v2\/product\/1901","targetHints":{"allow":["GET"]}}],"collection":[{"href":"https:\/\/mj-clothing.com\/lt\/wp-json\/wp\/v2\/product"}],"about":[{"href":"https:\/\/mj-clothing.com\/lt\/wp-json\/wp\/v2\/types\/product"}],"wp:featuredmedia":[{"embeddable":true,"href":"https:\/\/mj-clothing.com\/lt\/wp-json\/wp\/v2\/media\/1911"}],"wp:attachment":[{"href":"https:\/\/mj-clothing.com\/lt\/wp-json\/wp\/v2\/media?parent=1901"}],"wp:term":[{"taxonomy":"product_brand","embeddable":true,"href":"https:\/\/mj-clothing.com\/lt\/wp-json\/wp\/v2\/product_brand?post=1901"},{"taxonomy":"product_cat","embeddable":true,"href":"https:\/\/mj-clothing.com\/lt\/wp-json\/wp\/v2\/product_cat?post=1901"},{"taxonomy":"product_tag","embeddable":true,"href":"https:\/\/mj-clothing.com\/lt\/wp-json\/wp\/v2\/product_tag?post=1901"}],"curies":[{"name":"wp","href":"https:\/\/api.w.org\/{rel}","templated":true}]}}