{"id":1919,"date":"2024-12-16T08:23:18","date_gmt":"2024-12-16T08:23:18","guid":{"rendered":"https:\/\/mj-clothing.com\/?post_type=product&#038;p=1919"},"modified":"2024-12-17T03:44:00","modified_gmt":"2024-12-17T03:44:00","slug":"womens-pink-long-sleeve-tops","status":"publish","type":"product","link":"https:\/\/mj-clothing.com\/lt\/manufacturer\/womens-pink-long-sleeve-tops\/","title":{"rendered":"Moteri\u0161kos ro\u017ein\u0117s spalvos ilgomis rankov\u0117mis mar\u0161kin\u0117liai"},"content":{"rendered":"<p data-sourcepos=\"1:1-1:189\">Moteri\u0161kos ro\u017ein\u0117s spalvos palaidin\u0117s ilgomis rankov\u0117mis yra universalus ir stilingas moter\u0173 pasirinkimas. <span class=\"citation-0 recitation citation-end-0\">J\u0173 b\u016bna \u012fvairi\u0173 atspalvi\u0173 - nuo \u0161velni\u0173 rausv\u0173 iki ry\u0161kios kar\u0161tos ro\u017ein\u0117s - ir juos galima pritaikyti \u012fvairioms progoms.<\/span><span class=\"button-container hide-from-message-actions ng-star-inserted\"> \u00a0<\/span><\/p>\n<h3 data-sourcepos=\"5:1-5:54\">\u00a0 \u00a0 \u00a0 \u0160tai keletas populiariausi\u0173 stili\u0173 moteri\u0161k\u0173 ro\u017eini\u0173 mar\u0161kin\u0117li\u0173 ilgomis rankov\u0117mis:<\/h3>\n<ul data-sourcepos=\"7:1-18:0\">\n<li data-sourcepos=\"7:1-9:0\">\n<p data-sourcepos=\"7:3-8:22\"><strong><span class=\"citation-1 recitation\">Palaidin\u0117s:<\/span><\/strong><span class=\"citation-1 recitation citation-end-1\"> Ro\u017ein\u0117s palaidin\u0117s gali b\u016bti pasi\u016btos i\u0161 \u012fvairi\u0173 audini\u0173, pavyzd\u017eiui, \u0161ilko, medviln\u0117s ar lino.<\/span> Juos galima derinti prie sijon\u0173, kelni\u0173 ar d\u017eins\u0173, kad atrodytum\u0117te eleganti\u0161kai ir rafinuotai.<span class=\"button-container hide-from-message-actions ng-star-inserted\">\u00a0 \u00a0<\/span><\/p>\n<\/li>\n<li data-sourcepos=\"7:1-9:0\">\n<p data-sourcepos=\"7:3-8:22\"><strong style=\"font-size: 14.4px;\"><span class=\"citation-2 recitation\">Mar\u0161kin\u0117liai:<\/span><\/strong><span class=\"citation-2 recitation citation-end-2\" style=\"font-size: 14.4px;\"> Rausvi mar\u0161kin\u0117liai yra laisvas ir patogus pasirinkimas, kur\u012f galima derinti su d\u017einsais, \u0161ortais ar sijonais.<\/span><span class=\"button-container hide-from-message-actions ng-star-inserted\" style=\"font-size: 14.4px;\">\u00a0 \u00a0<\/span><\/p>\n<\/li>\n<li data-sourcepos=\"7:1-9:0\">\n<p data-sourcepos=\"7:3-8:22\"><strong style=\"font-size: 14.4px;\"><span class=\"citation-3 recitation\">Megztiniai:<\/span><\/strong><span class=\"citation-3 recitation citation-end-3\" style=\"font-size: 14.4px;\"> Rausvi megztiniai puikiai tinka v\u0117sesniam orui.<\/span><span style=\"font-size: 14.4px;\"> Juos galima d\u0117v\u0117ti su d\u017einsais, tampr\u0117mis ar sijonais.<\/span><\/p>\n<\/li>\n<li data-sourcepos=\"7:1-9:0\">\n<p data-sourcepos=\"7:3-8:22\"><strong style=\"font-size: 14.4px;\"><span class=\"citation-4 recitation\">D\u017eemperiai:<\/span><\/strong><span class=\"citation-4 recitation citation-end-4\" style=\"font-size: 14.4px;\"> Ro\u017einiai mar\u0161kin\u0117liai yra universalus drabu\u017eis, kur\u012f galima d\u0117v\u0117ti po kitais mar\u0161kin\u0117liais arba atskirai.<\/span><span class=\"button-container hide-from-message-actions ng-star-inserted\" style=\"font-size: 14.4px;\">\u00a0 \u00a0<\/span><\/p>\n<div class=\"container ng-tns-c2946245707-318 hide\">\n<div class=\"carousel-container ng-tns-c2946245707-318\"><\/div>\n<\/div>\n<div class=\"attachment-container search-images\">\n<div class=\"image-container hide-from-message-actions ng-star-inserted\">\n<div class=\"caption ellipsis gmat-caption ng-star-inserted\" aria-hidden=\"true\"><span style=\"font-size: 20.16px;\">Kai moteri\u0161kos ro\u017ein\u0117s spalvos ilgomis rankov\u0117mis mar\u0161kin\u0117liai, atsi\u017evelkite \u012f \u0161iuos patarimus:<\/span><\/div>\n<\/div>\n<\/div>\n<\/li>\n<\/ul>\n<ul data-sourcepos=\"21:1-25:0\">\n<li data-sourcepos=\"21:1-21:94\"><strong>Pasipuo\u0161kite aksesuarais:<\/strong> Prid\u0117kite aksesuar\u0173, pavyzd\u017eiui, v\u0117rini\u0173, auskar\u0173 ir \u0161alik\u0173, kad pagerintum\u0117te savo \u012fvaizd\u012f.<\/li>\n<li data-sourcepos=\"22:1-22:121\"><strong>\u017daiskite su tekst\u016bromis:<\/strong> Mai\u0161ykite ir derinkite skirtingas tekst\u016bras, pavyzd\u017eiui, n\u0117rini\u0173, aksomo ar trikota\u017eo, kad sukurtum\u0117te \u012fdomi\u0105 aprang\u0105.<\/li>\n<li data-sourcepos=\"23:1-23:114\"><strong>Eksperimentuokite su spalvomis:<\/strong> Rausv\u0105 vir\u0161utin\u0119 dal\u012f derinkite prie kit\u0173 spalv\u0173, pavyzd\u017eiui, juodos, baltos ar d\u017einsinio audinio, kad atrodytum\u0117te klasikiniu stiliumi.<\/li>\n<li data-sourcepos=\"24:1-25:0\"><strong>Laikykit\u0117s paprastumo:<\/strong> Jei d\u0117vite ry\u0161ki\u0105 ro\u017ein\u0119 vir\u0161utin\u0119 dal\u012f, likusi\u0105 aprangos dal\u012f pasirinkite paprast\u0105.<\/li>\n<\/ul>\n<p data-sourcepos=\"26:1-26:192\">Ro\u017ein\u0117s palaidin\u0117s ilgomis rankov\u0117mis yra universalus ir stilingas pasirinkimas, kur\u012f galima d\u0117v\u0117ti bet kokia proga. Vadovaudamiesi \u0161iais patarimais galite susikurti stulbinan\u010di\u0105 aprang\u0105, su kuria atrodysite ir jausit\u0117s geriausiai.<\/p>","protected":false},"excerpt":{"rendered":"<table style=\"height: 488px;\" width=\"438\">\n<tbody>\n<tr>\n<td width=\"146\"><strong><b>Produktas<\/b><\/strong>\u00a0<strong><b>Vardas ir pavard\u0117:<\/b><\/strong><\/td>\n<td width=\"601\"><strong>Moteri\u0161kos ro\u017ein\u0117s spalvos ilgomis rankov\u0117mis mar\u0161kin\u0117liai<\/strong><\/td>\n<\/tr>\n<tr>\n<td width=\"146\"><strong><b>Materlal:<\/b><\/strong><\/td>\n<td width=\"601\">Mezgimas<\/td>\n<\/tr>\n<tr>\n<td width=\"146\"><strong><b>Technika:<\/b><\/strong><\/td>\n<td width=\"601\">Siuvin\u0117ti<\/td>\n<\/tr>\n<tr>\n<td width=\"146\"><strong><b>Stilius:<\/b><\/strong><\/td>\n<td width=\"601\">Atsitiktinis<\/td>\n<\/tr>\n<tr>\n<td width=\"146\"><strong><b>Spalva<\/b><\/strong><strong><b>:<\/b><\/strong><\/td>\n<td width=\"601\">\u00a0Pasirinktin\u0117s spalvos<\/td>\n<\/tr>\n<tr>\n<td width=\"146\"><strong><b>Dydis:<\/b><\/strong><\/td>\n<td width=\"601\">S \/M \/L \/XL \/2XL<\/td>\n<\/tr>\n<tr>\n<td width=\"146\"><strong><b>OEM\/ODM:<\/b><\/strong><\/td>\n<td width=\"601\">Priimtina<\/td>\n<\/tr>\n<tr>\n<td width=\"146\"><strong><b>Kokyb\u0117:<\/b><\/strong><\/td>\n<td width=\"601\">100% Auk\u0161ta kokyb\u0117<\/td>\n<\/tr>\n<tr>\n<td width=\"146\"><strong><b>M<\/b><\/strong><strong><b>OQ:<\/b><\/strong><\/td>\n<td width=\"601\">200 vnt.<\/td>\n<\/tr>\n<\/tbody>\n<\/table>","protected":false},"featured_media":1922,"template":"","meta":[],"product_brand":[],"product_cat":[39],"product_tag":[],"class_list":{"0":"post-1919","1":"product","2":"type-product","3":"status-publish","4":"has-post-thumbnail","6":"product_cat-womens-clothing","8":"first","9":"instock","10":"shipping-taxable","11":"product-type-simple"},"_links":{"self":[{"href":"https:\/\/mj-clothing.com\/lt\/wp-json\/wp\/v2\/product\/1919","targetHints":{"allow":["GET"]}}],"collection":[{"href":"https:\/\/mj-clothing.com\/lt\/wp-json\/wp\/v2\/product"}],"about":[{"href":"https:\/\/mj-clothing.com\/lt\/wp-json\/wp\/v2\/types\/product"}],"wp:featuredmedia":[{"embeddable":true,"href":"https:\/\/mj-clothing.com\/lt\/wp-json\/wp\/v2\/media\/1922"}],"wp:attachment":[{"href":"https:\/\/mj-clothing.com\/lt\/wp-json\/wp\/v2\/media?parent=1919"}],"wp:term":[{"taxonomy":"product_brand","embeddable":true,"href":"https:\/\/mj-clothing.com\/lt\/wp-json\/wp\/v2\/product_brand?post=1919"},{"taxonomy":"product_cat","embeddable":true,"href":"https:\/\/mj-clothing.com\/lt\/wp-json\/wp\/v2\/product_cat?post=1919"},{"taxonomy":"product_tag","embeddable":true,"href":"https:\/\/mj-clothing.com\/lt\/wp-json\/wp\/v2\/product_tag?post=1919"}],"curies":[{"name":"wp","href":"https:\/\/api.w.org\/{rel}","templated":true}]}}