{"id":1937,"date":"2024-12-16T08:58:11","date_gmt":"2024-12-16T08:58:11","guid":{"rendered":"https:\/\/mj-clothing.com\/?post_type=product&#038;p=1937"},"modified":"2024-12-18T06:12:05","modified_gmt":"2024-12-18T06:12:05","slug":"womens-flowy-tops","status":"publish","type":"product","link":"https:\/\/mj-clothing.com\/lt\/manufacturer\/womens-flowy-tops\/","title":{"rendered":"Moteri\u0161ki margi mar\u0161kin\u0117liai"},"content":{"rendered":"<div id=\"model-response-message-contentr_088ece0303c648c2\" class=\"markdown markdown-main-panel response-optimization\" dir=\"ltr\">\n<p data-sourcepos=\"1:1-1:232\">Moteri\u0161ki mar\u0161kin\u0117liai su gobtuvais yra populiarus moter\u0173 pasirinkimas d\u0117l j\u0173 patogumo ir universalumo. <span class=\"citation-0 recitation citation-end-0\">J\u0173 b\u016bna \u012fvairi\u0173 stili\u0173, spalv\u0173 ir audini\u0173, tod\u0117l jie tinka \u012fvairioms progoms.<\/span> \u0160tai keletas populiari\u0173 marg\u0173 mar\u0161kin\u0117li\u0173 stili\u0173:<span class=\"button-container hide-from-message-actions ng-star-inserted\">\u00a0<\/span><\/p>\n<h3 data-sourcepos=\"3:1-3:21\"><strong>1. Moteri\u0161kos margos palaidin\u0117s:<\/strong><\/h3>\n<ul data-sourcepos=\"5:1-11:0\">\n<li data-sourcepos=\"5:1-6:31\"><strong><span class=\"citation-1 recitation\">Palaidin\u0117s su raukiniais:<\/span><\/strong><span class=\"citation-1 recitation citation-end-1\"> \u0160ios palaidin\u0117s bet kokiai aprangai suteikia moteri\u0161kumo ir romanti\u0161kumo.<\/span><\/li>\n<li data-sourcepos=\"5:1-6:31\"><span class=\"button-container hide-from-message-actions ng-star-inserted\"><strong style=\"font-size: 14.4px;\"><span class=\"citation-2 recitation\">Palaidin\u0117s be pe\u010di\u0173:<\/span><\/strong><span class=\"citation-2 recitation citation-end-2\" style=\"font-size: 14.4px;\"> \u0160ios palaidinuk\u0117s puikiai tinka demonstruoti pe\u010dius ir sukurti koketi\u0161k\u0105 \u012fvaizd\u012f.<\/span><\/span><\/li>\n<li data-sourcepos=\"5:1-6:31\"><strong><span class=\"citation-3 recitation\">Palaidin\u0117s su kaklarai\u0161\u010diais priekyje:<\/span><\/strong><span class=\"citation-3 recitation citation-end-3\"> \u0160ios palaidin\u0117s yra prigludusios ir lengvai pritaikomos.<\/span>\n<div class=\"container ng-tns-c2946245707-355 hide\">\n<div class=\"carousel-container ng-tns-c2946245707-355\"><\/div>\n<\/div>\n<div class=\"attachment-container search-images\">\n<div class=\"image-container hide-from-message-actions ng-star-inserted\">\n<div class=\"caption ellipsis gmat-caption ng-star-inserted\" aria-hidden=\"true\"><\/div>\n<\/div>\n<\/div>\n<\/li>\n<\/ul>\n<h3 data-sourcepos=\"12:1-12:20\"><strong>2. Moteri\u0161ki margi mar\u0161kin\u0117liai tunikos:<\/strong><\/h3>\n<ul data-sourcepos=\"14:1-20:0\">\n<li data-sourcepos=\"14:1-15:24\"><strong><span class=\"citation-4 recitation\">Spausdintos tunikos:<\/span><\/strong><span class=\"citation-4 recitation citation-end-4\"> \u0160ios tunikos puikiai tinka j\u016bs\u0173 garderobui papildyti spalvomis ir ra\u0161tais.<\/span><\/li>\n<li data-sourcepos=\"14:1-15:24\"><strong style=\"font-size: 14.4px;\">Vientisos spalvos tunikos:<\/strong><span style=\"font-size: 14.4px;\"> \u0160ios tunikos yra universalios ir gali b\u016bti d\u0117vimos tiek su palaidine, tiek su drabu\u017eiais.<\/span><\/li>\n<li data-sourcepos=\"14:1-15:24\"><strong style=\"font-size: 14.4px;\">Siuvin\u0117tos tunikos:<\/strong><span style=\"font-size: 14.4px;\"> \u0160ios tunikos suteikia elegancijos ir rafinuotumo.<\/span>\n<div class=\"attachment-container search-images\">\n<div class=\"image-container hide-from-message-actions ng-star-inserted\">\n<div class=\"caption ellipsis gmat-caption ng-star-inserted\" aria-hidden=\"true\"><\/div>\n<\/div>\n<\/div>\n<\/li>\n<\/ul>\n<h3 data-sourcepos=\"21:1-21:23\"><strong>3.Moteri\u0161ki margi mar\u0161kin\u0117liai Tank Tops:<\/strong><\/h3>\n<ul data-sourcepos=\"23:1-29:0\">\n<li data-sourcepos=\"23:1-24:24\"><strong>N\u0117riniuoti mar\u0161kin\u0117liai:<\/strong> \u0160ie mar\u0161kin\u0117liai puikiai tinka bet kokiai aprangai suteikti moteri\u0161kumo ir romanti\u0161kumo.<\/li>\n<li data-sourcepos=\"23:1-24:24\"><strong style=\"font-size: 14.4px;\">Dir\u017eeliais aptempti mar\u0161kin\u0117liai:<\/strong><span style=\"font-size: 14.4px;\"> \u0160ie mar\u0161kin\u0117liai puikiai tinka sluoksniuoti arba d\u0117v\u0117ti atskirai.<\/span><\/li>\n<li data-sourcepos=\"23:1-24:24\"><span class=\"button-container hide-from-message-actions ng-star-inserted\"><strong style=\"font-size: 14.4px;\"><span class=\"citation-5 recitation\">Vir\u0161utiniai mar\u0161kin\u0117liai su raukiniais:<\/span><\/strong><span class=\"citation-5 recitation citation-end-5\" style=\"font-size: 14.4px;\"> \u0160ie mar\u0161kin\u0117liai \u017eaismingai ir \u017eaismingai papuo\u0161 bet koki\u0105 aprang\u0105.<\/span><span class=\"button-container hide-from-message-actions ng-star-inserted\" style=\"font-size: 14.4px;\"> \u00a0<\/span><\/span>\n<div class=\"container ng-tns-c2946245707-357 hide\">\n<div class=\"carousel-container ng-tns-c2946245707-357\"><\/div>\n<\/div>\n<div class=\"attachment-container search-images\"><\/div>\n<\/li>\n<\/ul>\n<h4 data-sourcepos=\"30:1-30:22\"><strong>4. Plazdantys megztiniai:<\/strong><\/h4>\n<ul data-sourcepos=\"32:1-38:0\">\n<li data-sourcepos=\"32:1-33:28\"><strong><span class=\"citation-6 recitation\">Didelio dyd\u017eio megztiniai:<\/span><\/strong><span class=\"citation-6 recitation citation-end-6\"> \u0160ie megztiniai puikiai tinka jaukiai \u012fsitaisyti v\u0117si\u0105 dien\u0105.<\/span><span class=\"button-container hide-from-message-actions ng-star-inserted\">\u00a0 \u00a0<\/span>\n<div class=\"container ng-tns-c2946245707-358 hide\">\n<div class=\"carousel-container ng-tns-c2946245707-358\"><\/div>\n<\/div>\n<div class=\"attachment-container search-images\"><\/div>\n<\/li>\n<li data-sourcepos=\"34:1-35:29\"><strong><span class=\"citation-7 recitation\">Kabeli\u0173 mezgimo megztiniai:<\/span><\/strong><span class=\"citation-7 recitation citation-end-7\"> \u0160ie megztiniai yra klasikinis ir nesenstantis pasirinkimas.<\/span><span class=\"button-container hide-from-message-actions ng-star-inserted\"> \u00a0<\/span><\/li>\n<li data-sourcepos=\"34:1-35:29\"><span class=\"button-container hide-from-message-actions ng-star-inserted\"><strong style=\"font-size: 14.4px;\"><span class=\"citation-8 recitation\">D\u017eemperiai su megztiniais:<\/span><\/strong><span class=\"citation-8 recitation citation-end-8\" style=\"font-size: 14.4px;\"> \u0160ie megztiniai puikiai tinka sluoksniavimui ir gali b\u016bti d\u0117vimi tiek su palaidine, tiek su drabu\u017eiais.<\/span><span class=\"button-container hide-from-message-actions ng-star-inserted\" style=\"font-size: 14.4px;\"> \u00a0<\/span><\/span>\n<div class=\"container ng-tns-c2946245707-360 hide\">\n<div class=\"carousel-container ng-tns-c2946245707-360\"><\/div>\n<\/div>\n<div class=\"attachment-container search-images\">\n<div class=\"image-container hide-from-message-actions ng-star-inserted\">\n<div class=\"caption ellipsis gmat-caption ng-star-inserted\" aria-hidden=\"true\"><\/div>\n<\/div>\n<\/div>\n<\/li>\n<\/ul>\n<h3 data-sourcepos=\"39:1-39:53\">Kurdami plazdan\u010di\u0173 palaidini\u0173 stili\u0173, atsi\u017evelkite \u012f \u0161iuos patarimus:<\/h3>\n<ul data-sourcepos=\"41:1-45:0\">\n<li data-sourcepos=\"41:1-41:94\"><strong>Pasipuo\u0161kite aksesuarais:<\/strong> Prid\u0117kite aksesuar\u0173, pavyzd\u017eiui, v\u0117rini\u0173, auskar\u0173 ir \u0161alik\u0173, kad pagerintum\u0117te savo \u012fvaizd\u012f.<\/li>\n<li data-sourcepos=\"42:1-42:121\"><strong>\u017daiskite su tekst\u016bromis:<\/strong> Mai\u0161ykite ir derinkite skirtingas tekst\u016bras, pavyzd\u017eiui, n\u0117rini\u0173, aksomo ar trikota\u017eo, kad sukurtum\u0117te \u012fdomi\u0105 aprang\u0105.<\/li>\n<li data-sourcepos=\"43:1-43:112\"><strong>Eksperimentuokite su spalvomis:<\/strong> Derinkite languot\u0105 vir\u0161utin\u0119 dal\u012f su kit\u0173 spalv\u0173 drabu\u017eiais, kad sukurtum\u0117te stiling\u0105 ir ak\u012f traukian\u010di\u0105 aprang\u0105.<\/li>\n<li data-sourcepos=\"44:1-45:0\"><strong>Laikykit\u0117s paprastumo:<\/strong> Jei d\u0117vite ry\u0161ki\u0105 ir spalving\u0105 marg\u0105 vir\u0161utin\u0119 dal\u012f, likusi\u0105 aprangos dal\u012f pasirinkite paprast\u0105.<\/li>\n<\/ul>\n<\/div>","protected":false},"excerpt":{"rendered":"<table style=\"height: 541px;\" width=\"431\">\n<tbody>\n<tr>\n<td width=\"146\"><strong><b>Produktas<\/b><\/strong>\u00a0<strong><b>Vardas ir pavard\u0117:<\/b><\/strong><\/td>\n<td width=\"601\"><strong>Moteri\u0161ki margi mar\u0161kin\u0117liai<\/strong><\/td>\n<\/tr>\n<tr>\n<td width=\"146\"><strong><b>Materlal:<\/b><\/strong><\/td>\n<td width=\"601\">Mezgimas<\/td>\n<\/tr>\n<tr>\n<td width=\"146\"><strong><b>Technika:<\/b><\/strong><\/td>\n<td width=\"601\">Siuvin\u0117ti<\/td>\n<\/tr>\n<tr>\n<td width=\"146\"><strong><b>Stilius:<\/b><\/strong><\/td>\n<td width=\"601\">Atsitiktinis<\/td>\n<\/tr>\n<tr>\n<td width=\"146\"><strong><b>Spalva<\/b><\/strong><strong><b>:<\/b><\/strong><\/td>\n<td width=\"601\">\u00a0Pasirinktin\u0117s spalvos<\/td>\n<\/tr>\n<tr>\n<td width=\"146\"><strong><b>Dydis:<\/b><\/strong><\/td>\n<td width=\"601\">S \/M \/L \/XL \/2XL<\/td>\n<\/tr>\n<tr>\n<td width=\"146\"><strong><b>OEM\/ODM:<\/b><\/strong><\/td>\n<td width=\"601\">Priimtina<\/td>\n<\/tr>\n<tr>\n<td width=\"146\"><strong><b>Kokyb\u0117:<\/b><\/strong><\/td>\n<td width=\"601\">100% Auk\u0161ta kokyb\u0117<\/td>\n<\/tr>\n<tr>\n<td width=\"146\"><strong><b>M<\/b><\/strong><strong><b>OQ:<\/b><\/strong><\/td>\n<td width=\"601\">200 vnt.<\/td>\n<\/tr>\n<\/tbody>\n<\/table>","protected":false},"featured_media":1938,"template":"","meta":[],"product_brand":[],"product_cat":[39],"product_tag":[],"class_list":{"0":"post-1937","1":"product","2":"type-product","3":"status-publish","4":"has-post-thumbnail","6":"product_cat-womens-clothing","8":"first","9":"instock","10":"shipping-taxable","11":"product-type-simple"},"_links":{"self":[{"href":"https:\/\/mj-clothing.com\/lt\/wp-json\/wp\/v2\/product\/1937","targetHints":{"allow":["GET"]}}],"collection":[{"href":"https:\/\/mj-clothing.com\/lt\/wp-json\/wp\/v2\/product"}],"about":[{"href":"https:\/\/mj-clothing.com\/lt\/wp-json\/wp\/v2\/types\/product"}],"wp:featuredmedia":[{"embeddable":true,"href":"https:\/\/mj-clothing.com\/lt\/wp-json\/wp\/v2\/media\/1938"}],"wp:attachment":[{"href":"https:\/\/mj-clothing.com\/lt\/wp-json\/wp\/v2\/media?parent=1937"}],"wp:term":[{"taxonomy":"product_brand","embeddable":true,"href":"https:\/\/mj-clothing.com\/lt\/wp-json\/wp\/v2\/product_brand?post=1937"},{"taxonomy":"product_cat","embeddable":true,"href":"https:\/\/mj-clothing.com\/lt\/wp-json\/wp\/v2\/product_cat?post=1937"},{"taxonomy":"product_tag","embeddable":true,"href":"https:\/\/mj-clothing.com\/lt\/wp-json\/wp\/v2\/product_tag?post=1937"}],"curies":[{"name":"wp","href":"https:\/\/api.w.org\/{rel}","templated":true}]}}