{"id":1939,"date":"2024-12-16T09:14:41","date_gmt":"2024-12-16T09:14:41","guid":{"rendered":"https:\/\/mj-clothing.com\/?post_type=product&#038;p=1939"},"modified":"2024-12-17T03:42:51","modified_gmt":"2024-12-17T03:42:51","slug":"womens-spring-tops-2024","status":"publish","type":"product","link":"https:\/\/mj-clothing.com\/lt\/manufacturer\/womens-spring-tops-2024\/","title":{"rendered":"Moteri\u0161ki pavasario topai 2024"},"content":{"rendered":"<p data-sourcepos=\"1:1-1:118\"><span class=\"citation-0 recitation citation-end-0\">Moteri\u0161ki 2024 m. pavasario mar\u0161kin\u0117liai - tai klasikini\u0173 stili\u0173 ir moderni\u0173 tendencij\u0173 derinys.<\/span> \u0160tai keletas svarbiausi\u0173 tendencij\u0173:<\/p>\n<h3 data-sourcepos=\"1:1-1:118\"><strong>1. Moteri\u0161ki pavasariniai vir\u0161utiniai drabu\u017eiai 2024 m. modeliai:<\/strong><\/h3>\n<ul data-sourcepos=\"5:1-7:0\">\n<li data-sourcepos=\"5:1-5:80\"><strong>\u0160velnios g\u0117l\u0117s:<\/strong> Mink\u0161ti, romanti\u0161ki g\u0117li\u0173 ra\u0161tai yra klasikin\u0117 pavasario tendencija.<\/li>\n<li data-sourcepos=\"6:1-7:0\"><strong>Dr\u0105sios g\u0117l\u0117s:<\/strong> Dideli, ry\u0161k\u016bs g\u0117li\u0173 ra\u0161tai daro \u012fsp\u016bd\u012f.<\/li>\n<\/ul>\n<h3 data-sourcepos=\"8:1-8:20\"><strong>2. Moteri\u0161ki pavasario vir\u0161utiniai drabu\u017eiai 2024 Relaxed Fits:<\/strong><\/h3>\n<ul data-sourcepos=\"10:1-12:0\">\n<li data-sourcepos=\"10:1-10:99\"><strong>Negabaritiniai siluetai:<\/strong> Patog\u016bs ir stilingi oversized mar\u0161kin\u0117liai puikiai tinka laisvalaikiui.<\/li>\n<li data-sourcepos=\"11:1-12:0\"><strong>Languotos palaidin\u0117s:<\/strong> Lengvos ir erdvios palaidin\u0117s idealiai tinka \u0161iltesniam orui.<\/li>\n<\/ul>\n<h3 data-sourcepos=\"13:1-13:21\"><strong>3. Moteri\u0161ki pavasario mar\u0161kin\u0117liai 2024 Ry\u0161kios spalvos:<\/strong><\/h3>\n<ul data-sourcepos=\"15:1-17:0\">\n<li data-sourcepos=\"15:1-15:83\"><strong>Dr\u0105s\u016bs atspalviai:<\/strong> Ry\u0161kios spalvos, pavyzd\u017eiui, ro\u017ein\u0117, geltona ir oran\u017ein\u0117, suteikia linksmumo.<\/li>\n<li data-sourcepos=\"16:1-17:0\"><strong>Pasteliniai tonai:<\/strong> \u0160velnios pastelin\u0117s spalvos, pavyzd\u017eiui, levand\u0173, m\u0117t\u0173 \u017ealia ir k\u016bdiki\u0173 m\u0117lyna, puikiai tinka romanti\u0161kam \u012fvaizd\u017eiui.<\/li>\n<\/ul>\n<h3 data-sourcepos=\"18:1-18:24\"><strong>4. Unikalios i\u0161kirpt\u0117s:<\/strong><\/h3>\n<ul data-sourcepos=\"20:1-23:0\">\n<li data-sourcepos=\"20:1-20:59\"><strong>Nuo pe\u010di\u0173:<\/strong> Moteri\u0161ka ir glostanti i\u0161kirpt\u0117.<\/li>\n<li data-sourcepos=\"21:1-21:55\"><strong>Kvadratin\u0117 i\u0161kirpt\u0117:<\/strong> \u0160iuolaiki\u0161ka ir rafinuota i\u0161vaizda.<\/li>\n<li data-sourcepos=\"22:1-23:0\"><strong>Vieno peties:<\/strong> Dr\u0105sus ir dramati\u0161kas pasirinkimas.<\/li>\n<\/ul>\n<h3 data-sourcepos=\"24:1-24:24\"><strong>5. Tekst\u016briniai audiniai:<\/strong><\/h3>\n<ul data-sourcepos=\"26:1-29:0\">\n<li data-sourcepos=\"26:1-26:52\"><strong>N\u0117riniai:<\/strong> Suteikia elegancijos ir moteri\u0161kumo.<\/li>\n<li data-sourcepos=\"27:1-27:49\"><strong>Mezgimas:<\/strong> Patogi ir jauki v\u0117sesn\u0117ms dienoms.<\/li>\n<li data-sourcepos=\"28:1-29:0\"><strong>Satinas:<\/strong> Prabangus ir puo\u0161nus audinys.<\/li>\n<\/ul>\n<h3 data-sourcepos=\"30:1-30:27\"><strong>6. Tvar\u016bs audiniai:<\/strong><\/h3>\n<ul data-sourcepos=\"32:1-35:0\">\n<li data-sourcepos=\"32:1-32:44\"><strong>Ekologi\u0161ka medviln\u0117:<\/strong> Ekologi\u0161kas ir mink\u0161tas.<\/li>\n<li data-sourcepos=\"33:1-33:50\"><strong>Perdirbtas poliesteris:<\/strong> Tvarus ir ilgaam\u017eis.<\/li>\n<li data-sourcepos=\"34:1-35:0\"><strong><span class=\"citation-1 recitation\">Tencel:<\/span><\/strong><span class=\"citation-1 recitation citation-end-1\"> Kv\u0117puojantis ir dr\u0117gm\u0119 praleid\u017eiantis audinys.<\/span><span class=\"button-container hide-from-message-actions ng-star-inserted\"> \u00a0<\/span>\n<div class=\"container ng-tns-c2946245707-383 hide\">\n<div class=\"carousel-container ng-tns-c2946245707-383\"><\/div>\n<\/div>\n<\/li>\n<\/ul>\n<p data-sourcepos=\"36:1-36:226\">Nepamir\u0161kite, kad geriausias b\u016bdas rasti tobul\u0105 pavasarin\u0119 vir\u0161utin\u0119 dal\u012f - eksperimentuoti su \u012fvairiais stiliais, spalvomis ir audiniais. Rinkdamiesi atsi\u017evelkite \u012f savo asmenin\u012f stili\u0173 ir prog\u0105, kuriai d\u0117v\u0117site vir\u0161utin\u0119 dal\u012f.<\/p>","protected":false},"excerpt":{"rendered":"<table style=\"height: 470px;\" width=\"398\">\n<tbody>\n<tr>\n<td width=\"146\"><strong><b>Produktas<\/b><\/strong>\u00a0<strong><b>Vardas ir pavard\u0117:<\/b><\/strong><\/td>\n<td width=\"601\"><strong>Moteri\u0161ki pavasario topai 2024<\/strong><\/td>\n<\/tr>\n<tr>\n<td width=\"146\"><strong><b>Materlal:<\/b><\/strong><\/td>\n<td width=\"601\">Mezgimas<\/td>\n<\/tr>\n<tr>\n<td width=\"146\"><strong><b>Technika:<\/b><\/strong><\/td>\n<td width=\"601\">Siuvin\u0117ti<\/td>\n<\/tr>\n<tr>\n<td width=\"146\"><strong><b>Stilius:<\/b><\/strong><\/td>\n<td width=\"601\">Atsitiktinis<\/td>\n<\/tr>\n<tr>\n<td width=\"146\"><strong><b>Spalva<\/b><\/strong><strong><b>:<\/b><\/strong><\/td>\n<td width=\"601\">\u00a0Pasirinktin\u0117s spalvos<\/td>\n<\/tr>\n<tr>\n<td width=\"146\"><strong><b>Dydis:<\/b><\/strong><\/td>\n<td width=\"601\">S \/M \/L \/XL \/2XL<\/td>\n<\/tr>\n<tr>\n<td width=\"146\"><strong><b>OEM\/ODM:<\/b><\/strong><\/td>\n<td width=\"601\">Priimtina<\/td>\n<\/tr>\n<tr>\n<td width=\"146\"><strong><b>Kokyb\u0117:<\/b><\/strong><\/td>\n<td width=\"601\">100% Auk\u0161ta kokyb\u0117<\/td>\n<\/tr>\n<tr>\n<td width=\"146\"><strong><b>M<\/b><\/strong><strong><b>OQ:<\/b><\/strong><\/td>\n<td width=\"601\">200 vnt.<\/td>\n<\/tr>\n<\/tbody>\n<\/table>","protected":false},"featured_media":1940,"template":"","meta":[],"product_brand":[],"product_cat":[39],"product_tag":[],"class_list":{"0":"post-1939","1":"product","2":"type-product","3":"status-publish","4":"has-post-thumbnail","6":"product_cat-womens-clothing","8":"first","9":"instock","10":"shipping-taxable","11":"product-type-simple"},"_links":{"self":[{"href":"https:\/\/mj-clothing.com\/lt\/wp-json\/wp\/v2\/product\/1939","targetHints":{"allow":["GET"]}}],"collection":[{"href":"https:\/\/mj-clothing.com\/lt\/wp-json\/wp\/v2\/product"}],"about":[{"href":"https:\/\/mj-clothing.com\/lt\/wp-json\/wp\/v2\/types\/product"}],"wp:featuredmedia":[{"embeddable":true,"href":"https:\/\/mj-clothing.com\/lt\/wp-json\/wp\/v2\/media\/1940"}],"wp:attachment":[{"href":"https:\/\/mj-clothing.com\/lt\/wp-json\/wp\/v2\/media?parent=1939"}],"wp:term":[{"taxonomy":"product_brand","embeddable":true,"href":"https:\/\/mj-clothing.com\/lt\/wp-json\/wp\/v2\/product_brand?post=1939"},{"taxonomy":"product_cat","embeddable":true,"href":"https:\/\/mj-clothing.com\/lt\/wp-json\/wp\/v2\/product_cat?post=1939"},{"taxonomy":"product_tag","embeddable":true,"href":"https:\/\/mj-clothing.com\/lt\/wp-json\/wp\/v2\/product_tag?post=1939"}],"curies":[{"name":"wp","href":"https:\/\/api.w.org\/{rel}","templated":true}]}}