{"id":1946,"date":"2024-12-17T02:48:08","date_gmt":"2024-12-17T02:48:08","guid":{"rendered":"https:\/\/mj-clothing.com\/?post_type=product&#038;p=1946"},"modified":"2024-12-17T03:42:21","modified_gmt":"2024-12-17T03:42:21","slug":"easy-to-sew-womens-tops","status":"publish","type":"product","link":"https:\/\/mj-clothing.com\/lt\/manufacturer\/easy-to-sew-womens-tops\/","title":{"rendered":"Lengvai siuvamos moteri\u0161kos vir\u0161utin\u0117s dalys"},"content":{"rendered":"<div class=\"experimental-mode-disclaimer-container ng-star-inserted\">\n<div class=\"disclaimer\">\n<div class=\"disclaimer-text ng-star-inserted\"><\/div>\n<\/div>\n<\/div>\n<div id=\"model-response-message-contentr_97504a3a3735aa12\" class=\"markdown markdown-main-panel response-optimization\" dir=\"ltr\">\n<p data-sourcepos=\"1:1-1:139\">Pana\u0161u, kad ie\u0161kote lengvai siuvam\u0173 moteri\u0161k\u0173 mar\u0161kin\u0117li\u0173! \u010cia pateikiame id\u0117j\u0173 ir i\u0161tekli\u0173, kurie pad\u0117s jums prad\u0117ti:<\/p>\n<h3 data-sourcepos=\"3:1-3:33\"><strong>Pagrindiniai lengvai siuvam\u0173 moteri\u0161k\u0173 mar\u0161kin\u0117li\u0173 elementai:<\/strong><\/h3>\n<ul data-sourcepos=\"5:1-9:0\">\n<li data-sourcepos=\"5:1-5:153\"><strong>Paprastos formos:<\/strong> Ie\u0161kokite ra\u0161t\u0173, kuri\u0173 pagrindin\u0117s formos yra sta\u010diakampiai, kvadratai arba minimalios kreiv\u0117s. Juos reikia ne taip sud\u0117tingai i\u0161kirpti ir suklijuoti.<\/li>\n<li data-sourcepos=\"6:1-6:172\"><strong><span class=\"citation-0 recitation\">Trikota\u017einiai audiniai:<\/span><\/strong><span class=\"citation-0 recitation citation-end-0\"> \u0160ie audiniai pasi\u017eymi elastingumu, tod\u0117l pradedantiesiems jie yra \u0161velnesni.<\/span> Be to, da\u017enai nereikia apdailinti kra\u0161t\u0173, tod\u0117l sutaupysite laiko.<span class=\"button-container hide-from-message-actions ng-star-inserted\">\u00a0 \u00a0<\/span>\n<div class=\"container ng-tns-c2960411664-24 hide\">\n<div class=\"carousel-container ng-tns-c2960411664-24\"><\/div>\n<\/div>\n<\/li>\n<li data-sourcepos=\"7:1-7:95\"><strong>Minimalios si\u016bl\u0117s:<\/strong> Kuo ma\u017eiau si\u016bli\u0173 modelis turi, tuo grei\u010diau ir lengviau bus si\u016bti.<\/li>\n<li data-sourcepos=\"8:1-9:0\"><strong>Joki\u0173 sud\u0117ting\u0173 u\u017edarym\u0173:<\/strong> I\u0161 prad\u017ei\u0173 venkite modeli\u0173 su u\u017etrauktukais, sag\u0173 skylut\u0117mis ar sud\u0117tingais u\u017esegimais.<\/li>\n<\/ul>\n<h3 data-sourcepos=\"10:1-10:32\"><strong>Lengvai siuvamos moteri\u0161kos vir\u0161utin\u0117s dalys, kurias reikia apsvarstyti:<\/strong><\/h3>\n<ul data-sourcepos=\"12:1-17:0\">\n<li data-sourcepos=\"12:1-12:133\"><strong>Mar\u0161kin\u0117liai:<\/strong> Klasika ne veltui! <span class=\"citation-1 recitation citation-end-1\">Pagrindiniai mar\u0161kin\u0117li\u0173 modeliai yra lengvai prieinami ir yra puikus atspirties ta\u0161kas.<\/span><span class=\"button-container hide-from-message-actions ng-star-inserted\"> \u00a0<\/span>\n<div class=\"container ng-tns-c2960411664-25 hide\">\n<div class=\"carousel-container ng-tns-c2960411664-25\"><\/div>\n<\/div>\n<\/li>\n<li data-sourcepos=\"13:1-13:96\"><strong>D\u017eemperiai:<\/strong> Paprastus mar\u0161kin\u0117lius su pla\u010diais dir\u017eeliais arba pagrindini\u0173 form\u0173 mar\u0161kin\u0117lius labai lengva pasi\u016bti.<\/li>\n<li data-sourcepos=\"14:1-14:110\"><strong>Kimono mar\u0161kin\u0117liai:<\/strong> Da\u017enai reikia si\u016bti tiesias linijas ir jas galima si\u016bti i\u0161 gra\u017ei\u0173 drapiruojan\u010di\u0173 audini\u0173.<\/li>\n<li data-sourcepos=\"15:1-15:97\"><strong>Paprastos tunikos:<\/strong> Laisvo kirpimo tunikos su minimaliomis formomis yra patogios ir lengvai siuvamos.<\/li>\n<li data-sourcepos=\"16:1-17:0\"><strong>Surinkti vir\u0161utiniai drabu\u017eiai:<\/strong> Vir\u0161elius su elastingomis i\u0161kirpt\u0117mis arba surinktomis dalimis gali b\u016bti steb\u0117tinai paprasta pasigaminti.<\/li>\n<\/ul>\n<h3 data-sourcepos=\"18:1-18:43\"><strong>Kur lengva si\u016bti moteri\u0161kus topus rasti modeli\u0173 ir \u012fkv\u0117pimo:<\/strong><\/h3>\n<ul data-sourcepos=\"20:1-24:0\">\n<li data-sourcepos=\"20:1-20:97\"><strong>Si\u016bti b\u016btina:<\/strong> \u0160ioje svetain\u0117je rasite \u012fvairi\u0173 pradedantiesiems pritaikyt\u0173 modeli\u0173 ir i\u0161tekli\u0173.<\/li>\n<li data-sourcepos=\"21:1-21:99\"><strong>Paprasta si\u016bti:<\/strong> <span class=\"citation-2 recitation citation-end-2\">Jie daugiausia d\u0117mesio skiria paprastiems ir stilingiems modeliams su ai\u0161kiomis instrukcijomis.<\/span><span class=\"button-container hide-from-message-actions ng-star-inserted\">\u00a0<\/span>\n<div class=\"container ng-tns-c2960411664-26 hide\">\n<div class=\"carousel-container ng-tns-c2960411664-26\"><\/div>\n<\/div>\n<\/li>\n<li data-sourcepos=\"22:1-22:120\"><strong><span class=\"citation-3 recitation\">Pinterest:<\/span><\/strong><span class=\"citation-3 recitation citation-end-3\"> \"Pasidaryk pats\" id\u0117j\u0173 lobynas, \u012fskaitant daugyb\u0119 nemokam\u0173 vadov\u0117li\u0173 ir lengv\u0173 vir\u0161\u016bni\u0173 modeli\u0173.<\/span><span class=\"button-container hide-from-message-actions ng-star-inserted\"> \u00a0<\/span>\n<div class=\"container ng-tns-c2960411664-27 hide\">\n<div class=\"carousel-container ng-tns-c2960411664-27\"><\/div>\n<\/div>\n<\/li>\n<li data-sourcepos=\"23:1-24:0\"><strong>Simplicity, McCall's, Butterick:<\/strong> \u0160iose modelius gaminan\u010diose \u012fmon\u0117se yra daugyb\u0117 modeli\u0173, da\u017enai suskirstyt\u0173 pagal \u012fg\u016bd\u017ei\u0173 lyg\u012f.<\/li>\n<\/ul>\n<h3 data-sourcepos=\"25:1-25:23\"><strong>Patarimai pradedantiesiems:<\/strong><\/h3>\n<ul data-sourcepos=\"27:1-31:0\">\n<li data-sourcepos=\"27:1-27:102\"><strong>Prad\u0117kite nuo paprasto projekto:<\/strong> Pirmuoju bandymu nebandykite spr\u0119sti pernelyg sud\u0117ting\u0173 u\u017eduo\u010di\u0173.<\/li>\n<li data-sourcepos=\"28:1-28:99\"><strong>Pasirinkite tinkam\u0105 audin\u012f:<\/strong> Su trikota\u017einiais audiniais paprastai lengviau dirbti nei su austais.<\/li>\n<li data-sourcepos=\"29:1-29:93\"><strong>Atid\u017eiai perskaitykite instrukcijas:<\/strong> Prie\u0161 prad\u0117dami \u012fsitikinkite, kad suprantate veiksmus.<\/li>\n<li data-sourcepos=\"30:1-31:0\"><strong>Nebijokite pra\u0161yti pagalbos:<\/strong> Yra daug internetini\u0173 bendruomeni\u0173 ir i\u0161tekli\u0173, kurie pad\u0117s jums, jei u\u017estrigsite.<\/li>\n<\/ul>\n<p data-sourcepos=\"32:1-32:128\">Jei turite konkre\u010di\u0173 klausim\u0173 arba norite i\u0161tirti konkret\u0173 vir\u0161utin\u0117s dalies stili\u0173, esu pasireng\u0119s jums pad\u0117ti. Tiesiog prane\u0161kite man!<\/p>\n<\/div>\n<div class=\"skeleton-loader-container\"><\/div>","protected":false},"excerpt":{"rendered":"<table style=\"height: 518px;\" width=\"411\">\n<tbody>\n<tr>\n<td width=\"146\"><strong><b>Produktas<\/b><\/strong>\u00a0<strong><b>Vardas ir pavard\u0117:<\/b><\/strong><\/td>\n<td width=\"601\"><strong>Lengvai siuvamos moteri\u0161kos vir\u0161utin\u0117s dalys<\/strong><\/td>\n<\/tr>\n<tr>\n<td width=\"146\"><strong><b>Materlal:<\/b><\/strong><\/td>\n<td width=\"601\">Mezgimas<\/td>\n<\/tr>\n<tr>\n<td width=\"146\"><strong><b>Technika:<\/b><\/strong><\/td>\n<td width=\"601\">Siuvin\u0117ti<\/td>\n<\/tr>\n<tr>\n<td width=\"146\"><strong><b>Stilius:<\/b><\/strong><\/td>\n<td width=\"601\">Atsitiktinis<\/td>\n<\/tr>\n<tr>\n<td width=\"146\"><strong><b>Spalva<\/b><\/strong><strong><b>:<\/b><\/strong><\/td>\n<td width=\"601\">\u00a0Pasirinktin\u0117s spalvos<\/td>\n<\/tr>\n<tr>\n<td width=\"146\"><strong><b>Dydis:<\/b><\/strong><\/td>\n<td width=\"601\">S \/M \/L \/XL \/2XL<\/td>\n<\/tr>\n<tr>\n<td width=\"146\"><strong><b>OEM\/ODM:<\/b><\/strong><\/td>\n<td width=\"601\">Priimtina<\/td>\n<\/tr>\n<tr>\n<td width=\"146\"><strong><b>Kokyb\u0117:<\/b><\/strong><\/td>\n<td width=\"601\">100% Auk\u0161ta kokyb\u0117<\/td>\n<\/tr>\n<tr>\n<td width=\"146\"><strong><b>M<\/b><\/strong><strong><b>OQ:<\/b><\/strong><\/td>\n<td width=\"601\">200 vnt.<\/td>\n<\/tr>\n<\/tbody>\n<\/table>","protected":false},"featured_media":1956,"template":"","meta":[],"product_brand":[],"product_cat":[39],"product_tag":[],"class_list":{"0":"post-1946","1":"product","2":"type-product","3":"status-publish","4":"has-post-thumbnail","6":"product_cat-womens-clothing","8":"first","9":"instock","10":"shipping-taxable","11":"product-type-simple"},"_links":{"self":[{"href":"https:\/\/mj-clothing.com\/lt\/wp-json\/wp\/v2\/product\/1946","targetHints":{"allow":["GET"]}}],"collection":[{"href":"https:\/\/mj-clothing.com\/lt\/wp-json\/wp\/v2\/product"}],"about":[{"href":"https:\/\/mj-clothing.com\/lt\/wp-json\/wp\/v2\/types\/product"}],"wp:featuredmedia":[{"embeddable":true,"href":"https:\/\/mj-clothing.com\/lt\/wp-json\/wp\/v2\/media\/1956"}],"wp:attachment":[{"href":"https:\/\/mj-clothing.com\/lt\/wp-json\/wp\/v2\/media?parent=1946"}],"wp:term":[{"taxonomy":"product_brand","embeddable":true,"href":"https:\/\/mj-clothing.com\/lt\/wp-json\/wp\/v2\/product_brand?post=1946"},{"taxonomy":"product_cat","embeddable":true,"href":"https:\/\/mj-clothing.com\/lt\/wp-json\/wp\/v2\/product_cat?post=1946"},{"taxonomy":"product_tag","embeddable":true,"href":"https:\/\/mj-clothing.com\/lt\/wp-json\/wp\/v2\/product_tag?post=1946"}],"curies":[{"name":"wp","href":"https:\/\/api.w.org\/{rel}","templated":true}]}}