{"id":1957,"date":"2024-12-17T02:54:13","date_gmt":"2024-12-17T02:54:13","guid":{"rendered":"https:\/\/mj-clothing.com\/?post_type=product&#038;p=1957"},"modified":"2024-12-18T06:10:01","modified_gmt":"2024-12-18T06:10:01","slug":"womens-shell-top","status":"publish","type":"product","link":"https:\/\/mj-clothing.com\/lt\/manufacturer\/womens-shell-top\/","title":{"rendered":"Moteri\u0161ka kriaukl\u0117 vir\u0161uje"},"content":{"rendered":"<p data-sourcepos=\"1:1-1:134\"><span class=\"citation-0 recitation citation-end-0\">Moteri\u0161ka vir\u0161utin\u0117 dalis su kiaurara\u0161\u010diu yra universalus ir klasikinis garderobo elementas.<\/span> \u0160tai kas tai yra ir kod\u0117l jis toks populiarus:<span class=\"button-container hide-from-message-actions ng-star-inserted\"> \u00a0<\/span><\/p>\n<h3 data-sourcepos=\"3:1-3:24\"><strong>Kas yra moteri\u0161kas mar\u0161kin\u0117lis?<\/strong><\/h3>\n<ul data-sourcepos=\"5:1-9:0\">\n<li data-sourcepos=\"5:1-5:173\"><strong><span class=\"citation-1 recitation\">Paprasta ir be rankovi\u0173:<\/span><\/strong><span class=\"citation-1 recitation citation-end-1\"> Tai i\u0161 esm\u0117s yra pagrindin\u0117 vir\u0161utin\u0117 dalis be rankovi\u0173.<\/span> Da\u017enai jos turi paprast\u0105 i\u0161kirpt\u0119 (pavyzd\u017eiui, \"scoop\", \"crew\" ar V formos i\u0161kirpt\u0119) ir neturi apykakl\u0117s.<span class=\"button-container hide-from-message-actions ng-star-inserted\"> \u00a0<\/span>\n<div class=\"container ng-tns-c2960411664-35 hide\">\n<div class=\"carousel-container ng-tns-c2960411664-35\"><\/div>\n<\/div>\n<\/li>\n<li data-sourcepos=\"6:1-6:278\"><strong>Universalus audinys:<\/strong> <span class=\"citation-2 recitation citation-end-2\">Kiaurara\u0161\u010diai gali b\u016bti pagaminti i\u0161 \u012fvairi\u0173 audini\u0173, \u012fskaitant medviln\u0119, \u0161ilk\u0105, lin\u0105, dirbtin\u012f pluo\u0161t\u0105 ar mi\u0161inius.<\/span> <span class=\"citation-3 recitation citation-end-3\">Audinio pasirinkimas gali tur\u0117ti didel\u0119 \u012ftak\u0105 vir\u0161utin\u0117s dalies i\u0161vaizdai ir poj\u016b\u010diui, tod\u0117l ji tinka tiek laisvalaikiui, tiek oficialesn\u0117ms progoms.<\/span>\n<div class=\"container ng-tns-c2960411664-36 hide\">\n<div class=\"carousel-container ng-tns-c2960411664-36\"><\/div>\n<\/div>\n<\/li>\n<li data-sourcepos=\"7:1-7:186\"><strong>Sluoksniavimas b\u016btinas:<\/strong> Kiaurara\u0161\u010diai puikiai tinka sluoksniuoti po megztiniais, \u0161varkais, striuk\u0117mis ar net aptemptais vir\u0161utiniais drabu\u017eiais. Jie suteikia lyg\u0173 pagrindin\u012f sluoksn\u012f, bet nesuteikia rankoms daugiau apimties.<\/li>\n<li data-sourcepos=\"8:1-9:0\"><strong><span class=\"citation-4 recitation\">Atskiras k\u016brinys:<\/span><\/strong><span class=\"citation-4 recitation citation-end-4\"> Nors puikiai tinka d\u0117v\u0117ti sluoksniuojant, kiaurasam\u010dius galima d\u0117v\u0117ti ir atskirai, ypa\u010d \u0161iltesniu oru.<\/span>\n<div class=\"container ng-tns-c2960411664-37 hide\">\n<div class=\"carousel-container ng-tns-c2960411664-37\"><\/div>\n<\/div>\n<\/li>\n<\/ul>\n<h3 data-sourcepos=\"10:1-10:24\"><strong>Pagrindin\u0117s savyb\u0117s:<\/strong><\/h3>\n<ul data-sourcepos=\"12:1-15:0\">\n<li data-sourcepos=\"12:1-12:120\"><strong>\u0160varios linijos:<\/strong> \u0160varko vir\u0161utin\u0117s dalies dizainas paprastai b\u016bna paprastas ir \u0161varus, be perteklini\u0173 puo\u0161men\u0173 ar detali\u0173.<\/li>\n<li data-sourcepos=\"13:1-13:128\"><strong>Pritaikyta arba pusiau pritaikyta:<\/strong> Paprastai jie b\u016bna pasi\u016bti taip, kad priglud\u0119 prie k\u016bno, tod\u0117l sukuria prigludus\u012f siluet\u0105.<\/li>\n<li data-sourcepos=\"14:1-15:0\"><strong>Nesenstantis stilius:<\/strong> Kriaukl\u0117s vir\u0161us yra klasikinis drabu\u017eis, kuris d\u0117l savo paprastumo ir pritaikomumo i\u0161lieka stilingas jau de\u0161imtme\u010dius.<\/li>\n<\/ul>\n<h3 data-sourcepos=\"16:1-16:25\"><strong>Kod\u0117l populiar\u016bs moteri\u0161ki kiaurara\u0161\u010diai?<\/strong><\/h3>\n<ul data-sourcepos=\"18:1-22:0\">\n<li data-sourcepos=\"18:1-18:95\"><strong>Universalumas:<\/strong> Kaip jau min\u0117ta, juos galima d\u0117v\u0117ti \u012fvairiomis progomis.<\/li>\n<li data-sourcepos=\"19:1-19:130\"><strong>Patogumas:<\/strong> D\u0117v\u0117ti juos patogu d\u0117l rankovi\u0173 ir da\u017enai lengv\u0173 audini\u0173, ypa\u010d \u0161iltuoju met\u0173 laiku.<\/li>\n<li data-sourcepos=\"20:1-20:92\"><strong>Sluoksniavimo galimyb\u0117:<\/strong> Jie puikiai tinka daugiasluoksnei aprangai kurti, nesudarant didesnio kiekio.<\/li>\n<li data-sourcepos=\"21:1-22:0\"><strong>Nesenstantis:<\/strong> Tai klasikinis garderobo elementas, kuris niekada nei\u0161eina i\u0161 mados.<\/li>\n<\/ul>\n<h3 data-sourcepos=\"23:1-23:28\"><strong>Kaip d\u0117v\u0117ti moteri\u0161k\u0105 kriaukl\u0117s vir\u0161utin\u0119 dal\u012f:<\/strong><\/h3>\n<ul data-sourcepos=\"25:1-28:0\">\n<li data-sourcepos=\"25:1-25:81\"><strong>Atsitiktinis:<\/strong> J\u0105 derinkite prie d\u017eins\u0173, \u0161ort\u0173 ar laisvalaikio sijono, kad atrodytum\u0117te laisvai.<\/li>\n<li data-sourcepos=\"26:1-26:122\"><strong>Darbo reikalais:<\/strong> D\u0117v\u0117kite j\u012f po \u0161varkeliu, prie kelni\u0173 ar pie\u0161tuko formos sijono, kad apranga b\u016bt\u0173 profesionali, bet patogi.<\/li>\n<li data-sourcepos=\"27:1-28:0\"><strong>Puo\u0161nus drabu\u017eis:<\/strong> Pasirinkite prabangaus audinio, pavyzd\u017eiui, \u0161ilko ar atlaso, vir\u0161utin\u0119 dal\u012f ir vakariniam renginiui j\u0105 derinkite su puo\u0161niu sijonu ar keln\u0117mis.<\/li>\n<\/ul>\n<p data-sourcepos=\"29:1-29:132\">Nesvarbu, ar ie\u0161kote pagrindinio drabu\u017eio sluoksniavimui, ar paprastos vir\u0161utin\u0117s dalies \u0161iltam orui, kiaurara\u0161t\u0117 yra universalus ir stilingas pasirinkimas.<\/p>","protected":false},"excerpt":{"rendered":"<table style=\"height: 495px;\" width=\"411\">\n<tbody>\n<tr>\n<td width=\"146\"><strong><b>Produktas<\/b><\/strong>\u00a0<strong><b>Vardas ir pavard\u0117:<\/b><\/strong><\/td>\n<td width=\"601\"><strong>Moteri\u0161ka kriaukl\u0117 vir\u0161uje<\/strong><\/td>\n<\/tr>\n<tr>\n<td width=\"146\"><strong><b>Materlal:<\/b><\/strong><\/td>\n<td width=\"601\">Mezgimas<\/td>\n<\/tr>\n<tr>\n<td width=\"146\"><strong><b>Technika:<\/b><\/strong><\/td>\n<td width=\"601\">Siuvin\u0117ti<\/td>\n<\/tr>\n<tr>\n<td width=\"146\"><strong><b>Stilius:<\/b><\/strong><\/td>\n<td width=\"601\">Atsitiktinis<\/td>\n<\/tr>\n<tr>\n<td width=\"146\"><strong><b>Spalva<\/b><\/strong><strong><b>:<\/b><\/strong><\/td>\n<td width=\"601\">\u00a0Pasirinktin\u0117s spalvos<\/td>\n<\/tr>\n<tr>\n<td width=\"146\"><strong><b>Dydis:<\/b><\/strong><\/td>\n<td width=\"601\">S \/M \/L \/XL \/2XL<\/td>\n<\/tr>\n<tr>\n<td width=\"146\"><strong><b>OEM\/ODM:<\/b><\/strong><\/td>\n<td width=\"601\">Priimtina<\/td>\n<\/tr>\n<tr>\n<td width=\"146\"><strong><b>Kokyb\u0117:<\/b><\/strong><\/td>\n<td width=\"601\">100% Auk\u0161ta kokyb\u0117<\/td>\n<\/tr>\n<tr>\n<td width=\"146\"><strong><b>M<\/b><\/strong><strong><b>OQ:<\/b><\/strong><\/td>\n<td width=\"601\">200 vnt.<\/td>\n<\/tr>\n<\/tbody>\n<\/table>","protected":false},"featured_media":1958,"template":"","meta":[],"product_brand":[],"product_cat":[39],"product_tag":[],"class_list":{"0":"post-1957","1":"product","2":"type-product","3":"status-publish","4":"has-post-thumbnail","6":"product_cat-womens-clothing","8":"first","9":"instock","10":"shipping-taxable","11":"product-type-simple"},"_links":{"self":[{"href":"https:\/\/mj-clothing.com\/lt\/wp-json\/wp\/v2\/product\/1957","targetHints":{"allow":["GET"]}}],"collection":[{"href":"https:\/\/mj-clothing.com\/lt\/wp-json\/wp\/v2\/product"}],"about":[{"href":"https:\/\/mj-clothing.com\/lt\/wp-json\/wp\/v2\/types\/product"}],"wp:featuredmedia":[{"embeddable":true,"href":"https:\/\/mj-clothing.com\/lt\/wp-json\/wp\/v2\/media\/1958"}],"wp:attachment":[{"href":"https:\/\/mj-clothing.com\/lt\/wp-json\/wp\/v2\/media?parent=1957"}],"wp:term":[{"taxonomy":"product_brand","embeddable":true,"href":"https:\/\/mj-clothing.com\/lt\/wp-json\/wp\/v2\/product_brand?post=1957"},{"taxonomy":"product_cat","embeddable":true,"href":"https:\/\/mj-clothing.com\/lt\/wp-json\/wp\/v2\/product_cat?post=1957"},{"taxonomy":"product_tag","embeddable":true,"href":"https:\/\/mj-clothing.com\/lt\/wp-json\/wp\/v2\/product_tag?post=1957"}],"curies":[{"name":"wp","href":"https:\/\/api.w.org\/{rel}","templated":true}]}}