{"id":1960,"date":"2024-12-17T03:10:50","date_gmt":"2024-12-17T03:10:50","guid":{"rendered":"https:\/\/mj-clothing.com\/?post_type=product&#038;p=1960"},"modified":"2024-12-17T03:10:50","modified_gmt":"2024-12-17T03:10:50","slug":"periwinkle-womens-tops","status":"publish","type":"product","link":"https:\/\/mj-clothing.com\/lt\/manufacturer\/periwinkle-womens-tops\/","title":{"rendered":"Periwinkle Moter\u0173 vir\u0161utin\u0117s dalys"},"content":{"rendered":"<div id=\"model-response-message-contentr_7f973865284483ec\" class=\"markdown markdown-main-panel response-optimization\" dir=\"ltr\">\n<p data-sourcepos=\"1:1-1:279\">Periwinkle moteri\u0161ki mar\u0161kin\u0117liai yra gra\u017ei, \u0161velni ir universali spalva, kuri bet kokiai aprangai gali suteikti elegancijos ir moteri\u0161kumo. <span class=\"citation-0 recitation citation-end-0\">Tai \u0161viesiai violetin\u0117 spalva su m\u0117lynumo atspalviu, da\u017enai apib\u016bdinama kaip \u0161viesiai levand\u0173 arba \u0161viesiai violetin\u0117.<\/span> \u0160tai kuo patraukl\u016bs perregimi moteri\u0161ki vir\u0161utiniai drabu\u017eiai:<span class=\"button-container hide-from-message-actions ng-star-inserted\">\u00a0 \u00a0<\/span><\/p>\n<h3 data-sourcepos=\"3:1-3:39\"><strong>Kod\u0117l Periwinkle Womens Tops gerai veikia Tops:<\/strong><\/h3>\n<ul data-sourcepos=\"5:1-9:0\">\n<li data-sourcepos=\"5:1-5:138\"><strong>Tinka daugeliui odos atspalvi\u0173:<\/strong> \u017dalsva spalva turi ir \u0161alt\u0173, ir \u0161ilt\u0173 atspalvi\u0173, tod\u0117l tinka \u012fvairiems veido atspalviams.<\/li>\n<li data-sourcepos=\"6:1-6:105\"><strong>Mink\u0161tas ir raminantis:<\/strong> <span class=\"citation-1 recitation citation-end-1\">Tai \u0161velni spalva, sukelianti ramyb\u0117s ir taikos jausmus.<\/span><span class=\"button-container hide-from-message-actions ng-star-inserted\"> \u00a0<\/span>\n<div class=\"container ng-tns-c2960411664-45 hide\">\n<div class=\"carousel-container ng-tns-c2960411664-45\"><\/div>\n<\/div>\n<\/li>\n<li data-sourcepos=\"7:1-7:111\"><strong><span class=\"citation-2 recitation\">Universalus:<\/span><\/strong><span class=\"citation-2 recitation citation-end-2\"> Periwinkle galima pasipuo\u0161ti arba pasida\u017eyti, tod\u0117l tinka \u012fvairioms progoms.<\/span><span class=\"button-container hide-from-message-actions ng-star-inserted\"> \u00a0<\/span>\n<div class=\"container ng-tns-c2960411664-46 hide\">\n<div class=\"carousel-container ng-tns-c2960411664-46\"><\/div>\n<\/div>\n<\/li>\n<li data-sourcepos=\"8:1-9:0\"><strong>Puikiai dera su kitomis spalvomis:<\/strong> Jis dera su neutraliomis spalvomis, tokiomis kaip balta, pilka ir sm\u0117lio, taip pat su kitomis spalvomis, tokiomis kaip ro\u017ein\u0117, \u017ealia ir net geltona.<\/li>\n<\/ul>\n<h3 data-sourcepos=\"10:1-10:44\"><strong>Tipai Periwinkle Moteri\u0161kos vir\u0161utin\u0117s dalys, kurias galite rasti:<\/strong><\/h3>\n<ul data-sourcepos=\"12:1-16:0\">\n<li data-sourcepos=\"12:1-12:164\"><strong>Mar\u0161kin\u0117liai ir laisvalaikio mar\u0161kin\u0117liai:<\/strong> Kasdieniam d\u0117v\u0117jimui puikiai tinka mar\u0161kin\u0117liai ar laisvalaikio mar\u0161kin\u0117liai. Derinkite juos prie d\u017eins\u0173, \u0161ort\u0173 ar laisvalaikio sijono, kad atrodytum\u0117te laisvai.<\/li>\n<li data-sourcepos=\"13:1-13:198\"><strong><span class=\"citation-3 recitation\">Palaidin\u0117s ir puo\u0161nesni mar\u0161kin\u0117liai:<\/span><\/strong><span class=\"citation-3 recitation citation-end-3\"> \u0160ilkin\u0119, atlasin\u0119 ar \u0161ifonin\u0119 palaidin\u0119 galima pasipuo\u0161ti i\u0161kilmingesn\u0117ms progoms.<\/span> Derinkite j\u012f prie suknel\u0117s kelni\u0173, sijono ar net po \u0161varkeliu.<span class=\"button-container hide-from-message-actions ng-star-inserted\"> \u00a0<\/span>\n<div class=\"container ng-tns-c2960411664-47 hide\">\n<div class=\"carousel-container ng-tns-c2960411664-47\"><\/div>\n<\/div>\n<\/li>\n<li data-sourcepos=\"14:1-14:110\"><strong>Megztiniai ir kardiganai:<\/strong> Perregimas megztinis ar kardiganas - puikus sluoksniuojamasis drabu\u017eis v\u0117sesniu oru.<\/li>\n<li data-sourcepos=\"15:1-16:0\"><strong><span class=\"citation-4 recitation\">Mar\u0161kin\u0117liai ir liemen\u0117l\u0117s:<\/span><\/strong><span class=\"citation-4 recitation citation-end-4\"> \u0160iltu oru perregim\u0105 marg\u0105 liemen\u0117l\u0119 arba liemen\u0117l\u0119 galima d\u0117v\u0117ti atskirai arba sluoksniuoti po kitais mar\u0161kin\u0117liais.<\/span><span class=\"button-container hide-from-message-actions ng-star-inserted\">\u00a0<\/span>\n<div class=\"container ng-tns-c2960411664-48 hide\">\n<div class=\"carousel-container ng-tns-c2960411664-48\">\n<div class=\"carousel-content ng-tns-c2960411664-48\">\n<div class=\"sources-carousel-source ng-tns-c2960411664-48 hide ng-star-inserted\" data-test-id=\"sources-carousel-source\"><\/div>\n<\/div>\n<\/div>\n<\/div>\n<\/li>\n<\/ul>\n<h3 data-sourcepos=\"17:1-17:33\"><strong>Kaip stilizuoti margaspalvius mar\u0161kin\u0117lius:<\/strong><\/h3>\n<ul data-sourcepos=\"19:1-23:0\">\n<li data-sourcepos=\"19:1-19:100\"><strong>Atsitiktinis:<\/strong> \u017dalsvai rausvus mar\u0161kin\u0117lius derinkite su baltais d\u017einsais ir sportba\u010diais, kad atrodytum\u0117te gaiviai ir ne\u012fpareigojan\u010diai.<\/li>\n<li data-sourcepos=\"20:1-20:117\"><strong>Darbo reikalais:<\/strong> Vilk\u0117kite perregim\u0105 palaidin\u0119 su pilkomis keln\u0117mis ir auk\u0161takulniais, kad apranga b\u016bt\u0173 profesionali, bet stilinga.<\/li>\n<li data-sourcepos=\"21:1-21:104\"><strong>Puo\u0161nus drabu\u017eis:<\/strong> Eleganti\u0161k\u0105 vakarin\u012f \u012fvaizd\u012f sukursite derindami perregim\u0105 satino palaidin\u0119 su juodu sijonu ir auk\u0161takulniais.<\/li>\n<li data-sourcepos=\"22:1-23:0\"><strong>Bohemijos:<\/strong> Rausvai \u017ealsv\u0105 marg\u0105 mar\u0161kin\u0117li\u0173 palaidin\u0119 derinkite prie ilgo sijono ir sandal\u0173, kad jaustum\u0117t\u0117s bohemi\u0161kai.<\/li>\n<\/ul>\n<p data-sourcepos=\"32:1-32:113\">\n<\/div>","protected":false},"excerpt":{"rendered":"<table style=\"height: 501px;\" width=\"369\">\n<tbody>\n<tr>\n<td width=\"146\"><strong><b>Produktas<\/b><\/strong>\u00a0<strong><b>Vardas ir pavard\u0117:<\/b><\/strong><\/td>\n<td width=\"601\"><strong>Periwinkle Moter\u0173 vir\u0161utin\u0117s dalys<\/strong><\/td>\n<\/tr>\n<tr>\n<td width=\"146\"><strong><b>Materlal:<\/b><\/strong><\/td>\n<td width=\"601\">Mezgimas<\/td>\n<\/tr>\n<tr>\n<td width=\"146\"><strong><b>Technika: <\/b><\/strong><\/td>\n<td width=\"601\">Siuvin\u0117ti<\/td>\n<\/tr>\n<tr>\n<td width=\"146\"><strong><b>Stilius: <\/b><\/strong><\/td>\n<td width=\"601\">Atsitiktinis<\/td>\n<\/tr>\n<tr>\n<td width=\"146\"><strong><b>Spalva<\/b><\/strong><strong><b>:<\/b><\/strong><\/td>\n<td width=\"601\">\u00a0Pasirinktin\u0117s spalvos<\/td>\n<\/tr>\n<tr>\n<td width=\"146\"><strong><b>Dydis:<\/b><\/strong><\/td>\n<td width=\"601\">S \/M \/L \/XL \/2XL<\/td>\n<\/tr>\n<tr>\n<td width=\"146\"><strong><b>OEM\/ODM:<\/b><\/strong><\/td>\n<td width=\"601\">Priimtina<\/td>\n<\/tr>\n<tr>\n<td width=\"146\"><strong><b>Kokyb\u0117:<\/b><\/strong><\/td>\n<td width=\"601\">100% Auk\u0161ta kokyb\u0117<\/td>\n<\/tr>\n<tr>\n<td width=\"146\"><strong><b>M<\/b><\/strong><strong><b>OQ:<\/b><\/strong><\/td>\n<td width=\"601\">200 vnt.<\/td>\n<\/tr>\n<\/tbody>\n<\/table>","protected":false},"featured_media":1961,"template":"","meta":[],"product_brand":[],"product_cat":[39],"product_tag":[],"class_list":{"0":"post-1960","1":"product","2":"type-product","3":"status-publish","4":"has-post-thumbnail","6":"product_cat-womens-clothing","8":"first","9":"instock","10":"shipping-taxable","11":"product-type-simple"},"_links":{"self":[{"href":"https:\/\/mj-clothing.com\/lt\/wp-json\/wp\/v2\/product\/1960","targetHints":{"allow":["GET"]}}],"collection":[{"href":"https:\/\/mj-clothing.com\/lt\/wp-json\/wp\/v2\/product"}],"about":[{"href":"https:\/\/mj-clothing.com\/lt\/wp-json\/wp\/v2\/types\/product"}],"wp:featuredmedia":[{"embeddable":true,"href":"https:\/\/mj-clothing.com\/lt\/wp-json\/wp\/v2\/media\/1961"}],"wp:attachment":[{"href":"https:\/\/mj-clothing.com\/lt\/wp-json\/wp\/v2\/media?parent=1960"}],"wp:term":[{"taxonomy":"product_brand","embeddable":true,"href":"https:\/\/mj-clothing.com\/lt\/wp-json\/wp\/v2\/product_brand?post=1960"},{"taxonomy":"product_cat","embeddable":true,"href":"https:\/\/mj-clothing.com\/lt\/wp-json\/wp\/v2\/product_cat?post=1960"},{"taxonomy":"product_tag","embeddable":true,"href":"https:\/\/mj-clothing.com\/lt\/wp-json\/wp\/v2\/product_tag?post=1960"}],"curies":[{"name":"wp","href":"https:\/\/api.w.org\/{rel}","templated":true}]}}