{"id":2005,"date":"2024-12-17T08:27:39","date_gmt":"2024-12-17T08:27:39","guid":{"rendered":"https:\/\/mj-clothing.com\/?post_type=product&#038;p=2005"},"modified":"2024-12-18T06:08:53","modified_gmt":"2024-12-18T06:08:53","slug":"glorya-long-sleeve-hooded-top-womens","status":"publish","type":"product","link":"https:\/\/mj-clothing.com\/lt\/manufacturer\/glorya-long-sleeve-hooded-top-womens\/","title":{"rendered":"Glorya Vir\u0161utin\u0117 dalis su gobtuvu ilgomis rankov\u0117mis-Women's"},"content":{"rendered":"<div id=\"model-response-message-contentr_2042c454bde921df\" class=\"markdown markdown-main-panel response-optimization\" dir=\"ltr\">\n<p data-sourcepos=\"1:1-1:220\">Pana\u0161u, kad jus domina \"Patagonia Long-Sleeve Glorya Long-Sleeve Hooded Top-Women's\". Tai populiarus Patagonia drabu\u017eis, \u017einomas d\u0117l savo patogumo ir universalumo. \u010cia pateikiama informacija apie tai, kuo ji i\u0161siskiria:<\/p>\n<h3 data-sourcepos=\"3:1-3:17\"><strong>Pagrindin\u0117s savyb\u0117s Glorya Long-Sleeve Hooded Top-Women's:<\/strong><\/h3>\n<ul data-sourcepos=\"5:1-12:0\">\n<li data-sourcepos=\"5:1-5:186\"><strong>Lengvas ir patogus:<\/strong> <span class=\"citation-0 recitation citation-end-0\">\u0160is gobtuvas pagamintas i\u0161 mink\u0161to perdirbto poliesterio, TENCEL\u2122 lyocel\u2122 ir spandekso mi\u0161inio, tod\u0117l yra patogus ir suteikia jud\u0117jimo laisv\u0119.<\/span>\n<div class=\"container ng-tns-c2960411664-80 hide\">\n<div class=\"carousel-container ng-tns-c2960411664-80\"><\/div>\n<\/div>\n<\/li>\n<li data-sourcepos=\"6:1-6:176\"><strong>Dr\u0117gm\u0117s \u0161alinimas ir greitas d\u017ei\u016bvimas:<\/strong> <span class=\"citation-1 recitation citation-end-1\">Audinys puikiai pa\u0161alina dr\u0117gm\u0119 ir greitai d\u017ei\u016bsta, tod\u0117l tinka aktyviam d\u0117v\u0117jimui ir kasdieniam naudojimui.<\/span><span class=\"button-container hide-from-message-actions ng-star-inserted\">\u00a0 \u00a0<\/span>\n<div class=\"container ng-tns-c2960411664-81 hide\">\n<div class=\"carousel-container ng-tns-c2960411664-81\"><\/div>\n<\/div>\n<\/li>\n<li data-sourcepos=\"7:1-7:106\"><strong>Atpalaiduojan\u010dio kirpimo:<\/strong> <span class=\"citation-2 recitation citation-end-2\">\"Glorya Hoody\" striuk\u0117 yra laisvo kirpimo, tod\u0117l j\u0105 galima patogiai sluoksniuoti.<\/span><span class=\"button-container hide-from-message-actions ng-star-inserted\">\u00a0<\/span>\n<div class=\"container ng-tns-c2960411664-82 hide\">\n<div class=\"carousel-container ng-tns-c2960411664-82\"><\/div>\n<\/div>\n<\/li>\n<li data-sourcepos=\"8:1-8:121\"><strong>Reguliuojamas gaubtas:<\/strong> <span class=\"citation-3 recitation citation-end-3\">Kapi\u0161onas turi rai\u0161telius, tod\u0117l galite j\u012f reguliuoti, kad optimaliai apr\u0117pt\u0173 ir su\u0161ildyt\u0173.<\/span><span class=\"button-container hide-from-message-actions ng-star-inserted\">\u00a0<\/span>\n<div class=\"container ng-tns-c2960411664-83 hide\">\n<div class=\"carousel-container ng-tns-c2960411664-83\"><\/div>\n<\/div>\n<\/li>\n<li data-sourcepos=\"9:1-9:157\"><strong>Universalus:<\/strong> <span class=\"citation-4 recitation citation-end-4\">J\u0105 galima d\u0117v\u0117ti vien\u0105 arba sluoksniuoti ant kit\u0173 vir\u0161utini\u0173 drabu\u017ei\u0173, tod\u0117l ji puikiai tinka \u012fvairioms veikloms ir oro s\u0105lygoms.<\/span><span class=\"button-container hide-from-message-actions ng-star-inserted\"> \u00a0<\/span>\n<div class=\"container ng-tns-c2960411664-84 hide\">\n<div class=\"carousel-container ng-tns-c2960411664-84\"><\/div>\n<\/div>\n<\/li>\n<li data-sourcepos=\"10:1-10:148\"><strong><span class=\"citation-5 recitation\">Tvarios med\u017eiagos:<\/span><\/strong><span class=\"citation-5 recitation citation-end-5\"> \u0160i striuk\u0117 pagaminta i\u0161 perdirbto poliesterio ir TENCEL\u2122 liocel, tod\u0117l ji yra ekologi\u0161kesnis pasirinkimas.<\/span><span class=\"button-container hide-from-message-actions ng-star-inserted\"> \u00a0<\/span>\n<div class=\"container ng-tns-c2960411664-85 hide\">\n<div class=\"carousel-container ng-tns-c2960411664-85\"><\/div>\n<\/div>\n<\/li>\n<li data-sourcepos=\"11:1-12:0\"><strong><span class=\"citation-6 recitation\">S\u0105\u017einingos prekybos sertifikatas\u2122 Siuvama:<\/span><\/strong><span class=\"citation-6 recitation citation-end-6\"> Tai rei\u0161kia, kad drabu\u017eius siuv\u0119 \u017emon\u0117s u\u017e savo darb\u0105 gavo priemok\u0105.<\/span><span class=\"button-container hide-from-message-actions ng-star-inserted\">\u00a0<\/span>\n<div class=\"container ng-tns-c2960411664-86 hide\">\n<div class=\"carousel-container ng-tns-c2960411664-86\"><\/div>\n<\/div>\n<\/li>\n<\/ul>\n<h3 data-sourcepos=\"13:1-13:30\"><strong>Kod\u0117l tai populiarus pasirinkimas Glorya Long-Sleeve Hooded Top-Women's:<\/strong><\/h3>\n<ul data-sourcepos=\"15:1-19:0\">\n<li data-sourcepos=\"15:1-15:151\"><strong>Patogus jud\u0117jimas:<\/strong> <span class=\"citation-7 recitation citation-end-7\">D\u0117l lengvo, elastingo audinio ji idealiai tinka tokiai veiklai kaip \u017eygiai p\u0117s\u010diomis, joga ar tiesiog reikal\u0173 tvarkymas.<\/span><span class=\"button-container hide-from-message-actions ng-star-inserted\">\u00a0<\/span>\n<div class=\"container ng-tns-c2960411664-87 hide\">\n<div class=\"carousel-container ng-tns-c2960411664-87\"><\/div>\n<\/div>\n<\/li>\n<li data-sourcepos=\"16:1-16:101\"><strong>Kasdien\u0117 apranga:<\/strong> D\u0117l laisvalaikio stiliaus ir patogaus kirpimo ji puikiai tinka d\u0117v\u0117ti kasdien.<\/li>\n<li data-sourcepos=\"17:1-17:91\"><strong>Sluoksniavimo elementas:<\/strong> Ji puikiai tinka d\u0117v\u0117ti po striuk\u0117mis ar liemen\u0117mis v\u0117sesniu oru.<\/li>\n<li data-sourcepos=\"18:1-19:0\"><strong>Kokyb\u0117 ir patvarumas:<\/strong> \"Patagonia\" gars\u0117ja auk\u0161tos kokyb\u0117s ir patvariais gaminiais.<\/li>\n<\/ul>\n<h3 data-sourcepos=\"20:1-20:21\"><strong>Kur rasti Glorya Long-Sleeve Hooded Top-Women's:<\/strong><\/h3>\n<p data-sourcepos=\"22:1-22:86\">\"Patagonia\" mar\u0161kin\u0117lius su gobtuvu \"Glorya\" ilgomis rankov\u0117mis paprastai galite rasti \u0161iose parduotuv\u0117se:<\/p>\n<ul data-sourcepos=\"24:1-27:0\">\n<li data-sourcepos=\"24:1-24:80\"><strong>\"Patagonia\" svetain\u0117:<\/strong> Tai oficialus \"Patagonia\" gamini\u0173 \u0161altinis.<\/li>\n<li data-sourcepos=\"25:1-25:114\"><strong>Lauko preki\u0173 pardav\u0117jai:<\/strong> <span class=\"citation-8 recitation citation-end-8\">Tokiose parduotuv\u0117se kaip \"REI\", \"Backcountry\" ir \"Moosejaw\" da\u017enai rasite \"Patagonia\" drabu\u017ei\u0173.<\/span><span class=\"button-container hide-from-message-actions ng-star-inserted\">\u00a0<\/span>\n<div class=\"container ng-tns-c2960411664-88 hide\">\n<div class=\"carousel-container ng-tns-c2960411664-88\"><\/div>\n<\/div>\n<\/li>\n<li data-sourcepos=\"26:1-27:0\"><strong>Universalin\u0117s parduotuv\u0117s:<\/strong> Kai kuriose universalin\u0117se parduotuv\u0117se taip pat gali b\u016bti \"Patagonia\" gamini\u0173.<\/li>\n<\/ul>\n<p data-sourcepos=\"28:1-28:153\">Jei ie\u0161kote patogios, universalios ir tvariai pagamintos striuk\u0117s su gobtuvu, tikrai verta apsvarstyti \"Patagonia\" striuk\u0119 su gobtuvu \"Glorya\" ilgomis rankov\u0117mis.<\/p>\n<\/div>\n<div class=\"skeleton-loader-container\"><\/div>\n<div class=\"response-footer gap complete\">\n<div class=\"container ng-tns-c2960411664-79\">\n<div class=\"carousel-container ng-tns-c2960411664-79\">\n<div class=\"carousel-content ng-tns-c2960411664-79\">\n<div class=\"sources-carousel-source ng-tns-c2960411664-79 ng-star-inserted\" data-test-id=\"sources-carousel-source\">\n<div class=\"source-card-container\">\n<div class=\"source-card-content\">\n<div class=\"source-card-body\">\n<div class=\"source-card-header\">\n<div class=\"source-card-title\"><\/div>\n<\/div>\n<\/div>\n<\/div>\n<\/div>\n<\/div>\n<\/div>\n<\/div>\n<\/div>\n<\/div>","protected":false},"excerpt":{"rendered":"<table style=\"height: 661px;\" width=\"527\">\n<tbody>\n<tr>\n<td width=\"146\"><strong><b>Produktas<\/b><\/strong>\u00a0<strong><b>Vardas ir pavard\u0117:<\/b><\/strong><\/td>\n<td width=\"601\"><strong>Glorya Vir\u0161utin\u0117 dalis su gobtuvu ilgomis rankov\u0117mis-Women's<\/strong><\/td>\n<\/tr>\n<tr>\n<td width=\"146\"><strong><b>Materlal:<\/b><\/strong><\/td>\n<td width=\"601\">Mezgimas<\/td>\n<\/tr>\n<tr>\n<td width=\"146\"><strong><b>Technika:<\/b><\/strong><\/td>\n<td width=\"601\">Siuvin\u0117ti<\/td>\n<\/tr>\n<tr>\n<td width=\"146\"><strong><b>Stilius:<\/b><\/strong><\/td>\n<td width=\"601\">Atsitiktinis<\/td>\n<\/tr>\n<tr>\n<td width=\"146\"><strong><b>Spalva<\/b><\/strong><strong><b>:<\/b><\/strong><\/td>\n<td width=\"601\">\u00a0Pasirinktin\u0117s spalvos<\/td>\n<\/tr>\n<tr>\n<td width=\"146\"><strong><b>Dydis:<\/b><\/strong><\/td>\n<td width=\"601\">S \/M \/L \/XL \/2XL<\/td>\n<\/tr>\n<tr>\n<td width=\"146\"><strong><b>OEM\/ODM:<\/b><\/strong><\/td>\n<td width=\"601\">Priimtina<\/td>\n<\/tr>\n<tr>\n<td width=\"146\"><strong><b>Kokyb\u0117:<\/b><\/strong><\/td>\n<td width=\"601\">100% Auk\u0161ta kokyb\u0117<\/td>\n<\/tr>\n<tr>\n<td width=\"146\"><strong><b>M<\/b><\/strong><strong><b>OQ:<\/b><\/strong><\/td>\n<td width=\"601\">200 vnt.<\/td>\n<\/tr>\n<\/tbody>\n<\/table>","protected":false},"featured_media":2006,"template":"","meta":[],"product_brand":[],"product_cat":[39],"product_tag":[],"class_list":{"0":"post-2005","1":"product","2":"type-product","3":"status-publish","4":"has-post-thumbnail","6":"product_cat-womens-clothing","8":"first","9":"instock","10":"shipping-taxable","11":"product-type-simple"},"_links":{"self":[{"href":"https:\/\/mj-clothing.com\/lt\/wp-json\/wp\/v2\/product\/2005","targetHints":{"allow":["GET"]}}],"collection":[{"href":"https:\/\/mj-clothing.com\/lt\/wp-json\/wp\/v2\/product"}],"about":[{"href":"https:\/\/mj-clothing.com\/lt\/wp-json\/wp\/v2\/types\/product"}],"wp:featuredmedia":[{"embeddable":true,"href":"https:\/\/mj-clothing.com\/lt\/wp-json\/wp\/v2\/media\/2006"}],"wp:attachment":[{"href":"https:\/\/mj-clothing.com\/lt\/wp-json\/wp\/v2\/media?parent=2005"}],"wp:term":[{"taxonomy":"product_brand","embeddable":true,"href":"https:\/\/mj-clothing.com\/lt\/wp-json\/wp\/v2\/product_brand?post=2005"},{"taxonomy":"product_cat","embeddable":true,"href":"https:\/\/mj-clothing.com\/lt\/wp-json\/wp\/v2\/product_cat?post=2005"},{"taxonomy":"product_tag","embeddable":true,"href":"https:\/\/mj-clothing.com\/lt\/wp-json\/wp\/v2\/product_tag?post=2005"}],"curies":[{"name":"wp","href":"https:\/\/api.w.org\/{rel}","templated":true}]}}