{"id":2008,"date":"2024-12-17T08:49:20","date_gmt":"2024-12-17T08:49:20","guid":{"rendered":"https:\/\/mj-clothing.com\/?post_type=product&#038;p=2008"},"modified":"2024-12-17T08:56:51","modified_gmt":"2024-12-17T08:56:51","slug":"womens-cashmere-long-coat","status":"publish","type":"product","link":"https:\/\/mj-clothing.com\/lt\/manufacturer\/womens-cashmere-long-coat\/","title":{"rendered":"Moteri\u0161kas ka\u0161myro ilgas paltas"},"content":{"rendered":"<div id=\"model-response-message-contentr_21586b4a0aa106d5\" class=\"markdown markdown-main-panel response-optimization\" dir=\"ltr\">\n<p data-sourcepos=\"1:1-1:191\">Moteri\u0161ki ka\u0161myro paltai yra prabangos, \u0161ilumos ir nesenstan\u010dio stiliaus \u012fsik\u016bnijimas. Tai reik\u0161minga investicija, galinti patobulinti bet kok\u012f \u017eiemos garderob\u0105. \u0160tai kuo jie tokie ypatingi:<\/p>\n<h3 data-sourcepos=\"3:1-3:17\"><strong>Kod\u0117l verta rinktis ka\u0161myro ilgus paltus?<\/strong><\/h3>\n<ul data-sourcepos=\"5:1-9:0\">\n<li data-sourcepos=\"5:1-5:146\"><strong><span class=\"citation-0 recitation\">Neprilygstamas mink\u0161tumas:<\/span><\/strong><span class=\"citation-0 recitation citation-end-0\"> Ka\u0161myro pluo\u0161tai yra ne\u012ftik\u0117tinai \u0161veln\u016bs, tod\u0117l oda yra prabangiai mink\u0161ta ir \u0161velni.<\/span><span class=\"button-container hide-from-message-actions ng-star-inserted\"> \u00a0<\/span>\n<div class=\"container ng-tns-c2960411664-95 hide\">\n<div class=\"carousel-container ng-tns-c2960411664-95\"><\/div>\n<\/div>\n<\/li>\n<li data-sourcepos=\"6:1-6:147\"><strong><span class=\"citation-1 recitation\">I\u0161skirtin\u0117 \u0161iluma:<\/span><\/strong><span class=\"citation-1 recitation citation-end-1\"> Nors ka\u0161myras yra lengvas, jis puikiai izoliuoja, tod\u0117l nesijau\u010diate apsunk\u0119, bet \u0161iluma i\u0161lieka.<\/span><span class=\"button-container hide-from-message-actions ng-star-inserted\">\u00a0<\/span>\n<div class=\"container ng-tns-c2960411664-96 hide\">\n<div class=\"carousel-container ng-tns-c2960411664-96\"><\/div>\n<\/div>\n<\/li>\n<li data-sourcepos=\"7:1-7:152\"><strong>Lengvas ir patogus:<\/strong> <span class=\"citation-2 recitation citation-end-2\">Ka\u0161myro drabu\u017eiai pasi\u017eymi lengvumu, tod\u0117l juos patogu d\u0117v\u0117ti ilgesn\u012f laik\u0105.<\/span><span class=\"button-container hide-from-message-actions ng-star-inserted\">\u00a0 \u00a0<\/span>\n<div class=\"container ng-tns-c2960411664-97 hide\">\n<div class=\"carousel-container ng-tns-c2960411664-97\"><\/div>\n<\/div>\n<\/li>\n<li data-sourcepos=\"8:1-9:0\"><strong><span class=\"citation-3 recitation\">Patvarumas:<\/span><\/strong><span class=\"citation-3 recitation citation-end-3\"> Tinkamai pri\u017ei\u016brint, auk\u0161tos kokyb\u0117s ka\u0161myro paltas gali tarnauti daugel\u012f met\u0173, tod\u0117l \u012f j\u012f verta investuoti.<\/span><span class=\"button-container hide-from-message-actions ng-star-inserted\">\u00a0 \u00a0<\/span>\n<div class=\"container ng-tns-c2960411664-98 hide\">\n<div class=\"carousel-container ng-tns-c2960411664-98\"><\/div>\n<\/div>\n<\/li>\n<\/ul>\n<h3 data-sourcepos=\"10:1-10:41\"><strong>Pagrindin\u0117s ka\u0161myro ilg\u0173 moteri\u0161k\u0173 palt\u0173 savyb\u0117s:<\/strong><\/h3>\n<ul data-sourcepos=\"12:1-22:0\">\n<li data-sourcepos=\"12:1-12:85\"><strong>Ilgis:<\/strong> \u012eprastai siekia \u017eemiau keli\u0173, tod\u0117l maksimaliai apr\u0117pia ir su\u0161ildo.<\/li>\n<li data-sourcepos=\"13:1-16:93\"><strong>Klasikiniai stiliai:<\/strong> Da\u017enai pasi\u017eymi nesenstan\u010diais siluetais, pvz:\n<ul data-sourcepos=\"14:5-16:93\">\n<li data-sourcepos=\"14:5-14:88\"><strong>Vienspalv\u0117:<\/strong> Klasikinis ir universalus stilius su viena eile sag\u0173.<\/li>\n<li data-sourcepos=\"15:5-15:87\"><strong>Dvigubo kirpimo:<\/strong> <span class=\"citation-4 recitation citation-end-4\">Formalesnis stilius su dviem eil\u0117mis sag\u0173.<\/span><span class=\"button-container hide-from-message-actions ng-star-inserted\">\u00a0 \u00a0<\/span>\n<div class=\"container ng-tns-c2960411664-99 hide\">\n<div class=\"carousel-container ng-tns-c2960411664-99\"><\/div>\n<\/div>\n<\/li>\n<li data-sourcepos=\"16:5-16:93\"><strong><span class=\"citation-5 recitation\">Apsiaustas:<\/span><\/strong><span class=\"citation-5 recitation citation-end-5\"> Laisvas ir eleganti\u0161kas stilius, kur\u012f galima susijuosti dir\u017eu.<\/span><span class=\"button-container hide-from-message-actions ng-star-inserted\"> \u00a0<\/span>\n<div class=\"container ng-tns-c2960411664-100 hide\">\n<div class=\"carousel-container ng-tns-c2960411664-100\">\n<div class=\"carousel-content ng-tns-c2960411664-100\">\n<div class=\"sources-carousel-source ng-tns-c2960411664-100 hide ng-star-inserted\" data-test-id=\"sources-carousel-source\"><\/div>\n<\/div>\n<\/div>\n<\/div>\n<\/li>\n<\/ul>\n<\/li>\n<li data-sourcepos=\"17:1-20:67\"><strong>Apykakl\u0117s parinktys:<\/strong> Gali b\u016bti \u012fvairi\u0173 apykakl\u0117s stili\u0173, pvz:\n<ul data-sourcepos=\"18:5-20:67\">\n<li data-sourcepos=\"18:5-18:69\"><strong><span class=\"citation-6 recitation\">Atvartas su \u012fpjovomis:<\/span><\/strong><span class=\"citation-6 recitation citation-end-6\"> Klasikin\u0117 ir universali apykakl\u0117.<\/span><span class=\"button-container hide-from-message-actions ng-star-inserted\">\u00a0<\/span>\n<div class=\"container ng-tns-c2960411664-101 hide\">\n<div class=\"carousel-container ng-tns-c2960411664-101\"><\/div>\n<\/div>\n<\/li>\n<li data-sourcepos=\"19:5-19:57\"><strong>\u0160aliko formos apykakl\u0117:<\/strong> Laisvesn\u0117 ir jaukesn\u0117 apykakl\u0117.<\/li>\n<li data-sourcepos=\"20:5-20:67\"><strong>Stand-up apykakl\u0117:<\/strong> Suteikia papildom\u0105 \u0161ilum\u0105 aplink kakl\u0105.<\/li>\n<\/ul>\n<\/li>\n<li data-sourcepos=\"21:1-22:0\"><strong>Minimalios detal\u0117s:<\/strong> Da\u017enai pasi\u017eymi \u0161variomis linijomis ir minimaliomis detal\u0117mis, kad i\u0161ry\u0161k\u0117t\u0173 prabangus audinys.<\/li>\n<\/ul>\n<h3 data-sourcepos=\"23:1-23:56\"><strong>K\u0105 reik\u0117t\u0173 apsvarstyti perkant ka\u0161myro ilgus paltus moterims:<\/strong><\/h3>\n<ul data-sourcepos=\"25:1-30:0\">\n<li data-sourcepos=\"25:1-25:129\"><strong>Ka\u0161myras Kokyb\u0117:<\/strong> Ie\u0161kokite palt\u0173, pagamint\u0173 i\u0161 100% ka\u0161myro arba ka\u0161myro, kurio didel\u0117 dalis yra mai\u0161yta su kitais \u0161velniais pluo\u0161tais.<\/li>\n<li data-sourcepos=\"26:1-26:134\"><strong>Svoris:<\/strong> Ka\u0161myro svoris turi \u012ftakos jo \u0161ilumai ir aptempimui. Sunkesnis ka\u0161myras paprastai b\u016bna \u0161iltesnis, bet gali b\u016bti ir stambesnis.<\/li>\n<li data-sourcepos=\"27:1-27:89\"><strong>Statyba:<\/strong> Patikrinkite dygsni\u0173 ir pamu\u0161alo kokyb\u0119, kad u\u017etikrintum\u0117te ilgaam\u017ei\u0161kum\u0105.<\/li>\n<li data-sourcepos=\"28:1-28:99\"><strong>Tinka:<\/strong> Rinkit\u0117s palt\u0105, kuris gerai priglunda prie pe\u010di\u0173 ir kur\u012f galima patogiai sluoksniuoti.<\/li>\n<li data-sourcepos=\"29:1-30:0\"><strong>Kaina:<\/strong> <span class=\"citation-7 recitation citation-end-7\">Ka\u0161myro paltai yra investicija, tod\u0117l b\u016bkite pasireng\u0119 i\u0161leisti nema\u017e\u0105 sum\u0105.<\/span> Ta\u010diau tinkamai pri\u017ei\u016brimas jis tarnaus daugel\u012f met\u0173.<span class=\"button-container hide-from-message-actions ng-star-inserted\">\u00a0<\/span>\n<div class=\"container ng-tns-c2960411664-102 hide\">\n<div class=\"carousel-container ng-tns-c2960411664-102\"><\/div>\n<\/div>\n<\/li>\n<\/ul>\n<h3 data-sourcepos=\"31:1-31:46\"><strong>Kur rasti ilgus ka\u0161myro paltus moterims:<\/strong><\/h3>\n<ul data-sourcepos=\"33:1-37:0\">\n<li data-sourcepos=\"33:1-33:80\"><strong>Auk\u0161tos klas\u0117s universalin\u0117s parduotuv\u0117s:<\/strong> \"Nordstrom\", \"Saks Fifth Avenue\", \"Bloomingdale's<\/li>\n<li data-sourcepos=\"34:1-34:52\"><strong>Prabang\u016bs preki\u0173 \u017eenklai:<\/strong> \"Max Mara\", \"Loro Piana\", \"The Row<\/li>\n<li data-sourcepos=\"35:1-35:80\"><strong>Specializuoti ka\u0161myro ma\u017emenininkai:<\/strong> <span class=\"citation-8 recitation citation-end-8\">GOBI Cashmere, Sofia Cashmere<\/span><span class=\"button-container hide-from-message-actions ng-star-inserted\">\u00a0 \u00a0<\/span>\n<div class=\"container ng-tns-c2960411664-103 hide\">\n<div class=\"carousel-container ng-tns-c2960411664-103\"><\/div>\n<\/div>\n<\/li>\n<li data-sourcepos=\"36:1-37:0\"><strong>Interneto ma\u017emenininkai:<\/strong> \"Farfetch\", \"Net-a-Porter\", \"Mytheresa<\/li>\n<\/ul>\n<p data-sourcepos=\"38:1-38:122\">Moteri\u0161kas ka\u0161myro ilgas paltas - prabangi ir nesenstanti investicija, kuri ilgus metus bus \u0161ilta ir stilinga.<\/p>\n<\/div>\n<div class=\"response-footer gap complete\">\n<div class=\"container ng-tns-c2960411664-94\">\n<div class=\"carousel-container ng-tns-c2960411664-94\">\n<div class=\"carousel-content ng-tns-c2960411664-94\">\n<div class=\"sources-carousel-source ng-tns-c2960411664-94 ng-star-inserted\" data-test-id=\"sources-carousel-source\">\n<div class=\"source-card-container\">\n<div class=\"source-card-content\">\n<div class=\"source-card-body\">\n<div class=\"source-card-header\">\n<div class=\"source-card-title\"><\/div>\n<\/div>\n<\/div>\n<\/div>\n<\/div>\n<\/div>\n<\/div>\n<\/div>\n<\/div>\n<\/div>","protected":false},"excerpt":{"rendered":"<table style=\"height: 596px;\" width=\"487\">\n<tbody>\n<tr>\n<td width=\"146\"><strong><b>Produktas<\/b><\/strong>\u00a0<strong><b>Vardas ir pavard\u0117:<\/b><\/strong><\/td>\n<td width=\"601\"><strong>Moteri\u0161kas ka\u0161myro ilgas paltas<\/strong><\/td>\n<\/tr>\n<tr>\n<td width=\"146\"><strong><b>Materlal:<\/b><\/strong><\/td>\n<td width=\"601\">Mezgimas<\/td>\n<\/tr>\n<tr>\n<td width=\"146\"><strong><b>Technika:<\/b><\/strong><\/td>\n<td width=\"601\">Siuvin\u0117ti<\/td>\n<\/tr>\n<tr>\n<td width=\"146\"><strong><b>Stilius:<\/b><\/strong><\/td>\n<td width=\"601\">Atsitiktinis<\/td>\n<\/tr>\n<tr>\n<td width=\"146\"><strong><b>Spalva<\/b><\/strong><strong><b>:<\/b><\/strong><\/td>\n<td width=\"601\">\u00a0Pasirinktin\u0117s spalvos<\/td>\n<\/tr>\n<tr>\n<td width=\"146\"><strong><b>Dydis:<\/b><\/strong><\/td>\n<td width=\"601\">S \/M \/L \/XL \/2XL<\/td>\n<\/tr>\n<tr>\n<td width=\"146\"><strong><b>OEM\/ODM:<\/b><\/strong><\/td>\n<td width=\"601\">Priimtina<\/td>\n<\/tr>\n<tr>\n<td width=\"146\"><strong><b>Kokyb\u0117:<\/b><\/strong><\/td>\n<td width=\"601\">100% Auk\u0161ta kokyb\u0117<\/td>\n<\/tr>\n<tr>\n<td width=\"146\"><strong><b>M<\/b><\/strong><strong><b>OQ:<\/b><\/strong><\/td>\n<td width=\"601\">200 vnt.<\/td>\n<\/tr>\n<\/tbody>\n<\/table>","protected":false},"featured_media":2009,"template":"","meta":[],"product_brand":[],"product_cat":[39],"product_tag":[],"class_list":{"0":"post-2008","1":"product","2":"type-product","3":"status-publish","4":"has-post-thumbnail","6":"product_cat-womens-clothing","8":"first","9":"instock","10":"shipping-taxable","11":"product-type-simple"},"_links":{"self":[{"href":"https:\/\/mj-clothing.com\/lt\/wp-json\/wp\/v2\/product\/2008","targetHints":{"allow":["GET"]}}],"collection":[{"href":"https:\/\/mj-clothing.com\/lt\/wp-json\/wp\/v2\/product"}],"about":[{"href":"https:\/\/mj-clothing.com\/lt\/wp-json\/wp\/v2\/types\/product"}],"wp:featuredmedia":[{"embeddable":true,"href":"https:\/\/mj-clothing.com\/lt\/wp-json\/wp\/v2\/media\/2009"}],"wp:attachment":[{"href":"https:\/\/mj-clothing.com\/lt\/wp-json\/wp\/v2\/media?parent=2008"}],"wp:term":[{"taxonomy":"product_brand","embeddable":true,"href":"https:\/\/mj-clothing.com\/lt\/wp-json\/wp\/v2\/product_brand?post=2008"},{"taxonomy":"product_cat","embeddable":true,"href":"https:\/\/mj-clothing.com\/lt\/wp-json\/wp\/v2\/product_cat?post=2008"},{"taxonomy":"product_tag","embeddable":true,"href":"https:\/\/mj-clothing.com\/lt\/wp-json\/wp\/v2\/product_tag?post=2008"}],"curies":[{"name":"wp","href":"https:\/\/api.w.org\/{rel}","templated":true}]}}