{"id":2010,"date":"2024-12-17T08:55:56","date_gmt":"2024-12-17T08:55:56","guid":{"rendered":"https:\/\/mj-clothing.com\/?post_type=product&#038;p=2010"},"modified":"2024-12-17T08:55:56","modified_gmt":"2024-12-17T08:55:56","slug":"black-long-wool-coat-womens","status":"publish","type":"product","link":"https:\/\/mj-clothing.com\/lt\/manufacturer\/black-long-wool-coat-womens\/","title":{"rendered":"Juodas ilgas vilnonis paltas Moteri\u0161kas"},"content":{"rendered":"<p data-sourcepos=\"1:1-1:191\">Juodas ilgas vilnonis moteri\u0161kas paltas yra tikras garderobo elementas, b\u016btinas kiekvienai moteriai. Tai klasikinis drabu\u017eis, kuriame dera prakti\u0161kumas, \u0161iluma ir nesenstantis stilius. \u010cia pateikiame, kuo jie tokie puik\u016bs:<\/p>\n<h3 data-sourcepos=\"3:1-3:13\"><strong>Kod\u0117l verta rinktis juod\u0105 ilg\u0105 vilnon\u012f palt\u0105 Moter\u0173 vilna?<\/strong><\/h3>\n<ul data-sourcepos=\"5:1-9:0\">\n<li data-sourcepos=\"5:1-5:116\"><strong><span class=\"citation-0 recitation\">\u0160iluma:<\/span><\/strong><span class=\"citation-0 recitation citation-end-0\"> Vilna yra nat\u016bralus izoliatorius, tod\u0117l puikiai \u0161ildo net esant labai \u017eemai temperat\u016brai.<\/span><span class=\"button-container hide-from-message-actions ng-star-inserted\"> \u00a0<\/span>\n<div class=\"container ng-tns-c2960411664-110 hide\">\n<div class=\"carousel-container ng-tns-c2960411664-110\"><\/div>\n<\/div>\n<\/li>\n<li data-sourcepos=\"6:1-6:114\"><strong><span class=\"citation-1 recitation\">Patvarumas:<\/span><\/strong><span class=\"citation-1 recitation citation-end-1\"> Vilnos pluo\u0161tai yra tvirti ir elastingi, tod\u0117l vilnoniai kailiai yra patvar\u016bs ir ilgaam\u017eiai.<\/span><span class=\"button-container hide-from-message-actions ng-star-inserted\"> \u00a0<\/span>\n<div class=\"container ng-tns-c2960411664-111 hide\">\n<div class=\"carousel-container ng-tns-c2960411664-111\"><\/div>\n<\/div>\n<\/li>\n<li data-sourcepos=\"7:1-7:130\"><strong><span class=\"citation-2 recitation\">Atsparumas vandeniui:<\/span><\/strong><span class=\"citation-2 recitation citation-end-2\"> Vilna pasi\u017eymi nat\u016braliomis vanden\u012f atstumian\u010diomis savyb\u0117mis, tod\u0117l padeda i\u0161likti sausiems lyjant ar sningant.<\/span><span class=\"button-container hide-from-message-actions ng-star-inserted\"> \u00a0<\/span>\n<div class=\"container ng-tns-c2960411664-112 hide\">\n<div class=\"carousel-container ng-tns-c2960411664-112\"><\/div>\n<\/div>\n<\/li>\n<li data-sourcepos=\"8:1-9:0\"><strong><span class=\"citation-3 recitation\">Kv\u0117pavimas:<\/span><\/strong><span class=\"citation-3 recitation citation-end-3\"> Vilna yra pralaidi orui, tod\u0117l padeda reguliuoti k\u016bno temperat\u016br\u0105 ir i\u0161vengti perkaitimo.<\/span><span class=\"button-container hide-from-message-actions ng-star-inserted\">\u00a0 \u00a0<\/span>\n<div class=\"container ng-tns-c2960411664-113 hide\">\n<div class=\"carousel-container ng-tns-c2960411664-113\"><\/div>\n<\/div>\n<\/li>\n<\/ul>\n<h3 data-sourcepos=\"10:1-10:43\"><strong>Pagrindin\u0117s juodos spalvos ilgo vilnonio moteri\u0161ko palto savyb\u0117s:<\/strong><\/h3>\n<ul data-sourcepos=\"12:1-23:0\">\n<li data-sourcepos=\"12:1-12:137\"><strong>Ilgis:<\/strong> \u012eprastai siekia \u017eemiau keli\u0173, tod\u0117l maksimaliai apr\u0117pia ir su\u0161ildo. Toks ilgis taip pat labai priglunda prie k\u016bno ir j\u012f pailgina.<\/li>\n<li data-sourcepos=\"13:1-13:125\"><strong>Spalva:<\/strong> Juoda spalva yra ne\u012ftik\u0117tinai universali ir tinka prie visko. Tai klasikinis pasirinkimas, kuris niekada nei\u0161eis i\u0161 mados.<\/li>\n<li data-sourcepos=\"14:1-18:62\"><strong>Klasikiniai stiliai:<\/strong> Da\u017eniausiai pasitaikantys stiliai:\n<ul data-sourcepos=\"15:5-18:62\">\n<li data-sourcepos=\"15:5-15:89\"><strong>Vienspalv\u0117:<\/strong> Nesenstantis ir universalus stilius su viena eile sag\u0173.<\/li>\n<li data-sourcepos=\"16:5-16:102\"><strong>Dvigubo kirpimo:<\/strong> <span class=\"citation-4 recitation citation-end-4\">Formalesnis ir strukt\u016bri\u0161kesnis stilius su dviem eil\u0117mis sag\u0173.<\/span><span class=\"button-container hide-from-message-actions ng-star-inserted\">\u00a0<\/span>\n<div class=\"container ng-tns-c2960411664-114 hide\">\n<div class=\"carousel-container ng-tns-c2960411664-114\"><\/div>\n<\/div>\n<\/li>\n<li data-sourcepos=\"17:5-17:93\"><strong><span class=\"citation-5 recitation\">Apsiaustas:<\/span><\/strong><span class=\"citation-5 recitation citation-end-5\"> Laisvas ir eleganti\u0161kas stilius, kur\u012f galima susijuosti dir\u017eu.<\/span><span class=\"button-container hide-from-message-actions ng-star-inserted\"> \u00a0<\/span>\n<div class=\"container ng-tns-c2960411664-115 hide\">\n<div class=\"carousel-container ng-tns-c2960411664-115\"><\/div>\n<\/div>\n<\/li>\n<li data-sourcepos=\"18:5-18:62\"><strong>\u010cesterfildas:<\/strong> Formalus stilius su aksomine apykakle.<\/li>\n<\/ul>\n<\/li>\n<li data-sourcepos=\"19:1-23:0\"><strong>Apykakl\u0117s parinktys:<\/strong>\n<ul data-sourcepos=\"20:5-23:0\">\n<li data-sourcepos=\"20:5-20:69\"><strong><span class=\"citation-6 recitation\">Atvartas su \u012fpjovomis:<\/span><\/strong><span class=\"citation-6 recitation citation-end-6\"> Klasikin\u0117 ir universali apykakl\u0117.<\/span><span class=\"button-container hide-from-message-actions ng-star-inserted\"> \u00a0<\/span>\n<div class=\"container ng-tns-c2960411664-116 hide\">\n<div class=\"carousel-container ng-tns-c2960411664-116\"><\/div>\n<\/div>\n<\/li>\n<li data-sourcepos=\"21:5-21:71\"><strong><span class=\"citation-7 recitation\">Vir\u0161\u016bninis atvartas:<\/span><\/strong><span class=\"citation-7 recitation citation-end-7\"> Oficialesn\u0117 ir dramati\u0161kesn\u0117 apykakl\u0117.<\/span><span class=\"button-container hide-from-message-actions ng-star-inserted\"> \u00a0<\/span>\n<div class=\"container ng-tns-c2960411664-117 hide\">\n<div class=\"carousel-container ng-tns-c2960411664-117\"><\/div>\n<\/div>\n<\/li>\n<li data-sourcepos=\"22:5-23:0\"><strong>Stand-up apykakl\u0117:<\/strong> Suteikia papildom\u0105 \u0161ilum\u0105 aplink kakl\u0105.<\/li>\n<\/ul>\n<\/li>\n<\/ul>\n<h3 data-sourcepos=\"24:1-24:58\"><strong>K\u0105 reik\u0117t\u0173 apsvarstyti perkant juod\u0105 ilg\u0105 vilnon\u012f palt\u0105 moterims:<\/strong><\/h3>\n<ul data-sourcepos=\"26:1-31:0\">\n<li data-sourcepos=\"26:1-26:101\"><strong>Vilnos kokyb\u0117:<\/strong> Ie\u0161kokite palt\u0173, pagamint\u0173 i\u0161 auk\u0161tos kokyb\u0117s vilnos, pavyzd\u017eiui, merinos\u0173 vilnos arba nat\u016bralios vilnos.<\/li>\n<li data-sourcepos=\"27:1-27:75\"><strong>Pamu\u0161alas:<\/strong> Geras pamu\u0161alas padidins palto \u0161ilum\u0105 ir patvarum\u0105.<\/li>\n<li data-sourcepos=\"28:1-28:99\"><strong>Tinka:<\/strong> \u012esitikinkite, kad paltas gerai priglunda prie pe\u010di\u0173 ir j\u012f galima patogiai sluoksniuoti.<\/li>\n<li data-sourcepos=\"29:1-29:72\"><strong>I\u0161sami informacija:<\/strong> Atsi\u017evelkite \u012f tokias detales kaip ki\u0161en\u0117s, sagos ir dir\u017eo kilpos.<\/li>\n<li data-sourcepos=\"30:1-31:0\"><strong><span class=\"citation-8 recitation\">Kaina:<\/span><\/strong><span class=\"citation-8 recitation citation-end-8\"> \u012e geros kokyb\u0117s vilnon\u012f palt\u0105 reikia investuoti, ta\u010diau jis tarnaus daugel\u012f met\u0173.<\/span><span class=\"button-container hide-from-message-actions ng-star-inserted\">\u00a0 \u00a0<\/span>\n<div class=\"container ng-tns-c2960411664-118 hide\">\n<div class=\"carousel-container ng-tns-c2960411664-118\"><\/div>\n<\/div>\n<\/li>\n<\/ul>\n<h3 data-sourcepos=\"32:1-32:40\"><strong>Kaip stilizuoti juod\u0105 ilg\u0105 vilnon\u012f palt\u0105 moterims:<\/strong><\/h3>\n<ul data-sourcepos=\"34:1-37:0\">\n<li data-sourcepos=\"34:1-34:85\"><strong>Atsitiktinis:<\/strong> Klasikin\u012f kasdien\u012f \u012fvaizd\u012f sukursite su d\u017einsais, megztiniu ir batais.<\/li>\n<li data-sourcepos=\"35:1-35:95\"><strong>Darbo reikalais:<\/strong> D\u0117v\u0117kite j\u012f ant palaidin\u0117s ir kelni\u0173 ar sijono, kad atrodytum\u0117te profesionaliai.<\/li>\n<li data-sourcepos=\"36:1-37:0\"><strong>Puo\u0161nus drabu\u017eis:<\/strong> Sluoksniuokite j\u012f ant suknel\u0117s ar vakarin\u0117s aprangos, kad atrodytum\u0117te rafinuotai.<\/li>\n<\/ul>\n<p data-sourcepos=\"38:1-38:217\"><span class=\"citation-9 recitation citation-end-9\">Juodas ilgas vilnonis paltas yra universalus ir b\u016btinas drabu\u017eis, kuris \u017eiemos sezono metu bus \u0161iltas ir stilingas.<\/span> Tai verta investicija, kuri\u0105 gal\u0117site ne\u0161ioti daugel\u012f met\u0173.<span class=\"button-container hide-from-message-actions ng-star-inserted\"> \u00a0 <\/span><\/p>","protected":false},"excerpt":{"rendered":"<table style=\"height: 647px;\" width=\"508\">\n<tbody>\n<tr>\n<td width=\"146\"><strong><b>Produktas<\/b><\/strong>\u00a0<strong><b>Vardas ir pavard\u0117:<\/b><\/strong><\/td>\n<td width=\"601\"><strong>Juodas ilgas vilnonis paltas Moteri\u0161kas<\/strong><\/td>\n<\/tr>\n<tr>\n<td width=\"146\"><strong><b>Materlal:<\/b><\/strong><\/td>\n<td width=\"601\">Mezgimas<\/td>\n<\/tr>\n<tr>\n<td width=\"146\"><strong><b>Technika:<\/b><\/strong><\/td>\n<td width=\"601\">Siuvin\u0117ti<\/td>\n<\/tr>\n<tr>\n<td width=\"146\"><strong><b>Stilius:<\/b><\/strong><\/td>\n<td width=\"601\">Atsitiktinis<\/td>\n<\/tr>\n<tr>\n<td width=\"146\"><strong><b>Spalva<\/b><\/strong><strong><b>:<\/b><\/strong><\/td>\n<td width=\"601\">\u00a0Pasirinktin\u0117s spalvos<\/td>\n<\/tr>\n<tr>\n<td width=\"146\"><strong><b>Dydis:<\/b><\/strong><\/td>\n<td width=\"601\">S \/M \/L \/XL \/2XL<\/td>\n<\/tr>\n<tr>\n<td width=\"146\"><strong><b>OEM\/ODM:<\/b><\/strong><\/td>\n<td width=\"601\">Priimtina<\/td>\n<\/tr>\n<tr>\n<td width=\"146\"><strong><b>Kokyb\u0117:<\/b><\/strong><\/td>\n<td width=\"601\">100% Auk\u0161ta kokyb\u0117<\/td>\n<\/tr>\n<tr>\n<td width=\"146\"><strong><b>M<\/b><\/strong><strong><b>OQ:<\/b><\/strong><\/td>\n<td width=\"601\">200 vnt.<\/td>\n<\/tr>\n<\/tbody>\n<\/table>","protected":false},"featured_media":2011,"template":"","meta":[],"product_brand":[],"product_cat":[39],"product_tag":[],"class_list":{"0":"post-2010","1":"product","2":"type-product","3":"status-publish","4":"has-post-thumbnail","6":"product_cat-womens-clothing","8":"first","9":"instock","10":"shipping-taxable","11":"product-type-simple"},"_links":{"self":[{"href":"https:\/\/mj-clothing.com\/lt\/wp-json\/wp\/v2\/product\/2010","targetHints":{"allow":["GET"]}}],"collection":[{"href":"https:\/\/mj-clothing.com\/lt\/wp-json\/wp\/v2\/product"}],"about":[{"href":"https:\/\/mj-clothing.com\/lt\/wp-json\/wp\/v2\/types\/product"}],"wp:featuredmedia":[{"embeddable":true,"href":"https:\/\/mj-clothing.com\/lt\/wp-json\/wp\/v2\/media\/2011"}],"wp:attachment":[{"href":"https:\/\/mj-clothing.com\/lt\/wp-json\/wp\/v2\/media?parent=2010"}],"wp:term":[{"taxonomy":"product_brand","embeddable":true,"href":"https:\/\/mj-clothing.com\/lt\/wp-json\/wp\/v2\/product_brand?post=2010"},{"taxonomy":"product_cat","embeddable":true,"href":"https:\/\/mj-clothing.com\/lt\/wp-json\/wp\/v2\/product_cat?post=2010"},{"taxonomy":"product_tag","embeddable":true,"href":"https:\/\/mj-clothing.com\/lt\/wp-json\/wp\/v2\/product_tag?post=2010"}],"curies":[{"name":"wp","href":"https:\/\/api.w.org\/{rel}","templated":true}]}}