{"id":2015,"date":"2024-12-17T09:10:45","date_gmt":"2024-12-17T09:10:45","guid":{"rendered":"https:\/\/mj-clothing.com\/?post_type=product&#038;p=2015"},"modified":"2024-12-17T09:10:45","modified_gmt":"2024-12-17T09:10:45","slug":"womens-petite-long-coats","status":"publish","type":"product","link":"https:\/\/mj-clothing.com\/lt\/manufacturer\/womens-petite-long-coats\/","title":{"rendered":"Moteri\u0161ki smulk\u016bs ilgi paltai"},"content":{"rendered":"<p data-sourcepos=\"1:1-1:144\">J\u016bs ie\u0161kote moteri\u0161k\u0173 ilg\u0173 palt\u0173 Petite, kuriuose b\u016bt\u0173 \u0161ilta, stilinga ir tinkama \u017eieminio palto forma! \u0160tai vadovas, kaip rasti ideal\u0173 moteri\u0161k\u0105 petite ilg\u0105 palt\u0105:<\/p>\n<h3 data-sourcepos=\"3:1-3:39\"><strong>Kod\u0117l ilgiems paltams svarbu \"Petite\"?<\/strong><\/h3>\n<p data-sourcepos=\"5:1-5:132\">Standartinio dyd\u017eio ilgi paltai da\u017enai gali u\u017ego\u017eti smulkaus sud\u0117jimo (paprastai laikomi ne didesniais nei 175 cm). Smulki\u0173 dyd\u017ei\u0173 modeliai padeda spr\u0119sti \u0161i\u0105 problem\u0105:<\/p>\n<ul data-sourcepos=\"7:1-11:0\">\n<li data-sourcepos=\"7:1-7:128\"><strong>Sutrumpintas ilgis:<\/strong> Bendras palto ilgis sutrumpintas, kad jis j\u016bs\u0173 neu\u017ego\u017et\u0173. Siekite ma\u017edaug iki keli\u0173 arba \u0161iek tiek \u017eemiau.<\/li>\n<li data-sourcepos=\"8:1-8:112\"><strong>Trumpesn\u0117s rankov\u0117s:<\/strong> Rankovi\u0173 ilgis siekia rie\u0161\u0105, tod\u0117l nereikia brangiai kainuojan\u010di\u0173 pakeitim\u0173.<\/li>\n<li data-sourcepos=\"9:1-9:107\"><strong>Auk\u0161tesn\u0117s pa\u017east\u0173 i\u0161kirpt\u0117s:<\/strong> Taip i\u0161vengiama audinio pertekliaus susikaupimo po pa\u017eastimis ir sukuriamas dailesnis siluetas.<\/li>\n<li data-sourcepos=\"10:1-11:0\"><strong>Siauresni pe\u010diai:<\/strong> Pe\u010di\u0173 si\u016bl\u0117s pritaikytos ma\u017eesniam \u016bgiui, tod\u0117l drabu\u017eiai neatrodo krentantys ar blogai priglud\u0119.<\/li>\n<\/ul>\n<h3 data-sourcepos=\"12:1-12:46\"><strong>Moteri\u0161k\u0173 smulki\u0173 ilg\u0173 palt\u0173 privalumai (net ir smulkioms moterims)<\/strong><\/h3>\n<ul data-sourcepos=\"14:1-17:0\">\n<li data-sourcepos=\"14:1-14:103\"><strong>Did\u017eiausia \u0161iluma:<\/strong> Ilgi paltai puikiai dengia, kad b\u016bt\u0173 jauku ir \u0161al\u010diausiu oru.<\/li>\n<li data-sourcepos=\"15:1-15:106\"><strong>Eleganti\u0161kas siluetas:<\/strong> Gerai priglud\u0119s ilgas paltas gali ne\u012ftik\u0117tinai paglostyti j\u016bs\u0173 fig\u016br\u0105 ir j\u0105 pailginti.<\/li>\n<li data-sourcepos=\"16:1-17:0\"><strong>Universalumas:<\/strong> Apsivilkite j\u012f su auk\u0161takulniais ir suknele arba su d\u017einsais ir batais - ilgas paltas tinka \u012fvairiems stiliams.<\/li>\n<\/ul>\n<h3 data-sourcepos=\"18:1-18:30\"><strong>Pagrindin\u0117s smulkesni\u0173 ilg\u0173 palt\u0173 moterims savyb\u0117s<\/strong><\/h3>\n<ul data-sourcepos=\"20:1-30:0\">\n<li data-sourcepos=\"20:1-20:156\"><strong>Ilgis:<\/strong> Kaip min\u0117ta, siekite, kad drabu\u017eiai siekt\u0173 kelius arba b\u016bt\u0173 \u0161iek tiek \u017eemesni. Venkite palt\u0173 iki grind\u0173, nebent norite dramati\u0161ko, madingo \u012fvaizd\u017eio.<\/li>\n<li data-sourcepos=\"21:1-21:174\"><strong>Tinka:<\/strong> Tai labai svarbu! Atkreipkite d\u0117mes\u012f \u012f petne\u0161\u0117li\u0173 ilgus paltus (si\u016bl\u0117s turi b\u016bti prie pe\u010di\u0173 kra\u0161to) ir kr\u016btin\u0117s form\u0105 (paltas turi b\u016bti patogiai u\u017esegamas ir nesitraukti).<\/li>\n<li data-sourcepos=\"22:1-22:52\"><strong>Rankov\u0117s:<\/strong> Jie tur\u0117t\u0173 baigtis ties rie\u0161o kaulu.<\/li>\n<li data-sourcepos=\"23:1-27:84\"><strong>Stilius:<\/strong>\n<ul data-sourcepos=\"24:5-27:84\">\n<li data-sourcepos=\"24:5-24:87\"><strong>Vienspalv\u0117:<\/strong> Klasikiniai ir universal\u016bs, da\u017enai su viena eile sag\u0173.<\/li>\n<li data-sourcepos=\"25:5-25:142\"><strong>Dvigubo kirpimo:<\/strong> Labiau strukt\u016bri\u0161kas ir oficialus, su dviem eil\u0117mis sag\u0173. Smulkiaplauk\u0117ms gali b\u016bti sud\u0117tingiau, tod\u0117l atkreipkite ypating\u0105 d\u0117mes\u012f \u012f tinkamum\u0105.<\/li>\n<li data-sourcepos=\"26:5-26:78\"><strong>Apsiaustas:<\/strong> Sukuria apibr\u0117\u017et\u0105 liemen\u012f ir reguliuojasi dir\u017eu.<\/li>\n<li data-sourcepos=\"27:5-27:84\"><strong>A formos linija:<\/strong> \u0160iek tiek plat\u0117janti apa\u010dia, deranti prie platesni\u0173 pe\u010di\u0173 ar klub\u0173.<\/li>\n<\/ul>\n<\/li>\n<li data-sourcepos=\"28:1-28:112\"><strong>Audinys:<\/strong> Vilna yra klasikinis \u0161iltas pasirinkimas, ta\u010diau apsvarstykite mi\u0161inius, jei norite ma\u017eesnio svorio arba didesnio patvarumo.<\/li>\n<li data-sourcepos=\"29:1-30:0\"><strong>Spalva:<\/strong> Juoda, tamsiai m\u0117lyna ir pilka spalvos yra am\u017einos. Spalv\u0173 atspalv\u012f suteiks kupranugario, bordo ar mi\u0161ko \u017ealia.<\/li>\n<\/ul>\n<h3 data-sourcepos=\"31:1-31:28\"><strong>Ma\u017eyli\u0173 stiliaus patarimai<\/strong><\/h3>\n<ul data-sourcepos=\"33:1-37:0\">\n<li data-sourcepos=\"33:1-33:86\"><strong>Venkite per didelio dyd\u017eio:<\/strong> Jis gali paskandinti j\u016bs\u0173 r\u0117m\u0105. Rinkit\u0117s prigludus\u012f arba prigludus\u012f stili\u0173.<\/li>\n<li data-sourcepos=\"34:1-34:78\"><strong>Dir\u017eai - j\u016bs\u0173 draugas:<\/strong> Apibr\u0117\u017ekite liemen\u012f, kad neatrodytum\u0117te beformiai.<\/li>\n<li data-sourcepos=\"35:1-35:94\"><strong>Auk\u0161takulniai arba batai su pakulne:<\/strong> Padidinkite \u016bg\u012f ir pailginkite kojas, kad i\u0161laikytum\u0117te pusiausvyr\u0105 tarp palto ilgio.<\/li>\n<li data-sourcepos=\"36:1-37:0\"><strong>Laikykit\u0117s paprastumo:<\/strong> Venkite pernelyg dideli\u0173 apim\u010di\u0173 ar puo\u0161men\u0173, kurios gali u\u017ego\u017eti j\u016bs\u0173 r\u0117m\u0105.<\/li>\n<\/ul>","protected":false},"excerpt":{"rendered":"<table style=\"height: 612px;\" width=\"488\">\n<tbody>\n<tr>\n<td width=\"146\"><strong><b>Produktas<\/b><\/strong>\u00a0<strong><b>Vardas ir pavard\u0117:<\/b><\/strong><\/td>\n<td width=\"601\"><strong>Moteri\u0161ki smulk\u016bs ilgi paltai<\/strong><\/td>\n<\/tr>\n<tr>\n<td width=\"146\"><strong><b>Materlal:<\/b><\/strong><\/td>\n<td width=\"601\">Mezgimas<\/td>\n<\/tr>\n<tr>\n<td width=\"146\"><strong><b>Technika:<\/b><\/strong><\/td>\n<td width=\"601\">Siuvin\u0117ti<\/td>\n<\/tr>\n<tr>\n<td width=\"146\"><strong><b>Stilius:<\/b><\/strong><\/td>\n<td width=\"601\">Atsitiktinis<\/td>\n<\/tr>\n<tr>\n<td width=\"146\"><strong><b>Spalva<\/b><\/strong><strong><b>:<\/b><\/strong><\/td>\n<td width=\"601\">\u00a0Pasirinktin\u0117s spalvos<\/td>\n<\/tr>\n<tr>\n<td width=\"146\"><strong><b>Dydis:<\/b><\/strong><\/td>\n<td width=\"601\">S \/M \/L \/XL \/2XL<\/td>\n<\/tr>\n<tr>\n<td width=\"146\"><strong><b>OEM\/ODM:<\/b><\/strong><\/td>\n<td width=\"601\">Priimtina<\/td>\n<\/tr>\n<tr>\n<td width=\"146\"><strong><b>Kokyb\u0117:<\/b><\/strong><\/td>\n<td width=\"601\">100% Auk\u0161ta kokyb\u0117<\/td>\n<\/tr>\n<tr>\n<td width=\"146\"><strong><b>M<\/b><\/strong><strong><b>OQ:<\/b><\/strong><\/td>\n<td width=\"601\">200 vnt.<\/td>\n<\/tr>\n<\/tbody>\n<\/table>","protected":false},"featured_media":2017,"template":"","meta":[],"product_brand":[],"product_cat":[39],"product_tag":[],"class_list":{"0":"post-2015","1":"product","2":"type-product","3":"status-publish","4":"has-post-thumbnail","6":"product_cat-womens-clothing","8":"first","9":"instock","10":"shipping-taxable","11":"product-type-simple"},"_links":{"self":[{"href":"https:\/\/mj-clothing.com\/lt\/wp-json\/wp\/v2\/product\/2015","targetHints":{"allow":["GET"]}}],"collection":[{"href":"https:\/\/mj-clothing.com\/lt\/wp-json\/wp\/v2\/product"}],"about":[{"href":"https:\/\/mj-clothing.com\/lt\/wp-json\/wp\/v2\/types\/product"}],"wp:featuredmedia":[{"embeddable":true,"href":"https:\/\/mj-clothing.com\/lt\/wp-json\/wp\/v2\/media\/2017"}],"wp:attachment":[{"href":"https:\/\/mj-clothing.com\/lt\/wp-json\/wp\/v2\/media?parent=2015"}],"wp:term":[{"taxonomy":"product_brand","embeddable":true,"href":"https:\/\/mj-clothing.com\/lt\/wp-json\/wp\/v2\/product_brand?post=2015"},{"taxonomy":"product_cat","embeddable":true,"href":"https:\/\/mj-clothing.com\/lt\/wp-json\/wp\/v2\/product_cat?post=2015"},{"taxonomy":"product_tag","embeddable":true,"href":"https:\/\/mj-clothing.com\/lt\/wp-json\/wp\/v2\/product_tag?post=2015"}],"curies":[{"name":"wp","href":"https:\/\/api.w.org\/{rel}","templated":true}]}}