{"id":2032,"date":"2024-12-18T02:47:46","date_gmt":"2024-12-18T02:47:46","guid":{"rendered":"https:\/\/mj-clothing.com\/?post_type=product&#038;p=2032"},"modified":"2024-12-18T02:47:47","modified_gmt":"2024-12-18T02:47:47","slug":"womens-long-double-breasted-wool-coat","status":"publish","type":"product","link":"https:\/\/mj-clothing.com\/lt\/manufacturer\/womens-long-double-breasted-wool-coat\/","title":{"rendered":"Moteri\u0161kas ilgas vilnonis paltas su dvigubomis petne\u0161omis"},"content":{"rendered":"<div id=\"model-response-message-contentr_64d87a431fd566f8\" class=\"markdown markdown-main-panel response-optimization\" dir=\"ltr\">\n<p data-sourcepos=\"1:1-1:372\"><span class=\"citation-0 recitation citation-end-0\">Moteri\u0161kas ilgas dvipusis vilnonis paltas yra klasikinis ir stilingas drabu\u017eis, puikiai tinkantis \u0161altesniems m\u0117nesiams.<\/span> <span class=\"citation-1 recitation citation-end-1\">Paprastai jis gaminamas i\u0161 \u0161ilto ir patvaraus vilnonio audinio, o u\u017esegamas dvieiliais sagomis arba u\u017etrauktuku.<\/span> \u0160io tipo paltai da\u017enai b\u016bna ilgesni nei tradiciniai \u0161varkai ir siekia \u017eemiau klub\u0173 ar net iki keli\u0173.<span class=\"button-container hide-from-message-actions ng-star-inserted\"> \u00a0<\/span><\/p>\n<div class=\"container ng-tns-c3353360079-19 hide\">\n<div class=\"carousel-container ng-tns-c3353360079-19\">\n<div class=\"carousel-content ng-tns-c3353360079-19\">\n<div class=\"sources-carousel-source ng-tns-c3353360079-19 hide ng-star-inserted\" data-test-id=\"sources-carousel-source\"><\/div>\n<div class=\"sources-carousel-source ng-tns-c3353360079-19 hide ng-star-inserted\" data-test-id=\"sources-carousel-source\"><\/div>\n<\/div>\n<\/div>\n<\/div>\n<h3 data-sourcepos=\"3:1-3:82\">\u0160tai keletas privalum\u0173 d\u0117vint moteri\u0161kus ilgus dvipusius vilnonius paltus:<\/h3>\n<ul data-sourcepos=\"5:1-9:0\">\n<li data-sourcepos=\"5:1-5:121\"><strong><span class=\"citation-2 recitation\">\u0160iluma:<\/span><\/strong><span class=\"citation-2 recitation citation-end-2\"> Vilna yra puikus izoliatorius, tod\u0117l vilnonis paltas su\u0161ildys net ir \u0161al\u010diausiu oru.<\/span><span class=\"button-container hide-from-message-actions ng-star-inserted\"> \u00a0<\/span><\/li>\n<li data-sourcepos=\"5:1-5:121\"><span class=\"button-container hide-from-message-actions ng-star-inserted\"><strong style=\"font-size: 14.4px;\"><span class=\"citation-3 recitation\">Patvarumas:<\/span><\/strong><span class=\"citation-3 recitation citation-end-3\" style=\"font-size: 14.4px;\"> Vilna yra stiprus ir patvarus audinys, tod\u0117l vilnonis paltas tarnaus daugel\u012f met\u0173.<\/span><span class=\"button-container hide-from-message-actions ng-star-inserted\" style=\"font-size: 14.4px;\">\u00a0<\/span><\/span>\n<div class=\"container ng-tns-c3353360079-21 hide\">\n<div class=\"carousel-container ng-tns-c3353360079-21\"><\/div>\n<\/div>\n<\/li>\n<li data-sourcepos=\"7:1-7:124\"><strong><span class=\"citation-4 recitation\">Stilius:<\/span><\/strong><span class=\"citation-4 recitation citation-end-4\"> Ilgas dvipusis vilnonis paltas yra am\u017einas ir eleganti\u0161kas drabu\u017eis, kur\u012f galima vilk\u0117ti tiek su paltu, tiek su \u0161varku.<\/span><span class=\"button-container hide-from-message-actions ng-star-inserted\">\u00a0<\/span>\n<div class=\"container ng-tns-c3353360079-22 hide\">\n<div class=\"carousel-container ng-tns-c3353360079-22\"><\/div>\n<\/div>\n<\/li>\n<li data-sourcepos=\"8:1-9:0\"><strong>Universalumas:<\/strong> <span class=\"citation-5 recitation citation-end-5\">Vilnon\u012f palt\u0105 galima d\u0117v\u0117ti \u012fvairiomis aplinkyb\u0117mis - nuo laisvalaikio iki oficiali\u0173 rengini\u0173.<\/span><span class=\"button-container hide-from-message-actions ng-star-inserted\">\u00a0<\/span>\n<div class=\"container ng-tns-c3353360079-23 hide\">\n<div class=\"carousel-container ng-tns-c3353360079-23\">\n<div class=\"carousel-content ng-tns-c3353360079-23\">\n<div class=\"sources-carousel-source ng-tns-c3353360079-23 hide ng-star-inserted\" data-test-id=\"sources-carousel-source\"><\/div>\n<\/div>\n<\/div>\n<\/div>\n<\/li>\n<\/ul>\n<p data-sourcepos=\"10:1-10:119\">Jei ie\u0161kote stilingo ir prakti\u0161ko \u017eieminio palto, puikus pasirinkimas - ilgas moteri\u0161kas vilnonis paltas su dvigubu liemeniu.<\/p>\n<\/div>\n<div class=\"skeleton-loader-container\"><\/div>\n<div class=\"response-footer gap complete\">\n<div class=\"container ng-tns-c3353360079-17\">\n<div class=\"carousel-container ng-tns-c3353360079-17\">\n<div class=\"carousel-content ng-tns-c3353360079-17\">\n<div class=\"sources-carousel-source ng-tns-c3353360079-17 ng-star-inserted\" data-test-id=\"sources-carousel-source\">\n<div class=\"source-card-container\">\n<div class=\"source-card-content\">\n<div class=\"source-card-body\">\n<div class=\"source-card-header\">\n<div class=\"source-card-title\"><\/div>\n<\/div>\n<\/div>\n<\/div>\n<\/div>\n<\/div>\n<\/div>\n<\/div>\n<\/div>\n<\/div>","protected":false},"excerpt":{"rendered":"<table style=\"height: 577px;\" width=\"542\">\n<tbody>\n<tr>\n<td width=\"146\"><strong><b>Produktas<\/b><\/strong>\u00a0<strong><b>Vardas ir pavard\u0117:<\/b><\/strong><\/td>\n<td width=\"601\"><strong>Moteri\u0161kas ilgas vilnonis paltas su dvigubomis petne\u0161omis<\/strong><\/td>\n<\/tr>\n<tr>\n<td width=\"146\"><strong><b>Materlal:<\/b><\/strong><\/td>\n<td width=\"601\">Mezgimas<\/td>\n<\/tr>\n<tr>\n<td width=\"146\"><strong><b>Technika:<\/b><\/strong><\/td>\n<td width=\"601\">Siuvin\u0117ti<\/td>\n<\/tr>\n<tr>\n<td width=\"146\"><strong><b>Stilius:<\/b><\/strong><\/td>\n<td width=\"601\">Atsitiktinis<\/td>\n<\/tr>\n<tr>\n<td width=\"146\"><strong><b>Spalva<\/b><\/strong><strong><b>:<\/b><\/strong><\/td>\n<td width=\"601\">\u00a0Pasirinktin\u0117s spalvos<\/td>\n<\/tr>\n<tr>\n<td width=\"146\"><strong><b>Dydis:<\/b><\/strong><\/td>\n<td width=\"601\">S \/M \/L \/XL \/2XL<\/td>\n<\/tr>\n<tr>\n<td width=\"146\"><strong><b>OEM\/ODM:<\/b><\/strong><\/td>\n<td width=\"601\">Priimtina<\/td>\n<\/tr>\n<tr>\n<td width=\"146\"><strong><b>Kokyb\u0117:<\/b><\/strong><\/td>\n<td width=\"601\">100% Auk\u0161ta kokyb\u0117<\/td>\n<\/tr>\n<tr>\n<td width=\"146\"><strong><b>M<\/b><\/strong><strong><b>OQ:<\/b><\/strong><\/td>\n<td width=\"601\">200 vnt.<\/td>\n<\/tr>\n<\/tbody>\n<\/table>","protected":false},"featured_media":2035,"template":"","meta":[],"product_brand":[],"product_cat":[39],"product_tag":[],"class_list":{"0":"post-2032","1":"product","2":"type-product","3":"status-publish","4":"has-post-thumbnail","6":"product_cat-womens-clothing","8":"first","9":"instock","10":"shipping-taxable","11":"product-type-simple"},"_links":{"self":[{"href":"https:\/\/mj-clothing.com\/lt\/wp-json\/wp\/v2\/product\/2032","targetHints":{"allow":["GET"]}}],"collection":[{"href":"https:\/\/mj-clothing.com\/lt\/wp-json\/wp\/v2\/product"}],"about":[{"href":"https:\/\/mj-clothing.com\/lt\/wp-json\/wp\/v2\/types\/product"}],"wp:featuredmedia":[{"embeddable":true,"href":"https:\/\/mj-clothing.com\/lt\/wp-json\/wp\/v2\/media\/2035"}],"wp:attachment":[{"href":"https:\/\/mj-clothing.com\/lt\/wp-json\/wp\/v2\/media?parent=2032"}],"wp:term":[{"taxonomy":"product_brand","embeddable":true,"href":"https:\/\/mj-clothing.com\/lt\/wp-json\/wp\/v2\/product_brand?post=2032"},{"taxonomy":"product_cat","embeddable":true,"href":"https:\/\/mj-clothing.com\/lt\/wp-json\/wp\/v2\/product_cat?post=2032"},{"taxonomy":"product_tag","embeddable":true,"href":"https:\/\/mj-clothing.com\/lt\/wp-json\/wp\/v2\/product_tag?post=2032"}],"curies":[{"name":"wp","href":"https:\/\/api.w.org\/{rel}","templated":true}]}}