{"id":2037,"date":"2024-12-18T02:59:21","date_gmt":"2024-12-18T02:59:21","guid":{"rendered":"https:\/\/mj-clothing.com\/?post_type=product&#038;p=2037"},"modified":"2024-12-18T03:22:38","modified_gmt":"2024-12-18T03:22:38","slug":"womens-heated-long-coat","status":"publish","type":"product","link":"https:\/\/mj-clothing.com\/lt\/manufacturer\/womens-heated-long-coat\/","title":{"rendered":"Moteri\u0161kas \u0161ildomas ilgas paltas"},"content":{"rendered":"<p data-sourcepos=\"1:1-1:216\">Moteri\u0161kas \u0161ildomas ilgas paltas - tai vir\u0161utini\u0173 drabu\u017ei\u0173 tipas, skirtas u\u017etikrinti i\u0161skirtin\u0119 \u0161ilum\u0105 \u0161altuoju met\u0173 laiku. Jame \u012fmontuoti \u0161ildymo elementai, maitinami akumuliatoriumi, paprastai dedami \u012f nepastebim\u0105 ki\u0161en\u0119.<\/p>\n<h3 data-sourcepos=\"3:1-3:35\"><strong>\u0160tai kuo jie ypatingi:<\/strong><\/h3>\n<ul data-sourcepos=\"5:1-8:0\">\n<li data-sourcepos=\"5:1-5:222\"><strong>Puiki \u0161iluma:<\/strong> \u012emontuoti \u0161ildymo elementai skleid\u017eia \u0161ilum\u0105, tod\u0117l \u017eymiai pager\u0117ja palto izoliacin\u0117s savyb\u0117s. D\u0117l to jie idealiai tinka itin \u0161alto klimato vietov\u0117se arba u\u017esiimant veikla lauke esant \u017eemai temperat\u016brai.<\/li>\n<li data-sourcepos=\"6:1-6:159\"><strong>Patogumas:<\/strong> Daugelyje modeli\u0173 galima reguliuoti \u0161ilumos nustatymus, tod\u0117l galite pritaikyti \u0161ilumos lyg\u012f pagal savo pageidavimus ir \u0161al\u010dio stiprum\u0105.<\/li>\n<li data-sourcepos=\"7:1-8:0\"><strong>Universalumas:<\/strong> Priklausomai nuo palto dizaino ir med\u017eiagos, j\u012f galima d\u0117v\u0117ti \u012fvairiomis progomis - nuo laisvalaikio i\u0161vyk\u0173 iki i\u0161kilming\u0173 rengini\u0173.<\/li>\n<\/ul>\n<h3 data-sourcepos=\"9:1-9:56\"><strong>\u012e k\u0105 atsi\u017evelgti renkantis moteri\u0161k\u0105 \u0161ildom\u0105 ilg\u0105 palt\u0105:<\/strong><\/h3>\n<ul data-sourcepos=\"11:1-15:0\">\n<li data-sourcepos=\"11:1-11:198\"><strong>\u0160ildymo technologija:<\/strong> Skirtingi preki\u0173 \u017eenklai naudoja skirtingas \u0161ildymo technologijas. I\u0161tirkite konkre\u010di\u0105 technologij\u0105, naudojam\u0105 jus dominan\u010diame palte, kad suprastum\u0117te jo na\u0161um\u0105 ir saugos ypatybes.<\/li>\n<li data-sourcepos=\"12:1-12:182\"><strong>Baterijos veikimo laikas:<\/strong> Baterijos veikimo laikas yra labai svarbus. Apsvarstykite, kiek laiko akumuliatorius veiks esant skirtingiems kar\u0161\u010dio nustatymams, kad u\u017etikrintum\u0117te, jog jis patenkins j\u016bs\u0173 poreikius vis\u0105 veiklos laik\u0105.<\/li>\n<li data-sourcepos=\"13:1-13:174\"><strong>Patogumas ir pritaikymas:<\/strong> Rinkit\u0117s gerai prigludus\u012f ir patog\u0173 d\u0117v\u0117ti palt\u0105. Ie\u0161kokite toki\u0173 funkcij\u0173 kaip reguliuojami rankogaliai, gobtuvai ir virvel\u0117s, kad geriau priglust\u0173 ir b\u016bt\u0173 \u0161ilta.<\/li>\n<li data-sourcepos=\"14:1-15:0\"><strong>Stilius ir dizainas:<\/strong> Pasirinkite palt\u0105, kuris atitikt\u0173 j\u016bs\u0173 asmenin\u012f stili\u0173 ir progas, kuriomis j\u012f d\u0117v\u0117site.<\/li>\n<\/ul>\n<p data-sourcepos=\"16:1-16:186\">Jei gyvenate labai \u0161altame klimate arba \u017eiem\u0105 da\u017enai sportuojate lauke, moteri\u0161kas \u0161ildomas ilgas paltas gali b\u016bti vertinga investicija, padedanti i\u0161likti \u0161iltai ir patogiai.<\/p>","protected":false},"excerpt":{"rendered":"<table style=\"height: 602px;\" width=\"581\">\n<tbody>\n<tr>\n<td width=\"146\"><strong><b>Produktas<\/b><\/strong>\u00a0<strong><b>Vardas ir pavard\u0117:<\/b><\/strong><\/td>\n<td width=\"601\"><strong>Moteri\u0161kas \u0161ildomas ilgas paltas<\/strong><\/td>\n<\/tr>\n<tr>\n<td width=\"146\"><strong><b>Materlal:<\/b><\/strong><\/td>\n<td width=\"601\">Mezgimas<\/td>\n<\/tr>\n<tr>\n<td width=\"146\"><strong><b>Technika:<\/b><\/strong><\/td>\n<td width=\"601\">Siuvin\u0117ti<\/td>\n<\/tr>\n<tr>\n<td width=\"146\"><strong><b>Stilius:<\/b><\/strong><\/td>\n<td width=\"601\">Atsitiktinis<\/td>\n<\/tr>\n<tr>\n<td width=\"146\"><strong><b>Spalva<\/b><\/strong><strong><b>:<\/b><\/strong><\/td>\n<td width=\"601\">\u00a0Pasirinktin\u0117s spalvos<\/td>\n<\/tr>\n<tr>\n<td width=\"146\"><strong><b>Dydis:<\/b><\/strong><\/td>\n<td width=\"601\">S \/M \/L \/XL \/2XL<\/td>\n<\/tr>\n<tr>\n<td width=\"146\"><strong><b>OEM\/ODM:<\/b><\/strong><\/td>\n<td width=\"601\">Priimtina<\/td>\n<\/tr>\n<tr>\n<td width=\"146\"><strong><b>Kokyb\u0117:<\/b><\/strong><\/td>\n<td width=\"601\">100% Auk\u0161ta kokyb\u0117<\/td>\n<\/tr>\n<tr>\n<td width=\"146\"><strong><b>M<\/b><\/strong><strong><b>OQ:<\/b><\/strong><\/td>\n<td width=\"601\">200 vnt.<\/td>\n<\/tr>\n<\/tbody>\n<\/table>","protected":false},"featured_media":2040,"template":"","meta":[],"product_brand":[],"product_cat":[39],"product_tag":[],"class_list":{"0":"post-2037","1":"product","2":"type-product","3":"status-publish","4":"has-post-thumbnail","6":"product_cat-womens-clothing","8":"first","9":"instock","10":"shipping-taxable","11":"product-type-simple"},"_links":{"self":[{"href":"https:\/\/mj-clothing.com\/lt\/wp-json\/wp\/v2\/product\/2037","targetHints":{"allow":["GET"]}}],"collection":[{"href":"https:\/\/mj-clothing.com\/lt\/wp-json\/wp\/v2\/product"}],"about":[{"href":"https:\/\/mj-clothing.com\/lt\/wp-json\/wp\/v2\/types\/product"}],"wp:featuredmedia":[{"embeddable":true,"href":"https:\/\/mj-clothing.com\/lt\/wp-json\/wp\/v2\/media\/2040"}],"wp:attachment":[{"href":"https:\/\/mj-clothing.com\/lt\/wp-json\/wp\/v2\/media?parent=2037"}],"wp:term":[{"taxonomy":"product_brand","embeddable":true,"href":"https:\/\/mj-clothing.com\/lt\/wp-json\/wp\/v2\/product_brand?post=2037"},{"taxonomy":"product_cat","embeddable":true,"href":"https:\/\/mj-clothing.com\/lt\/wp-json\/wp\/v2\/product_cat?post=2037"},{"taxonomy":"product_tag","embeddable":true,"href":"https:\/\/mj-clothing.com\/lt\/wp-json\/wp\/v2\/product_tag?post=2037"}],"curies":[{"name":"wp","href":"https:\/\/api.w.org\/{rel}","templated":true}]}}