{"id":2041,"date":"2024-12-18T03:08:39","date_gmt":"2024-12-18T03:08:39","guid":{"rendered":"https:\/\/mj-clothing.com\/?post_type=product&#038;p=2041"},"modified":"2024-12-18T03:23:38","modified_gmt":"2024-12-18T03:23:38","slug":"womens-long-wrap-coat","status":"publish","type":"product","link":"https:\/\/mj-clothing.com\/lt\/manufacturer\/womens-long-wrap-coat\/","title":{"rendered":"Moteri\u0161kas ilgas apsiaustas"},"content":{"rendered":"<p data-sourcepos=\"1:1-1:121\">Ilgas moteri\u0161kas apsiaustas yra stilingas ir universalus vir\u0161utinis drabu\u017eis, suteikiantis elegancijos ir rafinuotumo.<\/p>\n<h3 data-sourcepos=\"3:1-3:17\"><strong>Moteri\u0161kas ilgas apsiaustas Pagrindin\u0117s savyb\u0117s:<\/strong><\/h3>\n<ul data-sourcepos=\"5:1-9:0\">\n<li data-sourcepos=\"5:1-5:132\"><strong>\u012evyniojimo dizainas:<\/strong> Skiriamasis bruo\u017eas - apsiaust\u0173 stilius, kai apsiaustas persidengia ir paprastai susiri\u0161amas arba susegamas dir\u017eu ties juosmeniu.<\/li>\n<li data-sourcepos=\"6:1-6:83\"><strong>Ilgis:<\/strong> Ji t\u0119siasi \u017eemiau klub\u0173, da\u017enai siekia kelius ar net blauzd\u0173 vidur\u012f.<\/li>\n<li data-sourcepos=\"7:1-7:126\"><strong>Med\u017eiag\u0173 \u012fvairov\u0117:<\/strong> Jie gali b\u016bti pagaminti i\u0161 \u012fvairi\u0173 audini\u0173, \u012fskaitant viln\u0105, ka\u0161myr\u0105, medviln\u0117s mi\u0161inius ir net dirbtin\u012f kail\u012f.<\/li>\n<li data-sourcepos=\"8:1-9:0\"><strong><span class=\"citation-0 interactive-span-selected-v2\">Universalumas:<\/span><\/strong><span class=\"citation-0 citation-end-0 interactive-span-selected-v2\"> Juos galima d\u0117v\u0117ti tiek auk\u0161tesniu, tiek \u017eemesniu stiliumi, tod\u0117l jie tinka \u012fvairioms progoms - nuo kasdieni\u0173 i\u0161vyk\u0173 iki oficiali\u0173 rengini\u0173. <\/span>\n<div class=\"container ng-tns-c3353360079-34\">\n<div class=\"carousel-container ng-tns-c3353360079-34\">\n<div class=\"carousel-content ng-tns-c3353360079-34\">\n<div class=\"sources-carousel-source ng-tns-c3353360079-34 ng-star-inserted\" data-test-id=\"sources-carousel-source\">\n<div class=\"source-card-container\">\n<div class=\"source-card-content\">\n<div class=\"source-card-body\">\n<div class=\"source-card-header\"><\/div>\n<\/div>\n<div class=\"source-card-footer\">\n<div class=\"source-card-attribution\"><\/div>\n<\/div>\n<\/div>\n<\/div>\n<\/div>\n<\/div>\n<\/div>\n<\/div>\n<\/li>\n<\/ul>\n<h3 data-sourcepos=\"10:1-10:24\"><strong>Kod\u0117l moterys juos myli:<\/strong><\/h3>\n<ul data-sourcepos=\"12:1-15:0\">\n<li data-sourcepos=\"12:1-12:108\"><strong>Palankus siluetas:<\/strong> Suvyniojimo dizainas pabr\u0117\u017eia liemen\u012f ir sukuria dailinan\u010di\u0105 sm\u0117lio laikrod\u017eio form\u0105.<\/li>\n<li data-sourcepos=\"13:1-13:64\"><strong>Patogumas:<\/strong> Da\u017enai jos b\u016bna patogios ir laisvai prigludusios.<\/li>\n<li data-sourcepos=\"14:1-15:0\"><strong>Stilius:<\/strong> Jie bet kokiai aprangai suteikia moteri\u0161kumo ir elegancijos.<\/li>\n<\/ul>\n<h3 data-sourcepos=\"16:1-16:17\"><strong>Stiliaus patarimai:<\/strong><\/h3>\n<ul data-sourcepos=\"18:1-20:0\">\n<li data-sourcepos=\"18:1-18:101\"><strong>Dera su:<\/strong> D\u017einsai ir batai - laisvalaikiui, suknel\u0117 ir auk\u0161takulniai - eleganti\u0161kesniam ansambliui.<\/li>\n<li data-sourcepos=\"19:1-20:0\"><strong>Pasipuo\u0161kite aksesuarais:<\/strong> \u012evaizd\u012f u\u017ebaigs \u0161alikas, pir\u0161tin\u0117s ir stilinga skryb\u0117l\u0117.<\/li>\n<\/ul>\n<p data-sourcepos=\"21:1-21:140\">Jei ie\u0161kote stilingo ir universalaus palto \u017eiemos garderobui papildyti, tikrai verta pagalvoti apie moteri\u0161k\u0105 ilg\u0105 apsiaust\u0105.<\/p>","protected":false},"excerpt":{"rendered":"<table style=\"height: 617px;\" width=\"599\">\n<tbody>\n<tr>\n<td width=\"146\"><strong><b>Produktas<\/b><\/strong>\u00a0<strong><b>Vardas ir pavard\u0117:<\/b><\/strong><\/td>\n<td width=\"601\"><strong>Moteri\u0161kas ilgas apsiaustas<\/strong><\/td>\n<\/tr>\n<tr>\n<td width=\"146\"><strong><b>Materlal:<\/b><\/strong><\/td>\n<td width=\"601\">Mezgimas<\/td>\n<\/tr>\n<tr>\n<td width=\"146\"><strong><b>Technika:<\/b><\/strong><\/td>\n<td width=\"601\">Siuvin\u0117ti<\/td>\n<\/tr>\n<tr>\n<td width=\"146\"><strong><b>Stilius:<\/b><\/strong><\/td>\n<td width=\"601\">Atsitiktinis<\/td>\n<\/tr>\n<tr>\n<td width=\"146\"><strong><b>Spalva<\/b><\/strong><strong><b>:<\/b><\/strong><\/td>\n<td width=\"601\">\u00a0Pasirinktin\u0117s spalvos<\/td>\n<\/tr>\n<tr>\n<td width=\"146\"><strong><b>Dydis:<\/b><\/strong><\/td>\n<td width=\"601\">S \/M \/L \/XL \/2XL<\/td>\n<\/tr>\n<tr>\n<td width=\"146\"><strong><b>OEM\/ODM:<\/b><\/strong><\/td>\n<td width=\"601\">Priimtina<\/td>\n<\/tr>\n<tr>\n<td width=\"146\"><strong><b>Kokyb\u0117:<\/b><\/strong><\/td>\n<td width=\"601\">100% Auk\u0161ta kokyb\u0117<\/td>\n<\/tr>\n<tr>\n<td width=\"146\"><strong><b>M<\/b><\/strong><strong><b>OQ:<\/b><\/strong><\/td>\n<td width=\"601\">200 vnt.<\/td>\n<\/tr>\n<\/tbody>\n<\/table>","protected":false},"featured_media":2042,"template":"","meta":[],"product_brand":[],"product_cat":[39],"product_tag":[],"class_list":{"0":"post-2041","1":"product","2":"type-product","3":"status-publish","4":"has-post-thumbnail","6":"product_cat-womens-clothing","8":"first","9":"instock","10":"shipping-taxable","11":"product-type-simple"},"_links":{"self":[{"href":"https:\/\/mj-clothing.com\/lt\/wp-json\/wp\/v2\/product\/2041","targetHints":{"allow":["GET"]}}],"collection":[{"href":"https:\/\/mj-clothing.com\/lt\/wp-json\/wp\/v2\/product"}],"about":[{"href":"https:\/\/mj-clothing.com\/lt\/wp-json\/wp\/v2\/types\/product"}],"wp:featuredmedia":[{"embeddable":true,"href":"https:\/\/mj-clothing.com\/lt\/wp-json\/wp\/v2\/media\/2042"}],"wp:attachment":[{"href":"https:\/\/mj-clothing.com\/lt\/wp-json\/wp\/v2\/media?parent=2041"}],"wp:term":[{"taxonomy":"product_brand","embeddable":true,"href":"https:\/\/mj-clothing.com\/lt\/wp-json\/wp\/v2\/product_brand?post=2041"},{"taxonomy":"product_cat","embeddable":true,"href":"https:\/\/mj-clothing.com\/lt\/wp-json\/wp\/v2\/product_cat?post=2041"},{"taxonomy":"product_tag","embeddable":true,"href":"https:\/\/mj-clothing.com\/lt\/wp-json\/wp\/v2\/product_tag?post=2041"}],"curies":[{"name":"wp","href":"https:\/\/api.w.org\/{rel}","templated":true}]}}