{"id":2066,"date":"2024-12-19T03:05:05","date_gmt":"2024-12-19T03:05:05","guid":{"rendered":"https:\/\/mj-clothing.com\/?post_type=product&#038;p=2066"},"modified":"2024-12-19T03:05:05","modified_gmt":"2024-12-19T03:05:05","slug":"spring-coats-for-ladies","status":"publish","type":"product","link":"https:\/\/mj-clothing.com\/lt\/manufacturer\/spring-coats-for-ladies\/","title":{"rendered":"Pavasariniai paltai moterims"},"content":{"rendered":"<p data-sourcepos=\"1:1-1:154\">Pavasariniai paltai moterims - gra\u017eus met\u0173 laikas, tod\u0117l tai puikus metas atnaujinti garderob\u0105 stilingais pavasariniais paltais. \u0160tai keletas populiari\u0173 moteri\u0161k\u0173 palt\u0173:<\/p>\n<h3 data-sourcepos=\"3:1-3:19\"><strong>1. Pavasariniai paltai moterims:<\/strong><\/h3>\n<ul data-sourcepos=\"5:1-8:0\">\n<li style=\"list-style-type: none;\">\n<ul data-sourcepos=\"5:1-8:0\">\n<li data-sourcepos=\"5:1-5:94\"><strong>Klasikinis ir nesenstantis:<\/strong> Paltas - tai pagrindinis garderobo elementas, kur\u012f galima d\u0117v\u0117ti tiek auk\u0161tesniu, tiek \u017eemesniu stiliumi.<\/li>\n<li data-sourcepos=\"6:1-6:60\"><strong>Universalus:<\/strong> Jis puikiai tinka ir lietingoms, ir saul\u0117toms dienoms.<\/li>\n<li data-sourcepos=\"7:1-8:0\"><strong>Stilingas:<\/strong> Rinkit\u0117s i\u0161 \u012fvairi\u0173 spalv\u0173 ir stili\u0173, atitinkan\u010di\u0173 j\u016bs\u0173 asmenin\u012f skon\u012f.<\/li>\n<\/ul>\n<\/li>\n<\/ul>\n<div class=\"attachment-container search-images\">\n<div class=\"image-container hide-from-message-actions ng-star-inserted\"><strong style=\"color: #555555; font-size: 14.4px;\">2. D\u017einsin\u0117 striuk\u0117:<\/strong><\/div>\n<\/div>\n<ul data-sourcepos=\"13:1-16:0\">\n<li style=\"list-style-type: none;\">\n<ul data-sourcepos=\"13:1-16:0\">\n<li data-sourcepos=\"13:1-13:91\"><strong>Laisvalaikio ir \u0161auni:<\/strong> D\u017einsinis \u0161varkas - puikus b\u016bdas aprangai suteikti \u0161maik\u0161tumo.<\/li>\n<li data-sourcepos=\"14:1-14:65\"><strong>Universalus:<\/strong> J\u0105 galima derinti prie d\u017eins\u0173, sukneli\u0173 ar sijon\u0173.<\/li>\n<li data-sourcepos=\"15:1-16:0\"><strong>Patogu:<\/strong> D\u017einsinis audinys yra patvarus ir patogus.<\/li>\n<\/ul>\n<\/li>\n<\/ul>\n<div class=\"attachment-container search-images\">\n<div class=\"image-container hide-from-message-actions ng-star-inserted\">\n<div class=\"caption ellipsis gds-label-m-alt ng-star-inserted\" aria-hidden=\"true\"><strong style=\"color: #555555; font-size: 14.4px;\">3.Pavasariniai paltai moterims \u0160varkas:<\/strong><\/div>\n<\/div>\n<\/div>\n<ul data-sourcepos=\"21:1-24:0\">\n<li style=\"list-style-type: none;\">\n<ul data-sourcepos=\"21:1-24:0\">\n<li data-sourcepos=\"21:1-21:75\"><strong>Eleganti\u0161ka ir rafinuota:<\/strong> \u0160varkas - puikus b\u016bdas patobulinti savo i\u0161vaizd\u0105.<\/li>\n<li data-sourcepos=\"22:1-22:80\"><strong>Universalus:<\/strong> J\u0105 galima d\u0117v\u0117ti \u012f darb\u0105, vakarien\u0119 ar laisvalaikio savaitgal\u012f.<\/li>\n<li data-sourcepos=\"23:1-24:0\"><strong>Stilingas:<\/strong> Galite rinktis i\u0161 \u012fvairi\u0173 spalv\u0173, ra\u0161t\u0173 ir stili\u0173.<\/li>\n<\/ul>\n<\/li>\n<\/ul>\n<div class=\"attachment-container search-images\">\n<div class=\"image-container hide-from-message-actions ng-star-inserted\">\n<div class=\"caption ellipsis gds-label-m-alt ng-star-inserted\" aria-hidden=\"true\"><strong style=\"color: #555555; font-size: 14.4px;\">4. Pavasariniai paltai moterims Odin\u0117 striuk\u0117:<\/strong><\/div>\n<\/div>\n<\/div>\n<ul data-sourcepos=\"29:1-32:0\">\n<li style=\"list-style-type: none;\">\n<ul data-sourcepos=\"29:1-32:0\">\n<li data-sourcepos=\"29:1-29:89\"><strong>Eleganti\u0161kas ir \u0161aunus:<\/strong> Odin\u0117 striuk\u0117 - tai puikus b\u016bdas aprangai suteikti \u0161iek tiek dr\u0105sos.<\/li>\n<li data-sourcepos=\"30:1-30:46\"><strong>Universalus:<\/strong> J\u0105 galima d\u0117v\u0117ti tiek su apranga, tiek su drabu\u017eiais.<\/li>\n<li data-sourcepos=\"31:1-32:0\"><strong>Stilingas:<\/strong> Galite rinktis i\u0161 \u012fvairi\u0173 spalv\u0173 ir stili\u0173.<\/li>\n<\/ul>\n<\/li>\n<\/ul>\n<div class=\"attachment-container search-images\">\n<div class=\"image-container hide-from-message-actions ng-star-inserted\">\n<div class=\"caption ellipsis gds-label-m-alt ng-star-inserted\" aria-hidden=\"true\"><strong style=\"color: #555555; font-size: 14.4px;\">5. P\u016bkin\u0117 striuk\u0117:<\/strong><\/div>\n<\/div>\n<\/div>\n<ul data-sourcepos=\"37:1-40:0\">\n<li style=\"list-style-type: none;\">\n<ul data-sourcepos=\"37:1-40:0\">\n<li data-sourcepos=\"37:1-37:87\"><strong>\u0160ilta ir jauku:<\/strong> P\u016bkin\u0117 striuk\u0117 - puikus b\u016bdas su\u0161ilti v\u0117siomis pavasario dienomis.<\/li>\n<li data-sourcepos=\"38:1-38:66\"><strong>Universalus:<\/strong> J\u0105 galima derinti prie d\u017eins\u0173, legins\u0173 ar sijon\u0173.<\/li>\n<li data-sourcepos=\"39:1-40:0\"><strong>Stilingas:<\/strong> Galite rinktis i\u0161 \u012fvairi\u0173 spalv\u0173 ir stili\u0173.<\/li>\n<\/ul>\n<\/li>\n<\/ul>\n<div class=\"attachment-container search-images\"><\/div>\n<p data-sourcepos=\"43:1-43:46\"><strong>Patarimai, kaip i\u0161sirinkti tobul\u0105 pavasario palt\u0105:<\/strong><\/p>\n<ul data-sourcepos=\"45:1-49:0\">\n<li data-sourcepos=\"45:1-45:184\"><strong>Atsi\u017evelkite \u012f savo klimat\u0105:<\/strong> Jei gyvenate \u0161iltame klimate, galite rinktis lengvesn\u012f palt\u0105. Jei gyvenate \u0161altesniame klimate, galite rinktis sunkesn\u012f palt\u0105.<\/li>\n<li data-sourcepos=\"46:1-46:188\"><strong>Pagalvokite apie savo gyvenimo b\u016bd\u0105:<\/strong> Jei esate aktyvus, galb\u016bt nor\u0117site rinktis palt\u0105, su kuriuo b\u016bt\u0173 lengva jud\u0117ti. Jei dirbate profesin\u0117je aplinkoje, galb\u016bt nor\u0117site rinktis oficialesn\u012f palt\u0105.<\/li>\n<li data-sourcepos=\"47:1-47:87\"><strong>Pasirinkite m\u0117gstam\u0105 spalv\u0105:<\/strong> Labiau tik\u0117tina, kad d\u0117v\u0117site m\u0117gstam\u0105 palt\u0105.<\/li>\n<li data-sourcepos=\"48:1-49:0\"><strong>Atsi\u017evelkite \u012f tinkamum\u0105:<\/strong> Gerai priglud\u0119s paltas atrodys ir jausis puikiai.<\/li>\n<\/ul>\n<p data-sourcepos=\"50:1-50:202\">Nesvarbu, koks j\u016bs\u0173 stilius, jums tinka tobulas pavasarinis paltas. Tur\u0117dami tiek daug puiki\u0173 pasirinkimo galimybi\u0173, tikrai rasite tobul\u0105 palt\u0105, kuris vis\u0105 sezon\u0105 bus \u0161iltas ir stilingas.<\/p>","protected":false},"excerpt":{"rendered":"<table style=\"height: 611px;\" width=\"429\">\n<tbody>\n<tr>\n<td width=\"146\"><strong><b>Produktas<\/b><\/strong>\u00a0<strong><b>Vardas ir pavard\u0117:<\/b><\/strong><\/td>\n<td width=\"601\"><strong>Pavasariniai paltai moterims<\/strong><\/td>\n<\/tr>\n<tr>\n<td width=\"146\"><strong><b>Materlal:<\/b><\/strong><\/td>\n<td width=\"601\">Mezgimas<\/td>\n<\/tr>\n<tr>\n<td width=\"146\"><strong><b>Technika:<\/b><\/strong><\/td>\n<td width=\"601\">Siuvin\u0117ti<\/td>\n<\/tr>\n<tr>\n<td width=\"146\"><strong><b>Stilius:<\/b><\/strong><\/td>\n<td width=\"601\">Atsitiktinis<\/td>\n<\/tr>\n<tr>\n<td width=\"146\"><strong><b>Spalva<\/b><\/strong><strong><b>:<\/b><\/strong><\/td>\n<td width=\"601\">\u00a0Pasirinktin\u0117s spalvos<\/td>\n<\/tr>\n<tr>\n<td width=\"146\"><strong><b>Dydis:<\/b><\/strong><\/td>\n<td width=\"601\">S \/M \/L \/XL \/2XL<\/td>\n<\/tr>\n<tr>\n<td width=\"146\"><strong><b>OEM\/ODM:<\/b><\/strong><\/td>\n<td width=\"601\">Priimtina<\/td>\n<\/tr>\n<tr>\n<td width=\"146\"><strong><b>Kokyb\u0117:<\/b><\/strong><\/td>\n<td width=\"601\">100% Auk\u0161ta kokyb\u0117<\/td>\n<\/tr>\n<tr>\n<td width=\"146\"><strong><b>M<\/b><\/strong><strong><b>OQ:<\/b><\/strong><\/td>\n<td width=\"601\">200 vnt.<\/td>\n<\/tr>\n<\/tbody>\n<\/table>","protected":false},"featured_media":2075,"template":"","meta":[],"product_brand":[],"product_cat":[39],"product_tag":[],"class_list":{"0":"post-2066","1":"product","2":"type-product","3":"status-publish","4":"has-post-thumbnail","6":"product_cat-womens-clothing","8":"first","9":"instock","10":"shipping-taxable","11":"product-type-simple"},"_links":{"self":[{"href":"https:\/\/mj-clothing.com\/lt\/wp-json\/wp\/v2\/product\/2066","targetHints":{"allow":["GET"]}}],"collection":[{"href":"https:\/\/mj-clothing.com\/lt\/wp-json\/wp\/v2\/product"}],"about":[{"href":"https:\/\/mj-clothing.com\/lt\/wp-json\/wp\/v2\/types\/product"}],"wp:featuredmedia":[{"embeddable":true,"href":"https:\/\/mj-clothing.com\/lt\/wp-json\/wp\/v2\/media\/2075"}],"wp:attachment":[{"href":"https:\/\/mj-clothing.com\/lt\/wp-json\/wp\/v2\/media?parent=2066"}],"wp:term":[{"taxonomy":"product_brand","embeddable":true,"href":"https:\/\/mj-clothing.com\/lt\/wp-json\/wp\/v2\/product_brand?post=2066"},{"taxonomy":"product_cat","embeddable":true,"href":"https:\/\/mj-clothing.com\/lt\/wp-json\/wp\/v2\/product_cat?post=2066"},{"taxonomy":"product_tag","embeddable":true,"href":"https:\/\/mj-clothing.com\/lt\/wp-json\/wp\/v2\/product_tag?post=2066"}],"curies":[{"name":"wp","href":"https:\/\/api.w.org\/{rel}","templated":true}]}}