{"id":2078,"date":"2024-12-19T03:32:27","date_gmt":"2024-12-19T03:32:27","guid":{"rendered":"https:\/\/mj-clothing.com\/?post_type=product&#038;p=2078"},"modified":"2024-12-19T03:32:27","modified_gmt":"2024-12-19T03:32:27","slug":"womens-winter-coats","status":"publish","type":"product","link":"https:\/\/mj-clothing.com\/lt\/manufacturer\/womens-winter-coats\/","title":{"rendered":"Moteri\u0161ki \u017eieminiai paltai"},"content":{"rendered":"<p data-sourcepos=\"1:1-1:131\">Moteri\u0161ki \u017eieminiai paltai yra labai svarb\u016bs norint i\u0161likti \u0161iltiems ir stilingiems \u0161altesniais m\u0117nesiais. \u0160tai keletas populiari\u0173 stili\u0173, kuriuos verta apsvarstyti:<\/p>\n<h3 data-sourcepos=\"3:1-3:19\"><strong>1. Moteri\u0161ki \u017eieminiai paltai:<\/strong><\/h3>\n<ul data-sourcepos=\"5:1-8:0\">\n<li style=\"list-style-type: none;\">\n<ul data-sourcepos=\"5:1-8:0\">\n<li data-sourcepos=\"5:1-5:113\"><strong>\u0160ilta ir jauku:<\/strong> P\u016bkiniai paltai pasi\u017eymi puikia izoliacija, tod\u0117l puikiai tinka \u0161altam orui.<\/li>\n<li data-sourcepos=\"6:1-6:96\"><strong>Universalus:<\/strong> Jie b\u016bna \u012fvairi\u0173 ilgi\u0173, stili\u0173 ir spalv\u0173, kad atitikt\u0173 skirtingus pageidavimus.<\/li>\n<li data-sourcepos=\"7:1-8:0\"><strong>Funkcinis:<\/strong> Daugelyje p\u016bkini\u0173 palt\u0173 yra gobtuvai, ki\u0161en\u0117s ir kitos prakti\u0161kos detal\u0117s.<\/li>\n<\/ul>\n<\/li>\n<\/ul>\n<div class=\"attachment-container search-images\"><\/div>\n<h3 data-sourcepos=\"11:1-11:17\"><strong>2. Vilnoniai moteri\u0161ki \u017eieminiai paltai:<\/strong><\/h3>\n<ul data-sourcepos=\"13:1-16:0\">\n<li style=\"list-style-type: none;\">\n<ul data-sourcepos=\"13:1-16:0\">\n<li data-sourcepos=\"13:1-13:85\"><strong>Eleganti\u0161kas ir nesenstantis:<\/strong> Vilnoniai paltai yra klasikinis pasirinkimas rafinuotai i\u0161vaizdai.<\/li>\n<li data-sourcepos=\"14:1-14:95\"><strong>\u0160ilta ir patvari:<\/strong> Vilna yra nat\u016bralus izoliatorius, galintis atlaikyti at\u0161iaurias \u017eiemos s\u0105lygas.<\/li>\n<li data-sourcepos=\"15:1-16:0\"><strong>Universalus:<\/strong> Priklausomai nuo progos, vilnonius paltus galima vilk\u0117ti ir vilk\u0117ti, ir vilk\u0117ti.<\/li>\n<\/ul>\n<\/li>\n<\/ul>\n<div class=\"attachment-container search-images\">\n<div class=\"image-container hide-from-message-actions ng-star-inserted\">\n<h3 class=\"caption ellipsis gds-label-m-alt ng-star-inserted\" aria-hidden=\"true\"><strong style=\"color: #555555; font-size: 14.4px;\">3. Paltas su kapi\u0161onu:<\/strong><\/h3>\n<\/div>\n<\/div>\n<ul data-sourcepos=\"21:1-24:0\">\n<li style=\"list-style-type: none;\">\n<ul data-sourcepos=\"21:1-24:0\">\n<li data-sourcepos=\"21:1-21:88\"><strong>\u0160iltas ir apsauginis:<\/strong> Striuk\u0117s su gobtuvais skirtos \u0161ilumai i\u0161laikyti esant itin \u0161altam orui.<\/li>\n<li data-sourcepos=\"22:1-22:75\"><strong>Funkcinis:<\/strong> Da\u017enai jie turi gobtuvus, kailio apdail\u0105 ir daugyb\u0119 ki\u0161eni\u0173.<\/li>\n<li data-sourcepos=\"23:1-24:0\"><strong>Stilingas:<\/strong> Striuk\u0117s gali b\u016bti stilingos ir madingos, ypa\u010d modernaus dizaino ir spalv\u0173.<\/li>\n<\/ul>\n<\/li>\n<\/ul>\n<div class=\"attachment-container search-images\">\n<div class=\"image-container hide-from-message-actions ng-star-inserted\">\n<h3 class=\"caption ellipsis gds-label-m-alt ng-star-inserted\" aria-hidden=\"true\"><strong style=\"color: #555555; font-size: 14.4px;\">4. Moteri\u0161ki \u017eieminiai paltai:<\/strong><\/h3>\n<\/div>\n<\/div>\n<ul data-sourcepos=\"29:1-32:0\">\n<li style=\"list-style-type: none;\">\n<ul data-sourcepos=\"29:1-32:0\">\n<li data-sourcepos=\"29:1-29:83\"><strong>Klasikinis ir j\u016brinis:<\/strong> Paltai yra am\u017einas j\u016brinio paveldo stilius.<\/li>\n<li data-sourcepos=\"30:1-30:102\"><strong>\u0160ilta ir stilinga:<\/strong> Jie gaminami i\u0161 storos, \u0161iltos vilnos ir da\u017enai turi dvigub\u0105 liemen\u012f priekyje.<\/li>\n<li data-sourcepos=\"31:1-32:0\"><strong>Universalus:<\/strong> Priklausomai nuo progos, paltukus galima d\u0117v\u0117ti ir su paltukais, ir su paltukais.<\/li>\n<\/ul>\n<\/li>\n<\/ul>\n<div class=\"attachment-container search-images\">\n<div class=\"image-container hide-from-message-actions ng-star-inserted\">\n<div class=\"caption ellipsis gds-label-m-alt ng-star-inserted\" aria-hidden=\"true\"><strong style=\"color: #555555; font-size: 14.4px;\">5. Odinis paltas:<\/strong><\/div>\n<\/div>\n<\/div>\n<ul data-sourcepos=\"37:1-40:0\">\n<li style=\"list-style-type: none;\">\n<ul data-sourcepos=\"37:1-40:0\">\n<li data-sourcepos=\"37:1-37:72\"><strong>Eleganti\u0161ka ir stilinga:<\/strong> Odiniai paltai bet kokiai aprangai suteikia \u0161maik\u0161tumo.<\/li>\n<li data-sourcepos=\"38:1-38:87\"><strong>Patvarus ir nepavaldus laikui:<\/strong> Oda yra patvari med\u017eiaga, galinti tarnauti daugel\u012f met\u0173.<\/li>\n<li data-sourcepos=\"39:1-40:0\"><strong>Universalus:<\/strong> Odiniai paltai gali b\u016bti puo\u0161n\u016bs ir puo\u0161n\u016bs, priklausomai nuo stiliaus ir progos.<\/li>\n<\/ul>\n<\/li>\n<\/ul>\n<div class=\"attachment-container search-images\">\n<div class=\"image-container hide-from-message-actions ng-star-inserted\">\n<div class=\"caption ellipsis gds-label-m-alt ng-star-inserted\" aria-hidden=\"true\"><strong style=\"color: #555555; font-size: 14.4px;\">Patarimai renkantis moteri\u0161kus \u017eieminius paltus:<\/strong><\/div>\n<\/div>\n<\/div>\n<ul data-sourcepos=\"45:1-50:0\">\n<li data-sourcepos=\"45:1-45:91\"><strong>Atsi\u017evelkite \u012f savo klimat\u0105:<\/strong> Rinkit\u0117s palt\u0105, tinkant\u012f klimatui, kuriame gyvenate.<\/li>\n<li data-sourcepos=\"46:1-46:117\"><strong>Pagalvokite apie savo gyvenimo b\u016bd\u0105:<\/strong> Atsi\u017evelkite \u012f savo kasdien\u0119 veikl\u0105 ir pasirinkite prakti\u0161k\u0105 bei patog\u0173 palt\u0105.<\/li>\n<li data-sourcepos=\"47:1-47:91\"><strong>Atkreipkite d\u0117mes\u012f \u012f tinkamum\u0105:<\/strong> Paltas turi gerai priglusti ir b\u016bti ne per ank\u0161tas ar per laisvas.<\/li>\n<li data-sourcepos=\"48:1-48:98\"><strong>Pasirinkite stili\u0173, kuris tinka j\u016bs\u0173 asmenybei:<\/strong> Rinkit\u0117s palt\u0105, kuris atspind\u0117t\u0173 j\u016bs\u0173 asmenin\u012f stili\u0173.<\/li>\n<li data-sourcepos=\"49:1-50:0\"><strong>Apsvarstykite med\u017eiagas:<\/strong> Ie\u0161kokite auk\u0161tos kokyb\u0117s med\u017eiag\u0173, kurios u\u017etikrins \u0161ilum\u0105 ir sausum\u0105.<\/li>\n<\/ul>\n<p data-sourcepos=\"51:1-51:149\">Galite rinktis i\u0161 daugyb\u0117s skirting\u0173 stili\u0173 ir med\u017eiag\u0173, tod\u0117l tikrai rasite tobul\u0105 \u017eiemin\u012f palt\u0105, kuris vis\u0105 sezon\u0105 bus \u0161iltas ir stilingas.<\/p>","protected":false},"excerpt":{"rendered":"<table style=\"height: 500px;\" width=\"479\">\n<tbody>\n<tr>\n<td width=\"146\"><strong><b>Produktas<\/b><\/strong>\u00a0<strong><b>Vardas ir pavard\u0117:<\/b><\/strong><\/td>\n<td width=\"601\"><strong>Moteri\u0161ki \u017eieminiai paltai<\/strong><\/td>\n<\/tr>\n<tr>\n<td width=\"146\"><strong><b>Materlal:<\/b><\/strong><\/td>\n<td width=\"601\">Mezgimas<\/td>\n<\/tr>\n<tr>\n<td width=\"146\"><strong><b>Technika:<\/b><\/strong><\/td>\n<td width=\"601\">Siuvin\u0117ti<\/td>\n<\/tr>\n<tr>\n<td width=\"146\"><strong><b>Stilius:<\/b><\/strong><\/td>\n<td width=\"601\">Atsitiktinis<\/td>\n<\/tr>\n<tr>\n<td width=\"146\"><strong><b>Spalva<\/b><\/strong><strong><b>:<\/b><\/strong><\/td>\n<td width=\"601\">\u00a0Pasirinktin\u0117s spalvos<\/td>\n<\/tr>\n<tr>\n<td width=\"146\"><strong><b>Dydis:<\/b><\/strong><\/td>\n<td width=\"601\">S \/M \/L \/XL \/2XL<\/td>\n<\/tr>\n<tr>\n<td width=\"146\"><strong><b>OEM\/ODM:<\/b><\/strong><\/td>\n<td width=\"601\">Priimtina<\/td>\n<\/tr>\n<tr>\n<td width=\"146\"><strong><b>Kokyb\u0117:<\/b><\/strong><\/td>\n<td width=\"601\">100% Auk\u0161ta kokyb\u0117<\/td>\n<\/tr>\n<tr>\n<td width=\"146\"><strong><b>M<\/b><\/strong><strong><b>OQ:<\/b><\/strong><\/td>\n<td width=\"601\">200 vnt.<\/td>\n<\/tr>\n<\/tbody>\n<\/table>","protected":false},"featured_media":2079,"template":"","meta":[],"product_brand":[],"product_cat":[39],"product_tag":[],"class_list":{"0":"post-2078","1":"product","2":"type-product","3":"status-publish","4":"has-post-thumbnail","6":"product_cat-womens-clothing","8":"first","9":"instock","10":"shipping-taxable","11":"product-type-simple"},"_links":{"self":[{"href":"https:\/\/mj-clothing.com\/lt\/wp-json\/wp\/v2\/product\/2078","targetHints":{"allow":["GET"]}}],"collection":[{"href":"https:\/\/mj-clothing.com\/lt\/wp-json\/wp\/v2\/product"}],"about":[{"href":"https:\/\/mj-clothing.com\/lt\/wp-json\/wp\/v2\/types\/product"}],"wp:featuredmedia":[{"embeddable":true,"href":"https:\/\/mj-clothing.com\/lt\/wp-json\/wp\/v2\/media\/2079"}],"wp:attachment":[{"href":"https:\/\/mj-clothing.com\/lt\/wp-json\/wp\/v2\/media?parent=2078"}],"wp:term":[{"taxonomy":"product_brand","embeddable":true,"href":"https:\/\/mj-clothing.com\/lt\/wp-json\/wp\/v2\/product_brand?post=2078"},{"taxonomy":"product_cat","embeddable":true,"href":"https:\/\/mj-clothing.com\/lt\/wp-json\/wp\/v2\/product_cat?post=2078"},{"taxonomy":"product_tag","embeddable":true,"href":"https:\/\/mj-clothing.com\/lt\/wp-json\/wp\/v2\/product_tag?post=2078"}],"curies":[{"name":"wp","href":"https:\/\/api.w.org\/{rel}","templated":true}]}}