{"id":1630,"date":"2024-12-12T01:46:18","date_gmt":"2024-12-12T01:46:18","guid":{"rendered":"https:\/\/mj-clothing.com\/?post_type=product&#038;p=1630"},"modified":"2024-12-17T07:22:20","modified_gmt":"2024-12-17T07:22:20","slug":"mens-long-sleeve-shirt","status":"publish","type":"product","link":"https:\/\/mj-clothing.com\/lv\/manufacturer\/mens-long-sleeve-shirt\/","title":{"rendered":"V\u012brie\u0161u krekls ar gar\u0101m piedurkn\u0113m"},"content":{"rendered":"<p><span class=\"citation-0 recitation citation-end-0\">V\u012brie\u0161u krekls ar gar\u0101m piedurkn\u0113m ir univers\u0101ls ap\u0123\u0113rba gabals, ko atkar\u012bb\u0101 no gad\u012bjuma un auduma var uzvilkt vai uzvilkt.<\/span> Tas ir garderobes \u0161t\u0101bs, kas b\u016btu j\u0101pieder ikvienam v\u012brietim.<\/p>\n<h3 data-sourcepos=\"5:1-5:38\"><strong>V\u012brie\u0161u kreklu ar gar\u0101m piedurkn\u0113m veidi:<\/strong><\/h3>\n<ul data-sourcepos=\"7:1-15:0\">\n<li data-sourcepos=\"7:1-8:30\"><strong><span class=\"citation-1 recitation\">Flanelis:<\/span><\/strong><span class=\"citation-1 recitation citation-end-1\"> Klasiska izv\u0113le rudenim un ziemai - flane\u013ca krekli ir izgatavoti no m\u012bksta, silta auduma, kas ir lieliski piem\u0113rots sl\u0101\u0146o\u0161anai.<\/span>\n<div class=\"container\"><\/div>\n<p><span class=\"citation-2 recitation citation-end-2\">Tie ir da\u017e\u0101du rakstu - no plediem l\u012bdz vienkr\u0101sainiem.<\/span><\/li>\n<li data-sourcepos=\"7:1-8:30\"><strong>Oksforda:<\/strong> Krekli\u0146\u0161, kas izgatavots no bl\u012bvi austa kokvilnas auduma. <span class=\"citation-3 recitation citation-end-3\">Oksfordas kreklus bie\u017ei valk\u0101 lieti\u0161\u0137\u0101 vid\u0113, ta\u010du tos var valk\u0101t ar\u012b ikdien\u0101.<\/span>\n<div class=\"container\"><\/div>\n<\/li>\n<li data-sourcepos=\"7:1-8:30\"><strong>\u0160ambr\u0101ja audums:<\/strong> <span class=\"citation-4 recitation citation-end-4\">Viegls, ikdienas krekli\u0146\u0161, kas izgatavots no kokvilnas auduma, kas ir l\u012bdz\u012bgs d\u017einsa audumam.<\/span> \u0160ambraja krekli ir lieliski piem\u0113roti pavasarim un vasarai.<\/li>\n<li data-sourcepos=\"7:1-8:30\"><strong><span class=\"citation-5 recitation\">T-krekls:<\/span><\/strong><span class=\"citation-5 recitation citation-end-5\"> Vienk\u0101r\u0161s, univers\u0101ls krekli\u0146\u0161, ko var valk\u0101t vienu pa\u0161u vai kombin\u0113t zem cita ap\u0123\u0113rba.<\/span>\n<div class=\"container\"><span style=\"font-size: 14.4px;\">T-krekli ar gar\u0101m piedurkn\u0113m ir lieliski piem\u0113roti v\u0113s\u0101kam laikam.<\/span><\/div>\n<\/li>\n<li data-sourcepos=\"7:1-8:30\">\n<p data-sourcepos=\"16:1-16:43\"><strong>K\u0101 stiliz\u0113t v\u012brie\u0161u kreklus ar gar\u0101m piedurkn\u0113m:<\/strong><\/p>\n<ul data-sourcepos=\"18:1-21:0\">\n<li data-sourcepos=\"18:1-18:110\"><strong><span class=\"citation-6 recitation\">Sa\u0123\u0113rbiet to:<\/span><\/strong><span class=\"citation-6 recitation citation-end-6\"> Lai veidotu form\u0101lu izskatu, kombin\u0113jiet Oksfordas krekls ar gar\u0101m piedurkn\u0113m, kaklasaite un kleitas bikses.<\/span><\/li>\n<li data-sourcepos=\"18:1-18:110\"><strong style=\"font-size: 14.4px;\"><span class=\"citation-7 recitation\">Piev\u0113rsiet uzman\u012bbu:<\/span><\/strong><span class=\"citation-7 recitation citation-end-7\" style=\"font-size: 14.4px;\"> N\u0113s\u0101jiet flane\u013ca kreklu kop\u0101 ar d\u017einsiem un z\u0101bakiem, lai veidotu nesteidz\u012bgu, robustu izskatu.<\/span><\/li>\n<li data-sourcepos=\"18:1-18:110\"><strong>Veidojiet to sl\u0101\u0146os:<\/strong> Lai b\u016btu \u012bpa\u0161i silts, zem flane\u013ca krekla vai d\u017eempera uzvelciet kreklu ar gar\u0101m piedurkn\u0113m.<\/li>\n<li data-sourcepos=\"18:1-18:110\">\n<p data-sourcepos=\"22:1-22:46\"><strong>Padomi v\u012brie\u0161u kreklu ar gar\u0101m piedurkn\u0113m ieg\u0101dei:<\/strong><\/p>\n<ul data-sourcepos=\"24:1-27:0\">\n<li data-sourcepos=\"24:1-24:95\"><strong>Apsveriet audumu:<\/strong> Izv\u0113lieties sezonai un gad\u012bjumam piem\u0113rotu audumu.<\/li>\n<li data-sourcepos=\"25:1-25:126\"><strong>Piev\u0113rsiet uzman\u012bbu piem\u0113ro\u0161anai:<\/strong> Kreklam j\u0101b\u016bt labi piegulo\u0161am pleciem un kr\u016bt\u012bm, un tam j\u0101b\u016bt pietiekami garam, lai to var\u0113tu ie\u0161\u016bt.<\/li>\n<li data-sourcepos=\"26:1-27:0\"><strong>P\u0101rbaudiet apkakli:<\/strong> Apkaklei ir j\u0101gu\u013c l\u012bdzeni pie kakla, un tai nav j\u0101b\u016bt ne p\u0101r\u0101k cie\u0161i piegu\u013co\u0161ai, ne p\u0101r\u0101k va\u013c\u012bgai.<\/li>\n<\/ul>\n<\/li>\n<\/ul>\n<\/li>\n<\/ul>","protected":false},"excerpt":{"rendered":"<table style=\"height: 593px;\" width=\"513\">\n<tbody>\n<tr>\n<td width=\"146\"><strong><b>Produkts<\/b><\/strong>\u00a0<strong><b>V\u0101rds un uzv\u0101rds:<\/b><\/strong><\/td>\n<td width=\"601\"><strong>V\u012brie\u0161u krekls ar gar\u0101m piedurkn\u0113m<\/strong><\/td>\n<\/tr>\n<tr>\n<td width=\"146\"><strong><b>Materlal:<\/b><\/strong><\/td>\n<td width=\"601\">Poliesters\/kokvilna<\/td>\n<\/tr>\n<tr>\n<td width=\"146\"><strong><b>Tehnika:<\/b><\/strong><\/td>\n<td width=\"601\">Poligr\u0101fija un kr\u0101so\u0161ana<\/td>\n<\/tr>\n<tr>\n<td width=\"146\"><strong><b>Stils:<\/b><\/strong><\/td>\n<td width=\"601\">Gad\u012bjuma<\/td>\n<\/tr>\n<tr>\n<td width=\"146\"><strong><b>Kr\u0101sa<\/b><\/strong><strong><b>:<\/b><\/strong><\/td>\n<td width=\"601\">\u00a0Piel\u0101gotas kr\u0101sas<\/td>\n<\/tr>\n<tr>\n<td width=\"146\"><strong><b>Izm\u0113rs:<\/b><\/strong><\/td>\n<td width=\"601\">S \/M \/L \/XL \/2XL<\/td>\n<\/tr>\n<tr>\n<td width=\"146\"><strong><b>OEM\/ODM:<\/b><\/strong><\/td>\n<td width=\"601\">Pie\u0146emams<\/td>\n<\/tr>\n<tr>\n<td width=\"146\"><strong><b>Kvalit\u0101te:<\/b><\/strong><\/td>\n<td width=\"601\">100% Augsta kvalit\u0101te<\/td>\n<\/tr>\n<tr>\n<td width=\"146\"><strong><b>M<\/b><\/strong><strong><b>OQ:<\/b><\/strong><\/td>\n<td width=\"601\">200 gab.<\/td>\n<\/tr>\n<\/tbody>\n<\/table>","protected":false},"featured_media":1746,"template":"","meta":[],"product_brand":[],"product_cat":[38],"product_tag":[],"class_list":{"0":"post-1630","1":"product","2":"type-product","3":"status-publish","4":"has-post-thumbnail","6":"product_cat-mens-clothing","8":"first","9":"instock","10":"shipping-taxable","11":"product-type-simple"},"_links":{"self":[{"href":"https:\/\/mj-clothing.com\/lv\/wp-json\/wp\/v2\/product\/1630","targetHints":{"allow":["GET"]}}],"collection":[{"href":"https:\/\/mj-clothing.com\/lv\/wp-json\/wp\/v2\/product"}],"about":[{"href":"https:\/\/mj-clothing.com\/lv\/wp-json\/wp\/v2\/types\/product"}],"wp:featuredmedia":[{"embeddable":true,"href":"https:\/\/mj-clothing.com\/lv\/wp-json\/wp\/v2\/media\/1746"}],"wp:attachment":[{"href":"https:\/\/mj-clothing.com\/lv\/wp-json\/wp\/v2\/media?parent=1630"}],"wp:term":[{"taxonomy":"product_brand","embeddable":true,"href":"https:\/\/mj-clothing.com\/lv\/wp-json\/wp\/v2\/product_brand?post=1630"},{"taxonomy":"product_cat","embeddable":true,"href":"https:\/\/mj-clothing.com\/lv\/wp-json\/wp\/v2\/product_cat?post=1630"},{"taxonomy":"product_tag","embeddable":true,"href":"https:\/\/mj-clothing.com\/lv\/wp-json\/wp\/v2\/product_tag?post=1630"}],"curies":[{"name":"wp","href":"https:\/\/api.w.org\/{rel}","templated":true}]}}