{"id":1639,"date":"2024-12-12T03:09:51","date_gmt":"2024-12-12T03:09:51","guid":{"rendered":"https:\/\/mj-clothing.com\/?post_type=product&#038;p=1639"},"modified":"2024-12-17T07:21:12","modified_gmt":"2024-12-17T07:21:12","slug":"luxury-mens-white-shirt","status":"publish","type":"product","link":"https:\/\/mj-clothing.com\/lv\/manufacturer\/luxury-mens-white-shirt\/","title":{"rendered":"Luksusa v\u012brie\u0161u balts krekls"},"content":{"rendered":"<h2>Luksusa v\u012brie\u0161u balts krekls<\/h2>\n<p><span class=\"citation-0 recitation citation-end-0\">Luksusa v\u012brie\u0161u balts krekls ir m\u016b\u017e\u012bga klasika, kas var uzlabot jebkuru garderobi.<\/span>L\u016bk, da\u017ei galvenie faktori, kas j\u0101\u0146em v\u0113r\u0101, izv\u0113loties luksusa balto kreklu:<\/p>\n<div id=\"model-response-message-contentr_5dd7d1f0a90fdd28\" class=\"markdown markdown-main-panel response-optimization\" dir=\"ltr\">\n<p data-sourcepos=\"3:1-3:11\"><strong>Audums:<\/strong><\/p>\n<ul data-sourcepos=\"5:1-12:0\">\n<li data-sourcepos=\"5:1-7:29\"><strong><span class=\"citation-1 recitation\">Smalka kokvilna:<\/span><\/strong><span class=\"citation-1 recitation citation-end-1\"> Augstas kvalit\u0101tes kokvilna, piem\u0113ram, \u0112\u0123iptes vai Pima kokvilna, ir \u012bpa\u0161i m\u012bksta, elpojo\u0161a un iztur\u012bga.<\/span><\/li>\n<li data-sourcepos=\"5:1-7:29\"><strong><span class=\"citation-2 recitation\">J\u016bras salas kokvilna:<\/span><\/strong><span class=\"citation-2 recitation citation-end-2\"> Sea Island kokvilna, kas paz\u012bstama ar \u012bpa\u0161i garaj\u0101m \u0161\u0137iedr\u0101m, ir viens no grezn\u0101kajiem pieejamajiem audumiem.<\/span> T\u0101 ir neticami m\u012bksta, gluda un sp\u012bd\u012bga.<span class=\"button-container hide-from-message-actions ng-star-inserted\">\u00a0<\/span>\n<div class=\"container ng-tns-c3661983433-95 hide\">\n<div class=\"carousel-container ng-tns-c3661983433-95\"><\/div>\n<\/div>\n<div class=\"attachment-container search-images\"><\/div>\n<\/li>\n<li data-sourcepos=\"5:1-7:29\"><strong><span class=\"citation-3 recitation\">Ve\u013ca:<\/span><\/strong><span class=\"citation-3 recitation citation-end-3\"> Dabisks, elpojo\u0161s audums, kas lieliski piem\u0113rots silt\u0101kiem laikapst\u0101k\u013ciem.<\/span>Tam bie\u017ei vien ir nedaudz struktur\u0113ts izskats un nepiespiests, elegants izskats.<span class=\"button-container hide-from-message-actions ng-star-inserted\" style=\"font-size: 14.4px;\">\u00a0\u00a0<\/span>\n<div class=\"container ng-tns-c3661983433-95 hide\">\n<div class=\"carousel-container ng-tns-c3661983433-95\"><\/div>\n<\/div>\n<div class=\"attachment-container search-images\"><\/div>\n<\/li>\n<\/ul>\n<p data-sourcepos=\"13:1-13:17\"><strong>B\u016bvniec\u012bba:<\/strong><\/p>\n<ul data-sourcepos=\"15:1-18:0\">\n<li data-sourcepos=\"15:1-15:160\"><strong>\u0160\u016b\u0161ana:<\/strong> Kreklam j\u0101b\u016bt labi piegrieztam, ar prec\u012bz\u0101m \u0161uv\u0113m un t\u012bru apdari. Piev\u0113rsiet uzman\u012bbu t\u0101d\u0101m deta\u013c\u0101m k\u0101 apkakle, aproces un pogas.<\/li>\n<li data-sourcepos=\"16:1-16:110\"><strong>Piem\u0113rots:<\/strong> Lai veidotu greznu izskatu, ir \u013coti svar\u012bgi, lai ap\u0123\u0113rbs b\u016btu piem\u0113rots. Labi piegulo\u0161am kreklam j\u0101b\u016bt gludi un \u0113rti piegulo\u0161am.<\/li>\n<li data-sourcepos=\"17:1-18:0\"><strong>Apkakles stils:<\/strong> Izv\u0113lieties savai sejas formai un personiskaj\u0101m v\u0113lm\u0113m atbilsto\u0161u apkakles stilu. <span class=\"citation-4 recitation citation-end-4\">Popul\u0101r\u0101k\u0101s iesp\u0113jas ir klasisk\u0101 punkta apkakle, pog\u0101m piesprau\u017eama apkakle un izgriezta apkakle.<\/span><span class=\"button-container hide-from-message-actions ng-star-inserted\"> \u00a0<\/span>\n<div class=\"container ng-tns-c3661983433-96 hide\">\n<div class=\"carousel-container ng-tns-c3661983433-96\">\n<div class=\"carousel-content ng-tns-c3661983433-96\">\n<div class=\"sources-carousel-source ng-tns-c3661983433-96 hide ng-star-inserted\" data-test-id=\"sources-carousel-source\"><\/div>\n<\/div>\n<\/div>\n<\/div>\n<\/li>\n<\/ul>\n<p data-sourcepos=\"19:1-19:11\"><strong>Dizains:<\/strong><\/p>\n<ul data-sourcepos=\"21:1-23:0\">\n<li data-sourcepos=\"21:1-21:168\"><strong>Minim\u0101lisma elegance:<\/strong> Vienk\u0101r\u0161s, t\u012brs dizains bie\u017ei vien izstaro visliel\u0101ko grezn\u012bbu. Izv\u0113lieties kreklu ar smalku deta\u013cu, piem\u0113ram, perlamutra pog\u0101m vai smalku monogrammu.<\/li>\n<li data-sourcepos=\"22:1-23:0\"><strong>Smalki mode\u013ci:<\/strong> Ja dodat priek\u0161roku rakstam, apsveriet iesp\u0113ju izmantot smalku sv\u012btru vai nelielu r\u016bti\u0146u.<\/li>\n<\/ul>\n<p data-sourcepos=\"24:1-24:11\"><strong>Z\u012bmoli:<\/strong><\/p>\n<\/div>\n<div class=\"skeleton-loader-container\">\n<p data-sourcepos=\"26:1-26:70\">Vair\u0101ki luksusa z\u012bmoli ir slaveni ar saviem luksusa v\u012brie\u0161u baltajiem krekliem:<\/p>\n<ul data-sourcepos=\"28:1-36:0\">\n<li data-sourcepos=\"28:1-29:43\"><strong>Turnbull &amp; Asser:<\/strong> <span class=\"citation-5 recitation citation-end-5\">Zin\u0101ms ar savu p\u0113c pas\u016bt\u012bjuma \u0161\u016bto piegriezumu un grezniem audumiem.<\/span><\/li>\n<li data-sourcepos=\"28:1-29:43\"><strong><span class=\"citation-6 recitation\">Charvet:<\/span><\/strong><span class=\"citation-6 recitation citation-end-6\"> V\u0113sturisks fran\u010du krekls, kas pied\u0101v\u0101 izsmalcin\u0101tu meistar\u012bbu un elegantu dizainu.<\/span><\/li>\n<li data-sourcepos=\"28:1-29:43\"><strong><span class=\"citation-7 recitation\">Brioni:<\/span><\/strong><span class=\"citation-7 recitation citation-end-7\"> It\u0101\u013cu luksusa z\u012bmols, kas koncentr\u0113jas uz smalku piegrieztni un nevainojamu kvalit\u0101ti.<\/span><\/li>\n<li data-sourcepos=\"28:1-29:43\">\n<div class=\"container\"><strong><span class=\"citation-8 recitation\">Kiton:<\/span><\/strong><span class=\"citation-8 recitation citation-end-8\"> V\u0113l viens it\u0101\u013cu luksusa z\u012bmols, kas ra\u017eo vienus no lab\u0101kajiem krekliem pasaul\u0113.<\/span><\/div>\n<p><span class=\"button-container hide-from-message-actions ng-star-inserted\"> \u00a0 <\/span><\/li>\n<\/ul>\n<\/div>\n<div class=\"response-footer gap complete\">\n<div class=\"container ng-tns-c3661983433-86\">\n<div class=\"carousel-container ng-tns-c3661983433-86\">\n<div class=\"carousel-content ng-tns-c3661983433-86\">\n<div class=\"sources-carousel-source ng-tns-c3661983433-86 ng-star-inserted\" data-test-id=\"sources-carousel-source\">\n<div class=\"source-card-container\">\n<div class=\"source-card-content\">\n<div class=\"source-card-body\">\n<div class=\"source-card-header\">\n<div class=\"source-card-title\"><\/div>\n<\/div>\n<\/div>\n<\/div>\n<\/div>\n<\/div>\n<\/div>\n<\/div>\n<\/div>\n<\/div>","protected":false},"excerpt":{"rendered":"<table style=\"height: 485px;\" width=\"491\">\n<tbody>\n<tr>\n<td width=\"146\"><strong><b>Produkts<\/b><\/strong>\u00a0<strong><b>V\u0101rds un uzv\u0101rds:<\/b><\/strong><\/td>\n<td width=\"601\"><strong>Luksusa v\u012brie\u0161u balts krekls<\/strong><\/td>\n<\/tr>\n<tr>\n<td width=\"146\"><strong><b>Materlal:<\/b><\/strong><\/td>\n<td width=\"601\">Poliesters\/kokvilna<\/td>\n<\/tr>\n<tr>\n<td width=\"146\"><strong><b>Tehnika:<\/b><\/strong><\/td>\n<td width=\"601\">Poligr\u0101fija un kr\u0101so\u0161ana<\/td>\n<\/tr>\n<tr>\n<td width=\"146\"><strong><b>Stils:<\/b><\/strong><\/td>\n<td width=\"601\">Gad\u012bjuma<\/td>\n<\/tr>\n<tr>\n<td width=\"146\"><strong><b>Kr\u0101sa<\/b><\/strong><strong><b>:<\/b><\/strong><\/td>\n<td width=\"601\">\u00a0Piel\u0101gotas kr\u0101sas<\/td>\n<\/tr>\n<tr>\n<td width=\"146\"><strong><b>Izm\u0113rs:<\/b><\/strong><\/td>\n<td width=\"601\">S \/M \/L \/XL \/2XL<\/td>\n<\/tr>\n<tr>\n<td width=\"146\"><strong><b>OEM\/ODM:<\/b><\/strong><\/td>\n<td width=\"601\">Pie\u0146emams<\/td>\n<\/tr>\n<tr>\n<td width=\"146\"><strong><b>Kvalit\u0101te:<\/b><\/strong><\/td>\n<td width=\"601\">100% Augsta kvalit\u0101te<\/td>\n<\/tr>\n<tr>\n<td width=\"146\"><strong><b>M<\/b><\/strong><strong><b>OQ:<\/b><\/strong><\/td>\n<td width=\"601\">200 gab.<\/td>\n<\/tr>\n<\/tbody>\n<\/table>","protected":false},"featured_media":1748,"template":"","meta":[],"product_brand":[],"product_cat":[38],"product_tag":[],"class_list":{"0":"post-1639","1":"product","2":"type-product","3":"status-publish","4":"has-post-thumbnail","6":"product_cat-mens-clothing","8":"first","9":"instock","10":"shipping-taxable","11":"product-type-simple"},"_links":{"self":[{"href":"https:\/\/mj-clothing.com\/lv\/wp-json\/wp\/v2\/product\/1639","targetHints":{"allow":["GET"]}}],"collection":[{"href":"https:\/\/mj-clothing.com\/lv\/wp-json\/wp\/v2\/product"}],"about":[{"href":"https:\/\/mj-clothing.com\/lv\/wp-json\/wp\/v2\/types\/product"}],"wp:featuredmedia":[{"embeddable":true,"href":"https:\/\/mj-clothing.com\/lv\/wp-json\/wp\/v2\/media\/1748"}],"wp:attachment":[{"href":"https:\/\/mj-clothing.com\/lv\/wp-json\/wp\/v2\/media?parent=1639"}],"wp:term":[{"taxonomy":"product_brand","embeddable":true,"href":"https:\/\/mj-clothing.com\/lv\/wp-json\/wp\/v2\/product_brand?post=1639"},{"taxonomy":"product_cat","embeddable":true,"href":"https:\/\/mj-clothing.com\/lv\/wp-json\/wp\/v2\/product_cat?post=1639"},{"taxonomy":"product_tag","embeddable":true,"href":"https:\/\/mj-clothing.com\/lv\/wp-json\/wp\/v2\/product_tag?post=1639"}],"curies":[{"name":"wp","href":"https:\/\/api.w.org\/{rel}","templated":true}]}}