{"id":1662,"date":"2024-12-12T03:40:11","date_gmt":"2024-12-12T03:40:11","guid":{"rendered":"https:\/\/mj-clothing.com\/?post_type=product&#038;p=1662"},"modified":"2024-12-17T07:20:07","modified_gmt":"2024-12-17T07:20:07","slug":"mens-lounge-shirts","status":"publish","type":"product","link":"https:\/\/mj-clothing.com\/lv\/manufacturer\/mens-lounge-shirts\/","title":{"rendered":"V\u012brie\u0161u atp\u016btas krekli"},"content":{"rendered":"<div class=\"user-query-container ng-star-inserted\">\n<div id=\"user-query-content-5\" class=\"query-content\">\n<div class=\"query-text ng-star-inserted\" dir=\"ltr\" role=\"heading\" aria-level=\"2\">\n<h2 class=\"query-text-line ng-star-inserted\">V\u012brie\u0161u atp\u016btas krekli<\/h2>\n<\/div>\n<\/div>\n<div class=\"button-gutter\"><span class=\"citation-0 recitation citation-end-0\" style=\"font-size: 14.4px; color: #555555;\">V\u012brie\u0161u atp\u016btas krekli ir \u0113rts un stil\u012bgs ap\u0123\u0113rba gabals, kas paredz\u0113ts atp\u016btai un atp\u016btai.<\/span><span style=\"font-size: 14.4px; color: #555555;\"> Tas ir lieliski piem\u0113rots atp\u016btai m\u0101j\u0101s, k\u0101rt\u012bgu uzdevumu veik\u0161anai vai vienk\u0101r\u0161i ikdienas atp\u016btai.<\/span><\/div>\n<div>\n<p data-sourcepos=\"3:1-3:61\">L\u016bk, da\u017eas v\u012brie\u0161u atp\u016btas kreklu galven\u0101s iez\u012bmes un stili:<\/p>\n<p data-sourcepos=\"5:1-5:17\"><strong>Galven\u0101s funkcijas:<\/strong><\/p>\n<ul data-sourcepos=\"7:1-10:0\">\n<li data-sourcepos=\"7:1-7:123\"><strong><span class=\"citation-1 recitation\">Komforts:<\/span><\/strong><span class=\"citation-1 recitation citation-end-1\"> Atp\u016btas krekli parasti ir izgatavoti no m\u012bkstiem, elpojo\u0161iem audumiem, piem\u0113ram, kokvilnas, flaneles vai d\u017eersija.<\/span><\/li>\n<li data-sourcepos=\"7:1-7:123\"><strong>Relaxed Fit:<\/strong> Tiem bie\u017ei vien ir atvieglots vai lielizm\u0113ra piegriezums, kas nodro\u0161ina maksim\u0101lu komfortu.<\/li>\n<li data-sourcepos=\"7:1-7:123\"><strong>Gad\u012bjuma stils:<\/strong> Atp\u016btas krekli ir da\u017e\u0101du ikdienas stilu, tostarp vienkr\u0101saini, sv\u012btraini un rakstaini.\n<p data-sourcepos=\"11:1-11:19\"><strong>Popul\u0101ri stili:<\/strong><\/p>\n<\/li>\n<li data-sourcepos=\"7:1-7:123\">\n<p data-sourcepos=\"11:1-11:19\"><strong style=\"color: #333333; font-size: 14.4px;\">Flane\u013ca krekls:<\/strong><span style=\"color: #333333; font-size: 14.4px;\"> Klasiska izv\u0113le v\u0113s\u0101kiem laikapst\u0101k\u013ciem - flane\u013ca krekli ir ide\u0101li piem\u0113roti, lai omul\u012bgi izgul\u0113tos uz d\u012bv\u0101na.<\/span><\/p>\n<\/li>\n<li data-sourcepos=\"7:1-7:123\"><strong><span class=\"citation-2 recitation\">Oksfordas krekls:<\/span><\/strong><span class=\"citation-2 recitation citation-end-2\"> Oksfordas kreklus var valk\u0101t gan izsmalcin\u0101t\u0101k, gan izsmalcin\u0101t\u0101k.<\/span><\/li>\n<li data-sourcepos=\"7:1-7:123\"><strong><span class=\"citation-3 recitation\">D\u017eempera krekls:<\/span><\/strong><span class=\"citation-3 recitation citation-end-3\"> M\u012bksti un elast\u012bgi kreklsv\u0101rki ir ide\u0101li piem\u0113roti atp\u016btai m\u0101j\u0101s.<sup class=\"superscript visible\" data-turn-source-index=\"4\">\u00a0<\/sup><\/span><\/li>\n<li data-sourcepos=\"7:1-7:123\"><strong><span class=\"citation-4 recitation\">Henley krekls:<\/span><\/strong><span class=\"citation-4 recitation citation-end-4\"> Henley krekli ir nesteidz\u012bgs un \u0113rts variants, kas lieliski noder\u0113s br\u012bv\u0101 stila ap\u0123\u0113rbiem.<\/span>\n<div class=\"container\">\n<p data-sourcepos=\"22:1-22:38\"><strong>K\u0101 veidot v\u012brie\u0161u atp\u016btas kreklus:<\/strong><\/p>\n<ul data-sourcepos=\"24:1-27:0\">\n<li data-sourcepos=\"24:1-24:88\"><strong>Gad\u012bjuma izskats:<\/strong> Savienojiet flane\u013ca vai trikot\u0101\u017eas kreklu ar d\u017einsiem vai treni\u0146biks\u0113m un ked\u0101m.<\/li>\n<li data-sourcepos=\"25:1-25:85\"><strong>Paaugstin\u0101ts izskats:<\/strong> Sa\u0123\u0113rbiet Oksfordas kreklu ar chinos vai kleitu biks\u0113m un lauferiem.<\/li>\n<li data-sourcepos=\"26:1-27:0\"><strong>Daudzsl\u0101\u0146ains izskats:<\/strong> Uzkl\u0101jiet flane\u013ca kreklu virs t-krekla, lai ieg\u016btu m\u0101j\u012bgu un stil\u012bgu izskatu.<\/li>\n<\/ul>\n<\/div>\n<\/li>\n<\/ul>\n<\/div>\n<\/div>","protected":false},"excerpt":{"rendered":"<table style=\"height: 527px;\" width=\"492\">\n<tbody>\n<tr>\n<td width=\"146\"><strong><b>Produkts<\/b><\/strong>\u00a0<strong><b>V\u0101rds un uzv\u0101rds:<\/b><\/strong><\/td>\n<td width=\"601\"><strong>V\u012brie\u0161u atp\u016btas krekli<\/strong><\/td>\n<\/tr>\n<tr>\n<td width=\"146\"><strong><b>Materlal:<\/b><\/strong><\/td>\n<td width=\"601\">Poliesters\/kokvilna<\/td>\n<\/tr>\n<tr>\n<td width=\"146\"><strong><b>Tehnika:<\/b><\/strong><\/td>\n<td width=\"601\">Poligr\u0101fija un kr\u0101so\u0161ana<\/td>\n<\/tr>\n<tr>\n<td width=\"146\"><strong><b>Stils:<\/b><\/strong><\/td>\n<td width=\"601\">Gad\u012bjuma<\/td>\n<\/tr>\n<tr>\n<td width=\"146\"><strong><b>Kr\u0101sa<\/b><\/strong><strong><b>:<\/b><\/strong><\/td>\n<td width=\"601\">\u00a0Piel\u0101gotas kr\u0101sas<\/td>\n<\/tr>\n<tr>\n<td width=\"146\"><strong><b>Izm\u0113rs:<\/b><\/strong><\/td>\n<td width=\"601\">S \/M \/L \/XL \/2XL<\/td>\n<\/tr>\n<tr>\n<td width=\"146\"><strong><b>OEM\/ODM:<\/b><\/strong><\/td>\n<td width=\"601\">Pie\u0146emams<\/td>\n<\/tr>\n<tr>\n<td width=\"146\"><strong><b>Kvalit\u0101te:<\/b><\/strong><\/td>\n<td width=\"601\">100% Augsta kvalit\u0101te<\/td>\n<\/tr>\n<tr>\n<td width=\"146\"><strong><b>M<\/b><\/strong><strong><b>OQ:<\/b><\/strong><\/td>\n<td width=\"601\">200 gab.<\/td>\n<\/tr>\n<\/tbody>\n<\/table>","protected":false},"featured_media":1747,"template":"","meta":[],"product_brand":[],"product_cat":[38],"product_tag":[],"class_list":{"0":"post-1662","1":"product","2":"type-product","3":"status-publish","4":"has-post-thumbnail","6":"product_cat-mens-clothing","8":"first","9":"instock","10":"shipping-taxable","11":"product-type-simple"},"_links":{"self":[{"href":"https:\/\/mj-clothing.com\/lv\/wp-json\/wp\/v2\/product\/1662","targetHints":{"allow":["GET"]}}],"collection":[{"href":"https:\/\/mj-clothing.com\/lv\/wp-json\/wp\/v2\/product"}],"about":[{"href":"https:\/\/mj-clothing.com\/lv\/wp-json\/wp\/v2\/types\/product"}],"wp:featuredmedia":[{"embeddable":true,"href":"https:\/\/mj-clothing.com\/lv\/wp-json\/wp\/v2\/media\/1747"}],"wp:attachment":[{"href":"https:\/\/mj-clothing.com\/lv\/wp-json\/wp\/v2\/media?parent=1662"}],"wp:term":[{"taxonomy":"product_brand","embeddable":true,"href":"https:\/\/mj-clothing.com\/lv\/wp-json\/wp\/v2\/product_brand?post=1662"},{"taxonomy":"product_cat","embeddable":true,"href":"https:\/\/mj-clothing.com\/lv\/wp-json\/wp\/v2\/product_cat?post=1662"},{"taxonomy":"product_tag","embeddable":true,"href":"https:\/\/mj-clothing.com\/lv\/wp-json\/wp\/v2\/product_tag?post=1662"}],"curies":[{"name":"wp","href":"https:\/\/api.w.org\/{rel}","templated":true}]}}