{"id":1687,"date":"2024-12-12T06:29:02","date_gmt":"2024-12-12T06:29:02","guid":{"rendered":"https:\/\/mj-clothing.com\/?post_type=product&#038;p=1687"},"modified":"2024-12-13T03:09:53","modified_gmt":"2024-12-13T03:09:53","slug":"mens-linnen-ecru-shirt","status":"publish","type":"product","link":"https:\/\/mj-clothing.com\/lv\/manufacturer\/mens-linnen-ecru-shirt\/","title":{"rendered":"V\u012brie\u0161u krekls Linnen Ecru"},"content":{"rendered":"<h2><strong>V\u012brie\u0161u krekls Linnen Ecru<\/strong><\/h2>\n<p><span class=\"citation-0 recitation citation-end-0\">V\u012brie\u0161u krekli\u0146\u0161 Linnen Ecru ir stil\u012bgs un daudzpus\u012bgs ap\u0123\u0113rba gabals, kas lieliski piem\u0113rots siltam laikam.<\/span> L\u016bk, k\u0101p\u0113c:<\/p>\n<h3 data-sourcepos=\"3:1-3:14\"><strong>\u00a0 \u00a0 \u00a0 K\u0101p\u0113c ve\u013ca?<\/strong><\/h3>\n<ul data-sourcepos=\"5:1-9:0\">\n<li data-sourcepos=\"5:1-5:157\"><strong>Elpojam\u012bba:<\/strong> <span class=\"citation-1 recitation citation-end-1\">Lins ir dabiska \u0161\u0137iedra, kas lieliski absorb\u0113 mitrumu un nodro\u0161ina gaisa cirkul\u0101ciju, saglab\u0101jot v\u0113sumu un komfortu.<\/span><\/li>\n<li data-sourcepos=\"5:1-5:157\"><strong style=\"font-size: 14.4px;\"><span class=\"citation-2 recitation\">Iztur\u012bba:<\/span><\/strong><span class=\"citation-2 recitation citation-end-2\" style=\"font-size: 14.4px;\"> Neskatoties uz maigo izskatu, lins ir p\u0101rsteidzo\u0161i iztur\u012bgs un ilgm\u016b\u017e\u012bgs.<\/span><\/li>\n<li data-sourcepos=\"5:1-5:157\"><strong><span class=\"citation-3 recitation\">M\u012bkstums:<\/span><\/strong><span class=\"citation-3 recitation citation-end-3\"> Ar katru mazg\u0101\u0161anas reizi ve\u013ca k\u013c\u016bst m\u012bkst\u0101ka, t\u0101p\u0113c laika gait\u0101 t\u0101 k\u013c\u016bst arvien \u0113rt\u0101ka.<\/span><\/li>\n<li data-sourcepos=\"5:1-5:157\"><strong style=\"font-size: 14.4px;\">Iztur\u012bgs pret grumbu veido\u0161anos:<\/strong><span style=\"font-size: 14.4px;\"> Lai gan lins ir paz\u012bstams ar savu dabisko krokot\u012bbu, tas pie\u0161\u0137ir tam ikdieni\u0161\u0137u un nepiespiestu \u0161armu.<\/span><br \/>\n<h3 data-sourcepos=\"10:1-10:13\"><strong>K\u0101p\u0113c Ecru?<\/strong><\/h3>\n<\/li>\n<li data-sourcepos=\"5:1-5:157\"><strong>Daudzpus\u012bba:<\/strong> <span class=\"citation-4 recitation citation-end-4\">Ecru - gai\u0161i b\u0113\u0161a vai gai\u0161i balta kr\u0101sa - ir neticami univers\u0101la.<\/span>Tas labi sader ar da\u017e\u0101d\u0101m kr\u0101s\u0101m, s\u0101kot no tum\u0161a d\u017einsa l\u012bdz gai\u0161iem \u0161ino.<\/li>\n<li data-sourcepos=\"13:1-13:96\"><strong>Bez laika:<\/strong> Neitr\u0101lais ekru tonis padara to par m\u016b\u017e\u012bgu elementu, kas nekad neiziet no modes.<\/li>\n<li data-sourcepos=\"14:1-15:0\"><strong>Viegli veidot stilu:<\/strong> <span class=\"citation-5 recitation citation-end-5\"><span class=\"citation-5 recitation citation-end-5\"><span class=\"citation-5 recitation citation-end-5\">To var uzvilkt vai uzvilkt, t\u0101p\u0113c tas ir lieliski piem\u0113rots da\u017e\u0101diem gad\u012bjumiem.<\/span><\/span><\/span><br \/>\n<h3 data-sourcepos=\"16:1-16:36\"><strong>K\u0101 stiliz\u0113t v\u012brie\u0161u kreklu Linnen Ecru?<\/strong><\/h3>\n<\/li>\n<li data-sourcepos=\"14:1-15:0\"><strong>Gad\u012bjuma raksturs:<\/strong> Lietojiet to kop\u0101 ar d\u017einsiem, \u0161ortu biks\u0113m vai \u0161ortiem un \u010d\u012bbas, lai veidotu ikdieni\u0161\u0137u, nepiespiestu izskatu.<\/li>\n<li data-sourcepos=\"14:1-15:0\"><strong>Smart Casual:<\/strong> Kombin\u0113jiet to ar piegrieztas formas biks\u0113m un lauferiem, lai veidotu izsmalcin\u0101tu, bet nesteidz\u012bgu ansambli.<\/li>\n<li data-sourcepos=\"14:1-15:0\"><strong>Tropu:<\/strong> N\u0113s\u0101jiet to kop\u0101 ar lina biks\u0113m vai \u0161ortiem kontrast\u0113jo\u0161\u0101 kr\u0101s\u0101, lai veidotu vasar\u012bgu, vieglpr\u0101t\u012bgu ap\u0123\u0113rbu.<\/li>\n<\/ul>","protected":false},"excerpt":{"rendered":"<p>Materi\u0101ls: Poliesters\/kokvilna\/lin\u0113ns<\/p>\n<p>Tehnika: Iz\u0161\u016bts:<\/p>\n<p>Stils: Gad\u012bjuma<\/p>\n<p>Kr\u0101sa: melna un piel\u0101gotas kr\u0101sas<\/p>\n<p>Izm\u0113rs: S \/M \/L \/XL \/2XL<\/p>","protected":false},"featured_media":1750,"template":"","meta":[],"product_brand":[],"product_cat":[38],"product_tag":[],"class_list":{"0":"post-1687","1":"product","2":"type-product","3":"status-publish","4":"has-post-thumbnail","6":"product_cat-mens-clothing","8":"first","9":"instock","10":"shipping-taxable","11":"product-type-simple"},"_links":{"self":[{"href":"https:\/\/mj-clothing.com\/lv\/wp-json\/wp\/v2\/product\/1687","targetHints":{"allow":["GET"]}}],"collection":[{"href":"https:\/\/mj-clothing.com\/lv\/wp-json\/wp\/v2\/product"}],"about":[{"href":"https:\/\/mj-clothing.com\/lv\/wp-json\/wp\/v2\/types\/product"}],"wp:featuredmedia":[{"embeddable":true,"href":"https:\/\/mj-clothing.com\/lv\/wp-json\/wp\/v2\/media\/1750"}],"wp:attachment":[{"href":"https:\/\/mj-clothing.com\/lv\/wp-json\/wp\/v2\/media?parent=1687"}],"wp:term":[{"taxonomy":"product_brand","embeddable":true,"href":"https:\/\/mj-clothing.com\/lv\/wp-json\/wp\/v2\/product_brand?post=1687"},{"taxonomy":"product_cat","embeddable":true,"href":"https:\/\/mj-clothing.com\/lv\/wp-json\/wp\/v2\/product_cat?post=1687"},{"taxonomy":"product_tag","embeddable":true,"href":"https:\/\/mj-clothing.com\/lv\/wp-json\/wp\/v2\/product_tag?post=1687"}],"curies":[{"name":"wp","href":"https:\/\/api.w.org\/{rel}","templated":true}]}}