{"id":1744,"date":"2024-12-13T02:59:23","date_gmt":"2024-12-13T02:59:23","guid":{"rendered":"https:\/\/mj-clothing.com\/?post_type=product&#038;p=1744"},"modified":"2024-12-17T07:18:06","modified_gmt":"2024-12-17T07:18:06","slug":"mens-pocket-t-shirts","status":"publish","type":"product","link":"https:\/\/mj-clothing.com\/lv\/manufacturer\/mens-pocket-t-shirts\/","title":{"rendered":"V\u012brie\u0161u kabatas T krekli"},"content":{"rendered":"<div id=\"chat-history\" class=\"chat-history-scroll-container\">\n<div id=\"e1f51b489f031adc\" class=\"conversation-container ng-tns-c2150043242-1 message-actions-hover-boundary response-optimization ng-star-inserted\">\n<div class=\"response-container ng-tns-c1933435332-46 response-optimization response-container-with-gpi ng-star-inserted response-container-has-multiple-responses\">\n<div class=\"presented-response-container ng-tns-c1933435332-46\">\n<div class=\"response-container-content ng-tns-c1933435332-46 tunable-selection-with-avatar\">\n<div class=\"response-content ng-tns-c1933435332-46\">\n<div id=\"model-response-message-contentr_e1f51b489f031adc\" class=\"markdown markdown-main-panel response-optimization\" dir=\"ltr\">\n<h3 data-sourcepos=\"1:1-1:78\">V\u012brie\u0161u kabatas T krekli<\/h3>\n<p data-sourcepos=\"1:1-1:78\">\u0160eit ir da\u017ei v\u012brie\u0161u kabatas T krekli, kas pa\u0161laik ir pieejami Singap\u016br\u0101:<\/p>\n<p data-sourcepos=\"3:1-3:19\"><strong>Gad\u012bjuma iesp\u0113jas:<\/strong><\/p>\n<ul data-sourcepos=\"5:1-10:0\">\n<li data-sourcepos=\"5:1-7:0\">\n<p data-sourcepos=\"5:3-6:64\"><strong>Uniqlo Oversized Pocket Crew Neck Half Sleeve T-krekls:<\/strong> <span class=\"citation-0 recitation citation-end-0\">Tas ir \u0113rts un stil\u012bgs risin\u0101jums, kas pieejams da\u017e\u0101d\u0101s kr\u0101s\u0101s.<\/span> Tas ir lieliski piem\u0113rots ikdienas valk\u0101\u0161anai.<span class=\"button-container hide-from-message-actions ng-star-inserted\">\u00a0 \u00a0<\/span><\/p>\n<div class=\"container ng-tns-c2946245707-59 hide\">\n<div class=\"carousel-container ng-tns-c2946245707-59\"><\/div>\n<\/div>\n<div class=\"attachment-container search-images\"><\/div>\n<\/li>\n<li data-sourcepos=\"8:1-10:0\">\n<p data-sourcepos=\"8:3-9:47\"><strong>Carhartt WIP S\/S Work Pocket T-Shirt:<\/strong> Tas ir iztur\u012bg\u0101ks un iztur\u012bg\u0101ks variants, kas ir ide\u0101li piem\u0113rots darbam vai \u0101ra aktivit\u0101t\u0113m. <span class=\"citation-1 recitation citation-end-1\">Tai ir kr\u016b\u0161u kabata un br\u012bvs piegriezums.<\/span><span class=\"button-container hide-from-message-actions ng-star-inserted\">\u00a0 \u00a0<\/span><\/p>\n<div class=\"container ng-tns-c2946245707-60 hide\">\n<div class=\"carousel-container ng-tns-c2946245707-60\"><\/div>\n<\/div>\n<div class=\"attachment-container search-images\"><\/div>\n<\/li>\n<\/ul>\n<p data-sourcepos=\"11:1-11:20\"><strong>Premium opcijas:<\/strong><\/p>\n<ul data-sourcepos=\"13:1-18:0\">\n<li data-sourcepos=\"13:1-15:0\">\n<p data-sourcepos=\"13:3-14:45\"><strong>T-krekls ar kabat\u0101m Ralph Lauren Jersey Pocket T-Shirt:<\/strong> <span class=\"citation-2 recitation citation-end-2\">\u0160is ir augstas kvalit\u0101tes t-krekls, kas izgatavots no augst\u0101k\u0101s kvalit\u0101tes kokvilnas.<\/span> Tai ir klasisks dizains un maza kabati\u0146a uz kr\u016bt\u012bm.<\/p>\n<\/li>\n<li data-sourcepos=\"13:1-15:0\">\n<p data-sourcepos=\"13:3-14:45\"><strong style=\"font-size: 14.4px;\">Timberland v\u012brie\u0161u Oksfordas krekls ar kr\u016b\u0161u kabatu:<\/strong> <span class=\"citation-3 recitation citation-end-3\" style=\"font-size: 14.4px;\">\u0160is ir unik\u0101ls un stil\u012bgs risin\u0101jums, kas izgatavots no 100% kokvilnas.<\/span> <span class=\"citation-4 recitation citation-end-4\" style=\"font-size: 14.4px;\">Tai ir pog\u0101m piesprau\u017eama apkakle un kr\u016b\u0161u kabata.<\/span><span class=\"button-container hide-from-message-actions ng-star-inserted\" style=\"font-size: 14.4px;\">\u00a0 \u00a0<\/span><\/p>\n<div class=\"container ng-tns-c2946245707-62 hide\">\n<div class=\"carousel-container ng-tns-c2946245707-62\">\n<div class=\"carousel-content ng-tns-c2946245707-62\">\n<div class=\"sources-carousel-source ng-tns-c2946245707-62 hide ng-star-inserted\" data-test-id=\"sources-carousel-source\"><\/div>\n<\/div>\n<\/div>\n<\/div>\n<div class=\"attachment-container search-images\"><\/div>\n<\/li>\n<\/ul>\n<p data-sourcepos=\"19:1-19:24\"><strong>Veiktsp\u0113jas opcijas:<\/strong><\/p>\n<ul data-sourcepos=\"21:1-23:0\">\n<li data-sourcepos=\"21:1-23:0\"><strong>Under Armour v\u012brie\u0161u UA Pocket T-krekls:<\/strong> \u0160is ir augstas veiktsp\u0113jas t-krekls, kas lieliski piem\u0113rots treni\u0146iem vai cit\u0101m akt\u012bv\u0101m nodarb\u0113m. <span class=\"citation-5 recitation citation-end-5\">Tai ir mitruma novad\u012b\u0161anas tehnolo\u0123ija un kr\u016b\u0161u kabata.<\/span><span class=\"button-container hide-from-message-actions ng-star-inserted\"> \u00a0<\/span>\n<div class=\"container ng-tns-c2946245707-63 hide\">\n<div class=\"carousel-container ng-tns-c2946245707-63\"><\/div>\n<\/div>\n<div class=\"attachment-container search-images\">\n<div class=\"image-container hide-from-message-actions ng-star-inserted\">\n<div class=\"caption ellipsis gmat-caption ng-star-inserted\" aria-hidden=\"true\"><\/div>\n<\/div>\n<\/div>\n<\/li>\n<\/ul>\n<p data-sourcepos=\"24:1-24:171\">\u0160ie ir tikai da\u017ei no daudzajiem v\u012brie\u0161u kabatas krekli\u0146iem, kas pieejami Singap\u016br\u0101. Pla\u0161\u0101ku pied\u0101v\u0101jumu kl\u0101stu var atrast viet\u0113j\u0101 univers\u0101lveikal\u0101 vai tie\u0161saistes veikal\u0101.<\/p>\n<p data-sourcepos=\"26:1-26:56\"><strong>Papildu padomi, k\u0101 izv\u0113l\u0113ties v\u012brie\u0161u kabatas T krekli:<\/strong><\/p>\n<ul data-sourcepos=\"28:1-32:0\">\n<li data-sourcepos=\"28:1-28:273\">Apsveriet audumu: Kokvilna ir popul\u0101ra izv\u0113le kabatas krekli\u0146iem, jo t\u0101 ir \u0113rta un elpojo\u0161a. Tom\u0113r, ja mekl\u0113jat t-kreklu, kas novad\u012bs mitrumu un saglab\u0101s v\u0113sumu, varat apsv\u0113rt ar\u012b t\u0101dus augstas veiktsp\u0113jas audumus k\u0101 poliesteris vai neilons.<\/li>\n<li data-sourcepos=\"29:1-29:174\">Izv\u0113lieties piem\u0113rotu pieg\u0101di: T-krekli ar kabat\u0101m var b\u016bt da\u017e\u0101da piegriezuma, s\u0101kot no slaida piegriezuma un beidzot ar br\u012bv\u0101 piegriezuma krekli\u0146iem. Izv\u0113lieties t\u0101du piegriezumu, kas piest\u0101v j\u016bsu auguma tipam un ir \u0113rts valk\u0101\u0161anai.<\/li>\n<li data-sourcepos=\"30:1-30:209\">Apsveriet kabatas stilu: Da\u017eiem krekli\u0146iem ar kabat\u0101m ir maza kabati\u0146a uz kr\u016bt\u012bm, bet citiem - liel\u0101ka kabata s\u0101nos. Izv\u0113lieties sev t\u012bkamu kabatu stilu, kas b\u016bs praktisks j\u016bsu vajadz\u012bb\u0101m.<\/li>\n<li data-sourcepos=\"31:1-32:0\">Padom\u0101jiet par \u0161o gad\u012bjumu: Ja mekl\u0113jat kabatas kreklu, ko valk\u0101t uz darbu, iesp\u0113jams, v\u0113l\u0113sieties izv\u0113l\u0113ties form\u0101l\u0101ku stilu. Ja mekl\u0113jat t-kreklu, ko valk\u0101t ned\u0113\u013cas nogal\u0113, iesp\u0113jams, v\u0113laties izv\u0113l\u0113ties br\u012bv\u0101ku stilu.<\/li>\n<\/ul>\n<p data-sourcepos=\"33:1-33:86\">Iev\u0113rojot \u0161os padomus, varat atrast sav\u0101m vajadz\u012bb\u0101m piem\u0113rotu v\u012brie\u0161u kreklu ar kabatu.<\/p>\n<\/div>\n<\/div>\n<\/div>\n<\/div>\n<\/div>\n<\/div>\n<\/div>\n<div class=\"input-area-container\">\n<div class=\"input-area\" data-node-type=\"input-area\">\n<div class=\"text-input-field\">\n<div class=\"text-input-field_textarea-wrapper\">\n<div class=\"text-input-field-main-area\">\n<div class=\"text-input-field_textarea-inner\">\n<div class=\"ql-editor textarea new-input-ui ql-blank\" role=\"textbox\" contenteditable=\"true\" data-gramm=\"false\" aria-multiline=\"true\" aria-label=\"\u0160eit ievadiet uzvedni\" data-placeholder=\"Ask Gemini\"><\/div>\n<\/div>\n<\/div>\n<\/div>\n<\/div>\n<\/div>\n<\/div>","protected":false},"excerpt":{"rendered":"<table style=\"height: 530px;\" width=\"498\">\n<tbody>\n<tr>\n<td width=\"146\"><strong><b>Produkts<\/b><\/strong>\u00a0<strong><b>V\u0101rds un uzv\u0101rds:<\/b><\/strong><\/td>\n<td width=\"601\"><strong>V\u012brie\u0161u kabatas T krekli<\/strong><\/td>\n<\/tr>\n<tr>\n<td width=\"146\"><strong><b>Materlal:<\/b><\/strong><\/td>\n<td width=\"601\">Poliesters\/kokvilna<\/td>\n<\/tr>\n<tr>\n<td width=\"146\"><strong><b>Tehnika:<\/b><\/strong><\/td>\n<td width=\"601\">Poligr\u0101fija un kr\u0101so\u0161ana<\/td>\n<\/tr>\n<tr>\n<td width=\"146\"><strong><b>Stils:<\/b><\/strong><\/td>\n<td width=\"601\">Gad\u012bjuma<\/td>\n<\/tr>\n<tr>\n<td width=\"146\"><strong><b>Kr\u0101sa<\/b><\/strong><strong><b>:<\/b><\/strong><\/td>\n<td width=\"601\">\u00a0Piel\u0101gotas kr\u0101sas<\/td>\n<\/tr>\n<tr>\n<td width=\"146\"><strong><b>Izm\u0113rs:<\/b><\/strong><\/td>\n<td width=\"601\">S \/M \/L \/XL \/2XL<\/td>\n<\/tr>\n<tr>\n<td width=\"146\"><strong><b>OEM\/ODM:<\/b><\/strong><\/td>\n<td width=\"601\">Pie\u0146emams<\/td>\n<\/tr>\n<tr>\n<td width=\"146\"><strong><b>Kvalit\u0101te:<\/b><\/strong><\/td>\n<td width=\"601\">100% Augsta kvalit\u0101te<\/td>\n<\/tr>\n<tr>\n<td width=\"146\"><strong><b>M<\/b><\/strong><strong><b>OQ:<\/b><\/strong><\/td>\n<td width=\"601\">200 gab.<\/td>\n<\/tr>\n<\/tbody>\n<\/table>","protected":false},"featured_media":1751,"template":"","meta":[],"product_brand":[],"product_cat":[38],"product_tag":[],"class_list":{"0":"post-1744","1":"product","2":"type-product","3":"status-publish","4":"has-post-thumbnail","6":"product_cat-mens-clothing","8":"first","9":"instock","10":"shipping-taxable","11":"product-type-simple"},"_links":{"self":[{"href":"https:\/\/mj-clothing.com\/lv\/wp-json\/wp\/v2\/product\/1744","targetHints":{"allow":["GET"]}}],"collection":[{"href":"https:\/\/mj-clothing.com\/lv\/wp-json\/wp\/v2\/product"}],"about":[{"href":"https:\/\/mj-clothing.com\/lv\/wp-json\/wp\/v2\/types\/product"}],"wp:featuredmedia":[{"embeddable":true,"href":"https:\/\/mj-clothing.com\/lv\/wp-json\/wp\/v2\/media\/1751"}],"wp:attachment":[{"href":"https:\/\/mj-clothing.com\/lv\/wp-json\/wp\/v2\/media?parent=1744"}],"wp:term":[{"taxonomy":"product_brand","embeddable":true,"href":"https:\/\/mj-clothing.com\/lv\/wp-json\/wp\/v2\/product_brand?post=1744"},{"taxonomy":"product_cat","embeddable":true,"href":"https:\/\/mj-clothing.com\/lv\/wp-json\/wp\/v2\/product_cat?post=1744"},{"taxonomy":"product_tag","embeddable":true,"href":"https:\/\/mj-clothing.com\/lv\/wp-json\/wp\/v2\/product_tag?post=1744"}],"curies":[{"name":"wp","href":"https:\/\/api.w.org\/{rel}","templated":true}]}}