{"id":1765,"date":"2024-12-14T03:13:20","date_gmt":"2024-12-14T03:13:20","guid":{"rendered":"https:\/\/mj-clothing.com\/?post_type=product&#038;p=1765"},"modified":"2024-12-17T07:10:04","modified_gmt":"2024-12-17T07:10:04","slug":"vintage-jacket","status":"publish","type":"product","link":"https:\/\/mj-clothing.com\/lv\/manufacturer\/vintage-jacket\/","title":{"rendered":"Vintage jaka"},"content":{"rendered":"<p data-sourcepos=\"1:1-1:110\">Vint\u0101\u017eas \u017eakete ir p\u0101rlaic\u012bgs izstr\u0101d\u0101jums, kas var pie\u0161\u0137irt unik\u0101lu akcentu jebkuram t\u0113rpam. L\u016bk, k\u0101p\u0113c jums var\u0113tu patikt \u0161\u0101da jaka:<\/p>\n<h3 data-sourcepos=\"3:1-3:32\"><strong>K\u0101p\u0113c izv\u0113l\u0113ties vintage jaku?<\/strong><\/h3>\n<ul data-sourcepos=\"5:1-9:0\">\n<li data-sourcepos=\"5:1-5:118\"><strong>Unik\u0101ls stils:<\/strong>\u00a0 Jak\u0101m bie\u017ei vien ir savdab\u012bgi raksti un deta\u013cas, ko m\u016bsdienu ap\u0123\u0113rb\u0101 neatrad\u012bsiet.<\/li>\n<li data-sourcepos=\"6:1-6:111\"><strong>Augsta kvalit\u0101te:<\/strong> Daudzas jakas ir izgatavotas no augstas kvalit\u0101tes materi\u0101liem, kas iztur\u0113ju\u0161i laika p\u0101rbaudi.<\/li>\n<li data-sourcepos=\"7:1-7:125\"><strong>Ilgtsp\u0113j\u012bga mode:<\/strong> Izv\u0113loties vintage ap\u0123\u0113rbu, j\u016bs samazin\u0101siet ietekmi uz vidi un d\u0101v\u0101siet ap\u0123\u0113rbam otru dz\u012bvi.<\/li>\n<li data-sourcepos=\"8:1-9:0\"><strong>Raksturs un v\u0113sture:<\/strong> Jakas var st\u0101st\u012bt st\u0101stu, papildinot j\u016bsu garderobi ar nostal\u0123iju un person\u012bbu.<\/li>\n<\/ul>\n<h3 data-sourcepos=\"10:1-10:34\"><strong>K\u0101 stiliz\u0113t vintage jaku:<\/strong><\/h3>\n<ul data-sourcepos=\"12:1-16:0\">\n<li data-sourcepos=\"12:1-12:79\"><strong>Gad\u012bjuma raksturs:<\/strong> Savienojiet to ar d\u017einsiem, t-kreklu un ked\u0101m, lai veidotu nesteidz\u012bgu izskatu.<\/li>\n<li data-sourcepos=\"13:1-13:98\"><strong>Smart Casual:<\/strong> Valk\u0101jiet to kop\u0101 ar chinos, kreklu ar pog\u0101m un lauferiem, lai veidotu gl\u012btu ansambli.<\/li>\n<li data-sourcepos=\"14:1-14:93\"><strong>Edgy:<\/strong> Apvienojiet to ar \u0101das biks\u0113m, grafisku t-kreklu un z\u0101bakiem, lai rad\u012btu rokenrola noska\u0146u.<\/li>\n<li data-sourcepos=\"15:1-16:0\"><strong>Form\u0101ls:<\/strong> Uzvelciet to virs uzvalka \u017eaketes, lai rad\u012btu unik\u0101lu savdab\u012bgu form\u0101l\u0101 ap\u0123\u0113rba variantu.<\/li>\n<\/ul>\n<h3 data-sourcepos=\"17:1-17:39\"><strong>Padomi Vintage jakas izv\u0113lei:<\/strong><\/h3>\n<ul data-sourcepos=\"19:1-23:0\">\n<li data-sourcepos=\"19:1-19:82\"><strong>Piem\u0113rots:<\/strong> P\u0101rliecinieties, ka jaka labi piegu\u013c, \u0146emot v\u0113r\u0101 iesp\u0113jam\u0101s izmai\u0146as.<\/li>\n<li data-sourcepos=\"20:1-20:64\"><strong>St\u0101voklis:<\/strong> P\u0101rbaudiet, vai nav boj\u0101jumu, traipu vai nolietojuma.<\/li>\n<li data-sourcepos=\"21:1-21:93\"><strong>Stils:<\/strong> Apsveriet savu person\u012bgo stilu un izv\u0113lieties \u017eaketi, kas papildina j\u016bsu garderobi.<\/li>\n<li data-sourcepos=\"22:1-23:0\"><strong>Materi\u0101ls:<\/strong> Mekl\u0113jiet augstas kvalit\u0101tes materi\u0101lus, piem\u0113ram, \u0101du, vilnu vai d\u017einsu.<\/li>\n<\/ul>\n<h3 data-sourcepos=\"24:1-24:34\"><strong>Kur atrast Vintage jaka:<\/strong><\/h3>\n<ul data-sourcepos=\"26:1-30:0\">\n<li data-sourcepos=\"26:1-26:76\"><strong>Taup\u012bbas veikali:<\/strong> Lieliska vieta, kur atrast apsl\u0113ptus d\u0101rgakme\u0146us par pie\u0146emam\u0101m cen\u0101m.<\/li>\n<li data-sourcepos=\"27:1-27:89\"><strong>S\u016bt\u012bjumu veikali:<\/strong> \u0160ajos veikalos bie\u017ei vien ir pieejamas senlaic\u012bgu ap\u0123\u0113rbu kolekcijas.<\/li>\n<li data-sourcepos=\"28:1-28:97\"><strong>Tie\u0161saistes tirgi:<\/strong> T\u0101das vietnes k\u0101 eBay un Etsy pied\u0101v\u0101 pla\u0161u jaku kl\u0101stu.<\/li>\n<li data-sourcepos=\"29:1-30:0\"><strong>Vintage ap\u0123\u0113rbu veikali:<\/strong> Specializ\u0113ti veikali, kas specializ\u0113jas vintage modes jom\u0101.<\/li>\n<\/ul>\n<div class=\"attachment-container search-images\">\n<div class=\"image-container hide-from-message-actions ng-star-inserted\">\n<div class=\"overlay-container ng-star-inserted\"><\/div>\n<\/div>\n<\/div>","protected":false},"excerpt":{"rendered":"<table style=\"height: 442px;\" width=\"514\">\n<tbody>\n<tr>\n<td width=\"146\"><strong><b>Produkts<\/b><\/strong>\u00a0<strong><b>V\u0101rds un uzv\u0101rds:<\/b><\/strong><\/td>\n<td width=\"601\"><strong>Vintage jaka<\/strong><\/td>\n<\/tr>\n<tr>\n<td width=\"146\"><strong><b>Materlal:<\/b><\/strong><\/td>\n<td width=\"601\">Poliesters\/kokvilna<\/td>\n<\/tr>\n<tr>\n<td width=\"146\"><strong><b>Tehnika:<\/b><\/strong><\/td>\n<td width=\"601\">Poligr\u0101fija un kr\u0101so\u0161ana<\/td>\n<\/tr>\n<tr>\n<td width=\"146\"><strong><b>Stils:<\/b><\/strong><\/td>\n<td width=\"601\">Gad\u012bjuma<\/td>\n<\/tr>\n<tr>\n<td width=\"146\"><strong><b>Kr\u0101sa<\/b><\/strong><strong><b>:<\/b><\/strong><\/td>\n<td width=\"601\">\u00a0Piel\u0101gotas kr\u0101sas<\/td>\n<\/tr>\n<tr>\n<td width=\"146\"><strong><b>Izm\u0113rs:<\/b><\/strong><\/td>\n<td width=\"601\">S \/M \/L \/XL \/2XL<\/td>\n<\/tr>\n<tr>\n<td width=\"146\"><strong><b>OEM\/ODM:<\/b><\/strong><\/td>\n<td width=\"601\">Pie\u0146emams<\/td>\n<\/tr>\n<tr>\n<td width=\"146\"><strong><b>Kvalit\u0101te:<\/b><\/strong><\/td>\n<td width=\"601\">100% Augsta kvalit\u0101te<\/td>\n<\/tr>\n<tr>\n<td width=\"146\"><strong><b>M<\/b><\/strong><strong><b>OQ:<\/b><\/strong><\/td>\n<td width=\"601\">200 gab.<\/td>\n<\/tr>\n<\/tbody>\n<\/table>","protected":false},"featured_media":1769,"template":"","meta":[],"product_brand":[],"product_cat":[38],"product_tag":[],"class_list":{"0":"post-1765","1":"product","2":"type-product","3":"status-publish","4":"has-post-thumbnail","6":"product_cat-mens-clothing","8":"first","9":"instock","10":"shipping-taxable","11":"product-type-simple"},"_links":{"self":[{"href":"https:\/\/mj-clothing.com\/lv\/wp-json\/wp\/v2\/product\/1765","targetHints":{"allow":["GET"]}}],"collection":[{"href":"https:\/\/mj-clothing.com\/lv\/wp-json\/wp\/v2\/product"}],"about":[{"href":"https:\/\/mj-clothing.com\/lv\/wp-json\/wp\/v2\/types\/product"}],"wp:featuredmedia":[{"embeddable":true,"href":"https:\/\/mj-clothing.com\/lv\/wp-json\/wp\/v2\/media\/1769"}],"wp:attachment":[{"href":"https:\/\/mj-clothing.com\/lv\/wp-json\/wp\/v2\/media?parent=1765"}],"wp:term":[{"taxonomy":"product_brand","embeddable":true,"href":"https:\/\/mj-clothing.com\/lv\/wp-json\/wp\/v2\/product_brand?post=1765"},{"taxonomy":"product_cat","embeddable":true,"href":"https:\/\/mj-clothing.com\/lv\/wp-json\/wp\/v2\/product_cat?post=1765"},{"taxonomy":"product_tag","embeddable":true,"href":"https:\/\/mj-clothing.com\/lv\/wp-json\/wp\/v2\/product_tag?post=1765"}],"curies":[{"name":"wp","href":"https:\/\/api.w.org\/{rel}","templated":true}]}}