{"id":1774,"date":"2024-12-14T03:23:26","date_gmt":"2024-12-14T03:23:26","guid":{"rendered":"https:\/\/mj-clothing.com\/?post_type=product&#038;p=1774"},"modified":"2024-12-17T07:06:57","modified_gmt":"2024-12-17T07:06:57","slug":"shell-jacket","status":"publish","type":"product","link":"https:\/\/mj-clothing.com\/lv\/manufacturer\/shell-jacket\/","title":{"rendered":"Apvalka jaka"},"content":{"rendered":"<p data-sourcepos=\"1:1-1:266\">Apvalka jaka ir viegls, \u016bdensnecaurlaid\u012bgs un v\u0113ju necaurlaid\u012bgs \u0101r\u0113jais sl\u0101nis, kas paredz\u0113ts, lai pasarg\u0101tu j\u016bs no laikapst\u0101k\u013ciem. Tas ir univers\u0101ls virsdr\u0113bes gabals, ko var valk\u0101t da\u017e\u0101dos laikapst\u0101k\u013cos, t\u0101p\u0113c t\u0101 ir popul\u0101ra izv\u0113le gan \u0101ra aktivit\u0101t\u0113m, gan ikdienas valk\u0101\u0161anai.<\/p>\n<h3 data-sourcepos=\"3:1-3:35\"><strong>Korpusa jakas galven\u0101s iez\u012bmes:<\/strong><\/h3>\n<ul data-sourcepos=\"5:1-9:0\">\n<li data-sourcepos=\"5:1-5:218\"><strong>\u016adensnecaurlaid\u012bgs un iztur\u012bgs pret v\u0113ju:<\/strong> Jakas galven\u0101 funkcija ir saglab\u0101t j\u016bs sausu un pasarg\u0101t no v\u0113ja. T\u0101 parasti ir izgatavota no \u016bdensnecaurlaid\u012bgiem un elpojo\u0161iem materi\u0101liem, piem\u0113ram, Gore-Tex vai l\u012bdz\u012bg\u0101m tehnolo\u0123ij\u0101m.<\/li>\n<li data-sourcepos=\"6:1-6:155\"><strong>Elpojam\u012bba:<\/strong> Laba jaka ne tikai saglab\u0101 j\u016bs sausu, bet ar\u012b \u013cauj mitruma tvaikiem izpl\u016bst, ne\u013caujot jums justies krampjaini un ne\u0113rti.<\/li>\n<li data-sourcepos=\"7:1-7:97\"><strong>Iztur\u012bba:<\/strong> Korpusa jakas ir izstr\u0101d\u0101tas t\u0101, lai iztur\u0113tu skarbus laikapst\u0101k\u013cus un intens\u012bvu lieto\u0161anu.<\/li>\n<li data-sourcepos=\"8:1-9:0\"><strong>Iesai\u0146ojam\u012bba:<\/strong> Daudzas jakas ir vieglas un viegli iepakojamas, t\u0101p\u0113c t\u0101s ir viegli p\u0101rn\u0113s\u0101jamas, kad netiek lietotas.<\/li>\n<\/ul>\n<h3 data-sourcepos=\"10:1-10:32\"><strong>K\u0101 stiliz\u0113t \u010daulas jaku:<\/strong><\/h3>\n<ul data-sourcepos=\"12:1-15:0\">\n<li data-sourcepos=\"12:1-12:96\"><strong>Gad\u012bjuma raksturs:<\/strong> Savienojiet to ar d\u017einsiem, t-kreklu un ked\u0101m, lai ieg\u016btu \u0113rtu un funkcion\u0101lu izskatu.<\/li>\n<li data-sourcepos=\"13:1-13:112\"><strong>Smart Casual:<\/strong> Uzvelciet to virs d\u017eempera, gar\u0101s bikses un krekla ar pog\u0101m, lai ieg\u016btu stil\u012bgu un praktisku ap\u0123\u0113rbu.<\/li>\n<li data-sourcepos=\"14:1-15:0\"><strong>\u0100ra aktivit\u0101tes:<\/strong> Valk\u0101jiet to kop\u0101 ar p\u0101rg\u0101jienu biks\u0113m, vilnas dr\u0101nu un iztur\u012bgiem z\u0101bakiem, lai pasarg\u0101tu no dabas stihij\u0101m.<\/li>\n<\/ul>\n<h3 data-sourcepos=\"16:1-16:37\"><strong>Popul\u0101r\u0101kie z\u012bmoli \u010daulas jakas:<\/strong><\/h3>\n<ul data-sourcepos=\"18:1-21:0\">\n<li data-sourcepos=\"18:1-18:58\"><strong>\u0100ra z\u012bmoliem:<\/strong> Patagonia, The North Face, Arc'teryx<\/li>\n<li data-sourcepos=\"19:1-19:46\"><strong>Tehniskie z\u012bmoli:<\/strong> Gore-Tex, Helly Hansen<\/li>\n<li data-sourcepos=\"20:1-21:0\"><strong>Dz\u012bvesstila z\u012bmoli:<\/strong> Columbia, Timberland, Jack Wolfskin<\/li>\n<\/ul>","protected":false},"excerpt":{"rendered":"<table style=\"height: 515px;\" width=\"509\">\n<tbody>\n<tr>\n<td width=\"146\"><strong><b>Produkts<\/b><\/strong>\u00a0<strong><b>V\u0101rds un uzv\u0101rds:<\/b><\/strong><\/td>\n<td width=\"601\"><strong>Apvalka jaka<\/strong><\/td>\n<\/tr>\n<tr>\n<td width=\"146\"><strong><b>Materlal:<\/b><\/strong><\/td>\n<td width=\"601\">Poliesters\/kokvilna<\/td>\n<\/tr>\n<tr>\n<td width=\"146\"><strong><b>Tehnika:<\/b><\/strong><\/td>\n<td width=\"601\">Poligr\u0101fija un kr\u0101so\u0161ana<\/td>\n<\/tr>\n<tr>\n<td width=\"146\"><strong><b>Stils:<\/b><\/strong><\/td>\n<td width=\"601\">Gad\u012bjuma<\/td>\n<\/tr>\n<tr>\n<td width=\"146\"><strong><b>Kr\u0101sa<\/b><\/strong><strong><b>:<\/b><\/strong><\/td>\n<td width=\"601\">\u00a0Piel\u0101gotas kr\u0101sas<\/td>\n<\/tr>\n<tr>\n<td width=\"146\"><strong><b>Izm\u0113rs:<\/b><\/strong><\/td>\n<td width=\"601\">S \/M \/L \/XL \/2XL<\/td>\n<\/tr>\n<tr>\n<td width=\"146\"><strong><b>OEM\/ODM:<\/b><\/strong><\/td>\n<td width=\"601\">Pie\u0146emams<\/td>\n<\/tr>\n<tr>\n<td width=\"146\"><strong><b>Kvalit\u0101te:<\/b><\/strong><\/td>\n<td width=\"601\">100% Augsta kvalit\u0101te<\/td>\n<\/tr>\n<tr>\n<td width=\"146\"><strong><b>M<\/b><\/strong><strong><b>OQ:<\/b><\/strong><\/td>\n<td width=\"601\">200 gab.<\/td>\n<\/tr>\n<\/tbody>\n<\/table>","protected":false},"featured_media":1776,"template":"","meta":[],"product_brand":[],"product_cat":[38],"product_tag":[],"class_list":{"0":"post-1774","1":"product","2":"type-product","3":"status-publish","4":"has-post-thumbnail","6":"product_cat-mens-clothing","8":"first","9":"instock","10":"shipping-taxable","11":"product-type-simple"},"_links":{"self":[{"href":"https:\/\/mj-clothing.com\/lv\/wp-json\/wp\/v2\/product\/1774","targetHints":{"allow":["GET"]}}],"collection":[{"href":"https:\/\/mj-clothing.com\/lv\/wp-json\/wp\/v2\/product"}],"about":[{"href":"https:\/\/mj-clothing.com\/lv\/wp-json\/wp\/v2\/types\/product"}],"wp:featuredmedia":[{"embeddable":true,"href":"https:\/\/mj-clothing.com\/lv\/wp-json\/wp\/v2\/media\/1776"}],"wp:attachment":[{"href":"https:\/\/mj-clothing.com\/lv\/wp-json\/wp\/v2\/media?parent=1774"}],"wp:term":[{"taxonomy":"product_brand","embeddable":true,"href":"https:\/\/mj-clothing.com\/lv\/wp-json\/wp\/v2\/product_brand?post=1774"},{"taxonomy":"product_cat","embeddable":true,"href":"https:\/\/mj-clothing.com\/lv\/wp-json\/wp\/v2\/product_cat?post=1774"},{"taxonomy":"product_tag","embeddable":true,"href":"https:\/\/mj-clothing.com\/lv\/wp-json\/wp\/v2\/product_tag?post=1774"}],"curies":[{"name":"wp","href":"https:\/\/api.w.org\/{rel}","templated":true}]}}