{"id":1785,"date":"2024-12-14T03:42:50","date_gmt":"2024-12-14T03:42:50","guid":{"rendered":"https:\/\/mj-clothing.com\/?post_type=product&#038;p=1785"},"modified":"2024-12-17T07:02:12","modified_gmt":"2024-12-17T07:02:12","slug":"mens-full-zip-sweater","status":"publish","type":"product","link":"https:\/\/mj-clothing.com\/lv\/manufacturer\/mens-full-zip-sweater\/","title":{"rendered":"V\u012brie\u0161u d\u017eemperis ar r\u0101v\u0113jsl\u0113dz\u0113ju"},"content":{"rendered":"<p data-sourcepos=\"1:1-1:236\"><span class=\"citation-0 recitation citation-end-0\">V\u012brie\u0161u d\u017eemperis ar r\u0101v\u0113jsl\u0113dz\u0113ju ir univers\u0101ls ap\u0123\u0113rba gabals, ko var valk\u0101t da\u017e\u0101dos laikapst\u0101k\u013cos un stiliz\u0113t da\u017e\u0101diem gad\u012bjumiem.<\/span> Tas ir \u0113rta un stil\u012bga alternat\u012bva tradicion\u0101lajam d\u017eemperim.<span class=\"button-container hide-from-message-actions ng-star-inserted\"> \u00a0<\/span><\/p>\n<h3><strong style=\"font-size: 14.4px;\">V\u012brie\u0161u d\u017eempera ar r\u0101v\u0113jsl\u0113dz\u0113ju galven\u0101s iez\u012bmes:<\/strong><\/h3>\n<ul data-sourcepos=\"5:1-9:0\">\n<li data-sourcepos=\"5:1-5:116\"><strong>Pilna aizdare ar r\u0101v\u0113jsl\u0113dz\u0113ju:<\/strong> Pilna aizdare ar r\u0101v\u0113jsl\u0113dz\u0113ju \u013cauj viegli uzvilkt un izvilkt, un to var regul\u0113t, lai regul\u0113tu temperat\u016bru.<\/li>\n<li data-sourcepos=\"6:1-6:127\"><strong>Siltums un komforts:<\/strong> <span class=\"citation-1 recitation citation-end-1\">D\u017eemperi ar r\u0101v\u0113jsl\u0113dz\u0113ju un r\u0101v\u0113jsl\u0113dz\u0113ju ar pilnu r\u0101v\u0113jsl\u0113dz\u0113ju bie\u017ei vien ir izgatavoti no siltiem materi\u0101liem, piem\u0113ram, vilnas, vilnas vai vilnas mais\u012bjuma.<\/span><span class=\"button-container hide-from-message-actions ng-star-inserted\">\u00a0 \u00a0<\/span>\n<div class=\"container ng-tns-c2946245707-175 hide\">\n<div class=\"carousel-container ng-tns-c2946245707-175\"><\/div>\n<\/div>\n<\/li>\n<li data-sourcepos=\"7:1-7:134\"><strong>Daudzpus\u012bgs stils:<\/strong> <span class=\"citation-2 recitation citation-end-2\">Atkar\u012bb\u0101 no laikapst\u0101k\u013ciem un v\u0113lam\u0101 izskata tos var uzkl\u0101t virs krekliem vai valk\u0101t atsevi\u0161\u0137i.<\/span><\/li>\n<li data-sourcepos=\"7:1-7:134\"><strong><span class=\"citation-3 recitation\">Funkcion\u0101l\u0101s kabatas:<\/span><\/strong><span class=\"citation-3 recitation citation-end-3\"> Daudziem d\u017eemperiem ar pilnu r\u0101v\u0113jsl\u0113dz\u0113ju ir kabatas, kur\u0101s var sasild\u012bt rokas vai glab\u0101t s\u012bkus priek\u0161metus.<\/span><span class=\"button-container hide-from-message-actions ng-star-inserted\">\u00a0<\/span>\n<div class=\"container ng-tns-c2946245707-177 hide\">\n<div class=\"carousel-container ng-tns-c2946245707-177\"><\/div>\n<\/div>\n<\/li>\n<\/ul>\n<h2 data-sourcepos=\"10:1-10:42\"><strong>K\u0101 veidot v\u012brie\u0161u d\u017eemperi ar r\u0101v\u0113jsl\u0113dz\u0113ju:<\/strong><\/h2>\n<ul data-sourcepos=\"12:1-15:0\">\n<li data-sourcepos=\"12:1-12:77\"><strong>Gad\u012bjuma raksturs:<\/strong> Lietojiet to kop\u0101 ar d\u017einsiem, t-kreklu un ked\u0101m, lai veidotu nesteidz\u012bgu izskatu.<\/li>\n<li data-sourcepos=\"13:1-13:96\"><strong>Smart Casual:<\/strong> Valk\u0101jiet to kop\u0101 ar chinos biks\u0113m, krekliem ar pog\u0101m un mokas\u012bniem, lai veidotu gl\u012btu ap\u0123\u0113rbu.<\/li>\n<li data-sourcepos=\"14:1-15:0\"><strong>\u0100ra aktivit\u0101tes:<\/strong> Uzvelciet to virs vilnas dr\u0101nas vai jaka ar kapuci, lai papildus sasild\u012btos \u0101ra piedz\u012bvojumu laik\u0101.<\/li>\n<\/ul>\n<h3 data-sourcepos=\"16:1-16:47\"><strong>Popul\u0101r\u0101kie z\u012bmoli v\u012brie\u0161u d\u017eemperis ar r\u0101v\u0113jsl\u0113dz\u0113ju:<\/strong><\/h3>\n<ul data-sourcepos=\"18:1-21:0\">\n<li data-sourcepos=\"18:1-18:71\"><strong><span class=\"citation-4 recitation\">\u0100ra z\u012bmoliem:<\/span><\/strong><span class=\"citation-4 recitation citation-end-4\"> The North Face, Patagonia, Arc'teryx<\/span><span class=\"button-container hide-from-message-actions ng-star-inserted\"> \u00a0<\/span><\/li>\n<li data-sourcepos=\"18:1-18:71\"><strong style=\"font-size: 14.4px;\">Dz\u012bvesstila z\u012bmoli:<\/strong><span style=\"font-size: 14.4px;\"> Ralph Lauren, Tommy Hilfiger, J.Crew<\/span><\/li>\n<li data-sourcepos=\"20:1-21:0\"><strong>Tehniskie z\u012bmoli:<\/strong> Under Armour, Nike, Adidas<\/li>\n<\/ul>\n<p data-sourcepos=\"22:1-22:111\"><strong>Atcerieties, ka, izv\u0113loties d\u017eemperi ar r\u0101v\u0113jsl\u0113dz\u0113ju ar r\u0101v\u0113jsl\u0113dz\u0113ju ar r\u0101v\u0113jsl\u0113dz\u0113ju, galvenais ir \u0146emt v\u0113r\u0101 materi\u0101lu, piegulo\u0161o izm\u0113ru un person\u012bgo stilu.<\/strong><\/p>","protected":false},"excerpt":{"rendered":"<table style=\"height: 424px;\" width=\"509\">\n<tbody>\n<tr>\n<td width=\"146\"><strong><b>Produkts<\/b><\/strong>\u00a0<strong><b>V\u0101rds un uzv\u0101rds:<\/b><\/strong><\/td>\n<td width=\"601\"><strong>V\u012brie\u0161u d\u017eemperis ar r\u0101v\u0113jsl\u0113dz\u0113ju<\/strong><\/td>\n<\/tr>\n<tr>\n<td width=\"146\"><strong><b>Materlal:<\/b><\/strong><\/td>\n<td width=\"601\">Poliesters\/kokvilna<\/td>\n<\/tr>\n<tr>\n<td width=\"146\"><strong><b>Tehnika:<\/b><\/strong><\/td>\n<td width=\"601\">Au\u0161ana<\/td>\n<\/tr>\n<tr>\n<td width=\"146\"><strong><b>Stils:<\/b><\/strong><\/td>\n<td width=\"601\">Gad\u012bjuma<\/td>\n<\/tr>\n<tr>\n<td width=\"146\"><strong><b>Kr\u0101sa<\/b><\/strong><strong><b>:<\/b><\/strong><\/td>\n<td width=\"601\">\u00a0Piel\u0101gotas kr\u0101sas<\/td>\n<\/tr>\n<tr>\n<td width=\"146\"><strong><b>Izm\u0113rs:<\/b><\/strong><\/td>\n<td width=\"601\">S \/M \/L \/XL \/2XL<\/td>\n<\/tr>\n<tr>\n<td width=\"146\"><strong><b>OEM\/ODM:<\/b><\/strong><\/td>\n<td width=\"601\">Pie\u0146emams<\/td>\n<\/tr>\n<tr>\n<td width=\"146\"><strong><b>Kvalit\u0101te:<\/b><\/strong><\/td>\n<td width=\"601\">100% Augsta kvalit\u0101te<\/td>\n<\/tr>\n<tr>\n<td width=\"146\"><strong><b>M<\/b><\/strong><strong><b>OQ:<\/b><\/strong><\/td>\n<td width=\"601\">200 gab.<\/td>\n<\/tr>\n<\/tbody>\n<\/table>","protected":false},"featured_media":1790,"template":"","meta":[],"product_brand":[],"product_cat":[38],"product_tag":[],"class_list":{"0":"post-1785","1":"product","2":"type-product","3":"status-publish","4":"has-post-thumbnail","6":"product_cat-mens-clothing","8":"first","9":"instock","10":"shipping-taxable","11":"product-type-simple"},"_links":{"self":[{"href":"https:\/\/mj-clothing.com\/lv\/wp-json\/wp\/v2\/product\/1785","targetHints":{"allow":["GET"]}}],"collection":[{"href":"https:\/\/mj-clothing.com\/lv\/wp-json\/wp\/v2\/product"}],"about":[{"href":"https:\/\/mj-clothing.com\/lv\/wp-json\/wp\/v2\/types\/product"}],"wp:featuredmedia":[{"embeddable":true,"href":"https:\/\/mj-clothing.com\/lv\/wp-json\/wp\/v2\/media\/1790"}],"wp:attachment":[{"href":"https:\/\/mj-clothing.com\/lv\/wp-json\/wp\/v2\/media?parent=1785"}],"wp:term":[{"taxonomy":"product_brand","embeddable":true,"href":"https:\/\/mj-clothing.com\/lv\/wp-json\/wp\/v2\/product_brand?post=1785"},{"taxonomy":"product_cat","embeddable":true,"href":"https:\/\/mj-clothing.com\/lv\/wp-json\/wp\/v2\/product_cat?post=1785"},{"taxonomy":"product_tag","embeddable":true,"href":"https:\/\/mj-clothing.com\/lv\/wp-json\/wp\/v2\/product_tag?post=1785"}],"curies":[{"name":"wp","href":"https:\/\/api.w.org\/{rel}","templated":true}]}}