{"id":1792,"date":"2024-12-14T03:52:01","date_gmt":"2024-12-14T03:52:01","guid":{"rendered":"https:\/\/mj-clothing.com\/?post_type=product&#038;p=1792"},"modified":"2024-12-17T07:00:56","modified_gmt":"2024-12-17T07:00:56","slug":"mens-alpaca-sweater","status":"publish","type":"product","link":"https:\/\/mj-clothing.com\/lv\/manufacturer\/mens-alpaca-sweater\/","title":{"rendered":"V\u012brie\u0161u d\u017eemperis no alpakas"},"content":{"rendered":"<p data-sourcepos=\"1:1-1:198\"><span class=\"citation-0 recitation citation-end-0\">V\u012brie\u0161u alpakas d\u017eemperis ir grezns un silts ap\u0123\u0113rbs, kas izgatavots no smalkas un m\u012bkstas Dienvidamerikas kamie\u013cu dzimtas dz\u012bvnieku alpakas \u0161\u0137iedras.<\/span> Alpakas \u0161\u0137iedra ir paz\u012bstama ar sav\u0101m izcilaj\u0101m \u012bpa\u0161\u012bb\u0101m, tostarp:<span class=\"button-container hide-from-message-actions ng-star-inserted\"> \u00a0<\/span><\/p>\n<ul data-sourcepos=\"3:1-7:0\">\n<li data-sourcepos=\"3:1-3:89\"><strong><span class=\"citation-1 recitation\">M\u012bkstums:<\/span><\/strong><span class=\"citation-1 recitation citation-end-1\"> Alpaka \u0161\u0137iedra ir neticami m\u012bksta, bie\u017ei vien m\u012bkst\u0101ka par ka\u0161mira \u0161\u0137iedru.<\/span><\/li>\n<li data-sourcepos=\"3:1-3:89\"><span class=\"button-container hide-from-message-actions ng-star-inserted\"><strong style=\"font-size: 14.4px;\">Siltums:<\/strong> <span class=\"citation-2 recitation citation-end-2\" style=\"font-size: 14.4px;\">T\u0101 nodro\u0161ina lielisku izol\u0101ciju, saglab\u0101jot siltumu aukst\u0101 laik\u0101.<\/span><\/span>\n<div class=\"container ng-tns-c2946245707-269 hide\">\n<div class=\"carousel-container ng-tns-c2946245707-269\"><\/div>\n<\/div>\n<\/li>\n<li data-sourcepos=\"5:1-5:80\"><strong>Iztur\u012bba:<\/strong> <span class=\"citation-3 recitation citation-end-3\">Alpakas \u0161\u0137iedra ir iztur\u012bga un notur\u012bga pret p\u012blings.<\/span><\/li>\n<li data-sourcepos=\"5:1-5:80\"><span class=\"button-container hide-from-message-actions ng-star-inserted\">\u00a0<\/span><span class=\"button-container hide-from-message-actions ng-star-inserted\"><strong style=\"font-size: 14.4px;\">Hipoaler\u0123isks:<\/strong> <span class=\"citation-4 recitation citation-end-4\" style=\"font-size: 14.4px;\">T\u0101 ir dabiski hipoaler\u0123iska, t\u0101p\u0113c t\u0101 ir lieliska izv\u0113le cilv\u0113kiem ar jut\u012bgu \u0101du.<\/span><span class=\"button-container hide-from-message-actions ng-star-inserted\" style=\"font-size: 14.4px;\"> \u00a0<\/span><\/span>\n<div class=\"container ng-tns-c2946245707-271 hide\">\n<div class=\"carousel-container ng-tns-c2946245707-271\"><\/div>\n<\/div>\n<\/li>\n<\/ul>\n<h3 data-sourcepos=\"8:1-8:33\"><strong>K\u0101p\u0113c izv\u0113l\u0113ties v\u012brie\u0161u alpakas d\u017eemperi?<\/strong><\/h3>\n<ul data-sourcepos=\"10:1-14:0\">\n<li data-sourcepos=\"10:1-10:93\"><strong>Grezna saj\u016bta:<\/strong> Alpakas \u0161\u0137iedras maig\u0101, z\u012bdain\u0101 tekst\u016bra ir apburo\u0161a pret \u0101du.<\/li>\n<li data-sourcepos=\"11:1-11:118\"><strong><span class=\"citation-5 recitation\">Izcila siltums:<\/span><\/strong><span class=\"citation-5 recitation citation-end-5\"> Alpakas d\u017eemperi ir lieliski piem\u0113roti aukstam laikam, lai jums b\u016btu m\u0101j\u012bgi un \u0113rti.<\/span><\/li>\n<li data-sourcepos=\"11:1-11:118\"><strong style=\"font-size: 14.4px;\">Stils un elegance:<\/strong><span style=\"font-size: 14.4px;\"> Alpakas d\u017eemperi var uzlabot jebkuru ap\u0123\u0113rbu, pie\u0161\u0137irot tam izsmalcin\u0101t\u012bbu.<\/span><\/li>\n<li data-sourcepos=\"13:1-14:0\"><strong><span class=\"citation-6 recitation\">\u0112tiska un ilgtsp\u0113j\u012bga:<\/span><\/strong><span class=\"citation-6 recitation citation-end-6\"> Alpaku audz\u0113\u0161ana bie\u017ei tiek uzskat\u012bta par hum\u0101n\u0101ku un videi draudz\u012bg\u0101ku nek\u0101 aitkop\u012bba.<\/span><span class=\"button-container hide-from-message-actions ng-star-inserted\">\u00a0 \u00a0<\/span>\n<div class=\"container ng-tns-c2946245707-273 hide\">\n<div class=\"carousel-container ng-tns-c2946245707-273\"><\/div>\n<\/div>\n<\/li>\n<\/ul>\n<h3 data-sourcepos=\"15:1-15:35\"><strong>K\u0101 stiliz\u0113t v\u012brie\u0161u alpakas d\u017eemperi:<\/strong><\/h3>\n<ul data-sourcepos=\"17:1-20:0\">\n<li data-sourcepos=\"17:1-17:77\"><strong>Gad\u012bjuma raksturs:<\/strong> Lietojiet to kop\u0101 ar d\u017einsiem, t-kreklu un ked\u0101m, lai veidotu nesteidz\u012bgu izskatu.<\/li>\n<li data-sourcepos=\"18:1-18:96\"><strong>Smart Casual:<\/strong> Valk\u0101jiet to kop\u0101 ar chinos biks\u0113m, krekliem ar pog\u0101m un mokas\u012bniem, lai veidotu gl\u012btu ap\u0123\u0113rbu.<\/li>\n<li data-sourcepos=\"19:1-20:0\"><strong>Form\u0101ls:<\/strong> Uzlieciet to virs kleitas krekla un kaklasaites, lai veidotu izsmalcin\u0101tu izskatu.<\/li>\n<\/ul>\n<p data-sourcepos=\"21:1-21:40\"><strong>Kur atrast v\u012brie\u0161u alpakas d\u017eemperus:<\/strong><\/p>\n<ul data-sourcepos=\"23:1-26:0\">\n<li data-sourcepos=\"23:1-23:116\"><strong><span class=\"citation-7 recitation\">Tie\u0161saistes mazumtirgot\u0101ji:<\/span><\/strong><span class=\"citation-7 recitation citation-end-7\"> Amazon, Etsy un citi tie\u0161saistes mazumtirgot\u0101ji pied\u0101v\u0101 pla\u0161u alpakas d\u017eemperu kl\u0101stu.<\/span><\/li>\n<li data-sourcepos=\"23:1-23:116\"><strong style=\"font-size: 14.4px;\">Univers\u0101lie veikali:<\/strong><span style=\"font-size: 14.4px;\"> Augstas klases univers\u0101lveikalos bie\u017ei vien ir pieejami luksusa z\u012bmolu alpakas d\u017eemperi.<\/span><\/li>\n<li data-sourcepos=\"25:1-26:0\"><strong>Specializ\u0113tie veikali:<\/strong> Mekl\u0113jiet veikalus, kas specializ\u0113jas luksusa \u0161\u0137iedru un ilgtsp\u0113j\u012bgas modes jom\u0101.<\/li>\n<\/ul>\n<p data-sourcepos=\"27:1-27:223\"><strong>Atcerieties:<\/strong> Ieg\u0101d\u0101joties alpakas d\u017eemperi, mekl\u0113jiet augstas kvalit\u0101tes, \u0113tiski ieg\u016btas \u0161\u0137iedras. \u0145emiet v\u0113r\u0101 ar\u012b d\u017eempera svaru un biezumu, jo tas ietekm\u0113 t\u0101 siltumu un piem\u0113rot\u012bbu da\u017e\u0101diem klimatiskajiem apst\u0101k\u013ciem.<\/p>","protected":false},"excerpt":{"rendered":"<table style=\"height: 483px;\" width=\"499\">\n<tbody>\n<tr>\n<td width=\"146\"><strong><b>Produkts<\/b><\/strong>\u00a0<strong><b>V\u0101rds un uzv\u0101rds:<\/b><\/strong><\/td>\n<td width=\"601\"><strong>V\u012brie\u0161u d\u017eemperis no alpakas<\/strong><\/td>\n<\/tr>\n<tr>\n<td width=\"146\"><strong><b>Materlal:<\/b><\/strong><\/td>\n<td width=\"601\">Poliesters\/kokvilna<\/td>\n<\/tr>\n<tr>\n<td width=\"146\"><strong><b>Tehnika:<\/b><\/strong><\/td>\n<td width=\"601\">Au\u0161ana<\/td>\n<\/tr>\n<tr>\n<td width=\"146\"><strong><b>Stils:<\/b><\/strong><\/td>\n<td width=\"601\">Gad\u012bjuma<\/td>\n<\/tr>\n<tr>\n<td width=\"146\"><strong><b>Kr\u0101sa<\/b><\/strong><strong><b>:<\/b><\/strong><\/td>\n<td width=\"601\">\u00a0Piel\u0101gotas kr\u0101sas<\/td>\n<\/tr>\n<tr>\n<td width=\"146\"><strong><b>Izm\u0113rs:<\/b><\/strong><\/td>\n<td width=\"601\">S \/M \/L \/XL \/2XL<\/td>\n<\/tr>\n<tr>\n<td width=\"146\"><strong><b>OEM\/ODM:<\/b><\/strong><\/td>\n<td width=\"601\">Pie\u0146emams<\/td>\n<\/tr>\n<tr>\n<td width=\"146\"><strong><b>Kvalit\u0101te:<\/b><\/strong><\/td>\n<td width=\"601\">100% Augsta kvalit\u0101te<\/td>\n<\/tr>\n<tr>\n<td width=\"146\"><strong><b>M<\/b><\/strong><strong><b>OQ:<\/b><\/strong><\/td>\n<td width=\"601\">200 gab.<\/td>\n<\/tr>\n<\/tbody>\n<\/table>","protected":false},"featured_media":1793,"template":"","meta":[],"product_brand":[],"product_cat":[38],"product_tag":[],"class_list":{"0":"post-1792","1":"product","2":"type-product","3":"status-publish","4":"has-post-thumbnail","6":"product_cat-mens-clothing","8":"first","9":"instock","10":"shipping-taxable","11":"product-type-simple"},"_links":{"self":[{"href":"https:\/\/mj-clothing.com\/lv\/wp-json\/wp\/v2\/product\/1792","targetHints":{"allow":["GET"]}}],"collection":[{"href":"https:\/\/mj-clothing.com\/lv\/wp-json\/wp\/v2\/product"}],"about":[{"href":"https:\/\/mj-clothing.com\/lv\/wp-json\/wp\/v2\/types\/product"}],"wp:featuredmedia":[{"embeddable":true,"href":"https:\/\/mj-clothing.com\/lv\/wp-json\/wp\/v2\/media\/1793"}],"wp:attachment":[{"href":"https:\/\/mj-clothing.com\/lv\/wp-json\/wp\/v2\/media?parent=1792"}],"wp:term":[{"taxonomy":"product_brand","embeddable":true,"href":"https:\/\/mj-clothing.com\/lv\/wp-json\/wp\/v2\/product_brand?post=1792"},{"taxonomy":"product_cat","embeddable":true,"href":"https:\/\/mj-clothing.com\/lv\/wp-json\/wp\/v2\/product_cat?post=1792"},{"taxonomy":"product_tag","embeddable":true,"href":"https:\/\/mj-clothing.com\/lv\/wp-json\/wp\/v2\/product_tag?post=1792"}],"curies":[{"name":"wp","href":"https:\/\/api.w.org\/{rel}","templated":true}]}}