{"id":1802,"date":"2024-12-14T06:48:03","date_gmt":"2024-12-14T06:48:03","guid":{"rendered":"https:\/\/mj-clothing.com\/?post_type=product&#038;p=1802"},"modified":"2024-12-17T06:59:40","modified_gmt":"2024-12-17T06:59:40","slug":"mens-mohair-sweater","status":"publish","type":"product","link":"https:\/\/mj-clothing.com\/lv\/manufacturer\/mens-mohair-sweater\/","title":{"rendered":"V\u012brie\u0161u Moh\u0113ra d\u017eemperis"},"content":{"rendered":"<h2 data-sourcepos=\"1:1-1:44\">V\u012brie\u0161u Moh\u0113ra d\u017eemperi: Grezna izv\u0113le: d\u017eemperi: luksusa d\u017eemperi no v\u012brie\u0161u d\u017eemperiem.<\/h2>\n<p data-sourcepos=\"3:1-3:167\"><span class=\"citation-0 recitation citation-end-0\">V\u012brie\u0161u moh\u0113ras d\u017eemperis ir grezns ap\u0123\u0113rbs, kas izgatavots no smalkas, m\u012bkstas Angoras kazas \u0161\u0137iedras.<\/span> Moh\u0113rs ir paz\u012bstams ar sav\u0101m izcilaj\u0101m \u012bpa\u0161\u012bb\u0101m, tostarp:<span class=\"button-container hide-from-message-actions ng-star-inserted\">\u00a0<\/span><\/p>\n<div class=\"container ng-tns-c2946245707-308 hide\">\n<div class=\"carousel-container ng-tns-c2946245707-308\">\n<div class=\"carousel-content ng-tns-c2946245707-308\">\n<div class=\"sources-carousel-source ng-tns-c2946245707-308 hide ng-star-inserted\" data-test-id=\"sources-carousel-source\"><\/div>\n<\/div>\n<\/div>\n<\/div>\n<ul data-sourcepos=\"5:1-9:0\">\n<li data-sourcepos=\"5:1-5:70\"><strong>M\u012bkstums:<\/strong> Mohairs ir neticami m\u012bksts, bie\u017ei vien maig\u0101ks par ka\u0161miru.<\/li>\n<li data-sourcepos=\"6:1-6:94\"><strong>Siltums:<\/strong> <span class=\"citation-1 recitation citation-end-1\">T\u0101 nodro\u0161ina lielisku izol\u0101ciju, saglab\u0101jot siltumu aukst\u0101 laik\u0101.<\/span><span class=\"button-container hide-from-message-actions ng-star-inserted\"> \u00a0<\/span><\/li>\n<li data-sourcepos=\"6:1-6:94\"><span class=\"button-container hide-from-message-actions ng-star-inserted\"><strong style=\"font-size: 14.4px;\"><span class=\"citation-2 recitation\">Iztur\u012bba:<\/span><\/strong><span class=\"citation-2 recitation citation-end-2\" style=\"font-size: 14.4px;\"> Moh\u0113rs ir iztur\u012bgs un notur\u012bgs pret p\u012blings.<\/span><\/span>\n<div class=\"container ng-tns-c2946245707-310 hide\">\n<div class=\"carousel-container ng-tns-c2946245707-310\"><\/div>\n<\/div>\n<\/li>\n<li data-sourcepos=\"8:1-9:0\"><strong><span class=\"citation-3 recitation\">Sp\u012bdums:<\/span><\/strong><span class=\"citation-3 recitation citation-end-3\"> Moh\u0113ram piem\u012bt dabisks sp\u012bdums, kas pie\u0161\u0137ir tam unik\u0101lu sp\u012bdumu.<\/span>\n<div class=\"container ng-tns-c2946245707-311 hide\">\n<div class=\"carousel-container ng-tns-c2946245707-311\"><\/div>\n<\/div>\n<\/li>\n<\/ul>\n<h3 data-sourcepos=\"10:1-10:32\"><strong>K\u0101p\u0113c izv\u0113l\u0113ties v\u012brie\u0161u moh\u0113ras d\u017eemperi?<\/strong><\/h3>\n<ul data-sourcepos=\"12:1-16:0\">\n<li data-sourcepos=\"12:1-12:93\"><strong>Grezna saj\u016bta:<\/strong> Moh\u0113ra \u0161\u0137iedras maig\u0101, z\u012bdain\u0101 tekst\u016bra ir apburo\u0161a pret \u0101du.<\/li>\n<li data-sourcepos=\"13:1-13:118\"><strong><span class=\"citation-4 recitation\">Izcila siltums:<\/span><\/strong><span class=\"citation-4 recitation citation-end-4\"> Moh\u0113ras d\u017eemperi ir lieliski piem\u0113roti aukstam laikam, lai jums b\u016btu m\u0101j\u012bgi un \u0113rti.<\/span><span class=\"button-container hide-from-message-actions ng-star-inserted\">\u00a0<\/span>\n<div class=\"container ng-tns-c2946245707-312 hide\">\n<div class=\"carousel-container ng-tns-c2946245707-312\"><\/div>\n<\/div>\n<\/li>\n<li data-sourcepos=\"14:1-14:99\"><strong>Stils un elegance:<\/strong> Moh\u0113ra d\u017eemperi var uzlabot jebkuru ap\u0123\u0113rbu, pie\u0161\u0137irot tam izsmalcin\u0101t\u012bbu.<\/li>\n<li data-sourcepos=\"15:1-16:0\"><strong>Unik\u0101la tekst\u016bra:<\/strong> Unik\u0101l\u0101 moh\u0113ras tekst\u016bra pie\u0161\u0137ir j\u016bsu garderobei vizu\u0101lu interesi.<\/li>\n<\/ul>\n<h3 data-sourcepos=\"17:1-17:34\"><strong>K\u0101 stiliz\u0113t Moh\u0113ra d\u017eemperi:<\/strong><\/h3>\n<ul data-sourcepos=\"19:1-22:0\">\n<li data-sourcepos=\"19:1-19:77\"><strong>Gad\u012bjuma raksturs:<\/strong> Lietojiet to kop\u0101 ar d\u017einsiem, t-kreklu un ked\u0101m, lai veidotu nesteidz\u012bgu izskatu.<\/li>\n<li data-sourcepos=\"20:1-20:96\"><strong>Smart Casual:<\/strong> Valk\u0101jiet to kop\u0101 ar chinos biks\u0113m, krekliem ar pog\u0101m un mokas\u012bniem, lai veidotu gl\u012btu ap\u0123\u0113rbu.<\/li>\n<li data-sourcepos=\"21:1-22:0\"><strong>Form\u0101ls:<\/strong> Uzlieciet to virs kleitas krekla un kaklasaites, lai veidotu izsmalcin\u0101tu izskatu.<\/li>\n<\/ul>\n<h3 data-sourcepos=\"23:1-23:40\"><strong>Kur atrast v\u012brie\u0161u Moh\u0113ra d\u017eemperi:<\/strong><\/h3>\n<ul data-sourcepos=\"25:1-28:0\">\n<li data-sourcepos=\"25:1-25:90\"><strong>Augstas klases univers\u0101lveikali:<\/strong> Mekl\u0113jiet luksusa z\u012bmolus, kas specializ\u0113jas smalku trikot\u0101\u017eas izstr\u0101d\u0101jumu ra\u017eo\u0161an\u0101.<\/li>\n<li data-sourcepos=\"26:1-26:130\"><strong><span class=\"citation-5 recitation\">Tie\u0161saistes mazumtirgot\u0101ji:<\/span><\/strong><span class=\"citation-5 recitation citation-end-5\"> T\u0101das vietnes k\u0101 Amazon, Etsy un citi tie\u0161saistes mazumtirgot\u0101ji pied\u0101v\u0101 pla\u0161u moh\u0113ras d\u017eemperu kl\u0101stu.<\/span>\n<div class=\"container ng-tns-c2946245707-313 hide\">\n<div class=\"carousel-container ng-tns-c2946245707-313\"><\/div>\n<\/div>\n<\/li>\n<li data-sourcepos=\"27:1-28:0\"><strong>Specializ\u0113tie veikali:<\/strong> Veikalos, kas specializ\u0113jas luksusa \u0161\u0137iedru un ilgtsp\u0113j\u012bgas modes jom\u0101, var b\u016bt pieejami moh\u0113ras d\u017eemperi.<\/li>\n<\/ul>\n<p data-sourcepos=\"29:1-29:222\"><strong>Atcerieties:<\/strong> P\u0113rkot moh\u0113ras d\u017eemperi, mekl\u0113jiet augstas kvalit\u0101tes, \u0113tiski ieg\u016btu \u0161\u0137iedru. \u0145emiet v\u0113r\u0101 ar\u012b d\u017eempera svaru un biezumu, jo tas ietekm\u0113 t\u0101 siltumu un piem\u0113rot\u012bbu da\u017e\u0101diem klimatiskajiem apst\u0101k\u013ciem.<\/p>","protected":false},"excerpt":{"rendered":"<table style=\"height: 484px;\" width=\"506\">\n<tbody>\n<tr>\n<td width=\"146\"><strong><b>Produkts<\/b><\/strong>\u00a0<strong><b>V\u0101rds un uzv\u0101rds:<\/b><\/strong><\/td>\n<td width=\"601\"><strong>V\u012brie\u0161u Moh\u0113ra d\u017eemperis<\/strong><\/td>\n<\/tr>\n<tr>\n<td width=\"146\"><strong><b>Materlal:<\/b><\/strong><\/td>\n<td width=\"601\">Poliesters\/kokvilna<\/td>\n<\/tr>\n<tr>\n<td width=\"146\"><strong><b>Tehnika:<\/b><\/strong><\/td>\n<td width=\"601\">Au\u0161ana<\/td>\n<\/tr>\n<tr>\n<td width=\"146\"><strong><b>Stils:<\/b><\/strong><\/td>\n<td width=\"601\">Gad\u012bjuma<\/td>\n<\/tr>\n<tr>\n<td width=\"146\"><strong><b>Kr\u0101sa<\/b><\/strong><strong><b>:<\/b><\/strong><\/td>\n<td width=\"601\">\u00a0Piel\u0101gotas kr\u0101sas<\/td>\n<\/tr>\n<tr>\n<td width=\"146\"><strong><b>Izm\u0113rs:<\/b><\/strong><\/td>\n<td width=\"601\">S \/M \/L \/XL \/2XL<\/td>\n<\/tr>\n<tr>\n<td width=\"146\"><strong><b>OEM\/ODM:<\/b><\/strong><\/td>\n<td width=\"601\">Pie\u0146emams<\/td>\n<\/tr>\n<tr>\n<td width=\"146\"><strong><b>Kvalit\u0101te:<\/b><\/strong><\/td>\n<td width=\"601\">100% Augsta kvalit\u0101te<\/td>\n<\/tr>\n<tr>\n<td width=\"146\"><strong><b>M<\/b><\/strong><strong><b>OQ:<\/b><\/strong><\/td>\n<td width=\"601\">200 gab.<\/td>\n<\/tr>\n<\/tbody>\n<\/table>","protected":false},"featured_media":1803,"template":"","meta":[],"product_brand":[],"product_cat":[38],"product_tag":[],"class_list":{"0":"post-1802","1":"product","2":"type-product","3":"status-publish","4":"has-post-thumbnail","6":"product_cat-mens-clothing","8":"first","9":"instock","10":"shipping-taxable","11":"product-type-simple"},"_links":{"self":[{"href":"https:\/\/mj-clothing.com\/lv\/wp-json\/wp\/v2\/product\/1802","targetHints":{"allow":["GET"]}}],"collection":[{"href":"https:\/\/mj-clothing.com\/lv\/wp-json\/wp\/v2\/product"}],"about":[{"href":"https:\/\/mj-clothing.com\/lv\/wp-json\/wp\/v2\/types\/product"}],"wp:featuredmedia":[{"embeddable":true,"href":"https:\/\/mj-clothing.com\/lv\/wp-json\/wp\/v2\/media\/1803"}],"wp:attachment":[{"href":"https:\/\/mj-clothing.com\/lv\/wp-json\/wp\/v2\/media?parent=1802"}],"wp:term":[{"taxonomy":"product_brand","embeddable":true,"href":"https:\/\/mj-clothing.com\/lv\/wp-json\/wp\/v2\/product_brand?post=1802"},{"taxonomy":"product_cat","embeddable":true,"href":"https:\/\/mj-clothing.com\/lv\/wp-json\/wp\/v2\/product_cat?post=1802"},{"taxonomy":"product_tag","embeddable":true,"href":"https:\/\/mj-clothing.com\/lv\/wp-json\/wp\/v2\/product_tag?post=1802"}],"curies":[{"name":"wp","href":"https:\/\/api.w.org\/{rel}","templated":true}]}}