{"id":1804,"date":"2024-12-14T06:55:24","date_gmt":"2024-12-14T06:55:24","guid":{"rendered":"https:\/\/mj-clothing.com\/?post_type=product&#038;p=1804"},"modified":"2024-12-17T06:56:31","modified_gmt":"2024-12-17T06:56:31","slug":"mens-cashmere-sweater","status":"publish","type":"product","link":"https:\/\/mj-clothing.com\/lv\/manufacturer\/mens-cashmere-sweater\/","title":{"rendered":"V\u012brie\u0161u ka\u0161mira d\u017eemperis"},"content":{"rendered":"<p data-sourcepos=\"1:1-1:177\"><span class=\"citation-0 recitation citation-end-0\">V\u012brie\u0161u ka\u0161mira d\u017eemperis ir grezns un m\u016b\u017e\u012bgs ap\u0123\u0113rba gabals, kas nodro\u0161ina nep\u0101rsp\u0113jamu komfortu un siltumu.<\/span> L\u016bk, k\u0101p\u0113c jums b\u016btu j\u0101apsver ieguld\u012bjums \u0161\u0101d\u0101 ier\u012bc\u0113:<span class=\"button-container hide-from-message-actions ng-star-inserted\"> \u00a0<\/span><\/p>\n<div class=\"container ng-tns-c2946245707-329 hide\">\n<div class=\"carousel-container ng-tns-c2946245707-329\">\n<div class=\"carousel-content ng-tns-c2946245707-329\">\n<div class=\"sources-carousel-source ng-tns-c2946245707-329 hide ng-star-inserted\" data-test-id=\"sources-carousel-source\"><\/div>\n<\/div>\n<\/div>\n<\/div>\n<h3 data-sourcepos=\"3:1-3:34\"><strong>K\u0101p\u0113c izv\u0113l\u0113ties v\u012brie\u0161u ka\u0161mira d\u017eemperi?<\/strong><\/h3>\n<ul data-sourcepos=\"5:1-9:0\">\n<li data-sourcepos=\"5:1-5:124\"><strong><span class=\"citation-1 recitation\">Izcila maigums:<\/span><\/strong><span class=\"citation-1 recitation citation-end-1\"> Ka\u0161mirs ir slavens ar savu neticami maigo tekst\u016bru, t\u0101p\u0113c to ir pat\u012bkami valk\u0101t.<\/span><\/li>\n<li data-sourcepos=\"5:1-5:124\"><span class=\"button-container hide-from-message-actions ng-star-inserted\"><strong style=\"font-size: 14.4px;\"><span class=\"citation-2 recitation\">Lielisks siltums:<\/span><\/strong><span class=\"citation-2 recitation citation-end-2\" style=\"font-size: 14.4px;\"> Lai gan ka\u0161mira ap\u0123\u0113rbs ir viegls, tas nodro\u0161ina lielisku izol\u0101ciju, saglab\u0101jot siltumu aukst\u0101 laik\u0101.<\/span><\/span>\n<div class=\"container ng-tns-c2946245707-331 hide\">\n<div class=\"carousel-container ng-tns-c2946245707-331\"><\/div>\n<\/div>\n<\/li>\n<li data-sourcepos=\"7:1-7:122\"><strong>Iztur\u012bba:<\/strong> <span class=\"citation-3 recitation citation-end-3\">Augstas kvalit\u0101tes ka\u0161mirs ir p\u0101rsteidzo\u0161i iztur\u012bgs, un, pien\u0101c\u012bgi kopjot, tas var kalpot daudzus gadus.<\/span><span class=\"button-container hide-from-message-actions ng-star-inserted\">\u00a0<\/span>\n<div class=\"container ng-tns-c2946245707-332 hide\">\n<div class=\"carousel-container ng-tns-c2946245707-332\"><\/div>\n<\/div>\n<\/li>\n<li data-sourcepos=\"8:1-9:0\"><strong><span class=\"citation-4 recitation\">Hipoaler\u0123isks:<\/span><\/strong><span class=\"citation-4 recitation citation-end-4\"> Ka\u0161mirs ir hipoaler\u0123isks, t\u0101p\u0113c tas ir piem\u0113rots cilv\u0113kiem ar jut\u012bgu \u0101du.<\/span><span class=\"button-container hide-from-message-actions ng-star-inserted\">\u00a0<\/span>\n<div class=\"container ng-tns-c2946245707-333 hide\">\n<div class=\"carousel-container ng-tns-c2946245707-333\">\n<div class=\"carousel-content ng-tns-c2946245707-333\">\n<div class=\"sources-carousel-source ng-tns-c2946245707-333 hide ng-star-inserted\" data-test-id=\"sources-carousel-source\"><\/div>\n<\/div>\n<\/div>\n<\/div>\n<\/li>\n<\/ul>\n<h3 data-sourcepos=\"10:1-10:36\"><strong>K\u0101 stiliz\u0113t v\u012brie\u0161u ka\u0161mira d\u017eemperi:<\/strong><\/h3>\n<ul data-sourcepos=\"12:1-15:0\">\n<li data-sourcepos=\"12:1-12:77\">\n<h3><strong>Gad\u012bjuma raksturs:<\/strong> Lietojiet to kop\u0101 ar d\u017einsiem, t-kreklu un ked\u0101m, lai veidotu nesteidz\u012bgu izskatu.<\/h3>\n<\/li>\n<li data-sourcepos=\"13:1-13:96\"><strong>Smart Casual:<\/strong> Valk\u0101jiet to kop\u0101 ar chinos biks\u0113m, krekliem ar pog\u0101m un mokas\u012bniem, lai veidotu gl\u012btu ap\u0123\u0113rbu.<\/li>\n<li data-sourcepos=\"14:1-15:0\"><strong>Form\u0101ls:<\/strong> Uzlieciet to virs kleitas krekla un kaklasaites, lai veidotu izsmalcin\u0101tu izskatu.<\/li>\n<\/ul>\n<h3 data-sourcepos=\"16:1-16:42\"><strong>Kur atrast v\u012brie\u0161u ka\u0161mira d\u017eemperus:<\/strong><\/h3>\n<ul data-sourcepos=\"18:1-21:0\">\n<li data-sourcepos=\"18:1-18:90\"><strong>Augstas klases univers\u0101lveikali:<\/strong> Mekl\u0113jiet luksusa z\u012bmolus, kas specializ\u0113jas smalku trikot\u0101\u017eas izstr\u0101d\u0101jumu ra\u017eo\u0161an\u0101.<\/li>\n<li data-sourcepos=\"19:1-19:132\"><strong><span class=\"citation-5 recitation\">Tie\u0161saistes mazumtirgot\u0101ji:<\/span><\/strong><span class=\"citation-5 recitation citation-end-5\"> T\u0101das vietnes k\u0101 Amazon, Etsy un citi tie\u0161saistes mazumtirgot\u0101ji pied\u0101v\u0101 pla\u0161u ka\u0161mira d\u017eemperu kl\u0101stu.<\/span><\/li>\n<li data-sourcepos=\"19:1-19:132\"><strong style=\"font-size: 14.4px;\">Specializ\u0113tie veikali:<\/strong><span style=\"font-size: 14.4px;\"> Veikalos, kas specializ\u0113jas luksusa \u0161\u0137iedru un ilgtsp\u0113j\u012bgas modes jom\u0101, var b\u016bt pieejami ka\u0161mira d\u017eemperi.<\/span><\/li>\n<\/ul>\n<h3 data-sourcepos=\"22:1-22:41\"><strong>Padomi v\u012brie\u0161u ka\u0161mira d\u017eempera izv\u0113lei:<\/strong><\/h3>\n<ul data-sourcepos=\"24:1-28:0\">\n<li data-sourcepos=\"24:1-24:94\"><strong>Kvalit\u0101te:<\/strong> Mekl\u0113jiet augstas kvalit\u0101tes ka\u0161m\u012bru, kas ir m\u012bksts, gluds un bez nepiln\u012bb\u0101m.<\/li>\n<li data-sourcepos=\"25:1-25:95\"><strong>Svars:<\/strong> Apsveriet d\u017eempera svaru, jo smag\u0101ki d\u017eemperi nodro\u0161in\u0101s vair\u0101k siltuma.<\/li>\n<li data-sourcepos=\"26:1-26:72\"><strong>Piem\u0113rots:<\/strong> Izv\u0113lieties d\u017eemperi, kas labi piegu\u013c un glaimo j\u016bsu \u0137erme\u0146a formai.<\/li>\n<li data-sourcepos=\"27:1-28:0\"><strong>Stils:<\/strong> Izv\u0113lieties savai gaumei atbilsto\u0161u stilu - ar ekip\u0101\u017eas kaklu, V veida kaklu vai augstu apkakli.<\/li>\n<\/ul>\n<h4 data-sourcepos=\"29:1-29:37\"><strong>Ka\u0161mira d\u017eempera kop\u0161ana:<\/strong><\/h4>\n<ul data-sourcepos=\"31:1-34:0\">\n<li data-sourcepos=\"31:1-31:50\">Mazg\u0101jiet ar rok\u0101m aukst\u0101 \u016bden\u012b ar maigu mazg\u0101\u0161anas l\u012bdzekli.<\/li>\n<li data-sourcepos=\"32:1-32:31\">Lai izvair\u012btos no izstiep\u0161an\u0101s, \u017e\u0101v\u0113jiet plakani.<\/li>\n<li data-sourcepos=\"33:1-34:0\">Uzglab\u0101t v\u0113s\u0101, saus\u0101 viet\u0101, prom no tie\u0161iem saules stariem.<\/li>\n<\/ul>\n<p data-sourcepos=\"35:1-35:144\">Ieguldot l\u012bdzek\u013cus augstas kvalit\u0101tes ka\u0161mira d\u017eemper\u012b, j\u016bs ieg\u016bsiet ne tikai stil\u012bgu un \u0113rtu ap\u0123\u0113rbu, bet ar\u012b p\u0101rlaic\u012bgu grezn\u012bbu.<\/p>\n<div class=\"attachment-container search-images\">\n<div class=\"image-container hide-from-message-actions ng-star-inserted\">\n<div class=\"overlay-container ng-star-inserted\"><\/div>\n<\/div>\n<\/div>","protected":false},"excerpt":{"rendered":"<table style=\"height: 529px;\" width=\"500\">\n<tbody>\n<tr>\n<td width=\"146\"><strong><b>Produkts<\/b><\/strong>\u00a0<strong><b>V\u0101rds un uzv\u0101rds:<\/b><\/strong><\/td>\n<td width=\"601\"><strong>V\u012brie\u0161u ka\u0161mira d\u017eemperis<\/strong><\/td>\n<\/tr>\n<tr>\n<td width=\"146\"><strong><b>Materlal:<\/b><\/strong><\/td>\n<td width=\"601\">Poliesters\/kokvilna<\/td>\n<\/tr>\n<tr>\n<td width=\"146\"><strong><b>Tehnika:<\/b><\/strong><\/td>\n<td width=\"601\">Au\u0161ana<\/td>\n<\/tr>\n<tr>\n<td width=\"146\"><strong><b>Stils:<\/b><\/strong><\/td>\n<td width=\"601\">Gad\u012bjuma<\/td>\n<\/tr>\n<tr>\n<td width=\"146\"><strong><b>Kr\u0101sa<\/b><\/strong><strong><b>:<\/b><\/strong><\/td>\n<td width=\"601\">\u00a0Piel\u0101gotas kr\u0101sas<\/td>\n<\/tr>\n<tr>\n<td width=\"146\"><strong><b>Izm\u0113rs:<\/b><\/strong><\/td>\n<td width=\"601\">S \/M \/L \/XL \/2XL<\/td>\n<\/tr>\n<tr>\n<td width=\"146\"><strong><b>OEM\/ODM:<\/b><\/strong><\/td>\n<td width=\"601\">Pie\u0146emams<\/td>\n<\/tr>\n<tr>\n<td width=\"146\"><strong><b>Kvalit\u0101te:<\/b><\/strong><\/td>\n<td width=\"601\">100% Augsta kvalit\u0101te<\/td>\n<\/tr>\n<tr>\n<td width=\"146\"><strong><b>M<\/b><\/strong><strong><b>OQ:<\/b><\/strong><\/td>\n<td width=\"601\">200 gab.<\/td>\n<\/tr>\n<\/tbody>\n<\/table>","protected":false},"featured_media":1805,"template":"","meta":[],"product_brand":[],"product_cat":[38],"product_tag":[],"class_list":{"0":"post-1804","1":"product","2":"type-product","3":"status-publish","4":"has-post-thumbnail","6":"product_cat-mens-clothing","8":"first","9":"instock","10":"shipping-taxable","11":"product-type-simple"},"_links":{"self":[{"href":"https:\/\/mj-clothing.com\/lv\/wp-json\/wp\/v2\/product\/1804","targetHints":{"allow":["GET"]}}],"collection":[{"href":"https:\/\/mj-clothing.com\/lv\/wp-json\/wp\/v2\/product"}],"about":[{"href":"https:\/\/mj-clothing.com\/lv\/wp-json\/wp\/v2\/types\/product"}],"wp:featuredmedia":[{"embeddable":true,"href":"https:\/\/mj-clothing.com\/lv\/wp-json\/wp\/v2\/media\/1805"}],"wp:attachment":[{"href":"https:\/\/mj-clothing.com\/lv\/wp-json\/wp\/v2\/media?parent=1804"}],"wp:term":[{"taxonomy":"product_brand","embeddable":true,"href":"https:\/\/mj-clothing.com\/lv\/wp-json\/wp\/v2\/product_brand?post=1804"},{"taxonomy":"product_cat","embeddable":true,"href":"https:\/\/mj-clothing.com\/lv\/wp-json\/wp\/v2\/product_cat?post=1804"},{"taxonomy":"product_tag","embeddable":true,"href":"https:\/\/mj-clothing.com\/lv\/wp-json\/wp\/v2\/product_tag?post=1804"}],"curies":[{"name":"wp","href":"https:\/\/api.w.org\/{rel}","templated":true}]}}