{"id":1811,"date":"2024-12-14T07:29:45","date_gmt":"2024-12-14T07:29:45","guid":{"rendered":"https:\/\/mj-clothing.com\/?post_type=product&#038;p=1811"},"modified":"2024-12-17T06:51:19","modified_gmt":"2024-12-17T06:51:19","slug":"mens-hooded-cotton-jacket","status":"publish","type":"product","link":"https:\/\/mj-clothing.com\/lv\/manufacturer\/mens-hooded-cotton-jacket\/","title":{"rendered":"V\u012brie\u0161u kokvilnas jaka ar kapuci"},"content":{"rendered":"<p data-sourcepos=\"1:1-1:194\"><span class=\"citation-0 recitation citation-end-0\">V\u012brie\u0161u kokvilnas jaka ar kapuci ir univers\u0101ls un stil\u012bgs virsdr\u0113bes gabals, ko var valk\u0101t da\u017e\u0101dos laika apst\u0101k\u013cos.<\/span> L\u016bk, k\u0101p\u0113c j\u016bs var\u0113tu apsv\u0113rt iesp\u0113ju papildin\u0101t savu garderobi ar \u0161\u0101du ap\u0123\u0113rbu:<span class=\"button-container hide-from-message-actions ng-star-inserted\">\u00a0<\/span><\/p>\n<div class=\"container ng-tns-c2946245707-384 hide\">\n<div class=\"carousel-container ng-tns-c2946245707-384\">\n<div class=\"carousel-content ng-tns-c2946245707-384\">\n<div class=\"sources-carousel-source ng-tns-c2946245707-384 hide ng-star-inserted\" data-test-id=\"sources-carousel-source\"><\/div>\n<\/div>\n<\/div>\n<\/div>\n<h3 data-sourcepos=\"3:1-3:38\"><strong>K\u0101p\u0113c izv\u0113l\u0113ties v\u012brie\u0161u kokvilnas jaka ar kapuci?<\/strong><\/h3>\n<ul data-sourcepos=\"5:1-9:0\">\n<li data-sourcepos=\"5:1-5:128\"><strong><span class=\"citation-1 recitation\">Komforts un siltums:<\/span><\/strong><span class=\"citation-1 recitation citation-end-1\"> Kokvilna ir elpojo\u0161s un \u0113rts materi\u0101ls, kas var saglab\u0101t siltumu v\u0113s\u0101k\u0101 laik\u0101.<\/span><\/li>\n<li data-sourcepos=\"5:1-5:128\"><strong style=\"font-size: 14.4px;\">Daudzpus\u012bba:<\/strong><span style=\"font-size: 14.4px;\"> Kokvilnas jaku ar kapuci var uzvilkt gan uz aug\u0161u, gan uz leju, t\u0101p\u0113c t\u0101 ir ide\u0101li piem\u0113rota gan ikdieni\u0161\u0137iem, gan da\u013c\u0113ji form\u0101liem pas\u0101kumiem.<\/span><\/li>\n<li data-sourcepos=\"7:1-7:97\"><strong>Aizsardz\u012bba pret dabas stihij\u0101m:<\/strong> Kapuce nodro\u0161ina papildu aizsardz\u012bbu pret lietu, v\u0113ju un aukstumu.<\/li>\n<li data-sourcepos=\"8:1-9:0\"><strong>Stils:<\/strong> Jakas ar kapuci var pie\u0161\u0137irt stila akcentu jebkuram ap\u0123\u0113rbam.<\/li>\n<\/ul>\n<h3 data-sourcepos=\"10:1-10:40\"><strong>K\u0101 stiliz\u0113t v\u012brie\u0161u kokvilnas jaku ar kapuci:<\/strong><\/h3>\n<ul data-sourcepos=\"12:1-15:0\">\n<li data-sourcepos=\"12:1-12:77\"><strong>Gad\u012bjuma raksturs:<\/strong> Lietojiet to kop\u0101 ar d\u017einsiem, t-kreklu un ked\u0101m, lai veidotu nesteidz\u012bgu izskatu.<\/li>\n<li data-sourcepos=\"13:1-13:96\"><strong>Smart Casual:<\/strong> Valk\u0101jiet to kop\u0101 ar chinos biks\u0113m, krekliem ar pog\u0101m un mokas\u012bniem, lai veidotu gl\u012btu ap\u0123\u0113rbu.<\/li>\n<li data-sourcepos=\"14:1-15:0\"><strong>\u0100ra aktivit\u0101tes:<\/strong> Uzvelciet to virs vilnas dr\u0101nas vai jaka ar kapuci, lai papildus sasild\u012btos \u0101ra piedz\u012bvojumu laik\u0101.<\/li>\n<\/ul>\n<h3 data-sourcepos=\"16:1-16:46\"><strong>Kur atrast v\u012brie\u0161u kokvilnas jakas ar kapuci:<\/strong><\/h3>\n<ul data-sourcepos=\"18:1-21:0\">\n<li data-sourcepos=\"18:1-18:86\"><strong>Univers\u0101lie veikali:<\/strong> Mekl\u0113jiet z\u012bmolus, kas pied\u0101v\u0101 da\u017e\u0101dus stilus un materi\u0101lus.<\/li>\n<li data-sourcepos=\"19:1-19:136\"><strong><span class=\"citation-2 recitation\">Tie\u0161saistes mazumtirgot\u0101ji:<\/span><\/strong><span class=\"citation-2 recitation citation-end-2\"> T\u0101das vietnes k\u0101 Amazon, eBay un citi tie\u0161saistes mazumtirgot\u0101ji pied\u0101v\u0101 pla\u0161u kokvilnas jaku ar kapuci kl\u0101stu.<\/span><span class=\"button-container hide-from-message-actions ng-star-inserted\"> \u00a0<\/span>\n<div class=\"container ng-tns-c2946245707-386 hide\">\n<div class=\"carousel-container ng-tns-c2946245707-386\"><\/div>\n<\/div>\n<\/li>\n<li data-sourcepos=\"20:1-21:0\"><strong>\u0100ra ap\u0123\u0113rbu veikali:<\/strong> Veikalos, kas specializ\u0113jas \u0101ra ap\u0123\u0113rbu jom\u0101, bie\u017ei vien ir pieejamas kokvilnas jakas ar kapuci, kas paredz\u0113tas konkr\u0113t\u0101m aktivit\u0101t\u0113m.<\/li>\n<\/ul>\n<h3 data-sourcepos=\"22:1-22:45\"><strong>Padomi, k\u0101 izv\u0113l\u0113ties v\u012brie\u0161u kokvilnas jaka ar kapuci:<\/strong><\/h3>\n<ul data-sourcepos=\"24:1-28:0\">\n<li data-sourcepos=\"24:1-24:123\"><strong>Materi\u0101ls:<\/strong> \u0145emiet v\u0113r\u0101 kokvilnas svaru un biezumu, jo tas ietekm\u0113 jakas siltumu un iztur\u012bbu.<\/li>\n<li data-sourcepos=\"25:1-25:69\"><strong>Piem\u0113rots:<\/strong> Izv\u0113lieties labi piegulo\u0161u un \u0113rti valk\u0101jamu jaku.<\/li>\n<li data-sourcepos=\"26:1-26:108\"><strong>Stils:<\/strong> Izv\u0113lieties savai gaumei atbilsto\u0161u stilu, piem\u0113ram, bomberja jaku, lauka jaku vai parka.<\/li>\n<li data-sourcepos=\"27:1-28:0\"><strong>Funkcijas:<\/strong> Apsveriet papildu funkcijas, piem\u0113ram, kabatas, savelkamu kapuci, rievotu aproci un apak\u0161malu.<\/li>\n<\/ul>\n<p data-sourcepos=\"29:1-29:198\">Ieguldot l\u012bdzek\u013cus augstas kvalit\u0101tes kokvilnas jak\u0101 ar kapuci, j\u016bs ieg\u016bsiet ne tikai stil\u012bgu un funkcion\u0101lu ap\u0123\u0113rbu, bet ar\u012b ap\u0123\u0113rba gabalu, kas nodro\u0161in\u0101s jums siltumu un komfortu gadiem ilgi.<\/p>\n<div class=\"attachment-container search-images\">\n<div class=\"image-container hide-from-message-actions ng-star-inserted\">\n<div class=\"overlay-container ng-star-inserted\"><\/div>\n<\/div>\n<\/div>","protected":false},"excerpt":{"rendered":"<table style=\"height: 509px;\" width=\"553\">\n<tbody>\n<tr>\n<td width=\"146\"><strong><b>Produkts<\/b><\/strong>\u00a0<strong><b>V\u0101rds un uzv\u0101rds:<\/b><\/strong><\/td>\n<td width=\"601\"><strong>V\u012brie\u0161u kokvilnas jaka ar kapuci<\/strong><\/td>\n<\/tr>\n<tr>\n<td width=\"146\"><strong><b>Materlal:<\/b><\/strong><\/td>\n<td width=\"601\">Poliesters\/kokvilna<\/td>\n<\/tr>\n<tr>\n<td width=\"146\"><strong><b>Tehnika:<\/b><\/strong><\/td>\n<td width=\"601\">Vienk\u0101r\u0161a kokvilna<\/td>\n<\/tr>\n<tr>\n<td width=\"146\"><strong><b>Stils:<\/b><\/strong><\/td>\n<td width=\"601\">Gad\u012bjuma<\/td>\n<\/tr>\n<tr>\n<td width=\"146\"><strong><b>Kr\u0101sa<\/b><\/strong><strong><b>:<\/b><\/strong><\/td>\n<td width=\"601\">\u00a0Piel\u0101gotas kr\u0101sas<\/td>\n<\/tr>\n<tr>\n<td width=\"146\"><strong><b>Izm\u0113rs:<\/b><\/strong><\/td>\n<td width=\"601\">S \/M \/L \/XL \/2XL<\/td>\n<\/tr>\n<tr>\n<td width=\"146\"><strong><b>OEM\/ODM:<\/b><\/strong><\/td>\n<td width=\"601\">Pie\u0146emams<\/td>\n<\/tr>\n<tr>\n<td width=\"146\"><strong><b>Kvalit\u0101te:<\/b><\/strong><\/td>\n<td width=\"601\">100% Augsta kvalit\u0101te<\/td>\n<\/tr>\n<tr>\n<td width=\"146\"><strong><b>M<\/b><\/strong><strong><b>OQ:<\/b><\/strong><\/td>\n<td width=\"601\">200 gab.<\/td>\n<\/tr>\n<\/tbody>\n<\/table>","protected":false},"featured_media":1812,"template":"","meta":[],"product_brand":[],"product_cat":[38],"product_tag":[],"class_list":{"0":"post-1811","1":"product","2":"type-product","3":"status-publish","4":"has-post-thumbnail","6":"product_cat-mens-clothing","8":"first","9":"instock","10":"shipping-taxable","11":"product-type-simple"},"_links":{"self":[{"href":"https:\/\/mj-clothing.com\/lv\/wp-json\/wp\/v2\/product\/1811","targetHints":{"allow":["GET"]}}],"collection":[{"href":"https:\/\/mj-clothing.com\/lv\/wp-json\/wp\/v2\/product"}],"about":[{"href":"https:\/\/mj-clothing.com\/lv\/wp-json\/wp\/v2\/types\/product"}],"wp:featuredmedia":[{"embeddable":true,"href":"https:\/\/mj-clothing.com\/lv\/wp-json\/wp\/v2\/media\/1812"}],"wp:attachment":[{"href":"https:\/\/mj-clothing.com\/lv\/wp-json\/wp\/v2\/media?parent=1811"}],"wp:term":[{"taxonomy":"product_brand","embeddable":true,"href":"https:\/\/mj-clothing.com\/lv\/wp-json\/wp\/v2\/product_brand?post=1811"},{"taxonomy":"product_cat","embeddable":true,"href":"https:\/\/mj-clothing.com\/lv\/wp-json\/wp\/v2\/product_cat?post=1811"},{"taxonomy":"product_tag","embeddable":true,"href":"https:\/\/mj-clothing.com\/lv\/wp-json\/wp\/v2\/product_tag?post=1811"}],"curies":[{"name":"wp","href":"https:\/\/api.w.org\/{rel}","templated":true}]}}