{"id":1813,"date":"2024-12-14T07:39:40","date_gmt":"2024-12-14T07:39:40","guid":{"rendered":"https:\/\/mj-clothing.com\/?post_type=product&#038;p=1813"},"modified":"2024-12-17T06:49:41","modified_gmt":"2024-12-17T06:49:41","slug":"flannel-lined-jacket","status":"publish","type":"product","link":"https:\/\/mj-clothing.com\/lv\/manufacturer\/flannel-lined-jacket\/","title":{"rendered":"Jakas ar flane\u013ca oder\u0113jumu"},"content":{"rendered":"<h2 data-sourcepos=\"1:1-1:46\">V\u012brie\u0161u jakas ar flane\u013ca oder\u0113jumu: M\u0101j\u012bga klasika<\/h2>\n<p data-sourcepos=\"3:1-3:223\"><span class=\"citation-0 recitation citation-end-0\">Ar flaneli oder\u0113ta jaka ir klasisks virsdr\u0113bes gabals, kas nodro\u0161ina siltumu, komfortu un stilu.<\/span> Tas ir lieliski piem\u0113rots v\u0113s\u0101m rudens un ziemas dien\u0101m, kad nepiecie\u0161ams nedaudz vair\u0101k siltuma, nezaud\u0113jot stilu.<\/p>\n<p data-sourcepos=\"3:1-3:223\"><strong>\u00a0 \u00a0 \u00a0K\u0101p\u0113c izv\u0113l\u0113ties flane\u013ca oder\u0113tu jaku?<\/strong><\/p>\n<ul data-sourcepos=\"7:1-11:0\">\n<li data-sourcepos=\"7:1-7:103\"><strong>Siltums:<\/strong> <span class=\"citation-1 recitation citation-end-1\">Flane\u013ca oder\u0113jums nodro\u0161ina lielisku izol\u0101ciju, saglab\u0101jot siltumu un m\u0101j\u012bgumu.<\/span><span class=\"button-container hide-from-message-actions ng-star-inserted\">\u00a0<\/span>\n<div class=\"container ng-tns-c2946245707-430 hide\">\n<div class=\"carousel-container ng-tns-c2946245707-430\"><\/div>\n<\/div>\n<\/li>\n<li data-sourcepos=\"8:1-8:103\"><strong>Komforts:<\/strong> <span class=\"citation-2 recitation citation-end-2\">Flanele ir m\u012bksts un \u0113rts audums, kas lieliski piegu\u013c \u0101dai.<\/span><span class=\"button-container hide-from-message-actions ng-star-inserted\"> \u00a0<\/span>\n<div class=\"container ng-tns-c2946245707-431 hide\">\n<div class=\"carousel-container ng-tns-c2946245707-431\"><\/div>\n<\/div>\n<\/li>\n<li data-sourcepos=\"9:1-9:119\"><strong>Stils:<\/strong> <span class=\"citation-3 recitation citation-end-3\">Ar flaneli oder\u0113tas jakas var uzvilkt vai uzvilkt, t\u0101p\u0113c t\u0101s ir univers\u0101las da\u017e\u0101diem dz\u012bves gad\u012bjumiem.<\/span><span class=\"button-container hide-from-message-actions ng-star-inserted\"> \u00a0<\/span>\n<div class=\"container ng-tns-c2946245707-432 hide\">\n<div class=\"carousel-container ng-tns-c2946245707-432\"><\/div>\n<\/div>\n<\/li>\n<li data-sourcepos=\"10:1-11:0\"><strong><span class=\"citation-4 recitation\">Iztur\u012bba:<\/span><\/strong><span class=\"citation-4 recitation citation-end-4\"> Flanele ir iztur\u012bgs audums, kas sp\u0113j iztur\u0113t regul\u0101ru nodilumu.<\/span><span class=\"button-container hide-from-message-actions ng-star-inserted\">\u00a0<\/span>\n<div class=\"container ng-tns-c2946245707-433 hide\">\n<div class=\"carousel-container ng-tns-c2946245707-433\">\n<div class=\"carousel-content ng-tns-c2946245707-433\">\n<div class=\"sources-carousel-source ng-tns-c2946245707-433 hide ng-star-inserted\" data-test-id=\"sources-carousel-source\"><\/div>\n<\/div>\n<\/div>\n<\/div>\n<\/li>\n<\/ul>\n<p data-sourcepos=\"12:1-12:40\"><strong>K\u0101 stiliz\u0113t flane\u013ca oder\u0113tu jaku:<\/strong><\/p>\n<ul data-sourcepos=\"14:1-17:0\">\n<li data-sourcepos=\"14:1-14:77\"><strong>Gad\u012bjuma raksturs:<\/strong> Lietojiet to kop\u0101 ar d\u017einsiem, t-kreklu un ked\u0101m, lai veidotu nesteidz\u012bgu izskatu.<\/li>\n<li data-sourcepos=\"15:1-15:96\"><strong>Smart Casual:<\/strong> Valk\u0101jiet to kop\u0101 ar chinos biks\u0113m, krekliem ar pog\u0101m un mokas\u012bniem, lai veidotu gl\u012btu ap\u0123\u0113rbu.<\/li>\n<li data-sourcepos=\"16:1-17:0\"><strong>\u0100ra aktivit\u0101tes:<\/strong> Uzvelciet to virs vilnas dr\u0101nas vai jaka ar kapuci, lai papildus sasild\u012btos \u0101ra piedz\u012bvojumu laik\u0101.<\/li>\n<\/ul>\n<p data-sourcepos=\"18:1-18:46\"><strong>Kur atrast v\u012brie\u0161u jakas ar flane\u013ca oder\u0113jumu:<\/strong><\/p>\n<ul data-sourcepos=\"20:1-23:0\">\n<li data-sourcepos=\"20:1-20:86\"><strong>Univers\u0101lie veikali:<\/strong> Mekl\u0113jiet z\u012bmolus, kas pied\u0101v\u0101 da\u017e\u0101dus stilus un materi\u0101lus.<\/li>\n<li data-sourcepos=\"21:1-21:136\"><strong><span class=\"citation-5 recitation\">Tie\u0161saistes mazumtirgot\u0101ji:<\/span><\/strong><span class=\"citation-5 recitation citation-end-5\"> T\u0101das vietnes k\u0101 Amazon, eBay un citi tie\u0161saistes mazumtirgot\u0101ji pied\u0101v\u0101 pla\u0161u ar flaneli oder\u0113tu jaku kl\u0101stu.<\/span><span class=\"button-container hide-from-message-actions ng-star-inserted\">\u00a0<\/span>\n<div class=\"container ng-tns-c2946245707-434 hide\">\n<div class=\"carousel-container ng-tns-c2946245707-434\"><\/div>\n<\/div>\n<\/li>\n<li data-sourcepos=\"22:1-23:0\"><strong>\u0100ra ap\u0123\u0113rbu veikali:<\/strong> Veikalos, kas specializ\u0113jas \u0101ra ap\u0123\u0113rbu jom\u0101, bie\u017ei vien ir pieejamas flanel\u012b ap\u0161\u016btas jakas, kas paredz\u0113tas konkr\u0113t\u0101m aktivit\u0101t\u0113m.<\/li>\n<\/ul>\n<p data-sourcepos=\"24:1-24:45\"><strong>Padomi flane\u013ca oder\u0113tas jakas izv\u0113lei:<\/strong><\/p>\n<ul data-sourcepos=\"26:1-30:0\">\n<li data-sourcepos=\"26:1-26:128\"><strong>Materi\u0101ls:<\/strong> Apsveriet flane\u013ca oderes svaru un biezumu, jo tas ietekm\u0113s jakas siltumu un komfortu.<\/li>\n<li data-sourcepos=\"27:1-27:69\"><strong>Piem\u0113rots:<\/strong> Izv\u0113lieties labi piegulo\u0161u un \u0113rti valk\u0101jamu jaku.<\/li>\n<li data-sourcepos=\"28:1-28:108\"><strong>Stils:<\/strong> Izv\u0113lieties savai gaumei atbilsto\u0161u stilu, piem\u0113ram, bomberja jaku, lauka jaku vai parka.<\/li>\n<li data-sourcepos=\"29:1-30:0\"><strong>Funkcijas:<\/strong> Apsveriet papildu funkcijas, piem\u0113ram, kabatas, savelkamu kapuci, rievotu aproci un apak\u0161malu.<\/li>\n<\/ul>\n<p data-sourcepos=\"31:1-31:198\">Ieguldot l\u012bdzek\u013cus augstas kvalit\u0101tes jak\u0101 ar flaneles oder\u0113jumu, j\u016bs ieg\u016bsiet ne tikai stil\u012bgu un funkcion\u0101lu ap\u0123\u0113rbu, bet ar\u012b ap\u0123\u0113rba gabalu, kas nodro\u0161in\u0101s jums siltumu un komfortu gadiem ilgi.<\/p>","protected":false},"excerpt":{"rendered":"<table style=\"height: 478px;\" width=\"452\">\n<tbody>\n<tr>\n<td width=\"146\"><strong><b>Produkts<\/b><\/strong>\u00a0<strong><b>V\u0101rds un uzv\u0101rds:<\/b><\/strong><\/td>\n<td width=\"601\"><strong>Jakas ar flane\u013ca oder\u0113jumu<\/strong><\/td>\n<\/tr>\n<tr>\n<td width=\"146\"><strong><b>Materlal:<\/b><\/strong><\/td>\n<td width=\"601\">Poliesters\/kokvilna<\/td>\n<\/tr>\n<tr>\n<td width=\"146\"><strong><b>Tehnika:<\/b><\/strong><\/td>\n<td width=\"601\">Vienk\u0101r\u0161a kokvilna<\/td>\n<\/tr>\n<tr>\n<td width=\"146\"><strong><b>Stils:<\/b><\/strong><\/td>\n<td width=\"601\">Gad\u012bjuma<\/td>\n<\/tr>\n<tr>\n<td width=\"146\"><strong><b>Kr\u0101sa<\/b><\/strong><strong><b>:<\/b><\/strong><\/td>\n<td width=\"601\">\u00a0Piel\u0101gotas kr\u0101sas<\/td>\n<\/tr>\n<tr>\n<td width=\"146\"><strong><b>Izm\u0113rs:<\/b><\/strong><\/td>\n<td width=\"601\">S \/M \/L \/XL \/2XL<\/td>\n<\/tr>\n<tr>\n<td width=\"146\"><strong><b>OEM\/ODM:<\/b><\/strong><\/td>\n<td width=\"601\">Pie\u0146emams<\/td>\n<\/tr>\n<tr>\n<td width=\"146\"><strong><b>Kvalit\u0101te:<\/b><\/strong><\/td>\n<td width=\"601\">100% Augsta kvalit\u0101te<\/td>\n<\/tr>\n<tr>\n<td width=\"146\"><strong><b>M<\/b><\/strong><strong><b>OQ:<\/b><\/strong><\/td>\n<td width=\"601\">200 gab.<\/td>\n<\/tr>\n<\/tbody>\n<\/table>","protected":false},"featured_media":1814,"template":"","meta":[],"product_brand":[],"product_cat":[38],"product_tag":[],"class_list":{"0":"post-1813","1":"product","2":"type-product","3":"status-publish","4":"has-post-thumbnail","6":"product_cat-mens-clothing","8":"first","9":"instock","10":"shipping-taxable","11":"product-type-simple"},"_links":{"self":[{"href":"https:\/\/mj-clothing.com\/lv\/wp-json\/wp\/v2\/product\/1813","targetHints":{"allow":["GET"]}}],"collection":[{"href":"https:\/\/mj-clothing.com\/lv\/wp-json\/wp\/v2\/product"}],"about":[{"href":"https:\/\/mj-clothing.com\/lv\/wp-json\/wp\/v2\/types\/product"}],"wp:featuredmedia":[{"embeddable":true,"href":"https:\/\/mj-clothing.com\/lv\/wp-json\/wp\/v2\/media\/1814"}],"wp:attachment":[{"href":"https:\/\/mj-clothing.com\/lv\/wp-json\/wp\/v2\/media?parent=1813"}],"wp:term":[{"taxonomy":"product_brand","embeddable":true,"href":"https:\/\/mj-clothing.com\/lv\/wp-json\/wp\/v2\/product_brand?post=1813"},{"taxonomy":"product_cat","embeddable":true,"href":"https:\/\/mj-clothing.com\/lv\/wp-json\/wp\/v2\/product_cat?post=1813"},{"taxonomy":"product_tag","embeddable":true,"href":"https:\/\/mj-clothing.com\/lv\/wp-json\/wp\/v2\/product_tag?post=1813"}],"curies":[{"name":"wp","href":"https:\/\/api.w.org\/{rel}","templated":true}]}}