{"id":1819,"date":"2024-12-14T07:53:41","date_gmt":"2024-12-14T07:53:41","guid":{"rendered":"https:\/\/mj-clothing.com\/?post_type=product&#038;p=1819"},"modified":"2024-12-17T06:39:12","modified_gmt":"2024-12-17T06:39:12","slug":"royal-blue-jacket","status":"publish","type":"product","link":"https:\/\/mj-clothing.com\/lv\/manufacturer\/royal-blue-jacket\/","title":{"rendered":"Karaliski zila jaka"},"content":{"rendered":"<p data-sourcepos=\"1:1-1:164\">Karaliski zila jaka ir univers\u0101ls ap\u0123\u0113rba gabals, kas var uzlabot jebkuru ap\u0123\u0113rbu. T\u0101 ir pies\u0101tin\u0101ta, spilgta kr\u0101sa, kas var pie\u0161\u0137irt j\u016bsu garderobei izsmalcin\u0101t\u012bbu un stilu.<\/p>\n<h3 data-sourcepos=\"3:1-3:35\"><strong>K\u0101p\u0113c izv\u0113l\u0113ties karaliski zilu jaku?<\/strong><\/h3>\n<ul data-sourcepos=\"5:1-8:0\">\n<li data-sourcepos=\"5:1-5:106\"><strong>Daudzpus\u012bba:<\/strong> Karaliski zilo \u017eaketi var uzvilkt gan uz aug\u0161u, gan uz leju, t\u0101p\u0113c t\u0101 ir ide\u0101li piem\u0113rota da\u017e\u0101diem gad\u012bjumiem.<\/li>\n<li data-sourcepos=\"6:1-6:72\"><strong>Izsmalcin\u0101t\u012bba:<\/strong> Bag\u0101t\u012bg\u0101 kr\u0101sa pie\u0161\u0137ir eleganci un klasi.<\/li>\n<li data-sourcepos=\"7:1-8:0\"><strong>Unik\u0101ls stils:<\/strong> Tas izce\u013cas no p\u016b\u013ca un sniedz drosm\u012bgu pazi\u0146ojumu.<\/li>\n<\/ul>\n<h3 data-sourcepos=\"9:1-9:37\"><strong>K\u0101 stiliz\u0113t karaliski zilu \u017eaketi:<\/strong><\/h3>\n<ul data-sourcepos=\"11:1-14:0\">\n<li data-sourcepos=\"11:1-11:77\"><strong>Gad\u012bjuma raksturs:<\/strong> Lietojiet to kop\u0101 ar d\u017einsiem, t-kreklu un ked\u0101m, lai veidotu nesteidz\u012bgu izskatu.<\/li>\n<li data-sourcepos=\"12:1-12:96\"><strong>Smart Casual:<\/strong> Valk\u0101jiet to kop\u0101 ar chinos biks\u0113m, krekliem ar pog\u0101m un mokas\u012bniem, lai veidotu gl\u012btu ap\u0123\u0113rbu.<\/li>\n<li data-sourcepos=\"13:1-14:0\"><strong>Form\u0101ls:<\/strong> Uzvelciet to virs uzvalka \u017eaketes, lai rad\u012btu unik\u0101lu savdab\u012bgu form\u0101l\u0101 ap\u0123\u0113rba variantu.<\/li>\n<\/ul>\n<h3 data-sourcepos=\"15:1-15:42\"><strong>Padomi karaliski zilas jakas izv\u0113lei:<\/strong><\/h3>\n<ul data-sourcepos=\"17:1-20:0\">\n<li data-sourcepos=\"17:1-17:154\"><strong>Materi\u0101ls:<\/strong> Apsveriet materi\u0101lu, jo tas ietekm\u0113s jakas siltumu, iztur\u012bbu un kop\u0113jo izskatu. Popul\u0101ri ir vilna, kokvilna un \u0101da.<\/li>\n<li data-sourcepos=\"18:1-18:71\"><strong>Piem\u0113rots:<\/strong> Izv\u0113lieties labi piegulo\u0161u un j\u016bsu \u0137erme\u0146a formai piegu\u013co\u0161u \u017eaketi.<\/li>\n<li data-sourcepos=\"19:1-20:0\"><strong>Stils:<\/strong> Izv\u0113lieties savai gaumei atbilsto\u0161u stilu, piem\u0113ram, bomberjaku, lauka jaku vai \u017eaketu.<\/li>\n<\/ul>","protected":false},"excerpt":{"rendered":"<table style=\"height: 563px;\" width=\"468\">\n<tbody>\n<tr>\n<td width=\"146\"><strong><b>Produkts<\/b><\/strong>\u00a0<strong><b>V\u0101rds un uzv\u0101rds:<\/b><\/strong><\/td>\n<td width=\"601\"><strong>Karaliski zila jaka<\/strong><\/td>\n<\/tr>\n<tr>\n<td width=\"146\"><strong><b>Materlal:<\/b><\/strong><\/td>\n<td width=\"601\">Poliesters\/kokvilna<\/td>\n<\/tr>\n<tr>\n<td width=\"146\"><strong><b>Tehnika:<\/b><\/strong><\/td>\n<td width=\"601\">Vienk\u0101r\u0161a kokvilna<\/td>\n<\/tr>\n<tr>\n<td width=\"146\"><strong><b>Stils:<\/b><\/strong><\/td>\n<td width=\"601\">Gad\u012bjuma<\/td>\n<\/tr>\n<tr>\n<td width=\"146\"><strong><b>Kr\u0101sa<\/b><\/strong><strong><b>:<\/b><\/strong><\/td>\n<td width=\"601\">\u00a0Piel\u0101gotas kr\u0101sas<\/td>\n<\/tr>\n<tr>\n<td width=\"146\"><strong><b>Izm\u0113rs:<\/b><\/strong><\/td>\n<td width=\"601\">S \/M \/L \/XL \/2XL<\/td>\n<\/tr>\n<tr>\n<td width=\"146\"><strong><b>OEM\/ODM:<\/b><\/strong><\/td>\n<td width=\"601\">Pie\u0146emams<\/td>\n<\/tr>\n<tr>\n<td width=\"146\"><strong><b>Kvalit\u0101te:<\/b><\/strong><\/td>\n<td width=\"601\">100% Augsta kvalit\u0101te<\/td>\n<\/tr>\n<tr>\n<td width=\"146\"><strong><b>M<\/b><\/strong><strong><b>OQ:<\/b><\/strong><\/td>\n<td width=\"601\">200 gab.<\/td>\n<\/tr>\n<\/tbody>\n<\/table>","protected":false},"featured_media":1820,"template":"","meta":[],"product_brand":[],"product_cat":[38],"product_tag":[],"class_list":{"0":"post-1819","1":"product","2":"type-product","3":"status-publish","4":"has-post-thumbnail","6":"product_cat-mens-clothing","8":"first","9":"instock","10":"shipping-taxable","11":"product-type-simple"},"_links":{"self":[{"href":"https:\/\/mj-clothing.com\/lv\/wp-json\/wp\/v2\/product\/1819","targetHints":{"allow":["GET"]}}],"collection":[{"href":"https:\/\/mj-clothing.com\/lv\/wp-json\/wp\/v2\/product"}],"about":[{"href":"https:\/\/mj-clothing.com\/lv\/wp-json\/wp\/v2\/types\/product"}],"wp:featuredmedia":[{"embeddable":true,"href":"https:\/\/mj-clothing.com\/lv\/wp-json\/wp\/v2\/media\/1820"}],"wp:attachment":[{"href":"https:\/\/mj-clothing.com\/lv\/wp-json\/wp\/v2\/media?parent=1819"}],"wp:term":[{"taxonomy":"product_brand","embeddable":true,"href":"https:\/\/mj-clothing.com\/lv\/wp-json\/wp\/v2\/product_brand?post=1819"},{"taxonomy":"product_cat","embeddable":true,"href":"https:\/\/mj-clothing.com\/lv\/wp-json\/wp\/v2\/product_cat?post=1819"},{"taxonomy":"product_tag","embeddable":true,"href":"https:\/\/mj-clothing.com\/lv\/wp-json\/wp\/v2\/product_tag?post=1819"}],"curies":[{"name":"wp","href":"https:\/\/api.w.org\/{rel}","templated":true}]}}