{"id":1821,"date":"2024-12-14T08:09:47","date_gmt":"2024-12-14T08:09:47","guid":{"rendered":"https:\/\/mj-clothing.com\/?post_type=product&#038;p=1821"},"modified":"2024-12-17T06:35:17","modified_gmt":"2024-12-17T06:35:17","slug":"thermal-jacket","status":"publish","type":"product","link":"https:\/\/mj-clothing.com\/lv\/manufacturer\/thermal-jacket\/","title":{"rendered":"Termisk\u0101 jaka"},"content":{"rendered":"<h2 data-sourcepos=\"1:1-1:38\">Termo jakas: Ziemas pamatapr\u012bkojums<\/h2>\n<p data-sourcepos=\"3:1-3:216\">Termove\u013ca ir univers\u0101ls virsdr\u0113bes gabals, kas paredz\u0113ts, lai aukst\u0101 laik\u0101 jums b\u016btu silti un \u0113rti. T\u0101s ir da\u017e\u0101du stilu, materi\u0101lu un izol\u0101cijas l\u012bme\u0146u, lai atbilstu da\u017e\u0101d\u0101m vajadz\u012bb\u0101m un v\u0113lm\u0113m.<\/p>\n<p data-sourcepos=\"5:1-5:36\"><strong>Termojak\u0161u galven\u0101s iez\u012bmes:<\/strong><\/p>\n<ul data-sourcepos=\"7:1-11:0\">\n<li data-sourcepos=\"7:1-7:93\"><strong>Siltums:<\/strong> Termojakas ir izstr\u0101d\u0101tas t\u0101, lai aiztur\u0113tu siltumu un saglab\u0101tu siltumu aukstos apst\u0101k\u013cos.<\/li>\n<li data-sourcepos=\"8:1-8:119\"><strong>\u016adensiztur\u012bba:<\/strong> Daudzas termove\u013cas ir \u016bdensiztur\u012bgas vai pat \u016bdensnecaurlaid\u012bgas, kas pasarg\u0101 j\u016bs no lietus un sniega.<\/li>\n<li data-sourcepos=\"9:1-9:87\"><strong>Iztur\u012bba pret v\u0113ju:<\/strong> Tajos bie\u017ei vien ir izmantoti v\u0113ju necaurlaid\u012bgi audumi, kas blo\u0137\u0113 v\u0113sus v\u0113jus.<\/li>\n<li data-sourcepos=\"10:1-11:0\"><strong>Elpojam\u012bba:<\/strong> Labas termove\u013cas \u013cauj mitrumam izpl\u016bst, saglab\u0101jot j\u016bs sausu un \u0113rtu.<\/li>\n<\/ul>\n<p data-sourcepos=\"12:1-12:29\"><strong>Termo-\u017eaketu veidi:<\/strong><\/p>\n<ul data-sourcepos=\"14:1-17:0\">\n<li data-sourcepos=\"14:1-14:129\"><strong>Pufja jakas:<\/strong> \u0160\u012bs jakas ir pild\u012btas ar izol\u0101cijas materi\u0101liem, piem\u0113ram, p\u016bka vai sint\u0113tisk\u0101m \u0161\u0137iedr\u0101m, kas nodro\u0161ina maksim\u0101lu siltumu.<\/li>\n<li data-sourcepos=\"15:1-15:120\"><strong>Soft-Shell jakas:<\/strong> \u0160\u012bs jakas ir izgatavotas no kombin\u0113tiem materi\u0101liem, kas nodro\u0161ina gan siltumu, gan elast\u012bbu.<\/li>\n<li data-sourcepos=\"16:1-17:0\"><strong>Izol\u0113tas jakas:<\/strong> Lai saglab\u0101tu siltumu, \u0161aj\u0101s jak\u0101s tiek izmantotas da\u017e\u0101das izol\u0101cijas tehnolo\u0123ijas, piem\u0113ram, PrimaLoft vai Thinsulate.<\/li>\n<\/ul>\n<p data-sourcepos=\"18:1-18:35\"><strong>K\u0101 izv\u0113l\u0113ties termove\u013cu:<\/strong><\/p>\n<ol data-sourcepos=\"20:1-24:0\">\n<li data-sourcepos=\"20:1-20:158\"><strong>Apsveriet klimatu:<\/strong> Ja dz\u012bvojat \u013coti aukst\u0101 klimat\u0101, izv\u0113lieties labi izol\u0113tu jaku. Maig\u0101k\u0101 klimat\u0101 var pietikt ar viegl\u0101ku jaku.<\/li>\n<li data-sourcepos=\"21:1-21:155\"><strong>Aktivit\u0101tes l\u012bmenis:<\/strong> Ja pl\u0101nojat iesaist\u012bties \u0101ra aktivit\u0101t\u0113s, izv\u0113lieties jaku ar t\u0101d\u0101m funkcij\u0101m k\u0101 regul\u0113jamas kapuces, kabatas un ventil\u0101cija.<\/li>\n<li data-sourcepos=\"22:1-22:90\"><strong>Piem\u0113rots:<\/strong> P\u0101rliecinieties, ka jaka labi piegu\u013c, lai to var\u0113tu p\u0101rkl\u0101t, nej\u016btoties ierobe\u017eoti.<\/li>\n<li data-sourcepos=\"23:1-24:0\"><strong>Materi\u0101ls:<\/strong> Apsveriet \u0101r\u0113j\u0101 apvalka un izol\u0101cijas materi\u0101lu. \u016adensnecaurlaid\u012bgi un v\u0113ja necaurlaid\u012bgi materi\u0101li ir ide\u0101li piem\u0113roti skarbiem laikapst\u0101k\u013ciem.<\/li>\n<\/ol>\n<p data-sourcepos=\"25:1-25:37\"><strong>Termojak\u0161u stila padomi:<\/strong><\/p>\n<ul data-sourcepos=\"27:1-30:0\">\n<li data-sourcepos=\"27:1-27:90\"><strong>Gad\u012bjuma raksturs:<\/strong> Lai veidotu \u0113rtu un stil\u012bgu izskatu, kombin\u0113jiet to ar d\u017einsiem, d\u017eemperi un z\u0101bakiem.<\/li>\n<li data-sourcepos=\"28:1-28:100\"><strong>Smart Casual:<\/strong> Valk\u0101jiet to kop\u0101 ar chinos, kreklu ar pog\u0101m un apaviem, lai veidotu spodr\u0101ku izskatu.<\/li>\n<li data-sourcepos=\"29:1-30:0\"><strong>\u0100ra aktivit\u0101tes:<\/strong> Uzvelciet to virs vilnas dr\u0101nas vai jaka ar kapuci, lai papildus sasild\u012btos \u0101ra piedz\u012bvojumu laik\u0101.<\/li>\n<\/ul>\n<p data-sourcepos=\"31:1-31:105\">Izv\u0113loties piem\u0113rotu termove\u013cu, varat saglab\u0101t siltumu, komfortu un stilu neatkar\u012bgi no laikapst\u0101k\u013ciem.<\/p>\n<div class=\"attachment-container search-images\">\n<div class=\"image-container hide-from-message-actions ng-star-inserted\">\n<div class=\"overlay-container ng-star-inserted\"><\/div>\n<\/div>\n<\/div>","protected":false},"excerpt":{"rendered":"<table style=\"height: 510px;\" width=\"461\">\n<tbody>\n<tr>\n<td width=\"146\"><strong><b>Produkts<\/b><\/strong>\u00a0<strong><b>V\u0101rds un uzv\u0101rds:<\/b><\/strong><\/td>\n<td width=\"601\"><strong>Termisk\u0101 jaka<\/strong><\/td>\n<\/tr>\n<tr>\n<td width=\"146\"><strong><b>Materlal:<\/b><\/strong><\/td>\n<td width=\"601\">Poliesters\/kokvilna<\/td>\n<\/tr>\n<tr>\n<td width=\"146\"><strong><b>Tehnika:<\/b><\/strong><\/td>\n<td width=\"601\">Vienk\u0101r\u0161a kokvilna<\/td>\n<\/tr>\n<tr>\n<td width=\"146\"><strong><b>Stils:<\/b><\/strong><\/td>\n<td width=\"601\">Gad\u012bjuma<\/td>\n<\/tr>\n<tr>\n<td width=\"146\"><strong><b>Kr\u0101sa<\/b><\/strong><strong><b>:<\/b><\/strong><\/td>\n<td width=\"601\">\u00a0Piel\u0101gotas kr\u0101sas<\/td>\n<\/tr>\n<tr>\n<td width=\"146\"><strong><b>Izm\u0113rs:<\/b><\/strong><\/td>\n<td width=\"601\">S \/M \/L \/XL \/2XL<\/td>\n<\/tr>\n<tr>\n<td width=\"146\"><strong><b>OEM\/ODM:<\/b><\/strong><\/td>\n<td width=\"601\">Pie\u0146emams<\/td>\n<\/tr>\n<tr>\n<td width=\"146\"><strong><b>Kvalit\u0101te:<\/b><\/strong><\/td>\n<td width=\"601\">100% Augsta kvalit\u0101te<\/td>\n<\/tr>\n<tr>\n<td width=\"146\"><strong><b>M<\/b><\/strong><strong><b>OQ:<\/b><\/strong><\/td>\n<td width=\"601\">200 gab.<\/td>\n<\/tr>\n<\/tbody>\n<\/table>","protected":false},"featured_media":1822,"template":"","meta":[],"product_brand":[],"product_cat":[38],"product_tag":[],"class_list":{"0":"post-1821","1":"product","2":"type-product","3":"status-publish","4":"has-post-thumbnail","6":"product_cat-mens-clothing","8":"first","9":"instock","10":"shipping-taxable","11":"product-type-simple"},"_links":{"self":[{"href":"https:\/\/mj-clothing.com\/lv\/wp-json\/wp\/v2\/product\/1821","targetHints":{"allow":["GET"]}}],"collection":[{"href":"https:\/\/mj-clothing.com\/lv\/wp-json\/wp\/v2\/product"}],"about":[{"href":"https:\/\/mj-clothing.com\/lv\/wp-json\/wp\/v2\/types\/product"}],"wp:featuredmedia":[{"embeddable":true,"href":"https:\/\/mj-clothing.com\/lv\/wp-json\/wp\/v2\/media\/1822"}],"wp:attachment":[{"href":"https:\/\/mj-clothing.com\/lv\/wp-json\/wp\/v2\/media?parent=1821"}],"wp:term":[{"taxonomy":"product_brand","embeddable":true,"href":"https:\/\/mj-clothing.com\/lv\/wp-json\/wp\/v2\/product_brand?post=1821"},{"taxonomy":"product_cat","embeddable":true,"href":"https:\/\/mj-clothing.com\/lv\/wp-json\/wp\/v2\/product_cat?post=1821"},{"taxonomy":"product_tag","embeddable":true,"href":"https:\/\/mj-clothing.com\/lv\/wp-json\/wp\/v2\/product_tag?post=1821"}],"curies":[{"name":"wp","href":"https:\/\/api.w.org\/{rel}","templated":true}]}}