{"id":1825,"date":"2024-12-16T02:30:24","date_gmt":"2024-12-16T02:30:24","guid":{"rendered":"https:\/\/mj-clothing.com\/?post_type=product&#038;p=1825"},"modified":"2024-12-17T06:30:13","modified_gmt":"2024-12-17T06:30:13","slug":"alchemai-hoodie","status":"publish","type":"product","link":"https:\/\/mj-clothing.com\/lv\/manufacturer\/alchemai-hoodie\/","title":{"rendered":"Alchemai jaka ar kapuci"},"content":{"rendered":"<h3 data-sourcepos=\"1:1-1:266\">Alchemai jaka ar kapuci<\/h3>\n<p data-sourcepos=\"1:1-1:266\">Alchemai jaka ar kapuci ir stil\u012bgs un \u0113rts ap\u0123\u0113rba gabals, kas ir ide\u0101li piem\u0113rots ikdienas valk\u0101\u0161anai. T\u0101 ir izgatavota no augstas kvalit\u0101tes materi\u0101liem un ir pieejama da\u017e\u0101d\u0101s kr\u0101s\u0101s. \u0160\u012b jaka ar kapuci ir ar\u012b \u013coti pieejama, t\u0101p\u0113c t\u0101 ir lieliska izv\u0113le cilv\u0113kiem ar ierobe\u017eotu bud\u017eetu.<\/p>\n<p data-sourcepos=\"3:1-3:57\">\u0160eit ir da\u017eas no galvenaj\u0101m Alchemai Hoodie funkcij\u0101m:<\/p>\n<ul data-sourcepos=\"5:1-10:0\">\n<li data-sourcepos=\"5:1-5:153\"><strong>Izgatavots no augstas kvalit\u0101tes materi\u0101liem:<\/strong> Mikcija ir izgatavota no m\u012bksta un \u0113rta vilnas materi\u0101la, kas lieliski noder\u0113s, lai aukst\u0101s dien\u0101s saglab\u0101tu siltumu.<\/li>\n<li data-sourcepos=\"6:1-6:122\"><strong>Pieejamas da\u017e\u0101das kr\u0101sas:<\/strong> Varat izv\u0113l\u0113ties no da\u017e\u0101d\u0101m kr\u0101s\u0101m, lai atrastu savam stilam atbilsto\u0161u kapuci.<\/li>\n<li data-sourcepos=\"7:1-7:97\"><strong>Pieejams:<\/strong> Mikcija ir \u013coti pieejama, t\u0101p\u0113c t\u0101 ir lieliska izv\u0113le cilv\u0113kiem ar ierobe\u017eotu bud\u017eetu.<\/li>\n<li data-sourcepos=\"8:1-8:103\"><strong>\u0112rti:<\/strong> Mikcija ir \u013coti \u0113rta valk\u0101\u0161anai, pateicoties t\u0101s m\u012bkstajam un br\u012bvi piegulo\u0161ajam dizainam.<\/li>\n<li data-sourcepos=\"9:1-10:0\"><strong>Stil\u012bgs:<\/strong> Mikina ar kapuci ir ar\u012b \u013coti stil\u012bga, un to var viegli uzvilkt vai n\u0113s\u0101t.<\/li>\n<\/ul>\n<p data-sourcepos=\"11:1-11:174\">Ja mekl\u0113jat stil\u012bgu un \u0113rtu kapuci, kas ir ar\u012b par pie\u0146emamu cenu, tad Alchemai Hoodie ir lieliska izv\u0113le. To var atrast tie\u0161saist\u0113 vai viet\u0113j\u0101 mazumtirgot\u0101j\u0101.<\/p>","protected":false},"excerpt":{"rendered":"<table style=\"height: 538px;\" width=\"470\">\n<tbody>\n<tr>\n<td width=\"146\"><strong><b>Produkts<\/b><\/strong>\u00a0<strong><b>V\u0101rds un uzv\u0101rds:<\/b><\/strong><\/td>\n<td width=\"601\"><strong>Alchemai jaka ar kapuci<\/strong><\/td>\n<\/tr>\n<tr>\n<td width=\"146\"><strong><b>Materlal:<\/b><\/strong><\/td>\n<td width=\"601\">Poliesters\/kokvilna<\/td>\n<\/tr>\n<tr>\n<td width=\"146\"><strong><b>Tehnika:<\/b><\/strong><\/td>\n<td width=\"601\">Poligr\u0101fija un kr\u0101so\u0161ana<\/td>\n<\/tr>\n<tr>\n<td width=\"146\"><strong><b>Stils:<\/b><\/strong><\/td>\n<td width=\"601\">Gad\u012bjuma<\/td>\n<\/tr>\n<tr>\n<td width=\"146\"><strong><b>Kr\u0101sa<\/b><\/strong><strong><b>:<\/b><\/strong><\/td>\n<td width=\"601\">\u00a0Piel\u0101gotas kr\u0101sas<\/td>\n<\/tr>\n<tr>\n<td width=\"146\"><strong><b>Izm\u0113rs:<\/b><\/strong><\/td>\n<td width=\"601\">S \/M \/L \/XL \/2XL<\/td>\n<\/tr>\n<tr>\n<td width=\"146\"><strong><b>OEM\/ODM:<\/b><\/strong><\/td>\n<td width=\"601\">Pie\u0146emams<\/td>\n<\/tr>\n<tr>\n<td width=\"146\"><strong><b>Kvalit\u0101te:<\/b><\/strong><\/td>\n<td width=\"601\">100% Augsta kvalit\u0101te<\/td>\n<\/tr>\n<tr>\n<td width=\"146\"><strong><b>M<\/b><\/strong><strong><b>OQ:<\/b><\/strong><\/td>\n<td width=\"601\">200 gab.<\/td>\n<\/tr>\n<\/tbody>\n<\/table>","protected":false},"featured_media":1826,"template":"","meta":[],"product_brand":[],"product_cat":[38],"product_tag":[],"class_list":{"0":"post-1825","1":"product","2":"type-product","3":"status-publish","4":"has-post-thumbnail","6":"product_cat-mens-clothing","8":"first","9":"instock","10":"shipping-taxable","11":"product-type-simple"},"_links":{"self":[{"href":"https:\/\/mj-clothing.com\/lv\/wp-json\/wp\/v2\/product\/1825","targetHints":{"allow":["GET"]}}],"collection":[{"href":"https:\/\/mj-clothing.com\/lv\/wp-json\/wp\/v2\/product"}],"about":[{"href":"https:\/\/mj-clothing.com\/lv\/wp-json\/wp\/v2\/types\/product"}],"wp:featuredmedia":[{"embeddable":true,"href":"https:\/\/mj-clothing.com\/lv\/wp-json\/wp\/v2\/media\/1826"}],"wp:attachment":[{"href":"https:\/\/mj-clothing.com\/lv\/wp-json\/wp\/v2\/media?parent=1825"}],"wp:term":[{"taxonomy":"product_brand","embeddable":true,"href":"https:\/\/mj-clothing.com\/lv\/wp-json\/wp\/v2\/product_brand?post=1825"},{"taxonomy":"product_cat","embeddable":true,"href":"https:\/\/mj-clothing.com\/lv\/wp-json\/wp\/v2\/product_cat?post=1825"},{"taxonomy":"product_tag","embeddable":true,"href":"https:\/\/mj-clothing.com\/lv\/wp-json\/wp\/v2\/product_tag?post=1825"}],"curies":[{"name":"wp","href":"https:\/\/api.w.org\/{rel}","templated":true}]}}