{"id":1834,"date":"2024-12-16T03:01:13","date_gmt":"2024-12-16T03:01:13","guid":{"rendered":"https:\/\/mj-clothing.com\/?post_type=product&#038;p=1834"},"modified":"2024-12-17T06:27:12","modified_gmt":"2024-12-17T06:27:12","slug":"pullover-hoodie","status":"publish","type":"product","link":"https:\/\/mj-clothing.com\/lv\/manufacturer\/pullover-hoodie\/","title":{"rendered":"Pulovers ar kapuci"},"content":{"rendered":"<p data-sourcepos=\"1:1-1:345\"><span class=\"citation-0 recitation citation-end-0\">Pulovers ar kapuci ir ikdienas un \u0113rts ap\u0123\u0113rba gabals, kas ir lieliski piem\u0113rots ikdienas valk\u0101\u0161anai.<\/span> <span class=\"citation-1 recitation citation-end-1\">Tai parasti ir kapuce, \u0137enguru kabata un elast\u012bgas aproces un josta.<\/span> <span class=\"citation-2 recitation citation-end-2\">Pulovera kapuces bie\u017ei vien ir izgatavotas no m\u012bkstiem un siltiem materi\u0101liem, piem\u0113ram, vilnas vai kokvilnas, t\u0101p\u0113c t\u0101s ir ide\u0101li piem\u0113rotas v\u0113s\u0101kiem laikapst\u0101k\u013ciem.<\/span><\/p>\n<h3 data-sourcepos=\"3:1-3:38\"><strong>Pulovera ar kapuci galven\u0101s funkcijas:<\/strong><\/h3>\n<ul data-sourcepos=\"5:1-9:0\">\n<li data-sourcepos=\"5:1-5:61\"><strong>Kapuci:<\/strong> Nodro\u0161ina siltumu un aizsardz\u012bbu pret laikapst\u0101k\u013ciem.<\/li>\n<li data-sourcepos=\"6:1-6:125\"><strong><span class=\"citation-3 recitation\">\u0136enguru kabata:<\/span><\/strong><span class=\"citation-3 recitation citation-end-3\"> Liela priek\u0161\u0113j\u0101 kabata, kas ir ide\u0101li piem\u0113rota, lai sild\u012btu rokas vai p\u0101rn\u0113s\u0101tu nelielus priek\u0161metus.<\/span><span class=\"button-container hide-from-message-actions ng-star-inserted\"> \u00a0<\/span>\n<div class=\"container ng-tns-c2946245707-75 hide\">\n<div class=\"carousel-container ng-tns-c2946245707-75\"><\/div>\n<\/div>\n<\/li>\n<li data-sourcepos=\"7:1-7:74\"><strong>Elast\u012bgi aproces un josta:<\/strong> Nodro\u0161ina \u0113rtu un cie\u0161i piegulo\u0161u piegulo\u0161o da\u013cu.<\/li>\n<li data-sourcepos=\"8:1-9:0\"><strong><span class=\"citation-4 recitation\">M\u012bksts un silts materi\u0101ls:<\/span><\/strong><span class=\"citation-4 recitation citation-end-4\"> Bie\u017ei vien izgatavotas no vilnas vai kokvilnas, lai nodro\u0161in\u0101tu optim\u0101lu komfortu.<\/span>\n<div class=\"container ng-tns-c2946245707-76 hide\">\n<div class=\"carousel-container ng-tns-c2946245707-76\">\n<div class=\"carousel-content ng-tns-c2946245707-76\">\n<div class=\"sources-carousel-source ng-tns-c2946245707-76 hide ng-star-inserted\" data-test-id=\"sources-carousel-source\"><\/div>\n<\/div>\n<\/div>\n<\/div>\n<\/li>\n<\/ul>\n<h3 data-sourcepos=\"10:1-10:35\"><strong>K\u0101 veidot d\u017eemperi ar kapuci:<\/strong><\/h3>\n<p data-sourcepos=\"12:1-12:118\"><span class=\"citation-5 recitation citation-end-5\">Pulovers ar kapuci ir neticami univers\u0101ls un to var kombin\u0113t da\u017e\u0101dos veidos.<\/span> \u0160eit ir da\u017eas idejas:<\/p>\n<p data-sourcepos=\"12:1-12:118\"><strong>Gad\u012bjuma raksturs:<\/strong> Savienojiet d\u017eemperi ar kapuci ar d\u017einsu biks\u0113m un apaviem, lai veidotu nesteidz\u012bgu un \u0113rtu izskatu.<\/p>\n<ul data-sourcepos=\"14:1-18:0\">\n<li data-sourcepos=\"15:1-15:93\"><strong>Sportisks:<\/strong> Valk\u0101jiet d\u017eemperi ar kapuci kop\u0101 ar treni\u0146biks\u0113m vai treni\u0146biks\u0113m, lai ieg\u016btu sportisku un akt\u012bvu izskatu.<\/li>\n<li data-sourcepos=\"16:1-16:92\"><strong>Daudzsl\u0101\u0146ains:<\/strong> Uzvelciet d\u017eemperi-kaimi\u0146us virs t-krekla vai krekla ar gar\u0101m piedurkn\u0113m, lai g\u016btu papildu siltumu.<\/li>\n<li data-sourcepos=\"17:1-18:0\"><strong>Elegants ikdienas ap\u0123\u0113rbs:<\/strong> Uzvelciet d\u017eemperi ar kapuci, kombin\u0113jot to ar \u0101das jaku, tum\u0161as kr\u0101sas d\u017einsiem un z\u0101bakiem.<\/li>\n<\/ul>\n<h3 data-sourcepos=\"19:1-19:39\"><strong>Popul\u0101ri d\u017eemperu ar kapuci z\u012bmoli:<\/strong><\/h3>\n<ul data-sourcepos=\"21:1-26:0\">\n<li data-sourcepos=\"21:1-21:77\"><strong><span class=\"citation-6 recitation\">\u010cempions:<\/span><\/strong><span class=\"citation-6 recitation citation-end-6\"> Paz\u012bstams ar savu augstas kvalit\u0101tes un klasisko stilu.<\/span><span class=\"button-container hide-from-message-actions ng-star-inserted\"> \u00a0<\/span>\n<div class=\"container ng-tns-c2946245707-78 hide\">\n<div class=\"carousel-container ng-tns-c2946245707-78\"><\/div>\n<\/div>\n<\/li>\n<li data-sourcepos=\"22:1-22:81\"><strong>Nike:<\/strong> Pied\u0101v\u0101 pla\u0161u da\u017e\u0101du stilu un kr\u0101su d\u017eemperu ar kapuci kl\u0101stu.<\/li>\n<li data-sourcepos=\"23:1-23:58\"><strong>Adidas:<\/strong> Paz\u012bstams ar savu sportisko un sportisko dizainu.<\/li>\n<li data-sourcepos=\"24:1-24:63\"><strong>H&amp;M:<\/strong> Nodro\u0161ina cenas zi\u0146\u0101 pieejamus un modernus puloverus-kailasm\u0113te\u013cus.<\/li>\n<li data-sourcepos=\"25:1-26:0\"><strong>Zara:<\/strong> Pied\u0101v\u0101 stil\u012bgus un modernus puloverus-kakl\u0101s jakas.<\/li>\n<\/ul>","protected":false},"excerpt":{"rendered":"<table style=\"height: 508px;\" width=\"446\">\n<tbody>\n<tr>\n<td width=\"146\"><strong><b>Produkts<\/b><\/strong>\u00a0<strong><b>V\u0101rds un uzv\u0101rds:<\/b><\/strong><\/td>\n<td width=\"601\"><strong>Pulovers ar kapuci<\/strong><\/td>\n<\/tr>\n<tr>\n<td width=\"146\"><strong><b>Materlal:<\/b><\/strong><\/td>\n<td width=\"601\">Poliesters\/kokvilna<\/td>\n<\/tr>\n<tr>\n<td width=\"146\"><strong><b>Tehnika:<\/b><\/strong><\/td>\n<td width=\"601\">Poligr\u0101fija un kr\u0101so\u0161ana<\/td>\n<\/tr>\n<tr>\n<td width=\"146\"><strong><b>Stils:<\/b><\/strong><\/td>\n<td width=\"601\">Gad\u012bjuma<\/td>\n<\/tr>\n<tr>\n<td width=\"146\"><strong><b>Kr\u0101sa<\/b><\/strong><strong><b>:<\/b><\/strong><\/td>\n<td width=\"601\">\u00a0Piel\u0101gotas kr\u0101sas<\/td>\n<\/tr>\n<tr>\n<td width=\"146\"><strong><b>Izm\u0113rs:<\/b><\/strong><\/td>\n<td width=\"601\">S \/M \/L \/XL \/2XL<\/td>\n<\/tr>\n<tr>\n<td width=\"146\"><strong><b>OEM\/ODM:<\/b><\/strong><\/td>\n<td width=\"601\">Pie\u0146emams<\/td>\n<\/tr>\n<tr>\n<td width=\"146\"><strong><b>Kvalit\u0101te:<\/b><\/strong><\/td>\n<td width=\"601\">100% Augsta kvalit\u0101te<\/td>\n<\/tr>\n<tr>\n<td width=\"146\"><strong><b>M<\/b><\/strong><strong><b>OQ:<\/b><\/strong><\/td>\n<td width=\"601\">200 gab.<\/td>\n<\/tr>\n<\/tbody>\n<\/table>","protected":false},"featured_media":1836,"template":"","meta":[],"product_brand":[],"product_cat":[38],"product_tag":[],"class_list":{"0":"post-1834","1":"product","2":"type-product","3":"status-publish","4":"has-post-thumbnail","6":"product_cat-mens-clothing","8":"first","9":"instock","10":"shipping-taxable","11":"product-type-simple"},"_links":{"self":[{"href":"https:\/\/mj-clothing.com\/lv\/wp-json\/wp\/v2\/product\/1834","targetHints":{"allow":["GET"]}}],"collection":[{"href":"https:\/\/mj-clothing.com\/lv\/wp-json\/wp\/v2\/product"}],"about":[{"href":"https:\/\/mj-clothing.com\/lv\/wp-json\/wp\/v2\/types\/product"}],"wp:featuredmedia":[{"embeddable":true,"href":"https:\/\/mj-clothing.com\/lv\/wp-json\/wp\/v2\/media\/1836"}],"wp:attachment":[{"href":"https:\/\/mj-clothing.com\/lv\/wp-json\/wp\/v2\/media?parent=1834"}],"wp:term":[{"taxonomy":"product_brand","embeddable":true,"href":"https:\/\/mj-clothing.com\/lv\/wp-json\/wp\/v2\/product_brand?post=1834"},{"taxonomy":"product_cat","embeddable":true,"href":"https:\/\/mj-clothing.com\/lv\/wp-json\/wp\/v2\/product_cat?post=1834"},{"taxonomy":"product_tag","embeddable":true,"href":"https:\/\/mj-clothing.com\/lv\/wp-json\/wp\/v2\/product_tag?post=1834"}],"curies":[{"name":"wp","href":"https:\/\/api.w.org\/{rel}","templated":true}]}}