{"id":1837,"date":"2024-12-16T03:05:25","date_gmt":"2024-12-16T03:05:25","guid":{"rendered":"https:\/\/mj-clothing.com\/?post_type=product&#038;p=1837"},"modified":"2024-12-17T06:26:09","modified_gmt":"2024-12-17T06:26:09","slug":"akimbo-hoodie","status":"publish","type":"product","link":"https:\/\/mj-clothing.com\/lv\/manufacturer\/akimbo-hoodie\/","title":{"rendered":"Akimbo jaka ar kapuci"},"content":{"rendered":"<p data-sourcepos=\"1:1-1:237\">Akimbo Hoodie ir popul\u0101rs stils, kas paz\u012bstams ar savu nepiespiesto, lielizm\u0113ra piegriezumu un m\u012bksto, \u0113rto materi\u0101lu. T\u0101 bie\u017ei vien ir izgatavota no augstas kvalit\u0101tes vilnas vai kokvilnas, un tai ir savelkama kapuce, kenguru kabata un rievotas aproces un jostasvieta.<\/p>\n<h3 data-sourcepos=\"3:1-3:38\"><strong>Akimbo Hoodie galven\u0101s iez\u012bmes:<\/strong><\/h3>\n<ul data-sourcepos=\"5:1-10:0\">\n<li data-sourcepos=\"5:1-5:77\"><strong>Lielgabar\u012bta izm\u0113rs Fit:<\/strong> Br\u012bvs un \u0113rts piegriezums, kas ir ide\u0101li piem\u0113rots sl\u0101\u0146o\u0161anai.<\/li>\n<li data-sourcepos=\"6:1-6:91\"><strong>M\u012bksts materi\u0101ls:<\/strong> Parasti izgatavotas no augstas kvalit\u0101tes vilnas vai kokvilnas, lai nodro\u0161in\u0101tu maksim\u0101lu komfortu.<\/li>\n<li data-sourcepos=\"7:1-7:89\"><strong>Aukli\u0146u aizdares kapuci:<\/strong> Regul\u0113jama kapuce papildu siltumam un aizsardz\u012bbai pret laikapst\u0101k\u013ciem.<\/li>\n<li data-sourcepos=\"8:1-8:111\"><strong><span class=\"citation-0 recitation\">\u0136enguru kabata:<\/span><\/strong><span class=\"citation-0 recitation citation-end-0\"> Pla\u0161a priek\u0161\u0113j\u0101 kabata, lai sild\u012btu rokas vai glab\u0101tu s\u012bkus priek\u0161metus.<\/span><span class=\"button-container hide-from-message-actions ng-star-inserted\"> \u00a0<\/span>\n<div class=\"container ng-tns-c2946245707-91 hide\">\n<div class=\"carousel-container ng-tns-c2946245707-91\"><\/div>\n<\/div>\n<\/li>\n<li data-sourcepos=\"9:1-10:0\"><strong>Rievotas aproces un josta:<\/strong> Nodro\u0161ina stingru un \u0113rtu piegul\u0113\u0161anu.<\/li>\n<\/ul>\n<h3 data-sourcepos=\"11:1-11:35\"><strong>K\u0101 veidot Akimbo Hoodie:<\/strong><\/h3>\n<p data-sourcepos=\"13:1-13:103\">Akimbo Hoodie ir daudzpus\u012bgs ap\u0123\u0113rbs, ko var kombin\u0113t da\u017e\u0101dos veidos. L\u016bk, da\u017eas idejas:<\/p>\n<ul data-sourcepos=\"15:1-18:0\">\n<li data-sourcepos=\"15:1-15:105\"><strong>Gad\u012bjuma raksturs:<\/strong> Savienojiet to ar d\u017einsiem, treni\u0146biks\u0113m vai b\u0113biks\u0113m un \u010d\u012bbas, lai veidotu nesteidz\u012bgu un \u0113rtu izskatu.<\/li>\n<li data-sourcepos=\"16:1-16:77\"><strong>Daudzsl\u0101\u0146ains:<\/strong> Uzvelciet to virs t-krekla vai krekla ar gar\u0101m piedurkn\u0113m, lai b\u016btu \u012bpa\u0161i silts.<\/li>\n<li data-sourcepos=\"17:1-18:0\"><strong>Elegants ikdienas ap\u0123\u0113rbs:<\/strong> Papildini to ar \u0101das jaku, tum\u0161i mazg\u0101tiem d\u017einsiem un z\u0101bakiem.<\/li>\n<\/ul>","protected":false},"excerpt":{"rendered":"<table style=\"height: 490px;\" width=\"435\">\n<tbody>\n<tr>\n<td width=\"146\"><strong><b>Produkts<\/b><\/strong>\u00a0<strong><b>V\u0101rds un uzv\u0101rds:<\/b><\/strong><\/td>\n<td width=\"601\"><strong>Akimbo jaka ar kapuci<\/strong><\/td>\n<\/tr>\n<tr>\n<td width=\"146\"><strong><b>Materlal:<\/b><\/strong><\/td>\n<td width=\"601\">Poliesters\/kokvilna<\/td>\n<\/tr>\n<tr>\n<td width=\"146\"><strong><b>Tehnika:<\/b><\/strong><\/td>\n<td width=\"601\">Poligr\u0101fija un kr\u0101so\u0161ana<\/td>\n<\/tr>\n<tr>\n<td width=\"146\"><strong><b>Stils:<\/b><\/strong><\/td>\n<td width=\"601\">Gad\u012bjuma<\/td>\n<\/tr>\n<tr>\n<td width=\"146\"><strong><b>Kr\u0101sa<\/b><\/strong><strong><b>:<\/b><\/strong><\/td>\n<td width=\"601\">\u00a0Piel\u0101gotas kr\u0101sas<\/td>\n<\/tr>\n<tr>\n<td width=\"146\"><strong><b>Izm\u0113rs:<\/b><\/strong><\/td>\n<td width=\"601\">S \/M \/L \/XL \/2XL<\/td>\n<\/tr>\n<tr>\n<td width=\"146\"><strong><b>OEM\/ODM:<\/b><\/strong><\/td>\n<td width=\"601\">Pie\u0146emams<\/td>\n<\/tr>\n<tr>\n<td width=\"146\"><strong><b>Kvalit\u0101te:<\/b><\/strong><\/td>\n<td width=\"601\">100% Augsta kvalit\u0101te<\/td>\n<\/tr>\n<tr>\n<td width=\"146\"><strong><b>M<\/b><\/strong><strong><b>OQ:<\/b><\/strong><\/td>\n<td width=\"601\">200 gab.<\/td>\n<\/tr>\n<\/tbody>\n<\/table>","protected":false},"featured_media":1839,"template":"","meta":[],"product_brand":[],"product_cat":[38],"product_tag":[],"class_list":{"0":"post-1837","1":"product","2":"type-product","3":"status-publish","4":"has-post-thumbnail","6":"product_cat-mens-clothing","8":"first","9":"instock","10":"shipping-taxable","11":"product-type-simple"},"_links":{"self":[{"href":"https:\/\/mj-clothing.com\/lv\/wp-json\/wp\/v2\/product\/1837","targetHints":{"allow":["GET"]}}],"collection":[{"href":"https:\/\/mj-clothing.com\/lv\/wp-json\/wp\/v2\/product"}],"about":[{"href":"https:\/\/mj-clothing.com\/lv\/wp-json\/wp\/v2\/types\/product"}],"wp:featuredmedia":[{"embeddable":true,"href":"https:\/\/mj-clothing.com\/lv\/wp-json\/wp\/v2\/media\/1839"}],"wp:attachment":[{"href":"https:\/\/mj-clothing.com\/lv\/wp-json\/wp\/v2\/media?parent=1837"}],"wp:term":[{"taxonomy":"product_brand","embeddable":true,"href":"https:\/\/mj-clothing.com\/lv\/wp-json\/wp\/v2\/product_brand?post=1837"},{"taxonomy":"product_cat","embeddable":true,"href":"https:\/\/mj-clothing.com\/lv\/wp-json\/wp\/v2\/product_cat?post=1837"},{"taxonomy":"product_tag","embeddable":true,"href":"https:\/\/mj-clothing.com\/lv\/wp-json\/wp\/v2\/product_tag?post=1837"}],"curies":[{"name":"wp","href":"https:\/\/api.w.org\/{rel}","templated":true}]}}